{"id":89316,"date":"2024-11-24T17:25:49","date_gmt":"2024-11-24T17:25:49","guid":{"rendered":"https:\/\/electromenagerexpress.com\/product\/camera-sportdjiosmo-action-3-adventure-3-batteries\/"},"modified":"2024-11-24T17:26:08","modified_gmt":"2024-11-24T17:26:08","slug":"camera-sportdjiosmo-action-3-adventure-3-batteries","status":"publish","type":"product","link":"https:\/\/electromenagerexpress.com\/en\/product\/camera-sportdjiosmo-action-3-adventure-3-batteries\/","title":{"rendered":"Cam\u00e9ra sport\t\t\t\t\t\t\tDJI\t\t\t\tOsmo Action 3 Adventure (3 batteries)"},"content":{"rendered":"<div class=\"product-features__content\">\n<ul role=\"list\">\n<li class=\"product-features__item\" role=\"listitem\">\n<h3 class=\"product-features__label\">Vid\u00e9o<\/h3>\n<ul role=\"list\">\n<li class=\"product-features__item-list__item\" role=\"listitem\"><span class=\"is--medium\">Type de capteur :<\/span> CMOS\t\t\t\t\t<\/li>\n<li class=\"product-features__item-list__item\" role=\"listitem\"><span class=\"is--medium\">R\u00e9solution :<\/span> 12 M\u00e9gapixels\t\t\t\t\t<\/li>\n<li class=\"product-features__item-list__item\" role=\"listitem\"><span class=\"is--medium\">Format d&rsquo;enregistrement :<\/span> MP4 (H.264 \/ HEVC)\t\t\t\t\t<\/li>\n<li class=\"product-features__item-list__item\" role=\"listitem\"><span class=\"is--medium\">Qualit\u00e9 d&rsquo;enregistrement :<\/span> Ultra HD (4K)\t\t\t\t\t<\/li>\n<li class=\"product-features__item-list__item\" role=\"listitem\"><span class=\"is--medium\">Informations sur le capteur principal :<\/span> CMOS 1\/1,7 pouce\t\t\t\t\t<\/li>\n<li class=\"product-features__item-list__item\" role=\"listitem\"><span class=\"is--medium\">Dimension du capteur :<\/span> 1\/1,7\t\t\t\t\t<\/li>\n<li class=\"product-features__item-list__item\" role=\"listitem\"><span class=\"is--medium\">Format 16\/9 :<\/span> Oui\t\t\t\t\t<\/li>\n<\/ul>\n<\/li>\n<li class=\"product-features__item\" role=\"listitem\">\n<h3 class=\"product-features__label\">Capteur secondaire<\/h3>\n<ul role=\"list\">\n<li class=\"product-features__item-list__item\" role=\"listitem\"><span class=\"is--medium\">Poids Net (kg) :<\/span> 145,00 g\t\t\t\t\t<\/li>\n<li class=\"product-features__item-list__item\" role=\"listitem\"><span class=\"is--medium\">Dimensons :<\/span> 70,5 x 44,2 x 32,8 mm\t\t\t\t\t<\/li>\n<\/ul>\n<\/li>\n<li class=\"product-features__item\" role=\"listitem\">\n<h3 class=\"product-features__label\">Optique<\/h3>\n<ul role=\"list\">\n<li class=\"product-features__item-list__item\" role=\"listitem\"><span class=\"is--medium\">Mode vid\u00e9o de nuit :<\/span> Non\t\t\t\t\t<\/li>\n<li class=\"product-features__item-list__item\" role=\"listitem\"><span class=\"is--medium\">Stabilisateur :<\/span> Non\t\t\t\t\t<\/li>\n<li class=\"product-features__item-list__item\" role=\"listitem\"><span class=\"is--medium\">Vitesse d&rsquo;obturation :<\/span> Photo : 1\/8 000-30 sVid\u00e9o : 1\/8 000 s \u00e0 la limite des images par secondePour activer la compatibilit\u00e9 avec le lecteur d&rsquo;\u00e9cran, appuyez sur Ctrl+Alt+Z Pour conna\u00eetre les raccourcis clavier, appuyez sur Ctrl+barre oblique\t\t\t\t\t<\/li>\n<li class=\"product-features__item-list__item\" role=\"listitem\"><span class=\"is--medium\">Zoom optique :<\/span> Non\t\t\t\t\t<\/li>\n<li class=\"product-features__item-list__item\" role=\"listitem\"><span class=\"is--medium\">Zoom num\u00e9rique :<\/span> x4\t\t\t\t\t<\/li>\n<\/ul>\n<\/li>\n<li class=\"product-features__item\" role=\"listitem\">\n<h3 class=\"product-features__label\">Connexions et applications<\/h3>\n<ul role=\"list\">\n<li class=\"product-features__item-list__item\" role=\"listitem\"><span class=\"is--medium\">WiFi :<\/span> Oui\t\t\t\t\t<\/li>\n<li class=\"product-features__item-list__item\" role=\"listitem\"><span class=\"is--medium\">Bluetooth :<\/span> Oui\t\t\t\t\t<\/li>\n<\/ul>\n<\/li>\n<li class=\"product-features__item\" role=\"listitem\">\n<h3 class=\"product-features__label\">Photo<\/h3>\n<ul role=\"list\">\n<li class=\"product-features__item-list__item\" role=\"listitem\"><span class=\"is--medium\">Format(s) d&rsquo;enregistrement :<\/span> JPEG\/RAW\t\t\t\t\t<\/li>\n<li class=\"product-features__item-list__item\" role=\"listitem\"><span class=\"is--medium\">R\u00e9solution du capteur :<\/span> 12,0 Mpx\t\t\t\t\t<\/li>\n<\/ul>\n<\/li>\n<li class=\"product-features__item\" role=\"listitem\">\n<h3 class=\"product-features__label\">Audio<\/h3>\n<ul role=\"list\">\n<li class=\"product-features__item-list__item\" role=\"listitem\"><span class=\"is--medium\">Enregistrement sonore :<\/span> Non\t\t\t\t\t<\/li>\n<li class=\"product-features__item-list__item\" role=\"listitem\"><span class=\"is--medium\">Type de microphone :<\/span> 3 microphones\t\t\t\t\t<\/li>\n<\/ul>\n<\/li>\n<li class=\"product-features__item\" role=\"listitem\">\n<h3 class=\"product-features__label\">Affichage<\/h3>\n<ul role=\"list\">\n<li class=\"product-features__item-list__item\" role=\"listitem\"><span class=\"is--medium\">\u00c9cran tactile :<\/span> Oui\t\t\t\t\t<\/li>\n<li class=\"product-features__item-list__item\" role=\"listitem\"><span class=\"is--medium\">Taille de l&rsquo;\u00e9cran :<\/span> Non communiqu\u00e9e\t\t\t\t\t<\/li>\n<li class=\"product-features__item-list__item\" role=\"listitem\"><span class=\"is--medium\">Double \u00e9cran :<\/span> Oui\t\t\t\t\t<\/li>\n<li class=\"product-features__item-list__item\" role=\"listitem\"><span class=\"is--medium\">Ecran :<\/span> 1 avant\u00a0+\u00a01 arri\u00e8re\t\t\t\t\t<\/li>\n<\/ul>\n<\/li>\n<li class=\"product-features__item\" role=\"listitem\">\n<h3 class=\"product-features__label\">Fonctions sp\u00e9ciales<\/h3>\n<ul role=\"list\">\n<li class=\"product-features__item-list__item\" role=\"listitem\"><span class=\"is--medium\">Etanche :<\/span> Oui\t\t\t\t\t<\/li>\n<li class=\"product-features__item-list__item\" role=\"listitem\"><span class=\"is--medium\">Anti-choc :<\/span> Non\t\t\t\t\t<\/li>\n<\/ul>\n<\/li>\n<li class=\"product-features__item\" role=\"listitem\">\n<h3 class=\"product-features__label\">Stockage<\/h3>\n<ul role=\"list\">\n<li class=\"product-features__item-list__item\" role=\"listitem\"><span class=\"is--medium\">Carte(s) m\u00e9moire(s) compatible(s) : :<\/span> Micro SD\t\t\t\t\t<\/li>\n<\/ul>\n<\/li>\n<li class=\"product-features__item\" role=\"listitem\">\n<h3 class=\"product-features__label\">Sport<\/h3>\n<ul role=\"list\">\n<li class=\"product-features__item-list__item\" role=\"listitem\"><span class=\"is--medium\">Compatible :<\/span> Running, Randonn\u00e9e, Football, V\u00e9lo, Tennis, L&rsquo;\u00e9quitation, Basket, Handball, Rugby, Golf, Cano\u00eb-Kayak, Natation et sports d&rsquo;eau, Tennins de table, Badminton, Gymnastique, La voile, Fitness, Ski\/Snowboard, Yoga, Moto, La chasse, La p\u00eache\t\t\t\t\t<\/li>\n<\/ul>\n<\/li>\n<li class=\"product-features__item\" role=\"listitem\">\n<h3 class=\"product-features__label\">Alimentation<\/h3>\n<ul role=\"list\">\n<li class=\"product-features__item-list__item\" role=\"listitem\"><span class=\"is--medium\">Type de batterie :<\/span> LiPo 1S\t\t\t\t\t<\/li>\n<li class=\"product-features__item-list__item\" role=\"listitem\"><span class=\"is--medium\">Autonomie (en min ) :<\/span> 160\t\t\t\t\t<\/li>\n<\/ul>\n<\/li>\n<li class=\"product-features__item\" role=\"listitem\">\n<h3 class=\"product-features__label\">Informations compl\u00e9mentaires<\/h3>\n<ul role=\"list\">\n<li class=\"product-features__item-list__item\" role=\"listitem\"><span class=\"is--medium\">Fabriqu\u00e9 en :<\/span> Chine\t\t\t\t\t<\/li>\n<li class=\"product-features__item-list__item\" role=\"listitem\"><span class=\"is--medium\">Garantie :<\/span> 2 ans\t\t\t\t\t<\/li>\n<li class=\"product-features__item-list__item\" role=\"listitem\"><span class=\"is--medium\">Disponibilit\u00e9 des pi\u00e8ces d\u00e9tach\u00e9es (donn\u00e9es fournisseur) :<\/span> Pendant 2 ans, \u00e0 compter de la date de fabrication\t\t\t\t\t<\/li>\n<\/ul>\n<\/li>\n<li class=\"product-features__item\" role=\"listitem\">\n<h3 class=\"product-features__label\">Dimensions<\/h3>\n<ul role=\"list\">\n<li class=\"product-features__item-list__item\" role=\"listitem\"><span class=\"is--medium\">Dimensions l x h x p :<\/span> 4.5 x 9 x 4 cm\t\t\t\t\t<\/li>\n<li class=\"product-features__item-list__item\" role=\"listitem\"><span class=\"is--medium\">Poids sans accessoires :<\/span> 145,00 g\t\t\t\t\t<\/li>\n<\/ul>\n<\/li>\n<\/ul>\n<\/div>\n<div class=\"product__disclosure-content\">\n<div class=\"js-read-more product-description__content read-more read-more--truncated\" data-read-more-name=\"description\" style=\"max-height: 500px; overflow: hidden;\">\n<p>Filmez tous vos mouvements avec la Cam\u00e9ra Sport DJI Osmo Action 3 Adventure. Entre sa qualit\u00e9 d&rsquo;image et son \u00e9tanch\u00e9it\u00e9, vous aurez de quoi vous faire plaisir.<\/p>\n<h3><img fetchpriority=\"high\" decoding=\"async\" ,=\"\" alt=\"Cam\u00e9ra Sport DJI Osmo Action 3 Adventure\" class=\"wy_tableau_gauche\" height=\"270\" src=\"https:\/\/boulanger.scene7.com\/is\/image\/Boulanger\/6941565943750_h_f_l_0?wid=400&amp;hei=270\" width=\"400\"\/>Retranscrivez l&rsquo;intensit\u00e9 de vos efforts<\/h3>\n<p>Vos images seront le reflet de vos exp\u00e9riences avec la Cam\u00e9ra Sport DJI Osmo Action 3 Adventure. Pourvue d&rsquo;une <b>qualit\u00e9 d&rsquo;enregistrement exceptionnelle<\/b>, elle pourra filmer des <b>images en Ultra HD (4K 120 ips)<\/b>. Elle filme aussi bien en mode horizontal qu&rsquo;en mode vertical et b\u00e9n\u00e9ficie d&rsquo;un <b>\u00e9talonnage de la temp\u00e9rature de couleur<\/b> pour plus d&rsquo;authenticit\u00e9.<\/p>\n<p>Si vous aimez les <b>sports aquatiques<\/b>, la Cam\u00e9ra Sport DJI Osmo Action 3 Adventure pourra vous accompagner puisqu&rsquo;elle est <b>\u00e9tanche jusqu&rsquo;\u00e0 16 m de profondeur sans caisson<\/b>. Dans tous les contextes et tous les environnements, vous pourrez vous filmer puisque cette <b>cam\u00e9ra ultra solide est r\u00e9sistante au froid<\/b>.<\/p>\n<h3><img decoding=\"async\" ,=\"\" alt=\"Cam\u00e9ra Sport DJI Osmo Action 3 Adventure\" class=\"wy_tableau_right\" height=\"270\" src=\"https:\/\/boulanger.scene7.com\/is\/image\/Boulanger\/6941565943750_h_f_l_1?wid=400&amp;hei=270\" width=\"400\"\/>Batterie am\u00e9lior\u00e9e, contr\u00f4le simplifi\u00e9<\/h3>\n<p>La prise en main et la ma\u00eetrise de la Cam\u00e9ra Sport DJI Osmo Action 3 Adventure, m\u00eame pendant l&rsquo;effort, seront ultra simples. En effet, cette cam\u00e9ra est pourvue d&rsquo;un <b>double \u00e9cran tactile<\/b> tr\u00e8s pratique. Vous aurez ainsi la possibilit\u00e9 de vous filmer en <b>mode selfie<\/b> tout aussi facilement. Solide, elle affiche une <b>forte r\u00e9sistance aux chocs<\/b>, parfait pour les sports extr\u00eames.<\/p>\n<p>Peu importe la dur\u00e9e de vos aventures, la Cam\u00e9ra Sport DJI Osmo Action 3 Adventure sera un v\u00e9ritable alli\u00e9 puisqu&rsquo;elle dispose d&rsquo;une <b>nouvelle batterie 1770 mAH<\/b>. Sa <b>charge rapide<\/b> est tr\u00e8s pratique car elle vous permettra de r\u00e9cup\u00e9rer 80 % de batterie en seulement 18 minutes. Une fois charg\u00e9e, elle pourra vous accompagner <b>pendant 2h40 (160 minutes)<\/b>.<\/p>\n<\/p>\n<\/div>\n<p><bl-button a11yexpanded=\"false\" arialabel=\"Afficher toute la description\" class=\"read-more__btn\" full=\"false\" link=\"true\">Voir plus<\/bl-button><\/div>","protected":false},"excerpt":{"rendered":"<div class=\"keypoints\">\n<h3 class=\"keypoints__title\">Les points cl\u00e9s<\/h3>\n<ul role=\"list\">\n<li class=\"keypoints__item\" role=\"listitem\">                          Ultra HD (4K) &#8211;                                                      Etanche                      <\/li>\n<li class=\"keypoints__item\" role=\"listitem\">                                        Autonomie jusqu&rsquo;\u00e0 2h40                      <\/li>\n<li class=\"keypoints__item\" role=\"listitem\">                          WiFi &#8211;                                                      Bluetooth                      <\/li>\n<li class=\"keypoints__item\" role=\"listitem\">                          Ecran : 5,7 cm tactile &#8211;                                                      Capteur CMOS                      <\/li>\n<li class=\"keypoints__item keypoints__item--advantage\" role=\"listitem\"><strong>Le + :<\/strong> Nouvelle batterie de 1770mAh qui peut se recharger de 0% \u00e0 80% en seulement 18 minutes !      <\/li>\n<\/ul>","protected":false},"featured_media":89315,"template":"","meta":{"_glsr_average":0,"_glsr_ranking":0,"_glsr_reviews":0},"product_cat":[488],"product_tag":[39,489,451],"class_list":{"0":"post-89316","1":"product","2":"type-product","3":"status-publish","4":"has-post-thumbnail","6":"product_cat-camera-sport","7":"product_tag-camera","8":"product_tag-camera-sport","9":"product_tag-tv-image-son","11":"first","12":"instock","13":"sale","14":"shipping-taxable","15":"purchasable","16":"product-type-simple"},"_links":{"self":[{"href":"https:\/\/electromenagerexpress.com\/en\/wp-json\/wp\/v2\/product\/89316","targetHints":{"allow":["GET"]}}],"collection":[{"href":"https:\/\/electromenagerexpress.com\/en\/wp-json\/wp\/v2\/product"}],"about":[{"href":"https:\/\/electromenagerexpress.com\/en\/wp-json\/wp\/v2\/types\/product"}],"wp:featuredmedia":[{"embeddable":true,"href":"https:\/\/electromenagerexpress.com\/en\/wp-json\/wp\/v2\/media\/89315"}],"wp:attachment":[{"href":"https:\/\/electromenagerexpress.com\/en\/wp-json\/wp\/v2\/media?parent=89316"}],"wp:term":[{"taxonomy":"product_cat","embeddable":true,"href":"https:\/\/electromenagerexpress.com\/en\/wp-json\/wp\/v2\/product_cat?post=89316"},{"taxonomy":"product_tag","embeddable":true,"href":"https:\/\/electromenagerexpress.com\/en\/wp-json\/wp\/v2\/product_tag?post=89316"}],"curies":[{"name":"wp","href":"https:\/\/api.w.org\/{rel}","templated":true}]}}