{"id":89227,"date":"2024-11-24T17:24:19","date_gmt":"2024-11-24T17:24:19","guid":{"rendered":"https:\/\/electromenagerexpress.com\/product\/camera-sportgoprohero12-black\/"},"modified":"2024-11-24T17:24:27","modified_gmt":"2024-11-24T17:24:27","slug":"camera-sportgoprohero12-black","status":"publish","type":"product","link":"https:\/\/electromenagerexpress.com\/en\/product\/camera-sportgoprohero12-black\/","title":{"rendered":"Cam\u00e9ra sport\t\t\t\t\t\t\tGOPRO\t\t\t\tHERO12 Black"},"content":{"rendered":"<div class=\"product-features__content\">\n<ul role=\"list\">\n<li class=\"product-features__item\" role=\"listitem\">\n<h3 class=\"product-features__label\">Vid\u00e9o<\/h3>\n<ul role=\"list\">\n<li class=\"product-features__item-list__item\" role=\"listitem\"><span class=\"is--medium\">Type de capteur :<\/span> Non communiqu\u00e9\t\t\t\t\t<\/li>\n<li class=\"product-features__item-list__item\" role=\"listitem\"><span class=\"is--medium\">R\u00e9solution :<\/span> Non communiqu\u00e9\t\t\t\t\t<\/li>\n<li class=\"product-features__item-list__item\" role=\"listitem\"><span class=\"is--medium\">Format d&rsquo;enregistrement :<\/span> 16:9, 4:3, 8:7, 9:16\t\t\t\t\t<\/li>\n<li class=\"product-features__item-list__item\" role=\"listitem\"><span class=\"is--medium\">Qualit\u00e9 d&rsquo;enregistrement :<\/span> Ultra HD (5,3K)\t\t\t\t\t<\/li>\n<li class=\"product-features__item-list__item\" role=\"listitem\"><span class=\"is--medium\">Detail des qualit\u00e9s d&rsquo;enregistrement :<\/span> Vid\u00e9o de qualit\u00e9 professionnelle en HDR 5.3K60, couleur 10bits\t\t\t\t\t<\/li>\n<li class=\"product-features__item-list__item\" role=\"listitem\"><span class=\"is--medium\">Dur\u00e9e d&rsquo;enregistrement maximale :<\/span> 2 h\t\t\t\t\t<\/li>\n<li class=\"product-features__item-list__item\" role=\"listitem\"><span class=\"is--medium\">Informations sur le capteur principal :<\/span> Capteur 8:7 pour offrir des vid\u00e9os grand angle ultra-immersives\t\t\t\t\t<\/li>\n<li class=\"product-features__item-list__item\" role=\"listitem\"><span class=\"is--medium\">Dimension du capteur :<\/span> 8:7\t\t\t\t\t<\/li>\n<li class=\"product-features__item-list__item\" role=\"listitem\"><span class=\"is--medium\">Format 16\/9 :<\/span> Oui\t\t\t\t\t<\/li>\n<\/ul>\n<\/li>\n<li class=\"product-features__item\" role=\"listitem\">\n<h3 class=\"product-features__label\">Optique<\/h3>\n<ul role=\"list\">\n<li class=\"product-features__item-list__item\" role=\"listitem\"><span class=\"is--medium\">Mode vid\u00e9o de nuit :<\/span> Oui\t\t\t\t\t<\/li>\n<li class=\"product-features__item-list__item\" role=\"listitem\"><span class=\"is--medium\">Stabilisateur :<\/span> HyperSmooth\t\t\t\t\t<\/li>\n<li class=\"product-features__item-list__item\" role=\"listitem\"><span class=\"is--medium\">Zoom optique :<\/span> Non\t\t\t\t\t<\/li>\n<li class=\"product-features__item-list__item\" role=\"listitem\"><span class=\"is--medium\">Zoom num\u00e9rique :<\/span> x2\t\t\t\t\t<\/li>\n<\/ul>\n<\/li>\n<li class=\"product-features__item\" role=\"listitem\">\n<h3 class=\"product-features__label\">Connexions et applications<\/h3>\n<ul role=\"list\">\n<li class=\"product-features__item-list__item\" role=\"listitem\"><span class=\"is--medium\">WiFi :<\/span> Oui\t\t\t\t\t<\/li>\n<li class=\"product-features__item-list__item\" role=\"listitem\"><span class=\"is--medium\">Bluetooth :<\/span> Oui\t\t\t\t\t<\/li>\n<li class=\"product-features__item-list__item\" role=\"listitem\"><span class=\"is--medium\">Transfert simplifi\u00e9 sur Internet :<\/span> Oui\t\t\t\t\t<\/li>\n<li class=\"product-features__item-list__item\" role=\"listitem\"><span class=\"is--medium\">Transfert sur smartphone :<\/span> Oui\t\t\t\t\t<\/li>\n<li class=\"product-features__item-list__item\" role=\"listitem\"><span class=\"is--medium\">Contr\u00f4le \u00e0 distance via smartphone :<\/span> Oui\t\t\t\t\t<\/li>\n<li class=\"product-features__item-list__item\" role=\"listitem\"><span class=\"is--medium\">Diffusion en direct :<\/span> Oui\t\t\t\t\t<\/li>\n<li class=\"product-features__item-list__item\" role=\"listitem\"><span class=\"is--medium\">GPS :<\/span> Oui\t\t\t\t\t<\/li>\n<li class=\"product-features__item-list__item\" role=\"listitem\"><span class=\"is--medium\">Application d\u00e9di\u00e9e gratuite :<\/span> Go Pro App\t\t\t\t\t<\/li>\n<li class=\"product-features__item-list__item\" role=\"listitem\"><span class=\"is--medium\">Contr\u00f4le \u00e0 distance :<\/span> Gr\u00e2ce \u00e0 la t\u00e9l\u00e9commande GoPro Smart Remote\t\t\t\t\t<\/li>\n<\/ul>\n<\/li>\n<li class=\"product-features__item\" role=\"listitem\">\n<h3 class=\"product-features__label\">Photo<\/h3>\n<ul role=\"list\">\n<li class=\"product-features__item-list__item\" role=\"listitem\"><span class=\"is--medium\">Format(s) d&rsquo;enregistrement :<\/span> 8:7, 16:9, 4:3\t\t\t\t\t<\/li>\n<li class=\"product-features__item-list__item\" role=\"listitem\"><span class=\"is--medium\">R\u00e9solution du capteur :<\/span> 27,0 Mpx\t\t\t\t\t<\/li>\n<li class=\"product-features__item-list__item\" role=\"listitem\"><span class=\"is--medium\">Mode Photo nocturne :<\/span> Oui\t\t\t\t\t<\/li>\n<\/ul>\n<\/li>\n<li class=\"product-features__item\" role=\"listitem\">\n<h3 class=\"product-features__label\">Audio<\/h3>\n<ul role=\"list\">\n<li class=\"product-features__item-list__item\" role=\"listitem\"><span class=\"is--medium\">Enregistrement sonore :<\/span> Oui\t\t\t\t\t<\/li>\n<li class=\"product-features__item-list__item\" role=\"listitem\"><span class=\"is--medium\">Type de microphone :<\/span> 3 microphones\t\t\t\t\t<\/li>\n<\/ul>\n<\/li>\n<li class=\"product-features__item\" role=\"listitem\">\n<h3 class=\"product-features__label\">Affichage<\/h3>\n<ul role=\"list\">\n<li class=\"product-features__item-list__item\" role=\"listitem\"><span class=\"is--medium\">\u00c9cran tactile :<\/span> Oui\t\t\t\t\t<\/li>\n<li class=\"product-features__item-list__item\" role=\"listitem\"><span class=\"is--medium\">R\u00e9solution de l&rsquo;\u00e9cran :<\/span> 27 px\t\t\t\t\t<\/li>\n<li class=\"product-features__item-list__item\" role=\"listitem\"><span class=\"is--medium\">\u00c9cran rotatif :<\/span> Non\t\t\t\t\t<\/li>\n<li class=\"product-features__item-list__item\" role=\"listitem\"><span class=\"is--medium\">Taille de l&rsquo;\u00e9cran :<\/span> 5,7 cm\t\t\t\t\t<\/li>\n<li class=\"product-features__item-list__item\" role=\"listitem\"><span class=\"is--medium\">Double \u00e9cran :<\/span> Oui\t\t\t\t\t<\/li>\n<li class=\"product-features__item-list__item\" role=\"listitem\"><span class=\"is--medium\">Ecran :<\/span> 1 avant\u00a0+\u00a01 arri\u00e8re\t\t\t\t\t<\/li>\n<\/ul>\n<\/li>\n<li class=\"product-features__item\" role=\"listitem\">\n<h3 class=\"product-features__label\">\u00c9clairage<\/h3>\n<ul role=\"list\">\n<li class=\"product-features__item-list__item\" role=\"listitem\"><span class=\"is--medium\">Torche int\u00e9gr\u00e9e :<\/span> Non\t\t\t\t\t<\/li>\n<li class=\"product-features__item-list__item\" role=\"listitem\"><span class=\"is--medium\">Flash int\u00e9gr\u00e9 :<\/span> Non\t\t\t\t\t<\/li>\n<li class=\"product-features__item-list__item\" role=\"listitem\"><span class=\"is--medium\">Griffe flash :<\/span> Non\t\t\t\t\t<\/li>\n<\/ul>\n<\/li>\n<li class=\"product-features__item\" role=\"listitem\">\n<h3 class=\"product-features__label\">Fonctions sp\u00e9ciales<\/h3>\n<ul role=\"list\">\n<li class=\"product-features__item-list__item\" role=\"listitem\"><span class=\"is--medium\">Commande vocale :<\/span> Oui\t\t\t\t\t<\/li>\n<li class=\"product-features__item-list__item\" role=\"listitem\"><span class=\"is--medium\">LiveBurst :<\/span> Oui\t\t\t\t\t<\/li>\n<li class=\"product-features__item-list__item\" role=\"listitem\"><span class=\"is--medium\">Slow Motion :<\/span> Oui\t\t\t\t\t<\/li>\n<li class=\"product-features__item-list__item\" role=\"listitem\"><span class=\"is--medium\">Mode rafale :<\/span> 30 ips\t\t\t\t\t<\/li>\n<li class=\"product-features__item-list__item\" role=\"listitem\"><span class=\"is--medium\">SuperPhoto :<\/span> Avec HDR\t\t\t\t\t<\/li>\n<li class=\"product-features__item-list__item\" role=\"listitem\"><span class=\"is--medium\">TimeWarp :<\/span> TimeWarp 3.0\t\t\t\t\t<\/li>\n<li class=\"product-features__item-list__item\" role=\"listitem\"><span class=\"is--medium\">HyperSmooth :<\/span> HyperSmooth 5.0\t\t\t\t\t<\/li>\n<li class=\"product-features__item-list__item\" role=\"listitem\"><span class=\"is--medium\">Etanche :<\/span> Jusqu&rsquo;\u00e0 10 m\t\t\t\t\t<\/li>\n<li class=\"product-features__item-list__item\" role=\"listitem\"><span class=\"is--medium\">Vid\u00e9o acc\u00e9l\u00e9r\u00e9e (Time Lapse) :<\/span> Oui\t\t\t\t\t<\/li>\n<li class=\"product-features__item-list__item\" role=\"listitem\"><span class=\"is--medium\">Retardateur :<\/span> Oui\t\t\t\t\t<\/li>\n<li class=\"product-features__item-list__item\" role=\"listitem\"><span class=\"is--medium\">Anti-choc :<\/span> Oui\t\t\t\t\t<\/li>\n<li class=\"product-features__item-list__item\" role=\"listitem\"><span class=\"is--medium\">Pr\u00e9-enregistrement :<\/span> Oui\t\t\t\t\t<\/li>\n<\/ul>\n<\/li>\n<li class=\"product-features__item\" role=\"listitem\">\n<h3 class=\"product-features__label\">Connectiques<\/h3>\n<ul role=\"list\">\n<li class=\"product-features__item-list__item\" role=\"listitem\"><span class=\"is--medium\">D\u00e9tails : :<\/span> Lightning\t\t\t\t\t<\/li>\n<li class=\"product-features__item-list__item\" role=\"listitem\"><span class=\"is--medium\">Lightning :<\/span> Oui\t\t\t\t\t<\/li>\n<\/ul>\n<\/li>\n<li class=\"product-features__item\" role=\"listitem\">\n<h3 class=\"product-features__label\">Logiciels<\/h3>\n<ul role=\"list\">\n<li class=\"product-features__item-list__item\" role=\"listitem\"><span class=\"is--medium\">Logiciel(s) vid\u00e9o :<\/span> Quik\t\t\t\t\t<\/li>\n<\/ul>\n<\/li>\n<li class=\"product-features__item\" role=\"listitem\">\n<h3 class=\"product-features__label\">Sport<\/h3>\n<ul role=\"list\">\n<li class=\"product-features__item-list__item\" role=\"listitem\"><span class=\"is--medium\">Compatible :<\/span> Running, Randonn\u00e9e, Football, V\u00e9lo, Tennis, L&rsquo;\u00e9quitation, Basket, Handball, Rugby, Golf, Cano\u00eb-Kayak, Natation et sports d&rsquo;eau, Tennins de table, Badminton, Gymnastique, La voile, Fitness, Ski\/Snowboard, Yoga, Moto, La p\u00eache\t\t\t\t\t<\/li>\n<\/ul>\n<\/li>\n<li class=\"product-features__item\" role=\"listitem\">\n<h3 class=\"product-features__label\">Alimentation<\/h3>\n<ul role=\"list\">\n<li class=\"product-features__item-list__item\" role=\"listitem\"><span class=\"is--medium\">Type de batterie :<\/span> Lithium-ion technologie Enduro\t\t\t\t\t<\/li>\n<li class=\"product-features__item-list__item\" role=\"listitem\"><span class=\"is--medium\">R\u00e9f\u00e9rence de la batterie :<\/span> Enduro\t\t\t\t\t<\/li>\n<li class=\"product-features__item-list__item\" role=\"listitem\"><span class=\"is--medium\">Autonomie (en min ) :<\/span> Non communiqu\u00e9\t\t\t\t\t<\/li>\n<\/ul>\n<\/li>\n<li class=\"product-features__item\" role=\"listitem\">\n<h3 class=\"product-features__label\">Informations compl\u00e9mentaires<\/h3>\n<ul role=\"list\">\n<li class=\"product-features__item-list__item\" role=\"listitem\"><span class=\"is--medium\">Fabriqu\u00e9 en :<\/span> Chine\t\t\t\t\t<\/li>\n<li class=\"product-features__item-list__item\" role=\"listitem\"><span class=\"is--medium\">Garantie :<\/span> 2 ans\t\t\t\t\t<\/li>\n<li class=\"product-features__item-list__item\" role=\"listitem\"><span class=\"is--medium\">Disponibilit\u00e9 des pi\u00e8ces d\u00e9tach\u00e9es (donn\u00e9es fournisseur) :<\/span> Pas de pi\u00e8ce disponible\t\t\t\t\t<\/li>\n<\/ul>\n<\/li>\n<li class=\"product-features__item\" role=\"listitem\">\n<h3 class=\"product-features__label\">Dimensions<\/h3>\n<ul role=\"list\">\n<li class=\"product-features__item-list__item\" role=\"listitem\"><span class=\"is--medium\">Dimensions l x h x p :<\/span> 7.2 x 5.1 x 3.4 cm\t\t\t\t\t<\/li>\n<li class=\"product-features__item-list__item\" role=\"listitem\"><span class=\"is--medium\">Poids sans accessoires :<\/span> 154,00 g\t\t\t\t\t<\/li>\n<li class=\"product-features__item-list__item\" role=\"listitem\"><span class=\"is--medium\">Poids sans accessoire(s) :<\/span> 154 g\t\t\t\t\t<\/li>\n<li class=\"product-features__item-list__item\" role=\"listitem\"><span class=\"is--medium\">Poids avec accessoires :<\/span> 0 g\t\t\t\t\t<\/li>\n<\/ul>\n<\/li>\n<\/ul>\n<\/div>\n<div class=\"product__disclosure-content\">\n<div class=\"js-read-more product-description__content read-more read-more--truncated\" data-read-more-name=\"description\" style=\"max-height: 500px; overflow: hidden;\">\n<p>Laissez votre fibre cr\u00e9atrice s&rsquo;exprimer en toute libert\u00e9 avec la GoPro Hero 12 Black. Avec des vid\u00e9os \u00e0 une r\u00e9solution 5.3K, une stabilisation vid\u00e9o performante et des ralentis spectaculaires, cette cam\u00e9ra sera le compagnon id\u00e9al dans toutes vos aventures.<\/p>\n<h3><img fetchpriority=\"high\" decoding=\"async\" ,=\"\" alt=\"Cam\u00e9ra Sport GOPRO HERO12 Black\" class=\"wy_tableau_gauche\" height=\"270\" src=\"https:\/\/boulanger.scene7.com\/is\/image\/Boulanger\/0810116380282_h_f_l_0?wid=400&amp;hei=270\" width=\"400\"\/>Des prises de vue spectaculaires<\/h3>\n<p>Compacte, la cam\u00e9ra sport GoPro Hero 12 Black est un v\u00e9ritable condens\u00e9 de technologies au service de prises de vue spectaculaires et parfaitement cadr\u00e9es gr\u00e2ce aux <b>\u00e9crans LCD avant et arri\u00e8re<\/b>. Compatible avec de nombreux accessoires, vous pourrez fixer la cam\u00e9ra o\u00f9 bon vous semble et prendre des <b>photos de 27 Mpx<\/b> ou des <b>vid\u00e9os jusqu&rsquo;en 5,3K \u00e0 60 images\/seconde<\/b>.<\/p>\n<p>Pour des ralentis remarquables, la cam\u00e9ra GoPro Hero 12 Black peut filmer en <b>4K 120 images\/seconde ou en 2,7K \u00e0 240 images\/seconde<\/b>. Vos prises de vue seront toujours d&rsquo;une grande stabilit\u00e9 gr\u00e2ce la <b>technologie HyperSmooth 6.0<\/b>. Quelle que soit l&rsquo;intensit\u00e9 de l&rsquo;action, le r\u00e9sultat sera toujours d&rsquo;une grande fluidit\u00e9. <b>\u00c9tanche jusqu&rsquo;\u00e0 10 m<\/b>, elle peut vous suivre partout y compris pour des prises de vue sous-marines.<\/p>\n<h3><img decoding=\"async\" ,=\"\" alt=\"Cam\u00e9ra Sport GOPRO HERO12 Black\" class=\"wy_tableau_right\" height=\"270\" src=\"https:\/\/boulanger.scene7.com\/is\/image\/Boulanger\/0810116380282_h_f_l_1?wid=400&amp;hei=270\" width=\"400\"\/>Une image de qualit\u00e9 cin\u00e9matographique<\/h3>\n<p>Gr\u00e2ce \u00e0 sa <b>grande plage dynamique et sa fonction HDR<\/b>, la cam\u00e9ra GoPro Hero 12 Black est capable de saisir le moindre d\u00e9tail et toutes les subtilit\u00e9s colorim\u00e9triques avec fid\u00e9lit\u00e9. Choisissez <b>l&rsquo;encodage GP-Log<\/b> pour pouvoir ajuster la colorim\u00e9trie en post-production selon vos besoins. Via des commandes simples, <b>basculez entre les prises de vue horizontale et verticale<\/b> \u00e0 tout instant.<\/p>\n<p>La <b>batterie Enduro de 1720 mAh<\/b> permet une <b>autonomie jusqu&rsquo;\u00e0 70 minutes d&rsquo;enregistrement continu en 5.3K60<\/b> et peut monter \u00e0 2h30 en 1080p30. La cam\u00e9ra GoPro Hero 12 Black peut \u00eatre \u00e9galement utilis\u00e9e comme cam\u00e9ra pour les streamers jusqu&rsquo;en 1080p. <b>L&rsquo;application mobile Quik<\/b> facilite la modification et le montage de vos vid\u00e9os.<\/p>\n<\/p>\n<p><video class=\"s7Video\" controls=\"\" controlslist=\"nodownload\" poster=\"https:\/\/boulanger.scene7.com\/is\/image\/Boulanger\/0810116380282_v_0?scl=1\" preload=\"metadata\" src=\"https:\/\/boulanger.scene7.com\/is\/content\/Boulanger\/0810116380282_v_0\" width=\"100%\"><\/video><\/p>\n<\/p>\n<p><strong>Qu&rsquo;est ce que l&rsquo;hypersmooth ? <\/strong><\/p>\n<p>l&rsquo;HyperSmooth 6.0, la derni\u00e8re technologie de stabilisation d&rsquo;image de GoPro, offre des vid\u00e9os d&rsquo;une fluidit\u00e9 incroyable, m\u00eame dans des conditions difficiles.<\/p>\n<p>AutoBoost analyse automatiquement les mouvements et ajuste la stabilisation en cons\u00e9quence, garantissant des images nettes et stables.<\/p>\n<p>HyperSmooth 6.0 : Capturez des images d&rsquo;une qualit\u00e9 professionnelle en toute simplicit\u00e9.<\/p>\n<p><strong>Qu&rsquo;elle sont les mat\u00e9riaux utilis\u00e9 a la construction de cette GoPro ?<\/strong><\/p>\n<p>GoPro fait peau neuve avec un design plus \u00e9co-responsable !<\/p>\n<p>Moins de plastique, plus d&rsquo;impact :<\/p>\n<p>Mat\u00e9riaux recycl\u00e9s : La cam\u00e9ra est con\u00e7ue principalement \u00e0 partir de mat\u00e9riaux recycl\u00e9s, r\u00e9duisant ainsi l&rsquo;impact environnemental de sa production.<br \/>Emballage \u00e9co-con\u00e7u : Fini le plastique ! GoPro utilise d\u00e9sormais des emballages en carton et papier respectueux de l&rsquo;environnement.<br \/>Un engagement fort pour la plan\u00e8te :<\/p>\n<p>GoPro place la protection de l&rsquo;environnement au coeur de ses valeurs. Ces initiatives durables illustrent l&rsquo;engagement de la marque \u00e0 minimiser son empreinte \u00e9cologique<\/p>\n<p>GoPro : Pour une aventure plus responsable.<\/p>\n<p><strong>Qu&rsquo;est-ce que le mode HDR ?<\/strong><\/p>\n<p>\u2022 Le mode HDR compose simultan\u00e9ment une image sous-expos\u00e9e et une image surexpos\u00e9e lors de l&rsquo;enregistrement.<br \/>\u2022 Cela permet d&rsquo;avoir plus de d\u00e9tails dans les zones sombres et lumineuses de l&rsquo;image.<br \/>\u2022 Avec le HDR, on \u00e9vite d&rsquo;avoir un ciel br\u00fbl\u00e9 et des zones trop sombres.<\/p>\n<p><strong>Qu&rsquo;est-ce que le mode vertical capture ?<\/strong><\/p>\n<p>Capturez des vid\u00e9os verticales en 4K60 sans bandes noires !<br \/>Mode Capture Verticale : Filmez en haute r\u00e9solution (jusqu&rsquo;\u00e0 4K60) au format vertical pour TikTok, Instagram Reels et YouTube Shorts.<\/p>\n<p>Partagez vos aventures verticales avec une qualit\u00e9 d&rsquo;image optimale !<\/p>\n<\/p>\n<\/div>\n<p><bl-button a11yexpanded=\"false\" arialabel=\"Afficher toute la description\" class=\"read-more__btn\" full=\"false\" link=\"true\">Voir plus<\/bl-button><\/div>","protected":false},"excerpt":{"rendered":"<div class=\"keypoints\">\n<h3 class=\"keypoints__title\">Les points cl\u00e9s<\/h3>\n<ul role=\"list\">\n<li class=\"keypoints__item\" role=\"listitem\">                          Ultra HD (5,3K) &#8211;                                                      Jusqu&rsquo;\u00e0 10 m                      <\/li>\n<li class=\"keypoints__item\" role=\"listitem\">                          WiFi &#8211;                                        Bluetooth &#8211;                                                      GPS                      <\/li>\n<li class=\"keypoints__item\" role=\"listitem\">                                        Ecran : 5,7 cm tactile                      <\/li>\n<li class=\"keypoints__item keypoints__item--advantage\" role=\"listitem\"><strong>Le + :<\/strong> Enregistre des vid\u00e9os 5.3K et int\u00e8gre \u00e9galement l\u2019imagerie \u00e0 grande gamme dynamique (HDR) !      <\/li>\n<\/ul>","protected":false},"featured_media":89226,"template":"","meta":{"_glsr_average":0,"_glsr_ranking":0,"_glsr_reviews":0},"product_cat":[488],"product_tag":[39,489,451],"class_list":{"0":"post-89227","1":"product","2":"type-product","3":"status-publish","4":"has-post-thumbnail","6":"product_cat-camera-sport","7":"product_tag-camera","8":"product_tag-camera-sport","9":"product_tag-tv-image-son","11":"first","12":"instock","13":"shipping-taxable","14":"product-type-simple"},"_links":{"self":[{"href":"https:\/\/electromenagerexpress.com\/en\/wp-json\/wp\/v2\/product\/89227","targetHints":{"allow":["GET"]}}],"collection":[{"href":"https:\/\/electromenagerexpress.com\/en\/wp-json\/wp\/v2\/product"}],"about":[{"href":"https:\/\/electromenagerexpress.com\/en\/wp-json\/wp\/v2\/types\/product"}],"wp:featuredmedia":[{"embeddable":true,"href":"https:\/\/electromenagerexpress.com\/en\/wp-json\/wp\/v2\/media\/89226"}],"wp:attachment":[{"href":"https:\/\/electromenagerexpress.com\/en\/wp-json\/wp\/v2\/media?parent=89227"}],"wp:term":[{"taxonomy":"product_cat","embeddable":true,"href":"https:\/\/electromenagerexpress.com\/en\/wp-json\/wp\/v2\/product_cat?post=89227"},{"taxonomy":"product_tag","embeddable":true,"href":"https:\/\/electromenagerexpress.com\/en\/wp-json\/wp\/v2\/product_tag?post=89227"}],"curies":[{"name":"wp","href":"https:\/\/api.w.org\/{rel}","templated":true}]}}