{"id":89211,"date":"2024-11-24T17:24:03","date_gmt":"2024-11-24T17:24:03","guid":{"rendered":"https:\/\/electromenagerexpress.com\/product\/camera-sportdjiosmo-action-5-pro-adventure-combo\/"},"modified":"2024-11-24T17:24:09","modified_gmt":"2024-11-24T17:24:09","slug":"camera-sportdjiosmo-action-5-pro-adventure-combo","status":"publish","type":"product","link":"https:\/\/electromenagerexpress.com\/en\/product\/camera-sportdjiosmo-action-5-pro-adventure-combo\/","title":{"rendered":"Cam\u00e9ra sport\t\t\t\t\t\t\tDJI\t\t\t\tOsmo Action 5 Pro Adventure Combo"},"content":{"rendered":"<div class=\"product-features__content\">\n<ul role=\"list\">\n<li class=\"product-features__item\" role=\"listitem\">\n<h3 class=\"product-features__label\">Vid\u00e9o<\/h3>\n<ul role=\"list\">\n<li class=\"product-features__item-list__item\" role=\"listitem\"><span class=\"is--medium\">Type de capteur :<\/span> CMOS\t\t\t\t\t<\/li>\n<li class=\"product-features__item-list__item\" role=\"listitem\"><span class=\"is--medium\">Qualit\u00e9 d&rsquo;enregistrement :<\/span> Ultra HD (4K)\t\t\t\t\t<\/li>\n<\/ul>\n<\/li>\n<li class=\"product-features__item\" role=\"listitem\">\n<h3 class=\"product-features__label\">Optique<\/h3>\n<ul role=\"list\">\n<li class=\"product-features__item-list__item\" role=\"listitem\"><span class=\"is--medium\">Zoom optique :<\/span> Non communiqu\u00e9\t\t\t\t\t<\/li>\n<li class=\"product-features__item-list__item\" role=\"listitem\"><span class=\"is--medium\">Zoom num\u00e9rique :<\/span> Non communiqu\u00e9\t\t\t\t\t<\/li>\n<\/ul>\n<\/li>\n<li class=\"product-features__item\" role=\"listitem\">\n<h3 class=\"product-features__label\">Connexions et applications<\/h3>\n<ul role=\"list\">\n<li class=\"product-features__item-list__item\" role=\"listitem\"><span class=\"is--medium\">WiFi :<\/span> Oui\t\t\t\t\t<\/li>\n<li class=\"product-features__item-list__item\" role=\"listitem\"><span class=\"is--medium\">Bluetooth :<\/span> Oui\t\t\t\t\t<\/li>\n<li class=\"product-features__item-list__item\" role=\"listitem\"><span class=\"is--medium\">Enregistrement \u00e0 distance :<\/span> Oui\t\t\t\t\t<\/li>\n<li class=\"product-features__item-list__item\" role=\"listitem\"><span class=\"is--medium\">Transfert sur smartphone :<\/span> Oui\t\t\t\t\t<\/li>\n<li class=\"product-features__item-list__item\" role=\"listitem\"><span class=\"is--medium\">Diffusion en direct :<\/span> Oui\t\t\t\t\t<\/li>\n<li class=\"product-features__item-list__item\" role=\"listitem\"><span class=\"is--medium\">Application d\u00e9di\u00e9e gratuite :<\/span> DJI mimo\t\t\t\t\t<\/li>\n<li class=\"product-features__item-list__item\" role=\"listitem\"><span class=\"is--medium\">Contr\u00f4le \u00e0 distance :<\/span> Avec la Radiocommande GPS Bluetooth DJI\t\t\t\t\t<\/li>\n<\/ul>\n<\/li>\n<li class=\"product-features__item\" role=\"listitem\">\n<h3 class=\"product-features__label\">Photo<\/h3>\n<ul role=\"list\">\n<li class=\"product-features__item-list__item\" role=\"listitem\"><span class=\"is--medium\">Mode Photo nocturne :<\/span> Oui\t\t\t\t\t<\/li>\n<\/ul>\n<\/li>\n<li class=\"product-features__item\" role=\"listitem\">\n<h3 class=\"product-features__label\">Audio<\/h3>\n<ul role=\"list\">\n<li class=\"product-features__item-list__item\" role=\"listitem\"><span class=\"is--medium\">Enregistrement sonore :<\/span> Oui\t\t\t\t\t<\/li>\n<\/ul>\n<\/li>\n<li class=\"product-features__item\" role=\"listitem\">\n<h3 class=\"product-features__label\">Affichage<\/h3>\n<ul role=\"list\">\n<li class=\"product-features__item-list__item\" role=\"listitem\"><span class=\"is--medium\">\u00c9cran tactile :<\/span> Oui\t\t\t\t\t<\/li>\n<li class=\"product-features__item-list__item\" role=\"listitem\"><span class=\"is--medium\">Double \u00e9cran :<\/span> Oui\t\t\t\t\t<\/li>\n<li class=\"product-features__item-list__item\" role=\"listitem\"><span class=\"is--medium\">Ecran :<\/span> 1 avant\u00a0+\u00a01 arri\u00e8re\t\t\t\t\t<\/li>\n<\/ul>\n<\/li>\n<li class=\"product-features__item\" role=\"listitem\">\n<h3 class=\"product-features__label\">Fonctions sp\u00e9ciales<\/h3>\n<ul role=\"list\">\n<li class=\"product-features__item-list__item\" role=\"listitem\"><span class=\"is--medium\">Slow Motion :<\/span> Oui\t\t\t\t\t<\/li>\n<li class=\"product-features__item-list__item\" role=\"listitem\"><span class=\"is--medium\">Etanche :<\/span> Jusqu&rsquo;\u00e0 20 m\t\t\t\t\t<\/li>\n<li class=\"product-features__item-list__item\" role=\"listitem\"><span class=\"is--medium\">Anti-choc :<\/span> Oui\t\t\t\t\t<\/li>\n<li class=\"product-features__item-list__item\" role=\"listitem\"><span class=\"is--medium\">Pr\u00e9-enregistrement :<\/span> Oui\t\t\t\t\t<\/li>\n<\/ul>\n<\/li>\n<li class=\"product-features__item\" role=\"listitem\">\n<h3 class=\"product-features__label\">Stockage<\/h3>\n<ul role=\"list\">\n<li class=\"product-features__item-list__item\" role=\"listitem\"><span class=\"is--medium\">Carte(s) m\u00e9moire(s) compatible(s) : :<\/span> Micro SD\t\t\t\t\t<\/li>\n<\/ul>\n<\/li>\n<li class=\"product-features__item\" role=\"listitem\">\n<h3 class=\"product-features__label\">Alimentation<\/h3>\n<ul role=\"list\">\n<li class=\"product-features__item-list__item\" role=\"listitem\"><span class=\"is--medium\">Nombre de pile(s) :<\/span> 3\t\t\t\t\t<\/li>\n<li class=\"product-features__item-list__item\" role=\"listitem\"><span class=\"is--medium\">Autonomie (en min ) :<\/span> 420\t\t\t\t\t<\/li>\n<\/ul>\n<\/li>\n<li class=\"product-features__item\" role=\"listitem\">\n<h3 class=\"product-features__label\">Informations compl\u00e9mentaires<\/h3>\n<ul role=\"list\">\n<li class=\"product-features__item-list__item\" role=\"listitem\"><span class=\"is--medium\">Fabriqu\u00e9 en :<\/span> Chine\t\t\t\t\t<\/li>\n<li class=\"product-features__item-list__item\" role=\"listitem\"><span class=\"is--medium\">Garantie :<\/span> 2 ans\t\t\t\t\t<\/li>\n<li class=\"product-features__item-list__item\" role=\"listitem\"><span class=\"is--medium\">Disponibilit\u00e9 des pi\u00e8ces d\u00e9tach\u00e9es (donn\u00e9es fournisseur) :<\/span> Pendant 2 ans, \u00e0 compter de la date de fabrication\t\t\t\t\t<\/li>\n<\/ul>\n<\/li>\n<li class=\"product-features__item\" role=\"listitem\">\n<h3 class=\"product-features__label\">Dimensions<\/h3>\n<ul role=\"list\">\n<li class=\"product-features__item-list__item\" role=\"listitem\"><span class=\"is--medium\">Dimensions l x h x p :<\/span> 3.43 x 5.52 x 8.16 cm\t\t\t\t\t<\/li>\n<li class=\"product-features__item-list__item\" role=\"listitem\"><span class=\"is--medium\">Poids sans accessoires :<\/span> 223,00 g\t\t\t\t\t<\/li>\n<\/ul>\n<\/li>\n<\/ul>\n<\/div>\n<div class=\"product__disclosure-content\">\n<div class=\"js-read-more product-description__content read-more read-more--truncated\" data-read-more-name=\"description\" style=\"max-height: 500px; overflow: hidden;\">\n<div class=\"product__description-content read-more\">\n<p>DJI Osmo Action 5 Pro Adventure Combo : La Cam\u00e9ra Sport pour Aventuriers Exigeants<\/p>\n<h3><img fetchpriority=\"high\" decoding=\"async\" alt=\"Cam\u00e9ra sport DJI Osmo Action 5 Pro Adventure Combo\" class=\"wy_tableau_gauche\" height=\"270\" src=\"https:\/\/boulanger.scene7.com\/is\/image\/Boulanger\/6941565981059_h_f_l_0?wid=400&amp;hei=270\" width=\"400\"\/>Qualit\u00e9 d&rsquo;Image et R\u00e9sistance \u00e0 toute \u00e9preuve<\/h3>\n<p>La DJI Osmo Action 5 Pro Adventure Combo se distingue par sa capacit\u00e9 \u00e0 capturer des images en Ultra HD (4K), gr\u00e2ce \u00e0 son capteur CMOS performant. Cette cam\u00e9ra sport est con\u00e7ue pour les amateurs de sensations fortes qui ne veulent pas transiger sur la qualit\u00e9 vid\u00e9o. Sa robustesse est \u00e9galement \u00e0 l&rsquo;honneur avec une \u00e9tanch\u00e9it\u00e9 certifi\u00e9e jusqu&rsquo;\u00e0 20 m\u00e8tres et une r\u00e9sistance aux chocs, permettant de l&#8217;emporter dans les environnements les plus extr\u00eames. Son double \u00e9cran, avant et arri\u00e8re, offre une facilit\u00e9 d&rsquo;utilisation optimale, avec un \u00e9cran tactile pour naviguer ais\u00e9ment dans les menus et pr\u00e9visualiser vos prises de vue.<\/p>\n<p>\u00a0<\/p>\n<p>\u00a0<\/p>\n<h3><img decoding=\"async\" alt=\"Cam\u00e9ra sport DJI Osmo Action 5 Pro Adventure Combo\" class=\"wy_tableau_right\" height=\"270\" src=\"https:\/\/boulanger.scene7.com\/is\/image\/Boulanger\/6941565981059_h_f_l_1?wid=400&amp;hei=270\" width=\"400\"\/>Connectivit\u00e9 et Autonomie pour des Performances Prolong\u00e9es<\/h3>\n<p>Avec une autonomie impressionnante allant jusqu&rsquo;\u00e0 420 minutes, la DJI Osmo Action 5 Pro Adventure Combo permet de longues sessions d&rsquo;enregistrement sans interruption. La connectivit\u00e9 WiFi et Bluetooth int\u00e9gr\u00e9e facilite le partage instantan\u00e9 de vos exploits et la commande \u00e0 distance via l&rsquo;application d\u00e9di\u00e9e DJI mimo ou la Radiocommande GPS Bluetooth DJI. Les dimensions compactes et le poids l\u00e9ger de 223 g rendent cette cam\u00e9ra extr\u00eamement portable, tandis que le caisson \u00e9tanche fourni et les diverses protections de lentille assurent une s\u00e9curit\u00e9 accrue pour votre mat\u00e9riel en toutes circonstances.<\/p>\n<\/div>\n<\/div>\n<p><bl-button a11yexpanded=\"false\" arialabel=\"Afficher toute la description\" class=\"read-more__btn\" full=\"false\" link=\"true\"><\/bl-button><\/div>","protected":false},"excerpt":{"rendered":"<div class=\"keypoints\">\n<h3 class=\"keypoints__title\">Les points cl\u00e9s<\/h3>\n<ul role=\"list\">\n<li class=\"keypoints__item\" role=\"listitem\">                          Ultra HD (4K) &#8211;                                                      Jusqu&rsquo;\u00e0 20 m                      <\/li>\n<li class=\"keypoints__item\" role=\"listitem\">                          WiFi &#8211;                                                      Bluetooth                      <\/li>\n<li class=\"keypoints__item\" role=\"listitem\">                          Ecran : Tactile &#8211;                                                      Capteur CMOS                      <\/li>\n<\/ul>","protected":false},"featured_media":89210,"template":"","meta":{"_glsr_average":0,"_glsr_ranking":0,"_glsr_reviews":0},"product_cat":[488],"product_tag":[39,489,451],"class_list":{"0":"post-89211","1":"product","2":"type-product","3":"status-publish","4":"has-post-thumbnail","6":"product_cat-camera-sport","7":"product_tag-camera","8":"product_tag-camera-sport","9":"product_tag-tv-image-son","11":"first","12":"instock","13":"sale","14":"shipping-taxable","15":"purchasable","16":"product-type-simple"},"_links":{"self":[{"href":"https:\/\/electromenagerexpress.com\/en\/wp-json\/wp\/v2\/product\/89211","targetHints":{"allow":["GET"]}}],"collection":[{"href":"https:\/\/electromenagerexpress.com\/en\/wp-json\/wp\/v2\/product"}],"about":[{"href":"https:\/\/electromenagerexpress.com\/en\/wp-json\/wp\/v2\/types\/product"}],"wp:featuredmedia":[{"embeddable":true,"href":"https:\/\/electromenagerexpress.com\/en\/wp-json\/wp\/v2\/media\/89210"}],"wp:attachment":[{"href":"https:\/\/electromenagerexpress.com\/en\/wp-json\/wp\/v2\/media?parent=89211"}],"wp:term":[{"taxonomy":"product_cat","embeddable":true,"href":"https:\/\/electromenagerexpress.com\/en\/wp-json\/wp\/v2\/product_cat?post=89211"},{"taxonomy":"product_tag","embeddable":true,"href":"https:\/\/electromenagerexpress.com\/en\/wp-json\/wp\/v2\/product_tag?post=89211"}],"curies":[{"name":"wp","href":"https:\/\/api.w.org\/{rel}","templated":true}]}}