{"id":89192,"date":"2024-11-24T17:23:45","date_gmt":"2024-11-24T17:23:45","guid":{"rendered":"https:\/\/electromenagerexpress.com\/product\/camera-sportdjiosmo-pocket-3\/"},"modified":"2024-11-24T17:23:55","modified_gmt":"2024-11-24T17:23:55","slug":"camera-sportdjiosmo-pocket-3","status":"publish","type":"product","link":"https:\/\/electromenagerexpress.com\/en\/product\/camera-sportdjiosmo-pocket-3\/","title":{"rendered":"Cam\u00e9ra sport\t\t\t\t\t\t\tDJI\t\t\t\tOsmo Pocket 3"},"content":{"rendered":"<div class=\"product-features__content\">\n<ul role=\"list\">\n<li class=\"product-features__item\" role=\"listitem\">\n<h3 class=\"product-features__label\">Vid\u00e9o<\/h3>\n<ul role=\"list\">\n<li class=\"product-features__item-list__item\" role=\"listitem\"><span class=\"is--medium\">Type de capteur :<\/span> CMOS\t\t\t\t\t<\/li>\n<li class=\"product-features__item-list__item\" role=\"listitem\"><span class=\"is--medium\">R\u00e9solution :<\/span> Non communiqu\u00e9\t\t\t\t\t<\/li>\n<li class=\"product-features__item-list__item\" role=\"listitem\"><span class=\"is--medium\">Format d&rsquo;enregistrement :<\/span> MP4 (H;264,HEVC)\t\t\t\t\t<\/li>\n<li class=\"product-features__item-list__item\" role=\"listitem\"><span class=\"is--medium\">Qualit\u00e9 d&rsquo;enregistrement :<\/span> Ultra HD (4K)\t\t\t\t\t<\/li>\n<li class=\"product-features__item-list__item\" role=\"listitem\"><span class=\"is--medium\">Detail des qualit\u00e9s d&rsquo;enregistrement :<\/span> 4K\/120 ips\t\t\t\t\t<\/li>\n<li class=\"product-features__item-list__item\" role=\"listitem\"><span class=\"is--medium\">Dur\u00e9e d&rsquo;enregistrement maximale :<\/span> 2 h\t\t\t\t\t<\/li>\n<li class=\"product-features__item-list__item\" role=\"listitem\"><span class=\"is--medium\">Informations sur le capteur principal :<\/span> CMOS 1 pouce\t\t\t\t\t<\/li>\n<li class=\"product-features__item-list__item\" role=\"listitem\"><span class=\"is--medium\">Dimension du capteur :<\/span> 1\/1,7\t\t\t\t\t<\/li>\n<li class=\"product-features__item-list__item\" role=\"listitem\"><span class=\"is--medium\">Format 16\/9 :<\/span> Oui\t\t\t\t\t<\/li>\n<\/ul>\n<\/li>\n<li class=\"product-features__item\" role=\"listitem\">\n<h3 class=\"product-features__label\">Capteur secondaire<\/h3>\n<ul role=\"list\">\n<li class=\"product-features__item-list__item\" role=\"listitem\"><span class=\"is--medium\">Type de capteur :<\/span> CMOS\t\t\t\t\t<\/li>\n<li class=\"product-features__item-list__item\" role=\"listitem\"><span class=\"is--medium\">Dimension du capteur :<\/span> 1&Prime;\t\t\t\t\t<\/li>\n<li class=\"product-features__item-list__item\" role=\"listitem\"><span class=\"is--medium\">Format d&rsquo;enregistrement :<\/span> 4K (16:9)\u00a0: 3\u00a0840\u00a0x\u00a02\u00a0160 \u00e0 24\/25\/30\/48\/50\/60\u00a0ips2,7K (16:9)\u00a0: 2\u00a0688\u00a0x\u00a01\u00a0512 \u00e0 24\/25\/30\/48\/50\/60\u00a0ips1\u00a0080p (16:9)\u00a0: 1\u00a0920\u00a0x\u00a01\u00a0080 \u00e0 24\/25\/30\/48\/50\/60\u00a0ips3K (1:1)\u00a0: 3\u00a0072\u00a0x\u00a03\u00a0072 \u00e0 24\/25\/30\/48\/50\/60\u00a0ips2\u00a0160p (1:1)1\u00a0080p (1:1)3K (9:16)2,7K (9:16)1\u00a0080p (9:16)\t\t\t\t\t<\/li>\n<li class=\"product-features__item-list__item\" role=\"listitem\"><span class=\"is--medium\">Qualit\u00e9 d&rsquo;enregistrement :<\/span> Ultra HD (4K)\t\t\t\t\t<\/li>\n<li class=\"product-features__item-list__item\" role=\"listitem\"><span class=\"is--medium\">Detail des qualit\u00e9s d&rsquo;enregistrement :<\/span> Ralenti : 4K (16:9)\u00a0: 3\u00a0840\u00a0x\u00a02\u00a0160 \u00e0 120\u00a0ips2,7K\u00a0: 2\u00a0688\u00a0x\u00a01\u00a0512 \u00e0 120\u00a0ips1\u00a0080p\u00a0: 1\u00a0920\u00a0x\u00a01\u00a0080 \u00e0 120\/240\u00a0ips\t\t\t\t\t<\/li>\n<li class=\"product-features__item-list__item\" role=\"listitem\"><span class=\"is--medium\">Dur\u00e9e d&rsquo;enregistrement maximale (en heures) :<\/span> 2 h\t\t\t\t\t<\/li>\n<li class=\"product-features__item-list__item\" role=\"listitem\"><span class=\"is--medium\">Format 16\/9 :<\/span> Oui\t\t\t\t\t<\/li>\n<li class=\"product-features__item-list__item\" role=\"listitem\"><span class=\"is--medium\">Poids Net (kg) :<\/span> 179,00 g\t\t\t\t\t<\/li>\n<li class=\"product-features__item-list__item\" role=\"listitem\"><span class=\"is--medium\">Dimensons :<\/span> 139,7\u00a0x\u00a042,2\u00a0x\u00a033,5\u00a0mm (L\u00a0x\u00a0l\u00a0x\u00a0H)\t\t\t\t\t<\/li>\n<\/ul>\n<\/li>\n<li class=\"product-features__item\" role=\"listitem\">\n<h3 class=\"product-features__label\">Optique<\/h3>\n<ul role=\"list\">\n<li class=\"product-features__item-list__item\" role=\"listitem\"><span class=\"is--medium\">Mode vid\u00e9o de nuit :<\/span> Non\t\t\t\t\t<\/li>\n<li class=\"product-features__item-list__item\" role=\"listitem\"><span class=\"is--medium\">Stabilisateur :<\/span> A 3 axes enti\u00e8rement int\u00e9gr\u00e9 \u00e0 la cam\u00e9ra\t\t\t\t\t<\/li>\n<li class=\"product-features__item-list__item\" role=\"listitem\"><span class=\"is--medium\">Zoom optique :<\/span> Non communiqu\u00e9\t\t\t\t\t<\/li>\n<li class=\"product-features__item-list__item\" role=\"listitem\"><span class=\"is--medium\">Zoom num\u00e9rique :<\/span> x4\t\t\t\t\t<\/li>\n<\/ul>\n<\/li>\n<li class=\"product-features__item\" role=\"listitem\">\n<h3 class=\"product-features__label\">Connexions et applications<\/h3>\n<ul role=\"list\">\n<li class=\"product-features__item-list__item\" role=\"listitem\"><span class=\"is--medium\">WiFi :<\/span> Oui\t\t\t\t\t<\/li>\n<li class=\"product-features__item-list__item\" role=\"listitem\"><span class=\"is--medium\">Bluetooth :<\/span> Oui\t\t\t\t\t<\/li>\n<li class=\"product-features__item-list__item\" role=\"listitem\"><span class=\"is--medium\">Application d\u00e9di\u00e9e gratuite :<\/span> DJI mimo\t\t\t\t\t<\/li>\n<\/ul>\n<\/li>\n<li class=\"product-features__item\" role=\"listitem\">\n<h3 class=\"product-features__label\">Photo<\/h3>\n<ul role=\"list\">\n<li class=\"product-features__item-list__item\" role=\"listitem\"><span class=\"is--medium\">Format(s) d&rsquo;enregistrement :<\/span> Vid\u00e9o JPEG ou Vid\u00e9o + RAW\t\t\t\t\t<\/li>\n<li class=\"product-features__item-list__item\" role=\"listitem\"><span class=\"is--medium\">R\u00e9solution du capteur :<\/span> 9,4 Mpx\t\t\t\t\t<\/li>\n<\/ul>\n<\/li>\n<li class=\"product-features__item\" role=\"listitem\">\n<h3 class=\"product-features__label\">Audio<\/h3>\n<ul role=\"list\">\n<li class=\"product-features__item-list__item\" role=\"listitem\"><span class=\"is--medium\">Enregistrement sonore :<\/span> Oui\t\t\t\t\t<\/li>\n<li class=\"product-features__item-list__item\" role=\"listitem\"><span class=\"is--medium\">Format(s) d&rsquo;enregistrement sonore(s) :<\/span> 48 kHz 24 bits\t\t\t\t\t<\/li>\n<li class=\"product-features__item-list__item\" role=\"listitem\"><span class=\"is--medium\">Type de microphone :<\/span> 3 microphones\t\t\t\t\t<\/li>\n<\/ul>\n<\/li>\n<li class=\"product-features__item\" role=\"listitem\">\n<h3 class=\"product-features__label\">Affichage<\/h3>\n<ul role=\"list\">\n<li class=\"product-features__item-list__item\" role=\"listitem\"><span class=\"is--medium\">\u00c9cran tactile :<\/span> Oui\t\t\t\t\t<\/li>\n<li class=\"product-features__item-list__item\" role=\"listitem\"><span class=\"is--medium\">\u00c9cran rotatif :<\/span> Oui\t\t\t\t\t<\/li>\n<li class=\"product-features__item-list__item\" role=\"listitem\"><span class=\"is--medium\">Taille de l&rsquo;\u00e9cran :<\/span> 2,1 cm\t\t\t\t\t<\/li>\n<li class=\"product-features__item-list__item\" role=\"listitem\"><span class=\"is--medium\">Ecran :<\/span> 1 avant\t\t\t\t\t<\/li>\n<\/ul>\n<\/li>\n<li class=\"product-features__item\" role=\"listitem\">\n<h3 class=\"product-features__label\">Fonctions sp\u00e9ciales<\/h3>\n<ul role=\"list\">\n<li class=\"product-features__item-list__item\" role=\"listitem\"><span class=\"is--medium\">Slow Motion :<\/span> Oui\t\t\t\t\t<\/li>\n<li class=\"product-features__item-list__item\" role=\"listitem\"><span class=\"is--medium\">Etanche :<\/span> Non \u00e9tanche\t\t\t\t\t<\/li>\n<li class=\"product-features__item-list__item\" role=\"listitem\"><span class=\"is--medium\">Vid\u00e9o acc\u00e9l\u00e9r\u00e9e (Time Lapse) :<\/span> Oui\t\t\t\t\t<\/li>\n<li class=\"product-features__item-list__item\" role=\"listitem\"><span class=\"is--medium\">Anti-choc :<\/span> Non\t\t\t\t\t<\/li>\n<\/ul>\n<\/li>\n<li class=\"product-features__item\" role=\"listitem\">\n<h3 class=\"product-features__label\">Stockage<\/h3>\n<ul role=\"list\">\n<li class=\"product-features__item-list__item\" role=\"listitem\"><span class=\"is--medium\">Carte(s) m\u00e9moire(s) compatible(s) : :<\/span> Micro SD\t\t\t\t\t<\/li>\n<li class=\"product-features__item-list__item\" role=\"listitem\"><span class=\"is--medium\">M\u00e9moire extensible jusqu&rsquo;\u00e0 :<\/span> 512 Go\t\t\t\t\t<\/li>\n<li class=\"product-features__item-list__item\" role=\"listitem\"><span class=\"is--medium\">Type de support d&rsquo;enregistrement :<\/span> Carte m\u00e9moire\t\t\t\t\t<\/li>\n<\/ul>\n<\/li>\n<li class=\"product-features__item\" role=\"listitem\">\n<h3 class=\"product-features__label\">Sport<\/h3>\n<ul role=\"list\">\n<li class=\"product-features__item-list__item\" role=\"listitem\"><span class=\"is--medium\">Compatible :<\/span> Running, Randonn\u00e9e\t\t\t\t\t<\/li>\n<\/ul>\n<\/li>\n<li class=\"product-features__item\" role=\"listitem\">\n<h3 class=\"product-features__label\">Alimentation<\/h3>\n<ul role=\"list\">\n<li class=\"product-features__item-list__item\" role=\"listitem\"><span class=\"is--medium\">Type de batterie :<\/span> LiPo\t\t\t\t\t<\/li>\n<li class=\"product-features__item-list__item\" role=\"listitem\"><span class=\"is--medium\">Consommation :<\/span> 10,0 W\t\t\t\t\t<\/li>\n<li class=\"product-features__item-list__item\" role=\"listitem\"><span class=\"is--medium\">Alimentation par USB :<\/span> Oui\t\t\t\t\t<\/li>\n<li class=\"product-features__item-list__item\" role=\"listitem\"><span class=\"is--medium\">Autonomie (en min ) :<\/span> 115\t\t\t\t\t<\/li>\n<li class=\"product-features__item-list__item\" role=\"listitem\"><span class=\"is--medium\">Temps de charge :<\/span> 30 min\t\t\t\t\t<\/li>\n<\/ul>\n<\/li>\n<li class=\"product-features__item\" role=\"listitem\">\n<h3 class=\"product-features__label\">Informations compl\u00e9mentaires<\/h3>\n<ul role=\"list\">\n<li class=\"product-features__item-list__item\" role=\"listitem\"><span class=\"is--medium\">Fabriqu\u00e9 en :<\/span> Chine\t\t\t\t\t<\/li>\n<li class=\"product-features__item-list__item\" role=\"listitem\"><span class=\"is--medium\">Garantie :<\/span> 2 ans\t\t\t\t\t<\/li>\n<li class=\"product-features__item-list__item\" role=\"listitem\"><span class=\"is--medium\">Disponibilit\u00e9 des pi\u00e8ces d\u00e9tach\u00e9es (donn\u00e9es fournisseur) :<\/span> Pendant 2 ans, \u00e0 compter de la date de fabrication\t\t\t\t\t<\/li>\n<li class=\"product-features__item-list__item\" role=\"listitem\"><span class=\"is--medium\">DAS Tronc :<\/span> 1,350 W\/kg\t\t\t\t\t<\/li>\n<li class=\"product-features__item-list__item\" role=\"listitem\"><span class=\"is--medium\">DAS Membres :<\/span> 1,350 W\/kg\t\t\t\t\t<\/li>\n<\/ul>\n<\/li>\n<li class=\"product-features__item\" role=\"listitem\">\n<h3 class=\"product-features__label\">Dimensions<\/h3>\n<ul role=\"list\">\n<li class=\"product-features__item-list__item\" role=\"listitem\"><span class=\"is--medium\">Dimensions l x h x p :<\/span> 4.22 x 3.35 x 13.97 cm\t\t\t\t\t<\/li>\n<li class=\"product-features__item-list__item\" role=\"listitem\"><span class=\"is--medium\">Poids sans accessoires :<\/span> 179,00 g\t\t\t\t\t<\/li>\n<\/ul>\n<\/li>\n<\/ul>\n<\/div>\n<div class=\"product__disclosure-content\">\n<div class=\"js-read-more product-description__content read-more read-more--truncated\" data-read-more-name=\"description\" style=\"max-height: 500px; overflow: hidden;\">\n<div class=\"product__description-content read-more\" style=\"\">\n<p>DJI Osmo Pocket 3 : L&rsquo;\u00e9motion en mouvement captur\u00e9e avec excellence<\/p>\n<h3> <img fetchpriority=\"high\" decoding=\"async\" ,=\"\" alt=\"Cam\u00e9ra sport DJI Osmo Pocket 3\" class=\"wy_tableau_gauche\" height=\"270\" src=\"https:\/\/boulanger.scene7.com\/is\/image\/Boulanger\/6941565969873_h_f_l_0?wid=400&amp;hei=270\" width=\"400\"\/>Qualit\u00e9 d&rsquo;image et polyvalence \u00e0 l&rsquo;honneur                    <\/h3>\n<p>                        Le DJI Osmo Pocket 3 se distingue par son capteur CMOS de 1 pouce, garant d&rsquo;images ultra-d\u00e9taill\u00e9es et d&rsquo;une performance exceptionnelle en basse lumi\u00e8re. La r\u00e9solution 4K \u00e0 120 images par seconde offre la possibilit\u00e9 de ralentis saisissants, tandis que les profils de couleur D-Log M 10 bits et HLG \u00e9tendent la plage dynamique, capturant des nuances riches et pr\u00e9cises dans une vari\u00e9t\u00e9 de conditions d&rsquo;\u00e9clairage. La mise au point rapide sur l&rsquo;ensemble des pixels assure une capture nette et pr\u00e9cise, essentielle pour des prises de vue dynamiques et sans flou.                    <\/p>\n<\/p>\n<h3> <img decoding=\"async\" ,=\"\" alt=\"Cam\u00e9ra sport DJI Osmo Pocket 3\" class=\"wy_tableau_right\" height=\"270\" src=\"https:\/\/boulanger.scene7.com\/is\/image\/Boulanger\/6941565969873_h_f_l_1?wid=400&amp;hei=270\" width=\"400\"\/>Stabilit\u00e9 et cr\u00e9ativit\u00e9 sans compromis                    <\/h3>\n<p>                        La stabilisation m\u00e9canique \u00e0 trois axes de la nacelle de l&rsquo;Osmo Pocket 3 promet des vid\u00e9os fluides et stables, m\u00eame lors de mouvements rapides. Son \u00e9cran tactile rotatif de 2 pouces facilite les transitions entre les modes portrait et paysage, tandis qu&rsquo;ActiveTrack 6.0 maintient le sujet en vue sans effort. Avec l&rsquo;enregistrement st\u00e9r\u00e9o et la compatibilit\u00e9 avec DJI Mic 2, la qualit\u00e9 sonore est au rendez-vous. Son format compact fait de cette cam\u00e9ra sport le compagnon id\u00e9al pour documenter vos aventures avec une qualit\u00e9 professionnelle et une facilit\u00e9 d&rsquo;utilisation in\u00e9gal\u00e9e.                    <\/p>\n<\/p><\/div>\n<\/p>\n<\/div>\n<p><bl-button a11yexpanded=\"false\" arialabel=\"Afficher toute la description\" class=\"read-more__btn\" full=\"false\" link=\"true\">Voir plus<\/bl-button><\/div>","protected":false},"excerpt":{"rendered":"<div class=\"keypoints\">\n<h3 class=\"keypoints__title\">Les points cl\u00e9s<\/h3>\n<ul role=\"list\">\n<li class=\"keypoints__item\" role=\"listitem\">                          Ultra HD (4K) &#8211;                                                      Non \u00e9tanche                      <\/li>\n<li class=\"keypoints__item\" role=\"listitem\">                          WiFi &#8211;                                                      Bluetooth                      <\/li>\n<li class=\"keypoints__item\" role=\"listitem\">                          Ecran : Tactile &#8211;                                                      Capteur CMOS                      <\/li>\n<li class=\"keypoints__item keypoints__item--advantage\" role=\"listitem\"><strong>Le + :<\/strong> d\u00e9al pour le vlog avec son \u00e9cran de retour      <\/li>\n<\/ul>","protected":false},"featured_media":89191,"template":"","meta":{"_glsr_average":0,"_glsr_ranking":0,"_glsr_reviews":0},"product_cat":[488],"product_tag":[39,489,451],"class_list":{"0":"post-89192","1":"product","2":"type-product","3":"status-publish","4":"has-post-thumbnail","6":"product_cat-camera-sport","7":"product_tag-camera","8":"product_tag-camera-sport","9":"product_tag-tv-image-son","11":"first","12":"instock","13":"sale","14":"shipping-taxable","15":"purchasable","16":"product-type-simple"},"_links":{"self":[{"href":"https:\/\/electromenagerexpress.com\/en\/wp-json\/wp\/v2\/product\/89192","targetHints":{"allow":["GET"]}}],"collection":[{"href":"https:\/\/electromenagerexpress.com\/en\/wp-json\/wp\/v2\/product"}],"about":[{"href":"https:\/\/electromenagerexpress.com\/en\/wp-json\/wp\/v2\/types\/product"}],"wp:featuredmedia":[{"embeddable":true,"href":"https:\/\/electromenagerexpress.com\/en\/wp-json\/wp\/v2\/media\/89191"}],"wp:attachment":[{"href":"https:\/\/electromenagerexpress.com\/en\/wp-json\/wp\/v2\/media?parent=89192"}],"wp:term":[{"taxonomy":"product_cat","embeddable":true,"href":"https:\/\/electromenagerexpress.com\/en\/wp-json\/wp\/v2\/product_cat?post=89192"},{"taxonomy":"product_tag","embeddable":true,"href":"https:\/\/electromenagerexpress.com\/en\/wp-json\/wp\/v2\/product_tag?post=89192"}],"curies":[{"name":"wp","href":"https:\/\/api.w.org\/{rel}","templated":true}]}}