{"id":89163,"date":"2024-11-24T17:23:17","date_gmt":"2024-11-24T17:23:17","guid":{"rendered":"https:\/\/electromenagerexpress.com\/product\/camera-sportgoprohero13-black\/"},"modified":"2024-11-24T17:23:20","modified_gmt":"2024-11-24T17:23:20","slug":"camera-sportgoprohero13-black","status":"publish","type":"product","link":"https:\/\/electromenagerexpress.com\/en\/product\/camera-sportgoprohero13-black\/","title":{"rendered":"Cam\u00e9ra sport\t\t\t\t\t\t\tGOPRO\t\t\t\tHERO13 Black"},"content":{"rendered":"<div class=\"product-features__content\">\n<ul role=\"list\">\n<li class=\"product-features__item\" role=\"listitem\">\n<h3 class=\"product-features__label\">Vid\u00e9o<\/h3>\n<ul role=\"list\">\n<li class=\"product-features__item-list__item\" role=\"listitem\"><span class=\"is--medium\">Qualit\u00e9 d&rsquo;enregistrement :<\/span> Ultra HD (5,3K)\t\t\t\t\t<\/li>\n<\/ul>\n<\/li>\n<li class=\"product-features__item\" role=\"listitem\">\n<h3 class=\"product-features__label\">Optique<\/h3>\n<ul role=\"list\">\n<li class=\"product-features__item-list__item\" role=\"listitem\"><span class=\"is--medium\">Zoom optique :<\/span> Non\t\t\t\t\t<\/li>\n<li class=\"product-features__item-list__item\" role=\"listitem\"><span class=\"is--medium\">Zoom num\u00e9rique :<\/span> x2\t\t\t\t\t<\/li>\n<\/ul>\n<\/li>\n<li class=\"product-features__item\" role=\"listitem\">\n<h3 class=\"product-features__label\">Connexions et applications<\/h3>\n<ul role=\"list\">\n<li class=\"product-features__item-list__item\" role=\"listitem\"><span class=\"is--medium\">WiFi :<\/span> Oui\t\t\t\t\t<\/li>\n<li class=\"product-features__item-list__item\" role=\"listitem\"><span class=\"is--medium\">Bluetooth :<\/span> Oui\t\t\t\t\t<\/li>\n<li class=\"product-features__item-list__item\" role=\"listitem\"><span class=\"is--medium\">Transfert simplifi\u00e9 sur Internet :<\/span> Oui\t\t\t\t\t<\/li>\n<li class=\"product-features__item-list__item\" role=\"listitem\"><span class=\"is--medium\">Transfert sur smartphone :<\/span> Oui\t\t\t\t\t<\/li>\n<li class=\"product-features__item-list__item\" role=\"listitem\"><span class=\"is--medium\">Contr\u00f4le \u00e0 distance via smartphone :<\/span> Oui\t\t\t\t\t<\/li>\n<li class=\"product-features__item-list__item\" role=\"listitem\"><span class=\"is--medium\">Diffusion en direct :<\/span> Oui\t\t\t\t\t<\/li>\n<li class=\"product-features__item-list__item\" role=\"listitem\"><span class=\"is--medium\">GPS :<\/span> Distance, vitesse et parcours\t\t\t\t\t<\/li>\n<\/ul>\n<\/li>\n<li class=\"product-features__item\" role=\"listitem\">\n<h3 class=\"product-features__label\">Photo<\/h3>\n<ul role=\"list\">\n<li class=\"product-features__item-list__item\" role=\"listitem\"><span class=\"is--medium\">R\u00e9solution du capteur :<\/span> 27,0 Mpx\t\t\t\t\t<\/li>\n<\/ul>\n<\/li>\n<li class=\"product-features__item\" role=\"listitem\">\n<h3 class=\"product-features__label\">Affichage<\/h3>\n<ul role=\"list\">\n<li class=\"product-features__item-list__item\" role=\"listitem\"><span class=\"is--medium\">Ecran :<\/span> 1 avant\u00a0+\u00a01 arri\u00e8re\t\t\t\t\t<\/li>\n<\/ul>\n<\/li>\n<li class=\"product-features__item\" role=\"listitem\">\n<h3 class=\"product-features__label\">Fonctions sp\u00e9ciales<\/h3>\n<ul role=\"list\">\n<li class=\"product-features__item-list__item\" role=\"listitem\"><span class=\"is--medium\">Commande vocale :<\/span> Oui\t\t\t\t\t<\/li>\n<li class=\"product-features__item-list__item\" role=\"listitem\"><span class=\"is--medium\">LiveBurst :<\/span> Oui\t\t\t\t\t<\/li>\n<li class=\"product-features__item-list__item\" role=\"listitem\"><span class=\"is--medium\">Slow Motion :<\/span> Oui\t\t\t\t\t<\/li>\n<li class=\"product-features__item-list__item\" role=\"listitem\"><span class=\"is--medium\">SuperPhoto :<\/span> Avec HDR am\u00e9lior\u00e9\t\t\t\t\t<\/li>\n<li class=\"product-features__item-list__item\" role=\"listitem\"><span class=\"is--medium\">TimeWarp :<\/span> TimeWarp 3.0\t\t\t\t\t<\/li>\n<li class=\"product-features__item-list__item\" role=\"listitem\"><span class=\"is--medium\">HyperSmooth :<\/span> HyperSmooth 5.0\t\t\t\t\t<\/li>\n<li class=\"product-features__item-list__item\" role=\"listitem\"><span class=\"is--medium\">Etanche :<\/span> Jusqu&rsquo;\u00e0 10 m\t\t\t\t\t<\/li>\n<li class=\"product-features__item-list__item\" role=\"listitem\"><span class=\"is--medium\">Vid\u00e9o acc\u00e9l\u00e9r\u00e9e (Time Lapse) :<\/span> Oui\t\t\t\t\t<\/li>\n<li class=\"product-features__item-list__item\" role=\"listitem\"><span class=\"is--medium\">Retardateur :<\/span> Oui\t\t\t\t\t<\/li>\n<li class=\"product-features__item-list__item\" role=\"listitem\"><span class=\"is--medium\">Anti-choc :<\/span> Oui\t\t\t\t\t<\/li>\n<\/ul>\n<\/li>\n<li class=\"product-features__item\" role=\"listitem\">\n<h3 class=\"product-features__label\">Alimentation<\/h3>\n<ul role=\"list\">\n<li class=\"product-features__item-list__item\" role=\"listitem\"><span class=\"is--medium\">Type de batterie :<\/span> Lithium-ion technologie Enduro am\u00e9lior\u00e9e\t\t\t\t\t<\/li>\n<\/ul>\n<\/li>\n<li class=\"product-features__item\" role=\"listitem\">\n<h3 class=\"product-features__label\">Informations compl\u00e9mentaires<\/h3>\n<ul role=\"list\">\n<li class=\"product-features__item-list__item\" role=\"listitem\"><span class=\"is--medium\">Fabriqu\u00e9 en :<\/span> Chine\t\t\t\t\t<\/li>\n<li class=\"product-features__item-list__item\" role=\"listitem\"><span class=\"is--medium\">Garantie :<\/span> 2 ans\t\t\t\t\t<\/li>\n<li class=\"product-features__item-list__item\" role=\"listitem\"><span class=\"is--medium\">Disponibilit\u00e9 des pi\u00e8ces d\u00e9tach\u00e9es (donn\u00e9es fournisseur) :<\/span> Pas de pi\u00e8ce disponible\t\t\t\t\t<\/li>\n<\/ul>\n<\/li>\n<li class=\"product-features__item\" role=\"listitem\">\n<h3 class=\"product-features__label\">Dimensions<\/h3>\n<ul role=\"list\">\n<li class=\"product-features__item-list__item\" role=\"listitem\"><span class=\"is--medium\">Dimensions l x h x p :<\/span> 5.66 x 5.08 x 3.36 cm\t\t\t\t\t<\/li>\n<li class=\"product-features__item-list__item\" role=\"listitem\"><span class=\"is--medium\">Poids sans accessoires :<\/span> 157,00 g\t\t\t\t\t<\/li>\n<\/ul>\n<\/li>\n<\/ul>\n<\/div>\n<div class=\"product__disclosure-content\">\n<div class=\"js-read-more product-description__content read-more read-more--truncated\" data-read-more-name=\"description\" style=\"max-height: 500px; overflow: hidden;\">\n<div class=\"product__description-content read-more\" style=\"\">\n<p>GOPRO HERO13 Black : La R\u00e9f\u00e9rence Ultime des Cam\u00e9ras Sport<\/p>\n<h3> <img fetchpriority=\"high\" decoding=\"async\" ,=\"\" alt=\"Cam\u00e9ra sport GOPRO HERO13 Black\" class=\"wy_tableau_gauche\" height=\"270\" src=\"https:\/\/boulanger.scene7.com\/is\/image\/Boulanger\/0810116381616_h_f_l_0?wid=400&amp;hei=270\" width=\"400\"\/>Qualit\u00e9 d&rsquo;Image et Polyvalence Exceptionnelles <\/h3>\n<p> La GOPRO HERO13 Black repousse les limites de la capture vid\u00e9o avec une r\u00e9solution 5.3K60 \u00e9poustouflante, offrant une qualit\u00e9 d&rsquo;image sup\u00e9rieure de 91 % \u00e0 la 4K et de 665 % \u00e0 la 1080p. Cette prouesse technique permet d&rsquo;extraire des photos de 24,7 MP directement depuis vos vid\u00e9os, gr\u00e2ce \u00e0 l&rsquo;application GoPro Quik. La compatibilit\u00e9 avec les nouveaux objectifs HB-Series1 \u00e9largit vos horizons cr\u00e9atifs, permettant des prises de vue immersives, des mises au point rapproch\u00e9es et l&rsquo;ajout de filtres pour un rendu cin\u00e9matographique. Avec une stabilisation vid\u00e9o HyperSmooth 6.0 prim\u00e9e et un syst\u00e8me de fixation innovant, la HERO13 Black se positionne comme la cam\u00e9ra incontournable pour les cr\u00e9ateurs en qu\u00eate de polyvalence et de performance. <\/p>\n<\/p>\n<h3> <img decoding=\"async\" ,=\"\" alt=\"Cam\u00e9ra sport GOPRO HERO13 Black\" class=\"wy_tableau_right\" height=\"270\" src=\"https:\/\/boulanger.scene7.com\/is\/image\/Boulanger\/0810116381616_h_f_l_1?wid=400&amp;hei=270\" width=\"400\"\/>Autonomie et Connectivit\u00e9 Avanc\u00e9es <\/h3>\n<p> La nouvelle batterie Enduro de la GOPRO HERO13 Black assure une dur\u00e9e d&rsquo;enregistrement prolong\u00e9e, r\u00e9sistante aux conditions extr\u00eames, de la canicule au froid glacial. La connectivit\u00e9 est \u00e9galement au c\u0153ur de l&rsquo;exp\u00e9rience avec des transferts de contenu acc\u00e9l\u00e9r\u00e9s via Wi-Fi 6 et la possibilit\u00e9 de transfert automatique dans le cloud2 pour une gestion simplifi\u00e9e de vos fichiers. La cam\u00e9ra offre une multitude d&rsquo;options d&rsquo;alimentation et de fixation pour s&rsquo;adapter \u00e0 toutes les situations. Enfin, la fonctionnalit\u00e9 de contr\u00f4le vocal et les \u00e9crans LCD avant et arri\u00e8re facilitent la capture d&rsquo;images en toute circonstance, rendant la HERO13 Black aussi intuitive qu&rsquo;efficace. <\/p>\n<\/p><\/div>\n<\/p>\n<\/div>\n<p><bl-button a11yexpanded=\"false\" arialabel=\"Afficher toute la description\" class=\"read-more__btn\" full=\"false\" link=\"true\"><\/bl-button><\/div>","protected":false},"excerpt":{"rendered":"<div class=\"keypoints\">\n<h3 class=\"keypoints__title\">Les points cl\u00e9s<\/h3>\n<ul role=\"list\">\n<li class=\"keypoints__item\" role=\"listitem\">                          Ultra HD (5,3K) &#8211;                                                      Jusqu&rsquo;\u00e0 10 m                      <\/li>\n<li class=\"keypoints__item\" role=\"listitem\">                          WiFi &#8211;                                        Bluetooth &#8211;                                                      GPS : Distance, vitesse et parcours                      <\/li>\n<li class=\"keypoints__item keypoints__item--advantage\" role=\"listitem\"><strong>Le + :<\/strong> Son traceur GPS ainsi que sa compatibilit\u00e9 Wifi 6 !      <\/li>\n<\/ul>","protected":false},"featured_media":89162,"template":"","meta":{"_glsr_average":0,"_glsr_ranking":0,"_glsr_reviews":0},"product_cat":[488],"product_tag":[39,489,451],"class_list":{"0":"post-89163","1":"product","2":"type-product","3":"status-publish","4":"has-post-thumbnail","6":"product_cat-camera-sport","7":"product_tag-camera","8":"product_tag-camera-sport","9":"product_tag-tv-image-son","11":"first","12":"instock","13":"sale","14":"shipping-taxable","15":"purchasable","16":"product-type-simple"},"_links":{"self":[{"href":"https:\/\/electromenagerexpress.com\/en\/wp-json\/wp\/v2\/product\/89163","targetHints":{"allow":["GET"]}}],"collection":[{"href":"https:\/\/electromenagerexpress.com\/en\/wp-json\/wp\/v2\/product"}],"about":[{"href":"https:\/\/electromenagerexpress.com\/en\/wp-json\/wp\/v2\/types\/product"}],"wp:featuredmedia":[{"embeddable":true,"href":"https:\/\/electromenagerexpress.com\/en\/wp-json\/wp\/v2\/media\/89162"}],"wp:attachment":[{"href":"https:\/\/electromenagerexpress.com\/en\/wp-json\/wp\/v2\/media?parent=89163"}],"wp:term":[{"taxonomy":"product_cat","embeddable":true,"href":"https:\/\/electromenagerexpress.com\/en\/wp-json\/wp\/v2\/product_cat?post=89163"},{"taxonomy":"product_tag","embeddable":true,"href":"https:\/\/electromenagerexpress.com\/en\/wp-json\/wp\/v2\/product_tag?post=89163"}],"curies":[{"name":"wp","href":"https:\/\/api.w.org\/{rel}","templated":true}]}}