{"id":89158,"date":"2024-11-24T17:23:11","date_gmt":"2024-11-24T17:23:11","guid":{"rendered":"https:\/\/electromenagerexpress.com\/product\/camera-sportgoprohero13-black-creator-edition\/"},"modified":"2024-11-24T17:23:14","modified_gmt":"2024-11-24T17:23:14","slug":"camera-sportgoprohero13-black-creator-edition","status":"publish","type":"product","link":"https:\/\/electromenagerexpress.com\/en\/product\/camera-sportgoprohero13-black-creator-edition\/","title":{"rendered":"Cam\u00e9ra sport\t\t\t\t\t\t\tGOPRO\t\t\t\tHERO13 Black Creator Edition"},"content":{"rendered":"<div class=\"product-features__content\">\n<ul role=\"list\">\n<li class=\"product-features__item\" role=\"listitem\">\n<h3 class=\"product-features__label\">Vid\u00e9o<\/h3>\n<ul role=\"list\">\n<li class=\"product-features__item-list__item\" role=\"listitem\"><span class=\"is--medium\">Qualit\u00e9 d&rsquo;enregistrement :<\/span> Ultra HD (5,3K)\t\t\t\t\t<\/li>\n<\/ul>\n<\/li>\n<li class=\"product-features__item\" role=\"listitem\">\n<h3 class=\"product-features__label\">Optique<\/h3>\n<ul role=\"list\">\n<li class=\"product-features__item-list__item\" role=\"listitem\"><span class=\"is--medium\">Zoom optique :<\/span> Non\t\t\t\t\t<\/li>\n<li class=\"product-features__item-list__item\" role=\"listitem\"><span class=\"is--medium\">Zoom num\u00e9rique :<\/span> x2\t\t\t\t\t<\/li>\n<\/ul>\n<\/li>\n<li class=\"product-features__item\" role=\"listitem\">\n<h3 class=\"product-features__label\">Connexions et applications<\/h3>\n<ul role=\"list\">\n<li class=\"product-features__item-list__item\" role=\"listitem\"><span class=\"is--medium\">WiFi :<\/span> Oui\t\t\t\t\t<\/li>\n<li class=\"product-features__item-list__item\" role=\"listitem\"><span class=\"is--medium\">Bluetooth :<\/span> Oui\t\t\t\t\t<\/li>\n<li class=\"product-features__item-list__item\" role=\"listitem\"><span class=\"is--medium\">Transfert simplifi\u00e9 sur Internet :<\/span> Oui\t\t\t\t\t<\/li>\n<li class=\"product-features__item-list__item\" role=\"listitem\"><span class=\"is--medium\">Transfert sur smartphone :<\/span> Oui\t\t\t\t\t<\/li>\n<li class=\"product-features__item-list__item\" role=\"listitem\"><span class=\"is--medium\">Contr\u00f4le \u00e0 distance via smartphone :<\/span> Oui\t\t\t\t\t<\/li>\n<li class=\"product-features__item-list__item\" role=\"listitem\"><span class=\"is--medium\">Diffusion en direct :<\/span> Oui\t\t\t\t\t<\/li>\n<\/ul>\n<\/li>\n<li class=\"product-features__item\" role=\"listitem\">\n<h3 class=\"product-features__label\">Photo<\/h3>\n<ul role=\"list\">\n<li class=\"product-features__item-list__item\" role=\"listitem\"><span class=\"is--medium\">R\u00e9solution du capteur :<\/span> 27,0 Mpx\t\t\t\t\t<\/li>\n<\/ul>\n<\/li>\n<li class=\"product-features__item\" role=\"listitem\">\n<h3 class=\"product-features__label\">Affichage<\/h3>\n<ul role=\"list\">\n<li class=\"product-features__item-list__item\" role=\"listitem\"><span class=\"is--medium\">Ecran :<\/span> 1 avant\u00a0+\u00a01 arri\u00e8re\t\t\t\t\t<\/li>\n<\/ul>\n<\/li>\n<li class=\"product-features__item\" role=\"listitem\">\n<h3 class=\"product-features__label\">Fonctions sp\u00e9ciales<\/h3>\n<ul role=\"list\">\n<li class=\"product-features__item-list__item\" role=\"listitem\"><span class=\"is--medium\">Commande vocale :<\/span> Oui\t\t\t\t\t<\/li>\n<li class=\"product-features__item-list__item\" role=\"listitem\"><span class=\"is--medium\">LiveBurst :<\/span> Oui\t\t\t\t\t<\/li>\n<li class=\"product-features__item-list__item\" role=\"listitem\"><span class=\"is--medium\">Slow Motion :<\/span> Oui\t\t\t\t\t<\/li>\n<li class=\"product-features__item-list__item\" role=\"listitem\"><span class=\"is--medium\">SuperPhoto :<\/span> Avec HDR am\u00e9lior\u00e9\t\t\t\t\t<\/li>\n<li class=\"product-features__item-list__item\" role=\"listitem\"><span class=\"is--medium\">TimeWarp :<\/span> TimeWarp 3.0\t\t\t\t\t<\/li>\n<li class=\"product-features__item-list__item\" role=\"listitem\"><span class=\"is--medium\">HyperSmooth :<\/span> HyperSmooth 5.0\t\t\t\t\t<\/li>\n<li class=\"product-features__item-list__item\" role=\"listitem\"><span class=\"is--medium\">Etanche :<\/span> Jusqu&rsquo;\u00e0 10 m\t\t\t\t\t<\/li>\n<li class=\"product-features__item-list__item\" role=\"listitem\"><span class=\"is--medium\">Vid\u00e9o acc\u00e9l\u00e9r\u00e9e (Time Lapse) :<\/span> Oui\t\t\t\t\t<\/li>\n<li class=\"product-features__item-list__item\" role=\"listitem\"><span class=\"is--medium\">Retardateur :<\/span> Oui\t\t\t\t\t<\/li>\n<li class=\"product-features__item-list__item\" role=\"listitem\"><span class=\"is--medium\">Anti-choc :<\/span> Oui\t\t\t\t\t<\/li>\n<\/ul>\n<\/li>\n<li class=\"product-features__item\" role=\"listitem\">\n<h3 class=\"product-features__label\">Alimentation<\/h3>\n<ul role=\"list\">\n<li class=\"product-features__item-list__item\" role=\"listitem\"><span class=\"is--medium\">Type de batterie :<\/span> Lithium-ion technologie Enduro am\u00e9lior\u00e9e\t\t\t\t\t<\/li>\n<\/ul>\n<\/li>\n<li class=\"product-features__item\" role=\"listitem\">\n<h3 class=\"product-features__label\">Informations compl\u00e9mentaires<\/h3>\n<ul role=\"list\">\n<li class=\"product-features__item-list__item\" role=\"listitem\"><span class=\"is--medium\">Fabriqu\u00e9 en :<\/span> Chine\t\t\t\t\t<\/li>\n<li class=\"product-features__item-list__item\" role=\"listitem\"><span class=\"is--medium\">Garantie :<\/span> 2 ans\t\t\t\t\t<\/li>\n<li class=\"product-features__item-list__item\" role=\"listitem\"><span class=\"is--medium\">Disponibilit\u00e9 des pi\u00e8ces d\u00e9tach\u00e9es (donn\u00e9es fournisseur) :<\/span> Pas de pi\u00e8ce disponible\t\t\t\t\t<\/li>\n<\/ul>\n<\/li>\n<li class=\"product-features__item\" role=\"listitem\">\n<h3 class=\"product-features__label\">Dimensions<\/h3>\n<ul role=\"list\">\n<li class=\"product-features__item-list__item\" role=\"listitem\"><span class=\"is--medium\">Dimensions l x h x p :<\/span> 5.66 x 5.08 x 3.36 cm\t\t\t\t\t<\/li>\n<li class=\"product-features__item-list__item\" role=\"listitem\"><span class=\"is--medium\">Poids sans accessoires :<\/span> 1,23 kg\t\t\t\t\t<\/li>\n<\/ul>\n<\/li>\n<\/ul>\n<\/div>\n<div class=\"product__disclosure-content\">\n<div class=\"js-read-more product-description__content read-more read-more--truncated\" data-read-more-name=\"description\" style=\"max-height: 500px; overflow: hidden;\">\n<div class=\"product__description-content read-more\" style=\"\">\n<p>GOPRO HERO13 Black Creator Edition : La R\u00e9f\u00e9rence des Cam\u00e9ras Sportives<\/p>\n<h3> <img fetchpriority=\"high\" decoding=\"async\" ,=\"\" alt=\"Cam\u00e9ra sport GOPRO HERO13 Black Creator Edition\" class=\"wy_tableau_gauche\" height=\"270\" src=\"https:\/\/boulanger.scene7.com\/is\/image\/Boulanger\/0810116381661_h_f_l_0?wid=400&amp;hei=270\" width=\"400\"\/>Qualit\u00e9 d&rsquo;image et polyvalence exceptionnelles <\/h3>\n<p> La GOPRO HERO13 Black Creator Edition red\u00e9finit les standards de la capture vid\u00e9o et photographique en milieu sportif et d&rsquo;aventure. Avec une r\u00e9solution vid\u00e9o 5.3K60 et une capacit\u00e9 d&rsquo;enregistrement de plus de 5 heures en 4K, cette cam\u00e9ra sportive offre une qualit\u00e9 d&rsquo;image professionnelle, sublim\u00e9e par le HDR et la technologie HyperSmooth 6.0, r\u00e9compens\u00e9e aux Emmy Awards. Les cr\u00e9ateurs de contenu appr\u00e9cieront la possibilit\u00e9 d&rsquo;ajouter un micro externe pour une qualit\u00e9 audio optimale, ainsi que l&rsquo;\u00e9clairage LED puissant pour des prises de vue impeccables dans toutes les conditions. La compatibilit\u00e9 avec les objectifs HB-Series ouvre un champ de possibilit\u00e9s cr\u00e9atives, de l&rsquo;ultra-grand-angle aux effets de flou cin\u00e9tique, pour des images plus rapproch\u00e9es et des s\u00e9quences anamorphiques de qualit\u00e9 professionnelle. <\/p>\n<\/p>\n<h3> <img decoding=\"async\" ,=\"\" alt=\"Cam\u00e9ra sport GOPRO HERO13 Black Creator Edition\" class=\"wy_tableau_right\" height=\"270\" src=\"https:\/\/boulanger.scene7.com\/is\/image\/Boulanger\/0810116381661_h_f_l_1?wid=400&amp;hei=270\" width=\"400\"\/>Conception tout-en-un pour une exp\u00e9rience utilisateur optimis\u00e9e <\/h3>\n<p> La GOPRO HERO13 Black Creator Edition est con\u00e7ue pour simplifier la vie des vid\u00e9astes. Le syst\u00e8me tout-en-un inclut des tiges articul\u00e9es, des filetages de fixation 1\/4-20 et une compatibilit\u00e9 avec les fixations \u00e0 verrouillage magn\u00e9tique, offrant une flexibilit\u00e9 maximale lors des tournages. La poign\u00e9e d&rsquo;alimentation Volta sert de tr\u00e9pied et de t\u00e9l\u00e9commande Bluetooth, augmentant l&rsquo;autonomie pour des sessions prolong\u00e9es. \u00c9tanche jusqu&rsquo;\u00e0 10 m\u00e8tres, la cam\u00e9ra permet des prises de vue sous-marines \u00e9poustouflantes. Avec la d\u00e9tection automatique du module d&rsquo;objectif, la vid\u00e9o HDR HLG, et des fonctionnalit\u00e9s comme TimeWarp 3.0, la GOPRO HERO13 Black Creator Edition est l&rsquo;outil id\u00e9al pour capturer et partager vos aventures avec une facilit\u00e9 et une qualit\u00e9 in\u00e9gal\u00e9es. <\/p>\n<\/p><\/div>\n<\/p>\n<\/div>\n<p><bl-button a11yexpanded=\"false\" arialabel=\"Afficher toute la description\" class=\"read-more__btn\" full=\"false\" link=\"true\"><\/bl-button><\/div>","protected":false},"excerpt":{"rendered":"<div class=\"keypoints\">\n<h3 class=\"keypoints__title\">Les points cl\u00e9s<\/h3>\n<ul role=\"list\">\n<li class=\"keypoints__item\" role=\"listitem\">                          Ultra HD (5,3K) &#8211;                                                      Jusqu&rsquo;\u00e0 10 m                      <\/li>\n<li class=\"keypoints__item\" role=\"listitem\">                          WiFi &#8211;                                                      Bluetooth                      <\/li>\n<li class=\"keypoints__item keypoints__item--advantage\" role=\"listitem\"><strong>Le + :<\/strong> Cr\u00e9er n&rsquo;a jamais \u00e9t\u00e9 aussi simple, avec son stabilisation automatique et son slowmotion !      <\/li>\n<\/ul>","protected":false},"featured_media":89157,"template":"","meta":{"_glsr_average":0,"_glsr_ranking":0,"_glsr_reviews":0},"product_cat":[488],"product_tag":[39,489,451],"class_list":{"0":"post-89158","1":"product","2":"type-product","3":"status-publish","4":"has-post-thumbnail","6":"product_cat-camera-sport","7":"product_tag-camera","8":"product_tag-camera-sport","9":"product_tag-tv-image-son","11":"first","12":"instock","13":"sale","14":"shipping-taxable","15":"purchasable","16":"product-type-simple"},"_links":{"self":[{"href":"https:\/\/electromenagerexpress.com\/en\/wp-json\/wp\/v2\/product\/89158","targetHints":{"allow":["GET"]}}],"collection":[{"href":"https:\/\/electromenagerexpress.com\/en\/wp-json\/wp\/v2\/product"}],"about":[{"href":"https:\/\/electromenagerexpress.com\/en\/wp-json\/wp\/v2\/types\/product"}],"wp:featuredmedia":[{"embeddable":true,"href":"https:\/\/electromenagerexpress.com\/en\/wp-json\/wp\/v2\/media\/89157"}],"wp:attachment":[{"href":"https:\/\/electromenagerexpress.com\/en\/wp-json\/wp\/v2\/media?parent=89158"}],"wp:term":[{"taxonomy":"product_cat","embeddable":true,"href":"https:\/\/electromenagerexpress.com\/en\/wp-json\/wp\/v2\/product_cat?post=89158"},{"taxonomy":"product_tag","embeddable":true,"href":"https:\/\/electromenagerexpress.com\/en\/wp-json\/wp\/v2\/product_tag?post=89158"}],"curies":[{"name":"wp","href":"https:\/\/api.w.org\/{rel}","templated":true}]}}