{"id":89138,"date":"2024-11-24T17:22:51","date_gmt":"2024-11-24T17:22:51","guid":{"rendered":"https:\/\/electromenagerexpress.com\/product\/appareil-photo-reflexcanoneos-650d-ef-s-18-55mm-is-ii-reconditionne\/"},"modified":"2024-11-24T17:23:05","modified_gmt":"2024-11-24T17:23:05","slug":"appareil-photo-reflexcanoneos-650d-ef-s-18-55mm-is-ii-reconditionne","status":"publish","type":"product","link":"https:\/\/electromenagerexpress.com\/en\/product\/appareil-photo-reflexcanoneos-650d-ef-s-18-55mm-is-ii-reconditionne\/","title":{"rendered":"Appareil photo Reflex\t\t\t\t\t\t\tCANON\t\t\t\tEOS 650D + EF-S 18-55mm IS II Reconditionn\u00e9"},"content":{"rendered":"<div class=\"product-features__content\">\n<ul role=\"list\">\n<li class=\"product-features__item\" role=\"listitem\">\n<h3 class=\"product-features__label\">Qualit\u00e9 photo et vid\u00e9o<\/h3>\n<ul role=\"list\">\n<li class=\"product-features__item-list__item\" role=\"listitem\"><span class=\"is--medium\">R\u00e9solution (en m\u00e9gapixels) :<\/span> 18,0 Mpx\t\t\t\t\t<\/li>\n<li class=\"product-features__item-list__item\" role=\"listitem\"><span class=\"is--medium\">Comprendre la r\u00e9solution :<\/span> Plus ce chiffre sera \u00e9lev\u00e9, plus il sera possible d&rsquo;imprimer vos images en grand format comme des posters, ou encore effectuer des recadrages de qualit\u00e9 sur des logiciels de retouche photo.\t\t\t\t\t<\/li>\n<\/ul>\n<\/li>\n<li class=\"product-features__item\" role=\"listitem\">\n<h3 class=\"product-features__label\">Objectif<\/h3>\n<ul role=\"list\">\n<li class=\"product-features__item-list__item\" role=\"listitem\"><span class=\"is--medium\">Vitesse d&rsquo;obturation :<\/span> 1\/4000 \u00e0 30 s\t\t\t\t\t<\/li>\n<li class=\"product-features__item-list__item\" role=\"listitem\"><span class=\"is--medium\">Comprendre la vitesse d&rsquo;obturation :<\/span> La vitesse d&rsquo;obturation, est le temps pendant lequel l&rsquo;obturateur s&rsquo;ouvre au d\u00e9clenchement. Si la vitesse est r\u00e9gl\u00e9e sur une valeur rapide, (jusqu&rsquo;\u00e0 1\/8000 sec) l&rsquo;image sera nette, au contraire si la vitesse est r\u00e9gl\u00e9e sur une valeur lente (jusqu&rsquo;\u00e0 30 sec) l&rsquo;image aura un effet artistique.\t\t\t\t\t<\/li>\n<\/ul>\n<\/li>\n<li class=\"product-features__item\" role=\"listitem\">\n<h3 class=\"product-features__label\">Dimensions<\/h3>\n<ul role=\"list\">\n<li class=\"product-features__item-list__item\" role=\"listitem\"><span class=\"is--medium\">Dimensions l x h x p :<\/span> 13.31 x 9.98 x 7.88 cm\t\t\t\t\t<\/li>\n<\/ul>\n<\/li>\n<li class=\"product-features__item\" role=\"listitem\">\n<h3 class=\"product-features__label\">Informations compl\u00e9mentaires<\/h3>\n<ul role=\"list\">\n<li class=\"product-features__item-list__item\" role=\"listitem\"><span class=\"is--medium\">R\u00e9f\u00e9rence constructeur :<\/span> EOS 650D + EF-S 18-55mm IS II\t\t\t\t\t<\/li>\n<li class=\"product-features__item-list__item\" role=\"listitem\"><span class=\"is--medium\">Marque :<\/span> CANON\t\t\t\t\t<\/li>\n<\/ul>\n<\/li>\n<\/ul>\n<\/div>\n<div class=\"product__disclosure-content\">\n<div class=\"js-read-more product-description__content read-more read-more--truncated\" data-read-more-name=\"description\" style=\"max-height: 500px; overflow: hidden;\">\n<h2><center>Appareil photo Reflex Canon EOS 650D + EF-S 18-55mm IS<\/center><\/h2>\n<h3><font color=\"212121\">Appareil photo Reflex Canon EOS 650D : ergonomique et intuitif<\/font><\/h3>\n<p><font color=\"414141\">S&rsquo;initier \u00e0 l&rsquo;utilisation d&rsquo;un reflex et \u00e0 la photographie n&rsquo;a jamais \u00e9t\u00e9 aussi simple et intuitif. Et pour cause : si l&rsquo;<b>appareil photo reflex Canon EOS 650D<\/b> est un <b>appareil photo reflex<\/b> complet et abouti, il propose par ailleurs une exp\u00e9rience photo particuli\u00e8rement ergonomique. Son \u00e9cran LCD tactile de 3 pouces, soit 7,7 cm y contribue grandement. Il permet ainsi de prendre des photos et de faire la mise au point d&rsquo;un simple mouvement du doigt ! Par ailleurs, cet \u00e9cran n&rsquo;est pas fixe mais orientable, et pivote \u00e0 270 degr\u00e9s ! Il vous sera alors possible d&rsquo;utiliser confortablement votre <b>appareil photo reflex Canon EOS 650D<\/b> peu importe la position. \u00a0\u00bb Ob\u00e9ir au doigt et \u00e0 l&rsquo;oeil \u00a0\u00bb prend tout son sens ! De plus, pour davantage de confort, Canon a \u00e9quip\u00e9 cet <b>appareil photo num\u00e9rique<\/b> de sa technologie de sc\u00e8ne intelligente. L&rsquo;appareil photo analyse ainsi les sc\u00e8nes et d\u00e9termine les r\u00e9glages les plus adapt\u00e9s !<\/font><\/p>\n<h3><font color=\"212121\">Appareil photo reflex Canon EOS 650D : des photos r\u00e9ussies en toutes circonstances<\/font><\/h3>\n<p><font color=\"414141\">Avec l&rsquo;<b>appareil photo reflex Canon EOS 650D<\/b>, vous n&rsquo;aurez plus d&rsquo;excuse pour rater vos photographies ! M\u00eame \u00e0 main lev\u00e9e, et en basse lumi\u00e8re, vous pourrez r\u00e9aliser des prises de vues sans flash gr\u00e2ce \u00e0 sa plage de sensibilit\u00e9 ISO de 100-12.800. Et si la sc\u00e8ne est vraiment trop sombre, cet <b>appareil photo reflex Canon EOS 650D<\/b> vous donne la possibilit\u00e9 d&rsquo;utiliser le mode Nuit \u00e0 main lev\u00e9e. Ce dernier capture plusieurs images en utilisant des vitesses d&rsquo;obturation \u00e9lev\u00e9es et les fusionne de mani\u00e8re \u00e0 cr\u00e9er une image sans flous ! Dans le m\u00eame esprit, l&rsquo;option r\u00e9tro\u00e9clairage HDR de cet <b>appareil photo num\u00e9rique<\/b> combine trois expositions diff\u00e9rentes pour offrir un haut niveau de d\u00e9tails et d&rsquo;ombres. A cela s&rsquo;ajoute le syst\u00e8me de mise au point automatique ainsi que le mode rafale de 5 images par seconde&#8230; Tout est r\u00e9uni pour vous permettre de prendre des clich\u00e9s uniques !\/font&gt;<\/font><\/p>\n<\/p>\n<p><font color=\"414141\"><\/font><\/div>\n<p><font color=\"414141\"><\/font><bl-button a11yexpanded=\"false\" arialabel=\"Afficher toute la description\" class=\"read-more__btn\" full=\"false\" link=\"true\"><\/bl-button><\/div>","protected":false},"excerpt":{"rendered":"<div class=\"keypoints\">\n<h3 class=\"keypoints__title\">Les points cl\u00e9s<\/h3>\n<ul role=\"list\">\n<li class=\"keypoints__item\" role=\"listitem\">                                        Vitesse d&rsquo;obturation : 1\/4000 \u00e0 30 s                      <\/li>\n<li class=\"keypoints__item\" role=\"listitem\">                                        Connectivit\u00e9 : Pictbridge                      <\/li>\n<\/ul>","protected":false},"featured_media":89137,"template":"","meta":{"_glsr_average":0,"_glsr_ranking":0,"_glsr_reviews":0},"product_cat":[477],"product_tag":[475,478,451],"class_list":{"0":"post-89138","1":"product","2":"type-product","3":"status-publish","4":"has-post-thumbnail","6":"product_cat-reflex","7":"product_tag-appareil-photo","8":"product_tag-reflex","9":"product_tag-tv-image-son","11":"first","12":"instock","13":"sale","14":"shipping-taxable","15":"purchasable","16":"product-type-simple"},"_links":{"self":[{"href":"https:\/\/electromenagerexpress.com\/en\/wp-json\/wp\/v2\/product\/89138","targetHints":{"allow":["GET"]}}],"collection":[{"href":"https:\/\/electromenagerexpress.com\/en\/wp-json\/wp\/v2\/product"}],"about":[{"href":"https:\/\/electromenagerexpress.com\/en\/wp-json\/wp\/v2\/types\/product"}],"wp:featuredmedia":[{"embeddable":true,"href":"https:\/\/electromenagerexpress.com\/en\/wp-json\/wp\/v2\/media\/89137"}],"wp:attachment":[{"href":"https:\/\/electromenagerexpress.com\/en\/wp-json\/wp\/v2\/media?parent=89138"}],"wp:term":[{"taxonomy":"product_cat","embeddable":true,"href":"https:\/\/electromenagerexpress.com\/en\/wp-json\/wp\/v2\/product_cat?post=89138"},{"taxonomy":"product_tag","embeddable":true,"href":"https:\/\/electromenagerexpress.com\/en\/wp-json\/wp\/v2\/product_tag?post=89138"}],"curies":[{"name":"wp","href":"https:\/\/api.w.org\/{rel}","templated":true}]}}