{"id":89094,"date":"2024-11-24T17:22:07","date_gmt":"2024-11-24T17:22:07","guid":{"rendered":"https:\/\/electromenagerexpress.com\/product\/appareil-photo-bridgepanasonicdmc-fz72-reconditionne\/"},"modified":"2024-11-24T17:22:22","modified_gmt":"2024-11-24T17:22:22","slug":"appareil-photo-bridgepanasonicdmc-fz72-reconditionne","status":"publish","type":"product","link":"https:\/\/electromenagerexpress.com\/en\/product\/appareil-photo-bridgepanasonicdmc-fz72-reconditionne\/","title":{"rendered":"Appareil photo Bridge\t\t\t\t\t\t\tPANASONIC\t\t\t\tDMC-FZ72 Reconditionn\u00e9"},"content":{"rendered":"<div class=\"product-features__content\">\n<ul role=\"list\">\n<li class=\"product-features__item\" role=\"listitem\">\n<h3 class=\"product-features__label\">Dimensions<\/h3>\n<ul role=\"list\">\n<li class=\"product-features__item-list__item\" role=\"listitem\"><span class=\"is--medium\">Dimensions l x h x p :<\/span> NC x 9.7 x 11.82 cm\t\t\t\t\t<\/li>\n<\/ul>\n<\/li>\n<li class=\"product-features__item\" role=\"listitem\">\n<h3 class=\"product-features__label\">Informations compl\u00e9mentaires<\/h3>\n<ul role=\"list\">\n<li class=\"product-features__item-list__item\" role=\"listitem\"><span class=\"is--medium\">R\u00e9f\u00e9rence constructeur :<\/span> DMC-FZ72\t\t\t\t\t<\/li>\n<li class=\"product-features__item-list__item\" role=\"listitem\"><span class=\"is--medium\">Marque :<\/span> PANASONIC\t\t\t\t\t<\/li>\n<\/ul>\n<\/li>\n<\/ul>\n<\/div>\n<div class=\"product__disclosure-content\">\n<div class=\"js-read-more product-description__content read-more read-more--truncated\" data-read-more-name=\"description\" style=\"max-height: 500px; overflow: hidden;\">\n<h2><center><u>Appareil photo num\u00e9rique bridge Panasonic DMC-FZ72<\/u><\/center><\/h2>\n<h3><font color=\"#60aeb8\"><\/p>\n<p style=\"font-size:large\">Une qualit\u00e9 d&rsquo;image incomparable<\/p>\n<p><\/font><\/h3>\n<p ,=\"\" align=\"justify\" style=\"font-size:medium\"><font color=\"444444\">L&rsquo;appareil photo num\u00e9rique Panasonic DMC-FZ72 se dote d&rsquo;un <b>capteur de 16.1 Mpix Haute Sensibilit\u00e9<\/b> qui, coupl\u00e9 au processeur Venus, donne une r\u00e9activit\u00e9 et une sensibilit\u00e9 exceptionnelles \u00e0 l&rsquo;appareil. Son ultra grand-angle de 80 mm, son zoom optique 60X et son t\u00e9l\u00e9objectif de 1200 mm (24X36 mm) permettent de prendre des photos de paysages \u00e0 couper le souffle. Et pour les photos instantan\u00e9es, son <b>syst\u00e8me d&rsquo;allumage en moins d&rsquo;une seconde<\/b> permet une prise de photo rapide. Le transfert d&rsquo;image se fait \u00e0 tr\u00e8s grande vitesse, \u00e0 raison de 9 im\/s sans autofocus et 5 im\/s avec. Les 6 lentilles asph\u00e9riques et les 3 lentilles en verres permettent des photos toujours claires, m\u00eame en plein soleil. L&rsquo;\u00e9cran LCD fixe de 7.5 cm et 460 Kpts permet d&rsquo;acc\u00e9der facilement aux diff\u00e9rents menus et de bien afficher les images. Le viseur \u00e9lectronique de 0.5 cm offre une vis\u00e9e optimale du champ, \u00e0 100 %.<\/font><\/p>\n<h3><font color=\"#60aeb8\"><\/p>\n<p style=\"font-size:large\">Un appareil photo qui ne craint pas les vid\u00e9os<\/p>\n<p><\/font><\/h3>\n<p ,=\"\" align=\"justify\" style=\"font-size:medium\"><font color=\"444444\">Le DMC-FZ72 enregistre les vid\u00e9os en Full HD gr\u00e2ce au <b>capteur Cmos r\u00e9tro\u00e9clair\u00e9<\/b>. Le syst\u00e8me <b>stabilisation active mode<\/b> haute performance est le garant d&rsquo;une vid\u00e9o qui ne tremble pas, m\u00eame en marchant. En effet, il att\u00e9nue les petits mouvements involontaires de la main. De plus, le micro st\u00e9r\u00e9o du DMC-FZ72  limite consid\u00e9rablement les parasites dus aux bruits ext\u00e9rieurs et au vent. Le syst\u00e8me d&rsquo;absorption du bruit du vent permet d&rsquo;avoir un son vid\u00e9o au top et tr\u00e8s pr\u00e8s du son original. Avec lui, les petits moments en famille ou les performances des enfants se filment partout et \u00e0 tout moment. De plus, avec ses 15 filtres cr\u00e9atifs et ses 16 modes de sc\u00e8nes, les vid\u00e9os peuvent se retoucher ou encore devenir des portraits ou s&rsquo;orner de d\u00e9cors sympathiques.<\/font><\/p>\n<\/p>\n<\/div>\n<p><bl-button a11yexpanded=\"false\" arialabel=\"Afficher toute la description\" class=\"read-more__btn\" full=\"false\" link=\"true\"><\/bl-button><\/div>","protected":false},"excerpt":{"rendered":"<div class=\"keypoints\">\n<h3 class=\"keypoints__title\">Les points cl\u00e9s<\/h3>\n<ul role=\"list\">\n<li class=\"keypoints__item\" role=\"listitem\">                                        R\u00e9solution vid\u00e9o : Full HD                      <\/li>\n<li class=\"keypoints__item\" role=\"listitem\">                                        Zoom optique : x60                      <\/li>\n<\/ul>","protected":false},"featured_media":89093,"template":"","meta":{"_glsr_average":0,"_glsr_ranking":0,"_glsr_reviews":0},"product_cat":[481],"product_tag":[475,482,451],"class_list":{"0":"post-89094","1":"product","2":"type-product","3":"status-publish","4":"has-post-thumbnail","6":"product_cat-appareil-photo-bridge","7":"product_tag-appareil-photo","8":"product_tag-appareil-photo-bridge","9":"product_tag-tv-image-son","11":"first","12":"instock","13":"shipping-taxable","14":"purchasable","15":"product-type-simple"},"_links":{"self":[{"href":"https:\/\/electromenagerexpress.com\/en\/wp-json\/wp\/v2\/product\/89094","targetHints":{"allow":["GET"]}}],"collection":[{"href":"https:\/\/electromenagerexpress.com\/en\/wp-json\/wp\/v2\/product"}],"about":[{"href":"https:\/\/electromenagerexpress.com\/en\/wp-json\/wp\/v2\/types\/product"}],"wp:featuredmedia":[{"embeddable":true,"href":"https:\/\/electromenagerexpress.com\/en\/wp-json\/wp\/v2\/media\/89093"}],"wp:attachment":[{"href":"https:\/\/electromenagerexpress.com\/en\/wp-json\/wp\/v2\/media?parent=89094"}],"wp:term":[{"taxonomy":"product_cat","embeddable":true,"href":"https:\/\/electromenagerexpress.com\/en\/wp-json\/wp\/v2\/product_cat?post=89094"},{"taxonomy":"product_tag","embeddable":true,"href":"https:\/\/electromenagerexpress.com\/en\/wp-json\/wp\/v2\/product_tag?post=89094"}],"curies":[{"name":"wp","href":"https:\/\/api.w.org\/{rel}","templated":true}]}}