{"id":89004,"date":"2024-11-24T17:20:35","date_gmt":"2024-11-24T17:20:35","guid":{"rendered":"https:\/\/electromenagerexpress.com\/product\/appareil-photo-hybridesonya6600-noir-18-135mm\/"},"modified":"2024-11-24T17:20:55","modified_gmt":"2024-11-24T17:20:55","slug":"appareil-photo-hybridesonya6600-noir-18-135mm","status":"publish","type":"product","link":"https:\/\/electromenagerexpress.com\/en\/product\/appareil-photo-hybridesonya6600-noir-18-135mm\/","title":{"rendered":"Appareil photo Hybride\t\t\t\t\t\t\tSONY\t\t\t\tA6600 Noir + 18-135mm"},"content":{"rendered":"<div class=\"product-features__content\">\n<ul role=\"list\">\n<li class=\"product-features__item\" role=\"listitem\">\n<h3 class=\"product-features__label\">Bien choisir<\/h3>\n<ul role=\"list\">\n<li class=\"product-features__item-list__item\" role=\"listitem\"><span class=\"is--medium\">Besoin d&rsquo;aide pour choisir ? :<\/span> <a href=\"https:\/\/www.boulanger.com\/guide\/choisir-appareil-photo\" target=\"_blank\">consulter le guide d&rsquo;achat<\/a><\/li>\n<\/ul>\n<\/li>\n<li class=\"product-features__item\" role=\"listitem\">\n<h3 class=\"product-features__label\">Nos services et accessoires<\/h3>\n<ul role=\"list\">\n<li class=\"product-features__item-list__item\" role=\"listitem\"><span class=\"is--medium\">D\u00e9couvrez l&rsquo;assurance vol\/casse :<\/span> <a href=\"https:\/\/www.boulanger.com\/evenement\/assurance-produits-nomades\" target=\"_blank\">en sa <\/a><\/li>\n<li class=\"product-features__item-list__item\" role=\"listitem\"><span class=\"is--medium\">D\u00e9couvrez nos protections compatibles :<\/span> <a href=\"https:\/\/www.boulanger.com\/c\/bagagerie-photo\" target=\"_blank\">en sa <\/a><\/li>\n<li class=\"product-features__item-list__item\" role=\"listitem\"><span class=\"is--medium\">D\u00e9couvrez nos objectifs compl\u00e9mentaires :<\/span> <a href=\"https:\/\/www.boulanger.com\/c\/objectif\" target=\"_blank\">en sa <\/a><\/li>\n<\/ul>\n<\/li>\n<li class=\"product-features__item\" role=\"listitem\">\n<h3 class=\"product-features__label\">Qualit\u00e9 photo et vid\u00e9o<\/h3>\n<ul role=\"list\">\n<li class=\"product-features__item-list__item\" role=\"listitem\"><span class=\"is--medium\">Capteur :<\/span> APS-C, permet de donner un rendu de qualit\u00e9 pour un format carte postale ou un agrandissement\t\t\t\t\t<\/li>\n<li class=\"product-features__item-list__item\" role=\"listitem\"><span class=\"is--medium\">Le saviez vous ? :<\/span> plus le capteur est grand, plus l&rsquo;image sera d\u00e9taill\u00e9e\t\t\t\t\t<\/li>\n<li class=\"product-features__item-list__item\" role=\"listitem\"><span class=\"is--medium\">R\u00e9solution (en m\u00e9gapixels) :<\/span> 24,2 Mpx\t\t\t\t\t<\/li>\n<li class=\"product-features__item-list__item\" role=\"listitem\"><span class=\"is--medium\">Comprendre la r\u00e9solution :<\/span> Plus ce chiffre sera \u00e9lev\u00e9, plus il sera possible d&rsquo;imprimer vos images en grand format comme des posters, ou encore effectuer des recadrages de qualit\u00e9 sur des logiciels de retouche photo.\t\t\t\t\t<\/li>\n<li class=\"product-features__item-list__item\" role=\"listitem\"><span class=\"is--medium\">Plage de sensibilit\u00e9 ISO :<\/span> de 50 \u00e0 102400\t\t\t\t\t<\/li>\n<li class=\"product-features__item-list__item\" role=\"listitem\"><span class=\"is--medium\">Comprendre la sensibilit\u00e9 ISO :<\/span> L&rsquo;ISO permet de contr\u00f4ler la lumi\u00e8re atteignant le capteur, de mani\u00e8re \u00e0 rendre la photo plus claire ou plus sombre. Elle fonctionne en automatique ou peut \u00eatre r\u00e9gl\u00e9e manuellement\t\t\t\t\t<\/li>\n<li class=\"product-features__item-list__item\" role=\"listitem\"><span class=\"is--medium\">Qualit\u00e9 de la vid\u00e9o :<\/span> 4K, la d\u00e9finition est 4X sup\u00e9rieure \u00e0 la norme HD, et permet un niveau de d\u00e9tail \u00e9lev\u00e9\t\t\t\t\t<\/li>\n<li class=\"product-features__item-list__item\" role=\"listitem\"><span class=\"is--medium\">Fichier vid\u00e9o :<\/span> MOV (MPEG-4AVC\/H.264)\t\t\t\t\t<\/li>\n<li class=\"product-features__item-list__item\" role=\"listitem\"><span class=\"is--medium\">Fichier de l&rsquo;image :<\/span> JPEG, RAW\t\t\t\t\t<\/li>\n<\/ul>\n<\/li>\n<li class=\"product-features__item\" role=\"listitem\">\n<h3 class=\"product-features__label\">Objectif<\/h3>\n<ul role=\"list\">\n<li class=\"product-features__item-list__item\" role=\"listitem\"><span class=\"is--medium\">Focale :<\/span> 18-135mm\t\t\t\t\t<\/li>\n<li class=\"product-features__item-list__item\" role=\"listitem\"><span class=\"is--medium\">La saviez vous ? :<\/span> Suivant le choix de la focale,l&rsquo;angle de champ peut para\u00eetre plus grand ou plus \u00e9troit. Focale &lt;24 mm grand angle + paysage , focale entre 18 et 85 mm paysage + portrait, focale &gt; 90 mm photo faune et flore, sportive\t\t\t\t\t<\/li>\n<li class=\"product-features__item-list__item\" role=\"listitem\"><span class=\"is--medium\">Ouverture :<\/span> f\/3,5-5,6\t\t\t\t\t<\/li>\n<li class=\"product-features__item-list__item\" role=\"listitem\"><span class=\"is--medium\">Le saviez vous? :<\/span> le f\/ ou F indique l&rsquo;ouverture lumineuse. Plus le nombre est grand, plus l&rsquo;ouverture est petite et adapt\u00e9e \u00e0 des environnements sombres. Plus le nombre est petit plus l&rsquo;ouverture est adapt\u00e9e \u00e0 des environnement lumineux\t\t\t\t\t<\/li>\n<li class=\"product-features__item-list__item\" role=\"listitem\"><span class=\"is--medium\">Vitesse d&rsquo;obturation :<\/span> 1\/4000 \u00e0 30 s\t\t\t\t\t<\/li>\n<li class=\"product-features__item-list__item\" role=\"listitem\"><span class=\"is--medium\">Comprendre la vitesse d&rsquo;obturation :<\/span> La vitesse d&rsquo;obturation, est le temps pendant lequel l&rsquo;obturateur s&rsquo;ouvre au d\u00e9clenchement. Si la vitesse est r\u00e9gl\u00e9e sur une valeur rapide, (jusqu&rsquo;\u00e0 1\/8000 sec) l&rsquo;image sera nette, au contraire si la vitesse est r\u00e9gl\u00e9e sur une valeur lente (jusqu&rsquo;\u00e0 30 sec) l&rsquo;image aura un effet artistique.\t\t\t\t\t<\/li>\n<li class=\"product-features__item-list__item\" role=\"listitem\"><span class=\"is--medium\">Objectif stabilis\u00e9 :<\/span> oui, permet d&rsquo;obtenir des photos plus nettes en r\u00e9duisant les effets de mouvements de l&rsquo;appareil photo lors de la prise de vue.\t\t\t\t\t<\/li>\n<li class=\"product-features__item-list__item\" role=\"listitem\"><span class=\"is--medium\">Objectif tropicalis\u00e9 :<\/span> Non\t\t\t\t\t<\/li>\n<li class=\"product-features__item-list__item\" role=\"listitem\"><span class=\"is--medium\">Mode rafale :<\/span> 11 images\/s\t\t\t\t\t<\/li>\n<li class=\"product-features__item-list__item\" role=\"listitem\"><span class=\"is--medium\">Diam\u00e8tre du filtre :<\/span> 55 mm\t\t\t\t\t<\/li>\n<li class=\"product-features__item-list__item\" role=\"listitem\"><span class=\"is--medium\">Distance minimale de mise au point :<\/span> 45 cm\t\t\t\t\t<\/li>\n<li class=\"product-features__item-list__item\" role=\"listitem\"><span class=\"is--medium\">Objectif stabilis\u00e9 :<\/span> Oui\t\t\t\t\t<\/li>\n<li class=\"product-features__item-list__item\" role=\"listitem\"><span class=\"is--medium\">Objectif tropicalis\u00e9 :<\/span> Non\t\t\t\t\t<\/li>\n<li class=\"product-features__item-list__item\" role=\"listitem\"><span class=\"is--medium\">Distance minimale de mise au point :<\/span> 45 cm\t\t\t\t\t<\/li>\n<li class=\"product-features__item-list__item\" role=\"listitem\"><span class=\"is--medium\">Diam\u00e8tre du filtre :<\/span> 55 mm\t\t\t\t\t<\/li>\n<\/ul>\n<\/li>\n<li class=\"product-features__item\" role=\"listitem\">\n<h3 class=\"product-features__label\">Objectif 2<\/h3>\n<ul role=\"list\">\n<li class=\"product-features__item-list__item\" role=\"listitem\"><span class=\"is--medium\">Focale :<\/span> Non concern\u00e9\t\t\t\t\t<\/li>\n<li class=\"product-features__item-list__item\" role=\"listitem\"><span class=\"is--medium\">Ouverture :<\/span> Non concern\u00e9\t\t\t\t\t<\/li>\n<li class=\"product-features__item-list__item\" role=\"listitem\"><span class=\"is--medium\">Vitesse d&rsquo;obturation :<\/span> Non concern\u00e9\t\t\t\t\t<\/li>\n<li class=\"product-features__item-list__item\" role=\"listitem\"><span class=\"is--medium\">Diam\u00e8tre du filtre :<\/span> Non concern\u00e9\t\t\t\t\t<\/li>\n<li class=\"product-features__item-list__item\" role=\"listitem\"><span class=\"is--medium\">Objectif stabilis\u00e9 :<\/span> Non concern\u00e9\t\t\t\t\t<\/li>\n<li class=\"product-features__item-list__item\" role=\"listitem\"><span class=\"is--medium\">Objectif tropicalis\u00e9 :<\/span> Non concern\u00e9\t\t\t\t\t<\/li>\n<\/ul>\n<\/li>\n<li class=\"product-features__item\" role=\"listitem\">\n<h3 class=\"product-features__label\">Boitier<\/h3>\n<ul role=\"list\">\n<li class=\"product-features__item-list__item\" role=\"listitem\"><span class=\"is--medium\">Mode rafale :<\/span> Oui\t\t\t\t\t<\/li>\n<li class=\"product-features__item-list__item\" role=\"listitem\"><span class=\"is--medium\">Tropicalis\u00e9 :<\/span> Oui\t\t\t\t\t<\/li>\n<li class=\"product-features__item-list__item\" role=\"listitem\"><span class=\"is--medium\">Ecran :<\/span> inclinable et tactile\t\t\t\t\t<\/li>\n<li class=\"product-features__item-list__item\" role=\"listitem\"><span class=\"is--medium\">Type de viseur :<\/span> \u00e9lectronique, permet de pr\u00e9visualiser les effets des r\u00e9glages et de visualiser des informations utiles.\t\t\t\t\t<\/li>\n<li class=\"product-features__item-list__item\" role=\"listitem\"><span class=\"is--medium\">Stabilisation :<\/span> Oui\t\t\t\t\t<\/li>\n<li class=\"product-features__item-list__item\" role=\"listitem\"><span class=\"is--medium\">Poids (en grammes) :<\/span> 503\t\t\t\t\t<\/li>\n<\/ul>\n<\/li>\n<li class=\"product-features__item\" role=\"listitem\">\n<h3 class=\"product-features__label\">Dimensions<\/h3>\n<ul role=\"list\">\n<li class=\"product-features__item-list__item\" role=\"listitem\"><span class=\"is--medium\">Dimensions l x h x p :<\/span> 12 x 6.69 x 6.93 cm\t\t\t\t\t<\/li>\n<\/ul>\n<\/li>\n<li class=\"product-features__item\" role=\"listitem\">\n<h3 class=\"product-features__label\">Informations compl\u00e9mentaires<\/h3>\n<ul role=\"list\">\n<li class=\"product-features__item-list__item\" role=\"listitem\"><span class=\"is--medium\">Fabriqu\u00e9 en :<\/span> Chine\t\t\t\t\t<\/li>\n<li class=\"product-features__item-list__item\" role=\"listitem\"><span class=\"is--medium\">Garantie :<\/span> 2 ans\t\t\t\t\t<\/li>\n<li class=\"product-features__item-list__item\" role=\"listitem\"><span class=\"is--medium\">Disponibilit\u00e9 des pi\u00e8ces d\u00e9tach\u00e9es (donn\u00e9es fournisseur) :<\/span> Pas de pi\u00e8ce disponible\t\t\t\t\t<\/li>\n<li class=\"product-features__item-list__item\" role=\"listitem\"><span class=\"is--medium\">R\u00e9f\u00e9rence constructeur :<\/span> A6600 Noir + 18-135mm\t\t\t\t\t<\/li>\n<li class=\"product-features__item-list__item\" role=\"listitem\"><span class=\"is--medium\">Marque :<\/span> SONY\t\t\t\t\t<\/li>\n<\/ul>\n<\/li>\n<\/ul>\n<\/div>\n<div class=\"product__disclosure-content\">\n<div class=\"js-read-more product-description__content read-more read-more--truncated\" data-read-more-name=\"description\" style=\"max-height: 500px; overflow: hidden;\">\n<p>Grand fr\u00e8re de l&rsquo;A6100, le Sony A6600 ne fait aucun compromis avec des caract\u00e9ristiques parmi les plus complets pour un hybride peu encombrant et tr\u00e8s l\u00e9ger. 4K HDR, mise au point temps r\u00e9el, mode rafale, \u00e9cran tactile inclinable, etc. Sony propose un des hybrides les plus polyvalents sur le march\u00e9.<\/p>\n<h3><img fetchpriority=\"high\" decoding=\"async\" ,=\"\" alt=\"APN SONY A6600 Noir Nu\" class=\"wy_tableau_gauche\" height=\"270\" src=\"https:\/\/boulanger.scene7.com\/is\/image\/Boulanger\/4548736108639_h_f_l_0?wid=400&amp;hei=270\" width=\"400\"\/>Un appareil hybride haute performance<\/h3>\n<p>Gr\u00e2ce au <b>processeur BIONZ X<\/b> \u00e9quipant les hybrides haut de gamme de Sony, l&rsquo;Alpha 6600 est l&rsquo;un des hybrides compacts les plus puissants. Son <b>capteur APS-C ultra sensible 102800 ISO de 24,2 megapixels<\/b> offrira de magnifiques images en toutes circonstances. Son <b>bo\u00eetier en alliage de magn\u00e9sium \u00e9tanche<\/b> et tr\u00e8s l\u00e9ger permet d&rsquo;y fixer des objectifs de type E pour une excellente \u00e9volutivit\u00e9.<\/p>\n<p>Le Sony A6600 b\u00e9n\u00e9ficie de capacit\u00e9s de <b>mise au point extr\u00eamement rapide<\/b> que ce soit en photo ou en vid\u00e9o. Avec ses capacit\u00e9s de suivi des sujets ou des yeux des humains et des animaux ainsi que son <b>stabilisateur d&rsquo;image 5 stops sur 5 axes<\/b>, vous ne raterez plus de prise de vue. Son <b>mode rafale \u00e0 11 images\/seconde<\/b> sera fort utile lors des mouvements tr\u00e8s rapides.<\/p>\n<h3><img decoding=\"async\" ,=\"\" alt=\"APN SONY A6600 Noir Nu\" class=\"wy_tableau_right\" height=\"270\" src=\"https:\/\/boulanger.scene7.com\/is\/image\/Boulanger\/4548736108639_h_f_l_3?wid=400&amp;hei=270\" width=\"400\"\/>Un appareil polyvalent qui \u00e9voluera avec vous<\/h3>\n<p>Polyvalent, le Sony A6600 offre des capacit\u00e9s vid\u00e9o tr\u00e8s performants. Capable de tourner jusqu&rsquo;en <b>4K HDR<\/b> avec des profils d&rsquo;images professionnels tels que le S-Log, cet appareil r\u00e9pondra \u00e0 nombre d&rsquo;usages. Les vloggers appr\u00e9cieront son <b>\u00e9cran tactile inclinable \u00e0 180\u00b0<\/b> permettant de bien cadrer quel que soit l&rsquo;angle y compris en mode selfie.<\/p>\n<p>La connectique n&rsquo;a pas \u00e9t\u00e9 oubli\u00e9 par Sony. Le Sony A6600 poss\u00e8de <b>une entr\u00e9e micro et une prise casque<\/b> pour assurer d&rsquo;une audio de qualit\u00e9 professionnelle. Sony a int\u00e9gr\u00e9 une <b>batterie de haute capacit\u00e9<\/b> permettant une impressionnante autonomie en photo comme en vid\u00e9o. Outre l&rsquo;\u00e9cran tactile, l&rsquo;A6600 comprend nombre de <b>boutons personnalisables<\/b> pour vous permettre d&rsquo;acc\u00e9der \u00e0 vos fonctions favorites d&rsquo;une simple pression.<\/p>\n<\/p>\n<p><video class=\"s7Video\" controls=\"\" controlslist=\"nodownload\" poster=\"https:\/\/boulanger.scene7.com\/is\/image\/Boulanger\/4548736108639_v_0?scl=1\" preload=\"metadata\" src=\"https:\/\/boulanger.scene7.com\/is\/content\/Boulanger\/4548736108639_v_0\" width=\"100%\"><\/video><\/p>\n<\/div>\n<p><bl-button a11yexpanded=\"false\" arialabel=\"Afficher toute la description\" class=\"read-more__btn\" full=\"false\" link=\"true\"><\/bl-button><\/div>","protected":false},"excerpt":{"rendered":"<div class=\"keypoints\">\n<h3 class=\"keypoints__title\">Les points cl\u00e9s<\/h3>\n<ul role=\"list\">\n<li class=\"keypoints__item\" role=\"listitem\">                                        Ideal pour : Amateur                      <\/li>\n<li class=\"keypoints__item\" role=\"listitem\">                          Capteur : APS-C &#8211;                                                      R\u00e9solution 24,2 m\u00e9gapixels                      <\/li>\n<li class=\"keypoints__item\" role=\"listitem\">                          Sensibilit\u00e9 ISO maximale : 102400 &#8211;                                                      Vitesse d&rsquo;obturation : 1\/4000 \u00e0 30 s                      <\/li>\n<li class=\"keypoints__item\" role=\"listitem\">                          Connectivit\u00e9 : Wi-Fi, NFC, Bluetooth &#8211;                                                      Ecran : inclinable et tactile                      <\/li>\n<li class=\"keypoints__item keypoints__item--advantage\" role=\"listitem\"><strong>Le + :<\/strong> Pack avec zoom + Rafale \u00e0 11im\/sec + Mise au point en temps r\u00e9el sur les yeux (humains et animaux)      <\/li>\n<\/ul>","protected":false},"featured_media":89003,"template":"","meta":{"_glsr_average":0,"_glsr_ranking":0,"_glsr_reviews":0},"product_cat":[474],"product_tag":[475,476,451],"class_list":{"0":"post-89004","1":"product","2":"type-product","3":"status-publish","4":"has-post-thumbnail","6":"product_cat-appareil-photo-hybride","7":"product_tag-appareil-photo","8":"product_tag-appareil-photo-hybride","9":"product_tag-tv-image-son","11":"first","12":"instock","13":"sale","14":"shipping-taxable","15":"purchasable","16":"product-type-simple"},"_links":{"self":[{"href":"https:\/\/electromenagerexpress.com\/en\/wp-json\/wp\/v2\/product\/89004","targetHints":{"allow":["GET"]}}],"collection":[{"href":"https:\/\/electromenagerexpress.com\/en\/wp-json\/wp\/v2\/product"}],"about":[{"href":"https:\/\/electromenagerexpress.com\/en\/wp-json\/wp\/v2\/types\/product"}],"wp:featuredmedia":[{"embeddable":true,"href":"https:\/\/electromenagerexpress.com\/en\/wp-json\/wp\/v2\/media\/89003"}],"wp:attachment":[{"href":"https:\/\/electromenagerexpress.com\/en\/wp-json\/wp\/v2\/media?parent=89004"}],"wp:term":[{"taxonomy":"product_cat","embeddable":true,"href":"https:\/\/electromenagerexpress.com\/en\/wp-json\/wp\/v2\/product_cat?post=89004"},{"taxonomy":"product_tag","embeddable":true,"href":"https:\/\/electromenagerexpress.com\/en\/wp-json\/wp\/v2\/product_tag?post=89004"}],"curies":[{"name":"wp","href":"https:\/\/api.w.org\/{rel}","templated":true}]}}