{"id":88990,"date":"2024-11-24T17:20:21","date_gmt":"2024-11-24T17:20:21","guid":{"rendered":"https:\/\/electromenagerexpress.com\/product\/appareil-photo-bridgepanasonicdmc-fz200-reconditionne\/"},"modified":"2024-11-24T17:20:29","modified_gmt":"2024-11-24T17:20:29","slug":"appareil-photo-bridgepanasonicdmc-fz200-reconditionne","status":"publish","type":"product","link":"https:\/\/electromenagerexpress.com\/en\/product\/appareil-photo-bridgepanasonicdmc-fz200-reconditionne\/","title":{"rendered":"Appareil photo Bridge\t\t\t\t\t\t\tPANASONIC\t\t\t\tDMC-FZ200 Reconditionn\u00e9"},"content":{"rendered":"<div class=\"product-features__content\">\n<ul role=\"list\">\n<li class=\"product-features__item\" role=\"listitem\">\n<h3 class=\"product-features__label\">Performances<\/h3>\n<ul role=\"list\">\n<li class=\"product-features__item-list__item\" role=\"listitem\"><span class=\"is--medium\">Ecran :<\/span> orientable\t\t\t\t\t<\/li>\n<\/ul>\n<\/li>\n<li class=\"product-features__item\" role=\"listitem\">\n<h3 class=\"product-features__label\">Dimensions<\/h3>\n<ul role=\"list\">\n<li class=\"product-features__item-list__item\" role=\"listitem\"><span class=\"is--medium\">Dimensions l x h x p :<\/span> NC x 8.66 x 11.02 cm\t\t\t\t\t<\/li>\n<\/ul>\n<\/li>\n<li class=\"product-features__item\" role=\"listitem\">\n<h3 class=\"product-features__label\">Informations compl\u00e9mentaires<\/h3>\n<ul role=\"list\">\n<li class=\"product-features__item-list__item\" role=\"listitem\"><span class=\"is--medium\">R\u00e9f\u00e9rence constructeur :<\/span> DMC-FZ200\t\t\t\t\t<\/li>\n<li class=\"product-features__item-list__item\" role=\"listitem\"><span class=\"is--medium\">Marque :<\/span> PANASONIC\t\t\t\t\t<\/li>\n<\/ul>\n<\/li>\n<\/ul>\n<\/div>\n<div class=\"product__disclosure-content\">\n<div class=\"js-read-more product-description__content read-more read-more--truncated\" data-read-more-name=\"description\" style=\"max-height: 500px; overflow: hidden;\">\n<h2><center><u> Appareil photo Bridge Panasonic FZ200 <\/u><\/center><\/h2>\n<h3><font color=\"#60aeb8\"><\/p>\n<p style=\"font-size:large\"> Appareil photo Bridge Panasonic FZ200 : pratique et performant ! <\/p>\n<p><\/font><\/h3>\n<p ,=\"\" align=\"justify\" style=\"font-size:medium\"><font color=\"444444\"> Vous recherchez un appareil photo capable de saisir rapidement le moment pr\u00e9sent, en haute d\u00e9finition et de loin, voire de tr\u00e8s loin \u00a0\u00bb Sachez qu&rsquo;avec l&rsquo;appareil photo Bridge Panasonic FZ200, vous b\u00e9n\u00e9ficierez de tous ces avantages pour un prix tr\u00e8s abordable. Car un appareil photo Bridge est le compromis parfait entre un compact tr\u00e8s pratique, peu encombrant, accessible et un Reflex dot\u00e9 de performances exceptionnelles. Gr\u00e2ce \u00e0 cet appareil photo Lumix, vous pourrez donc immortaliser vos souvenirs en mode automatique ou en mode manuel selon votre envie ou le temps dont vous disposez. <\/font><\/p>\n<h3><font color=\"#60aeb8\"><\/p>\n<p style=\"font-size:large\"> Appareil photo Bridge Panasonic FZ200 : le plein de fonctionnalit\u00e9s ! <\/p>\n<p><\/font><\/h3>\n<p ,=\"\" align=\"justify\" style=\"font-size:medium\"><font color=\"444444\"> L&rsquo;appareil photo Bridge Panasonic FZ200 se distingue \u00e9galement par son zoom d&rsquo;une capacit\u00e9 incroyable : x24. Pour comparer, cela revient \u00e0 disposer d&rsquo;un t\u00e9l\u00e9objectif de 600 mm. Ce zoom optique vous permettra donc de jouer au paparazzi car sa port\u00e9e est extr\u00eamement longue. Et Panasonic a con\u00e7u cet appareil photo de fa\u00e7on \u00e0 ce que vous puissiez profiter pleinement de ce zoom. En effet, sur l&rsquo;int\u00e9gralit\u00e9 de la plage de zoom, son ouverture reste constante \u00e0 F 2.8. Concr\u00e8tement, cela signifie que l&rsquo;appareil re\u00e7oit toujours beaucoup de lumi\u00e8re, permettant de prendre des photos dans des conditions de basse luminosit\u00e9 par exemple.Outre ses caract\u00e9ristiques qui tirent les avantages des compacts et des Reflex et son zoom prodigieux, l&rsquo;appareil photo Bridge Panasonic FZ200 dispose d&rsquo;une multitude de fonctionnalit\u00e9s. Tirez parti de la vid\u00e9o en Full HD, de son \u00e9cran orientable, des 16 modes sc\u00e8nes ou encore du retardateur pour figer vos plus beaux moments. Symbole de ses possibilit\u00e9s automatiques et manuelles, le flash int\u00e9gr\u00e9 peut \u00eatre contourn\u00e9 par un flash externe gr\u00e2ce \u00e0 la griffe dont cet appareil photo Bridge Lumix est \u00e9quip\u00e9. <\/font><\/p>\n<\/p>\n<\/div>\n<p><bl-button a11yexpanded=\"false\" arialabel=\"Afficher toute la description\" class=\"read-more__btn\" full=\"false\" link=\"true\"><\/bl-button><\/div>","protected":false},"excerpt":{"rendered":"<div class=\"keypoints\">\n<h3 class=\"keypoints__title\">Les points cl\u00e9s<\/h3>\n<ul role=\"list\">\n<li class=\"keypoints__item\" role=\"listitem\">                                        R\u00e9solution vid\u00e9o : Full HD                      <\/li>\n<li class=\"keypoints__item\" role=\"listitem\">                          Zoom optique : x24 &#8211;                                                      Ecran : orientable                      <\/li>\n<\/ul>","protected":false},"featured_media":88989,"template":"","meta":{"_glsr_average":0,"_glsr_ranking":0,"_glsr_reviews":0},"product_cat":[481],"product_tag":[475,482,451],"class_list":{"0":"post-88990","1":"product","2":"type-product","3":"status-publish","4":"has-post-thumbnail","6":"product_cat-appareil-photo-bridge","7":"product_tag-appareil-photo","8":"product_tag-appareil-photo-bridge","9":"product_tag-tv-image-son","11":"first","12":"instock","13":"sale","14":"shipping-taxable","15":"purchasable","16":"product-type-simple"},"_links":{"self":[{"href":"https:\/\/electromenagerexpress.com\/en\/wp-json\/wp\/v2\/product\/88990","targetHints":{"allow":["GET"]}}],"collection":[{"href":"https:\/\/electromenagerexpress.com\/en\/wp-json\/wp\/v2\/product"}],"about":[{"href":"https:\/\/electromenagerexpress.com\/en\/wp-json\/wp\/v2\/types\/product"}],"wp:featuredmedia":[{"embeddable":true,"href":"https:\/\/electromenagerexpress.com\/en\/wp-json\/wp\/v2\/media\/88989"}],"wp:attachment":[{"href":"https:\/\/electromenagerexpress.com\/en\/wp-json\/wp\/v2\/media?parent=88990"}],"wp:term":[{"taxonomy":"product_cat","embeddable":true,"href":"https:\/\/electromenagerexpress.com\/en\/wp-json\/wp\/v2\/product_cat?post=88990"},{"taxonomy":"product_tag","embeddable":true,"href":"https:\/\/electromenagerexpress.com\/en\/wp-json\/wp\/v2\/product_tag?post=88990"}],"curies":[{"name":"wp","href":"https:\/\/api.w.org\/{rel}","templated":true}]}}