{"id":88885,"date":"2024-11-24T17:18:36","date_gmt":"2024-11-24T17:18:36","guid":{"rendered":"https:\/\/electromenagerexpress.com\/product\/appareil-photo-bridgenikonp600-noir-reconditionne\/"},"modified":"2024-11-24T17:18:52","modified_gmt":"2024-11-24T17:18:52","slug":"appareil-photo-bridgenikonp600-noir-reconditionne","status":"publish","type":"product","link":"https:\/\/electromenagerexpress.com\/en\/product\/appareil-photo-bridgenikonp600-noir-reconditionne\/","title":{"rendered":"Appareil photo Bridge\t\t\t\t\t\t\tNIKON\t\t\t\tP600 noir Reconditionn\u00e9"},"content":{"rendered":"<div class=\"product-features__content\">\n<ul role=\"list\">\n<li class=\"product-features__item\" role=\"listitem\">\n<h3 class=\"product-features__label\">Performances<\/h3>\n<ul role=\"list\">\n<li class=\"product-features__item-list__item\" role=\"listitem\"><span class=\"is--medium\">Ecran :<\/span> orientable\t\t\t\t\t<\/li>\n<\/ul>\n<\/li>\n<li class=\"product-features__item\" role=\"listitem\">\n<h3 class=\"product-features__label\">Dimensions<\/h3>\n<ul role=\"list\">\n<li class=\"product-features__item-list__item\" role=\"listitem\"><span class=\"is--medium\">Dimensions l x h x p :<\/span> NC x 8.5 x 10.65 cm\t\t\t\t\t<\/li>\n<\/ul>\n<\/li>\n<li class=\"product-features__item\" role=\"listitem\">\n<h3 class=\"product-features__label\">Informations compl\u00e9mentaires<\/h3>\n<ul role=\"list\">\n<li class=\"product-features__item-list__item\" role=\"listitem\"><span class=\"is--medium\">R\u00e9f\u00e9rence constructeur :<\/span> P600 noir\t\t\t\t\t<\/li>\n<li class=\"product-features__item-list__item\" role=\"listitem\"><span class=\"is--medium\">Marque :<\/span> NIKON\t\t\t\t\t<\/li>\n<\/ul>\n<\/li>\n<\/ul>\n<\/div>\n<div class=\"product__disclosure-content\">\n<div class=\"js-read-more product-description__content read-more read-more--truncated\" data-read-more-name=\"description\" style=\"max-height: 500px; overflow: hidden;\">\n<p>D\u00e9couvrez le meilleur de la technologie avec le Bridge Nikon P600 Noir. Un \u00e9cran orientable et une connexion Wi-Fi en font un appareil connect\u00e9 avec son temps.<\/p>\n<h3>Un appareil photo connect\u00e9 \u00e0 l&rsquo;instant<\/h3>\n<p><\/p>\n<p class=\"wy_tableau_gauche\"><img decoding=\"async\" height=\"150\" src=\"https:\/\/boulanger.scene7.com\/is\/image\/Boulanger\/0018208939817_p1?wid=150&amp;hei=150\" width=\"150\"\/><\/p>\n<p>Le Bridge  NIKON  P600 Noir contient le meilleur de la nouvelle technologie. Comme il est \u00e9quip\u00e9 de la fonction <b>Wi-Fi<\/b>, vous pourrez transf\u00e9rer sans aucun c\u00e2ble toutes vos photos pr\u00e9sentes sur votre appareil directement sur un autre p\u00e9riph\u00e9rique. Notamment sur votre ordinateur ou votre \u00e9cran de t\u00e9l\u00e9vision pour admirer vos photos sur grand \u00e9cran.  <\/p>\n<p>Avec la fonction vid\u00e9o, vous pourrez \u00e9galement r\u00e9aliser de superbes films, et cela en <b>mode Full HD<\/b> afin de faire resplendir toute la beaut\u00e9 des plus beaux moments de votre vie. Des vid\u00e9os que vous pourrez capturer facilement, gr\u00e2ce \u00e0 son <b>\u00e9cran de 7.5 centim\u00e8tres<\/b> qui vous aidera \u00e0 choisir le meilleur angle de prise de vue, quelle que soit la situation.<\/p>\n<h3>Des photos de tr\u00e8s haute qualit\u00e9<\/h3>\n<p><\/p>\n<p class=\"wy_tableau_right\"><img decoding=\"async\" height=\"150\" src=\"https:\/\/boulanger.scene7.com\/is\/image\/Boulanger\/0018208939817_p2?wid=150&amp;hei=150\" width=\"150\"\/><\/p>\n<p>Les <b>16.7 m\u00e9gapixels<\/b> de votre appareil photo num\u00e9rique vous permettront de r\u00e9aliser des clich\u00e9s d&rsquo;une tr\u00e8s haute qualit\u00e9, afin d&rsquo;affiner chaque d\u00e9tail pour un rendu encore plus surprenant. Associ\u00e9 \u00e0 son tr\u00e8s puissant <b>zoom optique x60<\/b>, vous pourrez en plus capturer vos moments \u00e0 de tr\u00e8s longues distances pour toujours immortaliser chaque \u00e9v\u00e8nement, o\u00f9 que vous vous trouviez.<\/p>\n<p>Un <b>mode automatique intelligent<\/b> rendra votre appareil autonome pour s&rsquo;adapter de lui-m\u00eame en fonction de la luminosit\u00e9 du moment, afin de toujours \u00eatre \u00e0 la hauteur de vos attentes en toutes circonstances. Enfin, son stabilisateur optique le rendra imperturbable pour optimiser vos prises de vue. Le Bridge  NIKON  P600 Noir deviendra vite votre plus fid\u00e8le alli\u00e9 ! <\/p>\n<\/p>\n<\/div>\n<p><bl-button a11yexpanded=\"false\" arialabel=\"Afficher toute la description\" class=\"read-more__btn\" full=\"false\" link=\"true\"><\/bl-button><\/div>","protected":false},"excerpt":{"rendered":"<div class=\"keypoints\">\n<h3 class=\"keypoints__title\">Les points cl\u00e9s<\/h3>\n<ul role=\"list\">\n<li class=\"keypoints__item\" role=\"listitem\">                                        R\u00e9solution vid\u00e9o : Full HD                      <\/li>\n<li class=\"keypoints__item\" role=\"listitem\">                          Zoom optique : x60 &#8211;                                                      Ecran : orientable                      <\/li>\n<\/ul>","protected":false},"featured_media":88884,"template":"","meta":{"_glsr_average":0,"_glsr_ranking":0,"_glsr_reviews":0},"product_cat":[481],"product_tag":[475,482,451],"class_list":{"0":"post-88885","1":"product","2":"type-product","3":"status-publish","4":"has-post-thumbnail","6":"product_cat-appareil-photo-bridge","7":"product_tag-appareil-photo","8":"product_tag-appareil-photo-bridge","9":"product_tag-tv-image-son","11":"first","12":"instock","13":"sale","14":"shipping-taxable","15":"purchasable","16":"product-type-simple"},"_links":{"self":[{"href":"https:\/\/electromenagerexpress.com\/en\/wp-json\/wp\/v2\/product\/88885","targetHints":{"allow":["GET"]}}],"collection":[{"href":"https:\/\/electromenagerexpress.com\/en\/wp-json\/wp\/v2\/product"}],"about":[{"href":"https:\/\/electromenagerexpress.com\/en\/wp-json\/wp\/v2\/types\/product"}],"wp:featuredmedia":[{"embeddable":true,"href":"https:\/\/electromenagerexpress.com\/en\/wp-json\/wp\/v2\/media\/88884"}],"wp:attachment":[{"href":"https:\/\/electromenagerexpress.com\/en\/wp-json\/wp\/v2\/media?parent=88885"}],"wp:term":[{"taxonomy":"product_cat","embeddable":true,"href":"https:\/\/electromenagerexpress.com\/en\/wp-json\/wp\/v2\/product_cat?post=88885"},{"taxonomy":"product_tag","embeddable":true,"href":"https:\/\/electromenagerexpress.com\/en\/wp-json\/wp\/v2\/product_tag?post=88885"}],"curies":[{"name":"wp","href":"https:\/\/api.w.org\/{rel}","templated":true}]}}