{"id":88872,"date":"2024-11-24T17:18:23","date_gmt":"2024-11-24T17:18:23","guid":{"rendered":"https:\/\/electromenagerexpress.com\/product\/appareil-photo-reflexnikond7100-18-105mm-vr-reconditionne\/"},"modified":"2024-11-24T17:18:32","modified_gmt":"2024-11-24T17:18:32","slug":"appareil-photo-reflexnikond7100-18-105mm-vr-reconditionne","status":"publish","type":"product","link":"https:\/\/electromenagerexpress.com\/en\/product\/appareil-photo-reflexnikond7100-18-105mm-vr-reconditionne\/","title":{"rendered":"Appareil photo Reflex\t\t\t\t\t\t\tNIKON\t\t\t\tD7100 + 18-105mm VR Reconditionn\u00e9"},"content":{"rendered":"<div class=\"product-features__content\">\n<ul role=\"list\">\n<li class=\"product-features__item\" role=\"listitem\">\n<h3 class=\"product-features__label\">Qualit\u00e9 photo et vid\u00e9o<\/h3>\n<ul role=\"list\">\n<li class=\"product-features__item-list__item\" role=\"listitem\"><span class=\"is--medium\">R\u00e9solution (en m\u00e9gapixels) :<\/span> 24,1 Mpx\t\t\t\t\t<\/li>\n<li class=\"product-features__item-list__item\" role=\"listitem\"><span class=\"is--medium\">Comprendre la r\u00e9solution :<\/span> Plus ce chiffre sera \u00e9lev\u00e9, plus il sera possible d&rsquo;imprimer vos images en grand format comme des posters, ou encore effectuer des recadrages de qualit\u00e9 sur des logiciels de retouche photo.\t\t\t\t\t<\/li>\n<\/ul>\n<\/li>\n<li class=\"product-features__item\" role=\"listitem\">\n<h3 class=\"product-features__label\">Objectif<\/h3>\n<ul role=\"list\">\n<li class=\"product-features__item-list__item\" role=\"listitem\"><span class=\"is--medium\">Vitesse d&rsquo;obturation :<\/span> 1\/8000 \u00e0 30 s\t\t\t\t\t<\/li>\n<li class=\"product-features__item-list__item\" role=\"listitem\"><span class=\"is--medium\">Comprendre la vitesse d&rsquo;obturation :<\/span> La vitesse d&rsquo;obturation, est le temps pendant lequel l&rsquo;obturateur s&rsquo;ouvre au d\u00e9clenchement. Si la vitesse est r\u00e9gl\u00e9e sur une valeur rapide, (jusqu&rsquo;\u00e0 1\/8000 sec) l&rsquo;image sera nette, au contraire si la vitesse est r\u00e9gl\u00e9e sur une valeur lente (jusqu&rsquo;\u00e0 30 sec) l&rsquo;image aura un effet artistique.\t\t\t\t\t<\/li>\n<\/ul>\n<\/li>\n<li class=\"product-features__item\" role=\"listitem\">\n<h3 class=\"product-features__label\">Dimensions<\/h3>\n<ul role=\"list\">\n<li class=\"product-features__item-list__item\" role=\"listitem\"><span class=\"is--medium\">Dimensions l x h x p :<\/span> 13.55 x 10.65 x 7.6 cm\t\t\t\t\t<\/li>\n<\/ul>\n<\/li>\n<li class=\"product-features__item\" role=\"listitem\">\n<h3 class=\"product-features__label\">Informations compl\u00e9mentaires<\/h3>\n<ul role=\"list\">\n<li class=\"product-features__item-list__item\" role=\"listitem\"><span class=\"is--medium\">R\u00e9f\u00e9rence constructeur :<\/span> D7100 + 18-105mm VR\t\t\t\t\t<\/li>\n<li class=\"product-features__item-list__item\" role=\"listitem\"><span class=\"is--medium\">Marque :<\/span> NIKON\t\t\t\t\t<\/li>\n<\/ul>\n<\/li>\n<\/ul>\n<\/div>\n<div class=\"product__disclosure-content\">\n<div class=\"js-read-more product-description__content read-more read-more--truncated\" data-read-more-name=\"description\" style=\"max-height: 500px; overflow: hidden;\">\n<h2><center><u>appareil photo reflex NIKON D7100 + 18-105mm VR<\/u><\/center><\/h2>\n<h3><font color=\"#60aeb8\"><\/p>\n<p style=\"font-size:large\">Un appareil confortable et maniable<\/p>\n<p><\/font><\/h3>\n<p ,=\"\" align=\"justify\" style=\"font-size:medium\"><font color=\"444444\">Plus l\u00e9ger que ses pr\u00e9d\u00e9cesseurs, l&rsquo;appareil photo reflex NIKON D7100 a \u00e9t\u00e9 con\u00e7u pour une prise en main ergonomique qui lui permet de vous accompagner partout o\u00f9 vous le souhaitez. Avec un poids de seulement <b>420 gr<\/b>, il fait partie des plus l\u00e9gers de sa cat\u00e9gorie, ce qui am\u00e9liore encore le confort d&rsquo;utilisation. Le bo\u00eetier est constitu\u00e9 d&rsquo;un alliage de magn\u00e9sium, ce qui en fait un des appareils les plus r\u00e9sistants du march\u00e9, peu sensible aux chocs.Les avanc\u00e9es que Nikon a op\u00e9r\u00e9es sur cet appareil sont notables pour tous les amateurs de photographie. En effet, il est dot\u00e9 d&rsquo;une r\u00e9solution d&rsquo;\u00e9cran de plus de <b>1.2 million de pixels<\/b>, de quoi vous permettre de faire tr\u00e8s rapidement la mise au point, m\u00eame sur les plus petits d\u00e9tails. Accompagn\u00e9 d&rsquo;un objectif 18-105, il vous permet de faire des zooms cons\u00e9quents et pr\u00e9cis.<\/font><\/p>\n<h3><font color=\"#60aeb8\"><\/p>\n<p style=\"font-size:large\">L&rsquo;appareil reflex amateur le plus pointu du moment<\/p>\n<p><\/font><\/h3>\n<p ,=\"\" align=\"justify\" style=\"font-size:medium\"><font color=\"444444\">Comme la plupart des reflexes modernes, le NIKON D7100 vous propose aussi bien un mode d&rsquo;utilisation manuel, o\u00f9 vous avez la main sur l&rsquo;ensemble des r\u00e9glages, que des modes automatique ou semi-automatique qui vous permettent de prendre un clich\u00e9 tr\u00e8s rapidement sans avoir \u00e0 faire la mise au point. L&rsquo;int\u00e9gration du processeur de traitement d&rsquo;images <b>EXPEED 3<\/b> vous assure une gestion des images impeccables et un rendu extr\u00eamement pr\u00e9cis, tout en contraste.Vous pouvez effectuer un traitement pr\u00e9cis de vos photos gr\u00e2ce au syst\u00e8me <b>Picture control<\/b> de Nikon qui vous permet de jouer sur les filtres et les r\u00e9glages pour obtenir le rendu souhait\u00e9 \u00e0 chaque clich\u00e9. Et pour encore plus de possibilit\u00e9s, le NIKON D7100 vous offre la vid\u00e9o Full HD qui immortalise les moments importants de votre vie dans une qualit\u00e9 in\u00e9gal\u00e9e.<\/font><\/p>\n<\/p>\n<\/div>\n<p><bl-button a11yexpanded=\"false\" arialabel=\"Afficher toute la description\" class=\"read-more__btn\" full=\"false\" link=\"true\"><\/bl-button><\/div>","protected":false},"excerpt":{"rendered":"<div class=\"keypoints\">\n<h3 class=\"keypoints__title\">Les points cl\u00e9s<\/h3>\n<ul role=\"list\">\n<li class=\"keypoints__item\" role=\"listitem\">                                        Vitesse d&rsquo;obturation : 1\/8000 \u00e0 30 s                      <\/li>\n<li class=\"keypoints__item\" role=\"listitem\">                                        Connectivit\u00e9 : Pictbridge                      <\/li>\n<\/ul>","protected":false},"featured_media":88871,"template":"","meta":{"_glsr_average":0,"_glsr_ranking":0,"_glsr_reviews":0},"product_cat":[477],"product_tag":[475,478,451],"class_list":{"0":"post-88872","1":"product","2":"type-product","3":"status-publish","4":"has-post-thumbnail","6":"product_cat-reflex","7":"product_tag-appareil-photo","8":"product_tag-reflex","9":"product_tag-tv-image-son","11":"first","12":"instock","13":"sale","14":"shipping-taxable","15":"purchasable","16":"product-type-simple"},"_links":{"self":[{"href":"https:\/\/electromenagerexpress.com\/en\/wp-json\/wp\/v2\/product\/88872","targetHints":{"allow":["GET"]}}],"collection":[{"href":"https:\/\/electromenagerexpress.com\/en\/wp-json\/wp\/v2\/product"}],"about":[{"href":"https:\/\/electromenagerexpress.com\/en\/wp-json\/wp\/v2\/types\/product"}],"wp:featuredmedia":[{"embeddable":true,"href":"https:\/\/electromenagerexpress.com\/en\/wp-json\/wp\/v2\/media\/88871"}],"wp:attachment":[{"href":"https:\/\/electromenagerexpress.com\/en\/wp-json\/wp\/v2\/media?parent=88872"}],"wp:term":[{"taxonomy":"product_cat","embeddable":true,"href":"https:\/\/electromenagerexpress.com\/en\/wp-json\/wp\/v2\/product_cat?post=88872"},{"taxonomy":"product_tag","embeddable":true,"href":"https:\/\/electromenagerexpress.com\/en\/wp-json\/wp\/v2\/product_tag?post=88872"}],"curies":[{"name":"wp","href":"https:\/\/api.w.org\/{rel}","templated":true}]}}