{"id":88842,"date":"2024-11-24T17:17:52","date_gmt":"2024-11-24T17:17:52","guid":{"rendered":"https:\/\/electromenagerexpress.com\/product\/appareil-photo-compactsonyrx0-mii-grip-vct-sgr1\/"},"modified":"2024-11-24T17:18:21","modified_gmt":"2024-11-24T17:18:21","slug":"appareil-photo-compactsonyrx0-mii-grip-vct-sgr1","status":"publish","type":"product","link":"https:\/\/electromenagerexpress.com\/en\/product\/appareil-photo-compactsonyrx0-mii-grip-vct-sgr1\/","title":{"rendered":"Appareil photo Compact\t\t\t\t\t\t\tSONY\t\t\t\tRX0 MII + Grip VCT- SGR1"},"content":{"rendered":"<div class=\"product-features__content\">\n<ul role=\"list\">\n<li class=\"product-features__item\" role=\"listitem\">\n<h3 class=\"product-features__label\">Dimensions<\/h3>\n<ul role=\"list\">\n<li class=\"product-features__item-list__item\" role=\"listitem\"><span class=\"is--medium\">Dimensions l x h x p :<\/span> 5.9 x 4.05 x 3.5 cm\t\t\t\t\t<\/li>\n<li class=\"product-features__item-list__item\" role=\"listitem\"><span class=\"is--medium\">Poids sans accessoires :<\/span> 117 g\t\t\t\t\t<\/li>\n<\/ul>\n<\/li>\n<li class=\"product-features__item\" role=\"listitem\">\n<h3 class=\"product-features__label\">Informations compl\u00e9mentaires<\/h3>\n<ul role=\"list\">\n<li class=\"product-features__item-list__item\" role=\"listitem\"><span class=\"is--medium\">Fabriqu\u00e9 en :<\/span> Chine\t\t\t\t\t<\/li>\n<li class=\"product-features__item-list__item\" role=\"listitem\"><span class=\"is--medium\">Garantie :<\/span> 2 ans\t\t\t\t\t<\/li>\n<li class=\"product-features__item-list__item\" role=\"listitem\"><span class=\"is--medium\">Disponibilit\u00e9 des pi\u00e8ces d\u00e9tach\u00e9es (donn\u00e9es fournisseur) :<\/span> Pendant 2 ans, \u00e0 compter de la date fin de fabrication\t\t\t\t\t<\/li>\n<li class=\"product-features__item-list__item\" role=\"listitem\"><span class=\"is--medium\">R\u00e9f\u00e9rence constructeur :<\/span> RX0 MII + Grip VCT- SGR1\t\t\t\t\t<\/li>\n<li class=\"product-features__item-list__item\" role=\"listitem\"><span class=\"is--medium\">Marque :<\/span> SONY\t\t\t\t\t<\/li>\n<\/ul>\n<\/li>\n<\/ul>\n<\/div>\n<div class=\"product__disclosure-content\">\n<div class=\"js-read-more product-description__content read-more read-more--truncated\" data-read-more-name=\"description\" style=\"max-height: 500px; overflow: hidden;\">\n<p>La qualit\u00e9 des produits Sony dans le domaine des cam\u00e9ras n&rsquo;est plus \u00e0 d\u00e9montrer. Avec le RX0 II, le constructeur nippon lance un bo\u00eetier ultra-compact qui vous permettra de capturer en photo ou en vid\u00e9o tous les \u00e9v\u00e8nements de votre vie avec une qualit\u00e9 d&rsquo;image exceptionnelle.<\/p>\n<h3><img fetchpriority=\"high\" decoding=\"async\" ,=\"\" alt=\"Cam\u00e9ra Sport SONY RX0 MII\" class=\"wy_tableau_gauche\" height=\"270\" src=\"https:\/\/boulanger.scene7.com\/is\/image\/Boulanger\/4548736104358_h_f_l_0?wid=400&amp;hei=270\" width=\"400\"\/>Une qualit\u00e9 d&rsquo;image exceptionnelle<\/h3>\n<p>Gr\u00e2ce \u00e0 son <b>objectif ZEISS\u00ae Tessar T et \u00e0 son capteur CMOS Exmor RS<\/b>, le Sony RX0 II poss\u00e8de des capacit\u00e9s photo et vid\u00e9o de tr\u00e8s haut niveau. Photos d&rsquo;une nettet\u00e9 parfaite, d\u00e9tails \u00e9poustouflants m\u00eame en faible luminosit\u00e9, effet peau lisse, mise au point automatique sur les yeux du sujet, Sony a regroup\u00e9 nombre de prestations dignes d&rsquo;appareils de gammes sup\u00e9rieures dans un tout petit bo\u00eetier.<\/p>\n<p>Le Sony RX0 II b\u00e9n\u00e9ficie d&rsquo;une <b>conception robuste<\/b>. Avec ses 59 x 40,5 x 35 mm, le bo\u00eetier est fabriqu\u00e9 en duralumin le rendant rigide et l\u00e9ger. R\u00e9sistant aux chocs d&rsquo;une hauteur de 2 m\u00e8tres, \u00e0 l&rsquo;eau jusqu&rsquo;\u00e0 10 m\u00e8tres, \u00e0 la poussi\u00e8re et \u00e0 l&rsquo;\u00e9crasement, cette cam\u00e9ra vous suivra dans toutes vos aventures quelles que soient les conditions.<\/p>\n<h3><img decoding=\"async\" ,=\"\" alt=\"Cam\u00e9ra Sport SONY RX0 MII\" class=\"wy_tableau_right\" height=\"270\" src=\"https:\/\/boulanger.scene7.com\/is\/image\/Boulanger\/4548736104358_h_f_l_1?wid=400&amp;hei=270\" width=\"400\"\/>Un bo\u00eetier ultra-compact multi-usages<\/h3>\n<p>Les vloggeurs vont tout particuli\u00e8rement appr\u00e9cier le Sony RX0 II. En effet, avec son <b>moniteur LCD inclinable<\/b>, il sera facile de prendre non seulement des selfies mais d&rsquo;enregistrer vos sessions de vlogging en gardant un cadrage parfait. Et pour compl\u00e9ter la cam\u00e9ra, vous pouvez y brancher un microphone externe (en option) via la prise micro int\u00e9gr\u00e9e. <\/p>\n<p>Le Sony RX0 II comprend nombre de fonctions qui vous ouvriront \u00e0 de nouveaux horizons cr\u00e9atifs. Que ce soit les <b>super ralentis jusqu&rsquo;\u00e0 1 000 images\/seconde<\/b>, la <b>fonction Timelape<\/b> (enregistrement par intervalle), la prise de vue en continue jusqu&rsquo;\u00e0 16 images\/seconde pour ne jamais rater un \u00e9v\u00e8nement ou encore les <b>Pictures Profiles<\/b> pour des colorim\u00e9tries professionnelles, la seule limite sera votre cr\u00e9ativit\u00e9.<\/p>\n<\/p>\n<p><video class=\"s7Video\" controls=\"\" controlslist=\"nodownload\" poster=\"https:\/\/boulanger.scene7.com\/is\/image\/Boulanger\/4548736104358_v_0?scl=1\" preload=\"metadata\" src=\"https:\/\/boulanger.scene7.com\/is\/content\/Boulanger\/4548736104358_v_0\" width=\"100%\"><\/video><\/p>\n<\/div>\n<p><bl-button a11yexpanded=\"false\" arialabel=\"Afficher toute la description\" class=\"read-more__btn\" full=\"false\" link=\"true\"><\/bl-button><\/div>","protected":false},"excerpt":{"rendered":"<div class=\"keypoints\">\n<h3 class=\"keypoints__title\">Les points cl\u00e9s<\/h3>\n<ul role=\"list\">\n<li class=\"keypoints__item\" role=\"listitem\">                                        Ideal pour : D\u00e9butant                      <\/li>\n<li class=\"keypoints__item\" role=\"listitem\">                                        R\u00e9solution vid\u00e9o : HD                      <\/li>\n<li class=\"keypoints__item keypoints__item--advantage\" role=\"listitem\"><strong>Le + :<\/strong> Ultra compact et robuste      <\/li>\n<\/ul>","protected":false},"featured_media":88841,"template":"","meta":{"_glsr_average":0,"_glsr_ranking":0,"_glsr_reviews":0},"product_cat":[479],"product_tag":[475,480,451],"class_list":{"0":"post-88842","1":"product","2":"type-product","3":"status-publish","4":"has-post-thumbnail","6":"product_cat-appareil-photo-compact","7":"product_tag-appareil-photo","8":"product_tag-appareil-photo-compact","9":"product_tag-tv-image-son","11":"first","12":"instock","13":"sale","14":"shipping-taxable","15":"purchasable","16":"product-type-simple"},"_links":{"self":[{"href":"https:\/\/electromenagerexpress.com\/en\/wp-json\/wp\/v2\/product\/88842","targetHints":{"allow":["GET"]}}],"collection":[{"href":"https:\/\/electromenagerexpress.com\/en\/wp-json\/wp\/v2\/product"}],"about":[{"href":"https:\/\/electromenagerexpress.com\/en\/wp-json\/wp\/v2\/types\/product"}],"wp:featuredmedia":[{"embeddable":true,"href":"https:\/\/electromenagerexpress.com\/en\/wp-json\/wp\/v2\/media\/88841"}],"wp:attachment":[{"href":"https:\/\/electromenagerexpress.com\/en\/wp-json\/wp\/v2\/media?parent=88842"}],"wp:term":[{"taxonomy":"product_cat","embeddable":true,"href":"https:\/\/electromenagerexpress.com\/en\/wp-json\/wp\/v2\/product_cat?post=88842"},{"taxonomy":"product_tag","embeddable":true,"href":"https:\/\/electromenagerexpress.com\/en\/wp-json\/wp\/v2\/product_tag?post=88842"}],"curies":[{"name":"wp","href":"https:\/\/api.w.org\/{rel}","templated":true}]}}