{"id":88819,"date":"2024-11-24T17:17:30","date_gmt":"2024-11-24T17:17:30","guid":{"rendered":"https:\/\/electromenagerexpress.com\/product\/appareil-photo-reflexnikond7200-nu-reconditionne\/"},"modified":"2024-11-24T17:17:41","modified_gmt":"2024-11-24T17:17:41","slug":"appareil-photo-reflexnikond7200-nu-reconditionne","status":"publish","type":"product","link":"https:\/\/electromenagerexpress.com\/en\/product\/appareil-photo-reflexnikond7200-nu-reconditionne\/","title":{"rendered":"Appareil photo Reflex\t\t\t\t\t\t\tNIKON\t\t\t\tD7200 Nu Reconditionn\u00e9"},"content":{"rendered":"<div class=\"product-features__content\">\n<ul role=\"list\">\n<li class=\"product-features__item\" role=\"listitem\">\n<h3 class=\"product-features__label\">Qualit\u00e9 photo et vid\u00e9o<\/h3>\n<ul role=\"list\">\n<li class=\"product-features__item-list__item\" role=\"listitem\"><span class=\"is--medium\">Capteur :<\/span> APS-C, permet de donner un rendu de qualit\u00e9 pour un format carte postale ou un agrandissement\t\t\t\t\t<\/li>\n<li class=\"product-features__item-list__item\" role=\"listitem\"><span class=\"is--medium\">Le saviez vous ? :<\/span> plus le capteur est grand, plus l&rsquo;image sera d\u00e9taill\u00e9e\t\t\t\t\t<\/li>\n<li class=\"product-features__item-list__item\" role=\"listitem\"><span class=\"is--medium\">R\u00e9solution (en m\u00e9gapixels) :<\/span> 24,2 Mpx\t\t\t\t\t<\/li>\n<li class=\"product-features__item-list__item\" role=\"listitem\"><span class=\"is--medium\">Comprendre la r\u00e9solution :<\/span> Plus ce chiffre sera \u00e9lev\u00e9, plus il sera possible d&rsquo;imprimer vos images en grand format comme des posters, ou encore effectuer des recadrages de qualit\u00e9 sur des logiciels de retouche photo.\t\t\t\t\t<\/li>\n<\/ul>\n<\/li>\n<li class=\"product-features__item\" role=\"listitem\">\n<h3 class=\"product-features__label\">Objectif<\/h3>\n<ul role=\"list\">\n<li class=\"product-features__item-list__item\" role=\"listitem\"><span class=\"is--medium\">Vitesse d&rsquo;obturation :<\/span> 1\/8000 \u00e0 30 s\t\t\t\t\t<\/li>\n<li class=\"product-features__item-list__item\" role=\"listitem\"><span class=\"is--medium\">Comprendre la vitesse d&rsquo;obturation :<\/span> La vitesse d&rsquo;obturation, est le temps pendant lequel l&rsquo;obturateur s&rsquo;ouvre au d\u00e9clenchement. Si la vitesse est r\u00e9gl\u00e9e sur une valeur rapide, (jusqu&rsquo;\u00e0 1\/8000 sec) l&rsquo;image sera nette, au contraire si la vitesse est r\u00e9gl\u00e9e sur une valeur lente (jusqu&rsquo;\u00e0 30 sec) l&rsquo;image aura un effet artistique.\t\t\t\t\t<\/li>\n<li class=\"product-features__item-list__item\" role=\"listitem\"><span class=\"is--medium\">Mode rafale :<\/span> 6 images\/s\t\t\t\t\t<\/li>\n<\/ul>\n<\/li>\n<li class=\"product-features__item\" role=\"listitem\">\n<h3 class=\"product-features__label\">Dimensions<\/h3>\n<ul role=\"list\">\n<li class=\"product-features__item-list__item\" role=\"listitem\"><span class=\"is--medium\">Dimensions l x h x p :<\/span> 13.55 x 10.65 x 7.6 cm\t\t\t\t\t<\/li>\n<\/ul>\n<\/li>\n<li class=\"product-features__item\" role=\"listitem\">\n<h3 class=\"product-features__label\">Informations compl\u00e9mentaires<\/h3>\n<ul role=\"list\">\n<li class=\"product-features__item-list__item\" role=\"listitem\"><span class=\"is--medium\">R\u00e9f\u00e9rence constructeur :<\/span> D7200 Nu\t\t\t\t\t<\/li>\n<li class=\"product-features__item-list__item\" role=\"listitem\"><span class=\"is--medium\">Marque :<\/span> NIKON\t\t\t\t\t<\/li>\n<\/ul>\n<\/li>\n<\/ul>\n<\/div>\n<div class=\"product__disclosure-content\">\n<div class=\"js-read-more product-description__content read-more read-more--truncated\" data-read-more-name=\"description\" style=\"max-height: 500px; overflow: hidden;\">\n<p>Faites-vous plaisir avec ce reflex Nikkon D7200 et immortalisez tout ce qui vous fait envie. Avec son capteur de 24 millions de pixels, son format DX, ses fonctionnalit\u00e9s connect\u00e9es, sa sensibilit\u00e9 et sa technologie, cet appareil photo num\u00e9rique est apte \u00e0 enregistrer dans toutes les situations. <\/p>\n<h3>Un appareil reflex complet pour toutes vos prises de vue<\/h3>\n<p><\/p>\n<p class=\"wy_tableau_gauche\"><img decoding=\"async\" height=\"150\" src=\"https:\/\/boulanger.scene7.com\/is\/image\/Boulanger\/0018208944552_p1?wid=150&amp;hei=150\" width=\"150\"\/><\/p>\n<p>Faites d&rsquo;excellentes photographies avec cet appareil Nikon D7200 nu. Il poss\u00e8de un capteur de 24,2 millions de pixels pour vous proposer des images d&rsquo;une grande qualit\u00e9, pr\u00eates \u00e0 \u00eatre imprim\u00e9es si vous le voulez. Sa sensibilit\u00e9 peut monter \u00e0 <b>25 600 ISO<\/b>, ce qui vous garantit de magnifiques prises de vue, m\u00eame en cas de tr\u00e8s faible luminosit\u00e9. Vous n&rsquo;aurez aucun probl\u00e8me avec la photo de nuit et vos clich\u00e9s seront toujours tr\u00e8s nets. <\/p>\n<p>Avec son <b>syst\u00e8me d&rsquo;autofocus aux performances professionnelles<\/b>, vous pourrez facilement faire la mise au point sur un sujet pour des photos de grande pr\u00e9cision. En ouverture 2,8 ou 3,5, vous r\u00e9aliserez ainsi de superbes piqu\u00e9s en toute simplicit\u00e9. Le monde de la macro s&rsquo;offre ainsi \u00e0 vous. Le mode rafale sera un excellent moyen de ne rater aucun mouvement et de capter toute la magie du moment. <\/p>\n<h3>Pour des vid\u00e9os de grande qualit\u00e9 \u00e0 partager facilement<\/h3>\n<p><\/p>\n<p class=\"wy_tableau_right\"><img decoding=\"async\" height=\"150\" src=\"https:\/\/boulanger.scene7.com\/is\/image\/Boulanger\/0018208944552_p2?wid=150&amp;hei=150\" width=\"150\"\/><\/p>\n<p>Gr\u00e2ce \u00e0 son processeur Expeed 4, cet appareil photo reflex vous assure une grande fluidit\u00e9 dans les prises de vue et dans la navigation des photos et vid\u00e9o. Les fonctions vid\u00e9o de l&rsquo;appareil permettent de prendre des <b>enregistrements en Full HD<\/b> avec 60 images par seconde, pour r\u00e9aliser de v\u00e9ritables films amateurs. <\/p>\n<p>Simple \u00e0 prendre en main, ce reflex Nikkon propose des commandes ergonomiques et un bo\u00eetier pratique. Les diff\u00e9rents modes automatiques permettront de vous faire la main facilement tout en prenant de beaux clich\u00e9s. Les <b>fonctionnalit\u00e9s WiF<\/b>i seront enfin tr\u00e8s pratiques puisqu&rsquo;elles vous donnent acc\u00e8s au partage de contenu sans m\u00eame avoir besoin de sortir votre carte m\u00e9moire ou le cordon. <\/p>\n<\/p>\n<\/div>\n<p><bl-button a11yexpanded=\"false\" arialabel=\"Afficher toute la description\" class=\"read-more__btn\" full=\"false\" link=\"true\"><\/bl-button><\/div>","protected":false},"excerpt":{"rendered":"<div class=\"keypoints\">\n<h3 class=\"keypoints__title\">Les points cl\u00e9s<\/h3>\n<ul role=\"list\">\n<li class=\"keypoints__item\" role=\"listitem\">                                        Capteur : APS-C                      <\/li>\n<li class=\"keypoints__item\" role=\"listitem\">                                        Vitesse d&rsquo;obturation : 1\/8000 \u00e0 30 s                      <\/li>\n<li class=\"keypoints__item\" role=\"listitem\">                                        Connectivit\u00e9 : Wi-Fi, NFC                      <\/li>\n<li class=\"keypoints__item keypoints__item--advantage\" role=\"listitem\"><strong>Le + :<\/strong> Wi-Fi      <\/li>\n<\/ul>","protected":false},"featured_media":88818,"template":"","meta":{"_glsr_average":0,"_glsr_ranking":0,"_glsr_reviews":0},"product_cat":[477],"product_tag":[475,478,451],"class_list":{"0":"post-88819","1":"product","2":"type-product","3":"status-publish","4":"has-post-thumbnail","6":"product_cat-reflex","7":"product_tag-appareil-photo","8":"product_tag-reflex","9":"product_tag-tv-image-son","11":"first","12":"instock","13":"sale","14":"shipping-taxable","15":"purchasable","16":"product-type-simple"},"_links":{"self":[{"href":"https:\/\/electromenagerexpress.com\/en\/wp-json\/wp\/v2\/product\/88819","targetHints":{"allow":["GET"]}}],"collection":[{"href":"https:\/\/electromenagerexpress.com\/en\/wp-json\/wp\/v2\/product"}],"about":[{"href":"https:\/\/electromenagerexpress.com\/en\/wp-json\/wp\/v2\/types\/product"}],"wp:featuredmedia":[{"embeddable":true,"href":"https:\/\/electromenagerexpress.com\/en\/wp-json\/wp\/v2\/media\/88818"}],"wp:attachment":[{"href":"https:\/\/electromenagerexpress.com\/en\/wp-json\/wp\/v2\/media?parent=88819"}],"wp:term":[{"taxonomy":"product_cat","embeddable":true,"href":"https:\/\/electromenagerexpress.com\/en\/wp-json\/wp\/v2\/product_cat?post=88819"},{"taxonomy":"product_tag","embeddable":true,"href":"https:\/\/electromenagerexpress.com\/en\/wp-json\/wp\/v2\/product_tag?post=88819"}],"curies":[{"name":"wp","href":"https:\/\/api.w.org\/{rel}","templated":true}]}}