{"id":88803,"date":"2024-11-24T17:17:13","date_gmt":"2024-11-24T17:17:13","guid":{"rendered":"https:\/\/electromenagerexpress.com\/product\/appareil-photo-hybridefujifilm248579\/"},"modified":"2024-11-24T17:17:13","modified_gmt":"2024-11-24T17:17:13","slug":"appareil-photo-hybridefujifilm248579","status":"publish","type":"product","link":"https:\/\/electromenagerexpress.com\/en\/product\/appareil-photo-hybridefujifilm248579\/","title":{"rendered":"Appareil photo Hybride\t\t\t\t\t\t\tFUJIFILM\t\t\t\t248579"},"content":{"rendered":"<div class=\"product-features__content\">\n<ul role=\"list\">\n<li class=\"product-features__item\" role=\"listitem\">\n<h3 class=\"product-features__label\">Qualit\u00e9 photo et vid\u00e9o<\/h3>\n<ul role=\"list\">\n<li class=\"product-features__item-list__item\" role=\"listitem\"><span class=\"is--medium\">Capteur :<\/span> APS-C, permet de donner un rendu de qualit\u00e9 pour un format carte postale ou un agrandissement\t\t\t\t\t<\/li>\n<li class=\"product-features__item-list__item\" role=\"listitem\"><span class=\"is--medium\">Le saviez vous ? :<\/span> plus le capteur est grand, plus l&rsquo;image sera d\u00e9taill\u00e9e\t\t\t\t\t<\/li>\n<li class=\"product-features__item-list__item\" role=\"listitem\"><span class=\"is--medium\">R\u00e9solution (en m\u00e9gapixels) :<\/span> 40,2 Mpx\t\t\t\t\t<\/li>\n<li class=\"product-features__item-list__item\" role=\"listitem\"><span class=\"is--medium\">Comprendre la r\u00e9solution :<\/span> Plus ce chiffre sera \u00e9lev\u00e9, plus il sera possible d&rsquo;imprimer vos images en grand format comme des posters, ou encore effectuer des recadrages de qualit\u00e9 sur des logiciels de retouche photo.\t\t\t\t\t<\/li>\n<li class=\"product-features__item-list__item\" role=\"listitem\"><span class=\"is--medium\">Plage de sensibilit\u00e9 ISO :<\/span> de 100 \u00e0 12800\t\t\t\t\t<\/li>\n<li class=\"product-features__item-list__item\" role=\"listitem\"><span class=\"is--medium\">Comprendre la sensibilit\u00e9 ISO :<\/span> L&rsquo;ISO permet de contr\u00f4ler la lumi\u00e8re atteignant le capteur, de mani\u00e8re \u00e0 rendre la photo plus claire ou plus sombre. Elle fonctionne en automatique ou peut \u00eatre r\u00e9gl\u00e9e manuellement\t\t\t\t\t<\/li>\n<\/ul>\n<\/li>\n<li class=\"product-features__item\" role=\"listitem\">\n<h3 class=\"product-features__label\">Objectif<\/h3>\n<ul role=\"list\">\n<li class=\"product-features__item-list__item\" role=\"listitem\"><span class=\"is--medium\">Vitesse d&rsquo;obturation :<\/span> Non communiqu\u00e9\t\t\t\t\t<\/li>\n<\/ul>\n<\/li>\n<li class=\"product-features__item\" role=\"listitem\">\n<h3 class=\"product-features__label\">Dimensions<\/h3>\n<ul role=\"list\">\n<li class=\"product-features__item-list__item\" role=\"listitem\"><span class=\"is--medium\">Dimensions l x h x p :<\/span> 15 x 10 x 3 cm\t\t\t\t\t<\/li>\n<\/ul>\n<\/li>\n<li class=\"product-features__item\" role=\"listitem\">\n<h3 class=\"product-features__label\">Informations compl\u00e9mentaires<\/h3>\n<ul role=\"list\">\n<li class=\"product-features__item-list__item\" role=\"listitem\"><span class=\"is--medium\">Fabriqu\u00e9 en :<\/span> Chine\t\t\t\t\t<\/li>\n<li class=\"product-features__item-list__item\" role=\"listitem\"><span class=\"is--medium\">Disponibilit\u00e9 des pi\u00e8ces d\u00e9tach\u00e9es (donn\u00e9es fournisseur) :<\/span> Non communiqu\u00e9e\t\t\t\t\t<\/li>\n<li class=\"product-features__item-list__item\" role=\"listitem\"><span class=\"is--medium\">R\u00e9f\u00e9rence constructeur :<\/span> 248579\t\t\t\t\t<\/li>\n<li class=\"product-features__item-list__item\" role=\"listitem\"><span class=\"is--medium\">Marque :<\/span> FUJIFILM\t\t\t\t\t<\/li>\n<\/ul>\n<\/li>\n<\/ul>\n<\/div>\n<div class=\"product__disclosure-content\">\n<div class=\"js-read-more product-description__content read-more read-more--truncated\" data-read-more-name=\"description\" style=\"max-height: 500px; overflow: hidden;\">\n<p>Fujifilm X-T5 La photographie avant tout Le X-T5 est le dernier n\u00e9 de la s\u00e9rie X. Il est dot\u00e9 des avanc\u00e9es technologiques de cinqui\u00e8me g\u00e9n\u00e9ration, \u00e0 savoir le capteur r\u00e9tro\u00e9clair\u00e9 de 40,2 Mpx, X-TransTM CMOS 5 HR, et le processeur de traitement d&rsquo;image \u00e0 grande vitesse X-Processor 5, dans son bo\u00eetier compact qui est plus petit et plus l\u00e9ger que le mod\u00e8le pr\u00e9c\u00e9dent. Le nouvel \u00e9cran LCD inclinable dans 3 directions de 1 840 000pts rend plus confortable que jamais la prise de vue en position verticale ou au niveau de la taille. Ces nombreuses performances et fonctionnalit\u00e9s sont regroup\u00e9es dans un bo\u00eetier de 557g , plus l\u00e9ger et plus compact que le X-T4. Le X-T5 sera le compagnon id\u00e9al pour couvrir une grande diversit\u00e9 de genres photographiques, de la photographie de rue \/ documentaire, ce pour laquelle sa mobilit\u00e9 est un atout majeur, \u00e0 la photographie de paysage et au portrait, qui exige une qualit\u00e9 d&rsquo;image sup\u00e9rieure. Parmi les autres caract\u00e9ristiques qui s&rsquo;ajoutent au confort de l&rsquo;exp\u00e9rience photographique des utilisateurs, citons la possibilit\u00e9 d&rsquo;enregistrer des vid\u00e9os 4:2:2 10 bits \u00e0 6.2K\/30P, le grossissement du viseur de 0,8x, l&rsquo;EVF de 3,69 millions de points et les doubles logements pour carte SD Caract\u00e9ristiques : Le Pixel Shift Multi Shot Ce mod\u00e8le utilise le m\u00e9canisme de stabilisation pour d\u00e9caler tr\u00e8s pr\u00e9cis\u00e9ment le capteur d&rsquo;image tout en capturant 20 images automatiquement d&rsquo;un seul d\u00e9clenchement. Le logiciel d\u00e9di\u00e9 (Pixel Shift Combiner) traite les vues captur\u00e9es afin de produire une image d&rsquo;environ 160 millions de pixels, parfaite pour la photographie publicitaire et l&rsquo;archivage num\u00e9rique. Un AF compos\u00e9 d&rsquo;une IA Le nouveau processeur d&rsquo;image b\u00e9n\u00e9ficie d&rsquo;une fonction AF de d\u00e9tection de sujets, d\u00e9velopp\u00e9e \u00e0 travers la technologie Deep Learning. Elle d\u00e9tecte et suit automatiquement non seulement les visages \/ les yeux humains, mais aussi les animaux, les oiseaux, les voitures, les motos, les v\u00e9los, les avions, les trains, etc., pour maintenir le point. Stabilisation Interne revue L&rsquo;appareil photo est dot\u00e9 d&rsquo;un tout nouveau syst\u00e8me de stabilisation d&rsquo;image sur cinq axes, int\u00e9gr\u00e9 au bo\u00eetier. S&rsquo;appuyant sur le nouveau processeur et une nouvelle fonction de d\u00e9tection et de contr\u00f4le, il offre un gain de 7,0 IL. Des commandes par molette Le X-T5 dispose de trois molettes sur le panneau sup\u00e9rieur pour contr\u00f4ler la sensibilit\u00e9 ISO, la vitesse d&rsquo;obturation et la correction d&rsquo;exposition. Les utilisateurs peuvent v\u00e9rifier et modifier les param\u00e8tres de l&rsquo;appareil avant m\u00eame de l&rsquo;allumer, comme c&rsquo;est le cas pour la bague des ouvertures, pr\u00e9sente dans la plupart des objectifs XF. Une nouvelle fa\u00e7on de shooter Une nouvelle caract\u00e9ristique du X-T5 est l&rsquo;\u00e9cran LCD inclinable \u00e0 trois voies de 1,84 million de points. Il facilite la prise de vue en position verticale ou au niveau de la taille, lib\u00e9rant les utilisateurs des contraintes dans un large \u00e9ventail de situations photographiques. Les simulations de film Le X-T5 est dot\u00e9 de 19 modes de simulation de film, dont le mode Nostalgic Neg, caract\u00e9ris\u00e9 par une saturation \u00e9lev\u00e9e et une tonalit\u00e9 douce. Les utilisateurs peuvent utiliser des pr\u00e9r\u00e9glages de simulation de film, con\u00e7us pour diff\u00e9rents types de sujets et de sc\u00e8nes, comme s&rsquo;ils choisissaient un film photographique.<\/p>\n<\/div>\n<p><bl-button a11yexpanded=\"false\" arialabel=\"Afficher toute la description\" class=\"read-more__btn\" full=\"false\" link=\"true\"><\/bl-button><\/div>","protected":false},"excerpt":{"rendered":"<div class=\"keypoints\">\n<h3 class=\"keypoints__title\">Les points cl\u00e9s<\/h3>\n<ul role=\"list\">\n<li class=\"keypoints__item\" role=\"listitem\">                                        Ideal pour : Confirm\u00e9                      <\/li>\n<li class=\"keypoints__item\" role=\"listitem\">                          Capteur : APS-C &#8211;                                                      R\u00e9solution 42 m\u00e9gapixels                      <\/li>\n<li class=\"keypoints__item\" role=\"listitem\">                          Sensibilit\u00e9 ISO maximale : 1 600 000 &#8211;                                                      Vitesse d&rsquo;obturation : Non communiqu\u00e9                      <\/li>\n<li class=\"keypoints__item\" role=\"listitem\">                                        Connectivit\u00e9 : Wi-Fi, Wi-Fi Direct                      <\/li>\n<\/ul>","protected":false},"featured_media":88802,"template":"","meta":{"_glsr_average":0,"_glsr_ranking":0,"_glsr_reviews":0},"product_cat":[474],"product_tag":[475,476,451],"class_list":{"0":"post-88803","1":"product","2":"type-product","3":"status-publish","4":"has-post-thumbnail","6":"product_cat-appareil-photo-hybride","7":"product_tag-appareil-photo","8":"product_tag-appareil-photo-hybride","9":"product_tag-tv-image-son","11":"first","12":"instock","13":"sale","14":"shipping-taxable","15":"purchasable","16":"product-type-simple"},"_links":{"self":[{"href":"https:\/\/electromenagerexpress.com\/en\/wp-json\/wp\/v2\/product\/88803","targetHints":{"allow":["GET"]}}],"collection":[{"href":"https:\/\/electromenagerexpress.com\/en\/wp-json\/wp\/v2\/product"}],"about":[{"href":"https:\/\/electromenagerexpress.com\/en\/wp-json\/wp\/v2\/types\/product"}],"wp:featuredmedia":[{"embeddable":true,"href":"https:\/\/electromenagerexpress.com\/en\/wp-json\/wp\/v2\/media\/88802"}],"wp:attachment":[{"href":"https:\/\/electromenagerexpress.com\/en\/wp-json\/wp\/v2\/media?parent=88803"}],"wp:term":[{"taxonomy":"product_cat","embeddable":true,"href":"https:\/\/electromenagerexpress.com\/en\/wp-json\/wp\/v2\/product_cat?post=88803"},{"taxonomy":"product_tag","embeddable":true,"href":"https:\/\/electromenagerexpress.com\/en\/wp-json\/wp\/v2\/product_tag?post=88803"}],"curies":[{"name":"wp","href":"https:\/\/api.w.org\/{rel}","templated":true}]}}