{"id":88778,"date":"2024-11-24T17:16:47","date_gmt":"2024-11-24T17:16:47","guid":{"rendered":"https:\/\/electromenagerexpress.com\/product\/appareil-photo-reflexnikond5300-af-s-18-55vr-reconditionne\/"},"modified":"2024-11-24T17:16:52","modified_gmt":"2024-11-24T17:16:52","slug":"appareil-photo-reflexnikond5300-af-s-18-55vr-reconditionne","status":"publish","type":"product","link":"https:\/\/electromenagerexpress.com\/en\/product\/appareil-photo-reflexnikond5300-af-s-18-55vr-reconditionne\/","title":{"rendered":"Appareil photo Reflex\t\t\t\t\t\t\tNIKON\t\t\t\tD5300 + AF-S 18-55vr Reconditionn\u00e9"},"content":{"rendered":"<div class=\"product-features__content\">\n<ul role=\"list\">\n<li class=\"product-features__item\" role=\"listitem\">\n<h3 class=\"product-features__label\">Qualit\u00e9 photo et vid\u00e9o<\/h3>\n<ul role=\"list\">\n<li class=\"product-features__item-list__item\" role=\"listitem\"><span class=\"is--medium\">Capteur :<\/span> APS-C, permet de donner un rendu de qualit\u00e9 pour un format carte postale ou un agrandissement\t\t\t\t\t<\/li>\n<li class=\"product-features__item-list__item\" role=\"listitem\"><span class=\"is--medium\">Le saviez vous ? :<\/span> plus le capteur est grand, plus l&rsquo;image sera d\u00e9taill\u00e9e\t\t\t\t\t<\/li>\n<li class=\"product-features__item-list__item\" role=\"listitem\"><span class=\"is--medium\">R\u00e9solution (en m\u00e9gapixels) :<\/span> 24,2 Mpx\t\t\t\t\t<\/li>\n<li class=\"product-features__item-list__item\" role=\"listitem\"><span class=\"is--medium\">Comprendre la r\u00e9solution :<\/span> Plus ce chiffre sera \u00e9lev\u00e9, plus il sera possible d&rsquo;imprimer vos images en grand format comme des posters, ou encore effectuer des recadrages de qualit\u00e9 sur des logiciels de retouche photo.\t\t\t\t\t<\/li>\n<\/ul>\n<\/li>\n<li class=\"product-features__item\" role=\"listitem\">\n<h3 class=\"product-features__label\">Objectif<\/h3>\n<ul role=\"list\">\n<li class=\"product-features__item-list__item\" role=\"listitem\"><span class=\"is--medium\">Vitesse d&rsquo;obturation :<\/span> 1\/4000 \u00e0 30 s\t\t\t\t\t<\/li>\n<li class=\"product-features__item-list__item\" role=\"listitem\"><span class=\"is--medium\">Comprendre la vitesse d&rsquo;obturation :<\/span> La vitesse d&rsquo;obturation, est le temps pendant lequel l&rsquo;obturateur s&rsquo;ouvre au d\u00e9clenchement. Si la vitesse est r\u00e9gl\u00e9e sur une valeur rapide, (jusqu&rsquo;\u00e0 1\/8000 sec) l&rsquo;image sera nette, au contraire si la vitesse est r\u00e9gl\u00e9e sur une valeur lente (jusqu&rsquo;\u00e0 30 sec) l&rsquo;image aura un effet artistique.\t\t\t\t\t<\/li>\n<li class=\"product-features__item-list__item\" role=\"listitem\"><span class=\"is--medium\">Mode rafale :<\/span> 5 images\/s\t\t\t\t\t<\/li>\n<\/ul>\n<\/li>\n<li class=\"product-features__item\" role=\"listitem\">\n<h3 class=\"product-features__label\">Dimensions<\/h3>\n<ul role=\"list\">\n<li class=\"product-features__item-list__item\" role=\"listitem\"><span class=\"is--medium\">Dimensions l x h x p :<\/span> 12.5 x 9.8 x 7.6 cm\t\t\t\t\t<\/li>\n<\/ul>\n<\/li>\n<li class=\"product-features__item\" role=\"listitem\">\n<h3 class=\"product-features__label\">Informations compl\u00e9mentaires<\/h3>\n<ul role=\"list\">\n<li class=\"product-features__item-list__item\" role=\"listitem\"><span class=\"is--medium\">R\u00e9f\u00e9rence constructeur :<\/span> D5300 + AF-S 18-55vr\t\t\t\t\t<\/li>\n<li class=\"product-features__item-list__item\" role=\"listitem\"><span class=\"is--medium\">Marque :<\/span> NIKON\t\t\t\t\t<\/li>\n<\/ul>\n<\/li>\n<\/ul>\n<\/div>\n<div class=\"product__disclosure-content\">\n<div class=\"js-read-more product-description__content read-more read-more--truncated\" data-read-more-name=\"description\" style=\"max-height: 500px; overflow: hidden;\">\n<h2><center><u>Appareil Photo Reflex Nikon D5300 WiFi + 18-105VR<\/u><\/center><\/h2>\n<h3><font color=\"#60aeb8\"><\/p>\n<p style=\"font-size:large\">La qualit\u00e9 Nikon pour votre reflex<\/p>\n<p><\/font><\/h3>\n<p ,=\"\" align=\"justify\" style=\"font-size:medium\"><font color=\"444444\">Si vous cherchez un bon appareil photo, les reflex sont, sans nul doute, les plus performants des appareils photo pr\u00e9sents sur le march\u00e9. Les professionnels du secteur ou les amateurs de photographie utilisent des reflex car ils assurent une excellente maitrise des param\u00e8tres des photographies. Nikon, marque tr\u00e8s connue et notamment pour la qualit\u00e9 de ses appareils photo, vous offre ici un mod\u00e8le haut de gamme qui saura r\u00e9pondre \u00e0 tous vos besoins. Avec l&rsquo;appareil photo Reflex Nikon D5300, vous r\u00e9ussirez \u00e0 coup s\u00fbr vos photos personnelles avec votre famille et vos amis mais aussi des captures de paysages, des portraits ou encore celles de sujets en mouvement gr\u00e2ce \u00e0 son mode rafale qui prend <b>5 images par seconde<\/b>. Sa sensibilit\u00e9 ISO va de <b>100 \u00e0 12 800 ISO par incr\u00e9ment d&rsquo;1\/3 IL<\/b> et sa <b>vitesse d&rsquo;obturation est de 1\/4000 \u00e0 30 s<\/b>.<\/font><\/p>\n<h3><font color=\"#60aeb8\"><\/p>\n<p style=\"font-size:large\">Des particularit\u00e9s originales et modernes<\/p>\n<p><\/font><\/h3>\n<p ,=\"\" align=\"justify\" style=\"font-size:medium\"><font color=\"444444\">Mais votre Photo Reflex Nikon D5300 ne vous permet pas seulement de prendre des photographies de qualit\u00e9, il vous donne aussi acc\u00e8s au WiFi. Cette caract\u00e9ristique pratique offre donc la possibilit\u00e9 d&rsquo;envoyer vos photos directement sur votre ordinateur ou sur des sites Internet sans avoir \u00e0 le brancher. Il int\u00e8gre \u00e9galement une fonction GPS et est dot\u00e9 d&rsquo;un <b>grand \u00e9cran de 8,1 cm<\/b> que vous pouvez placer dans diff\u00e9rentes positions, avec une <b>r\u00e9solution de 24,2 m\u00e9gapixels<\/b>. Et puisque cet appareil photo est un must, il donne aussi la possibilit\u00e9 <b>d&rsquo;enregistrer des vid\u00e9os en full HD<\/b> pour que vous soyez certain d&rsquo;avoir une qualit\u00e9 optimale d&rsquo;images.<\/font><\/p>\n<\/p>\n<\/div>\n<p><bl-button a11yexpanded=\"false\" arialabel=\"Afficher toute la description\" class=\"read-more__btn\" full=\"false\" link=\"true\"><\/bl-button><\/div>","protected":false},"excerpt":{"rendered":"<div class=\"keypoints\">\n<h3 class=\"keypoints__title\">Les points cl\u00e9s<\/h3>\n<ul role=\"list\">\n<li class=\"keypoints__item\" role=\"listitem\">                                        Capteur : APS-C                      <\/li>\n<li class=\"keypoints__item\" role=\"listitem\">                                        Vitesse d&rsquo;obturation : 1\/4000 \u00e0 30 s                      <\/li>\n<li class=\"keypoints__item\" role=\"listitem\">                                        Connectivit\u00e9 : Wi-Fi                      <\/li>\n<\/ul>","protected":false},"featured_media":88777,"template":"","meta":{"_glsr_average":0,"_glsr_ranking":0,"_glsr_reviews":0},"product_cat":[477],"product_tag":[475,478,451],"class_list":{"0":"post-88778","1":"product","2":"type-product","3":"status-publish","4":"has-post-thumbnail","6":"product_cat-reflex","7":"product_tag-appareil-photo","8":"product_tag-reflex","9":"product_tag-tv-image-son","11":"first","12":"instock","13":"sale","14":"shipping-taxable","15":"purchasable","16":"product-type-simple"},"_links":{"self":[{"href":"https:\/\/electromenagerexpress.com\/en\/wp-json\/wp\/v2\/product\/88778","targetHints":{"allow":["GET"]}}],"collection":[{"href":"https:\/\/electromenagerexpress.com\/en\/wp-json\/wp\/v2\/product"}],"about":[{"href":"https:\/\/electromenagerexpress.com\/en\/wp-json\/wp\/v2\/types\/product"}],"wp:featuredmedia":[{"embeddable":true,"href":"https:\/\/electromenagerexpress.com\/en\/wp-json\/wp\/v2\/media\/88777"}],"wp:attachment":[{"href":"https:\/\/electromenagerexpress.com\/en\/wp-json\/wp\/v2\/media?parent=88778"}],"wp:term":[{"taxonomy":"product_cat","embeddable":true,"href":"https:\/\/electromenagerexpress.com\/en\/wp-json\/wp\/v2\/product_cat?post=88778"},{"taxonomy":"product_tag","embeddable":true,"href":"https:\/\/electromenagerexpress.com\/en\/wp-json\/wp\/v2\/product_tag?post=88778"}],"curies":[{"name":"wp","href":"https:\/\/api.w.org\/{rel}","templated":true}]}}