{"id":88762,"date":"2024-11-24T17:16:29","date_gmt":"2024-11-24T17:16:29","guid":{"rendered":"https:\/\/electromenagerexpress.com\/product\/appareil-photo-reflexcanoneos-700d-18-55is-stm-reconditionne\/"},"modified":"2024-11-24T17:16:36","modified_gmt":"2024-11-24T17:16:36","slug":"appareil-photo-reflexcanoneos-700d-18-55is-stm-reconditionne","status":"publish","type":"product","link":"https:\/\/electromenagerexpress.com\/en\/product\/appareil-photo-reflexcanoneos-700d-18-55is-stm-reconditionne\/","title":{"rendered":"Appareil photo Reflex\t\t\t\t\t\t\tCANON\t\t\t\tEOS 700D + 18-55IS STM Reconditionn\u00e9"},"content":{"rendered":"<div class=\"product-features__content\">\n<ul role=\"list\">\n<li class=\"product-features__item\" role=\"listitem\">\n<h3 class=\"product-features__label\">Qualit\u00e9 photo et vid\u00e9o<\/h3>\n<ul role=\"list\">\n<li class=\"product-features__item-list__item\" role=\"listitem\"><span class=\"is--medium\">Capteur :<\/span> APS-C, permet de donner un rendu de qualit\u00e9 pour un format carte postale ou un agrandissement\t\t\t\t\t<\/li>\n<li class=\"product-features__item-list__item\" role=\"listitem\"><span class=\"is--medium\">Le saviez vous ? :<\/span> plus le capteur est grand, plus l&rsquo;image sera d\u00e9taill\u00e9e\t\t\t\t\t<\/li>\n<li class=\"product-features__item-list__item\" role=\"listitem\"><span class=\"is--medium\">R\u00e9solution (en m\u00e9gapixels) :<\/span> 18,0 Mpx\t\t\t\t\t<\/li>\n<li class=\"product-features__item-list__item\" role=\"listitem\"><span class=\"is--medium\">Comprendre la r\u00e9solution :<\/span> Plus ce chiffre sera \u00e9lev\u00e9, plus il sera possible d&rsquo;imprimer vos images en grand format comme des posters, ou encore effectuer des recadrages de qualit\u00e9 sur des logiciels de retouche photo.\t\t\t\t\t<\/li>\n<\/ul>\n<\/li>\n<li class=\"product-features__item\" role=\"listitem\">\n<h3 class=\"product-features__label\">Objectif<\/h3>\n<ul role=\"list\">\n<li class=\"product-features__item-list__item\" role=\"listitem\"><span class=\"is--medium\">Vitesse d&rsquo;obturation :<\/span> 1\/4000 \u00e0 30 s\t\t\t\t\t<\/li>\n<li class=\"product-features__item-list__item\" role=\"listitem\"><span class=\"is--medium\">Comprendre la vitesse d&rsquo;obturation :<\/span> La vitesse d&rsquo;obturation, est le temps pendant lequel l&rsquo;obturateur s&rsquo;ouvre au d\u00e9clenchement. Si la vitesse est r\u00e9gl\u00e9e sur une valeur rapide, (jusqu&rsquo;\u00e0 1\/8000 sec) l&rsquo;image sera nette, au contraire si la vitesse est r\u00e9gl\u00e9e sur une valeur lente (jusqu&rsquo;\u00e0 30 sec) l&rsquo;image aura un effet artistique.\t\t\t\t\t<\/li>\n<\/ul>\n<\/li>\n<li class=\"product-features__item\" role=\"listitem\">\n<h3 class=\"product-features__label\">Dimensions<\/h3>\n<ul role=\"list\">\n<li class=\"product-features__item-list__item\" role=\"listitem\"><span class=\"is--medium\">Dimensions l x h x p :<\/span> 13.31 x 9.98 x 7.88 cm\t\t\t\t\t<\/li>\n<\/ul>\n<\/li>\n<li class=\"product-features__item\" role=\"listitem\">\n<h3 class=\"product-features__label\">Informations compl\u00e9mentaires<\/h3>\n<ul role=\"list\">\n<li class=\"product-features__item-list__item\" role=\"listitem\"><span class=\"is--medium\">R\u00e9f\u00e9rence constructeur :<\/span> EOS 700D + 18-55IS STM\t\t\t\t\t<\/li>\n<li class=\"product-features__item-list__item\" role=\"listitem\"><span class=\"is--medium\">Marque :<\/span> CANON\t\t\t\t\t<\/li>\n<\/ul>\n<\/li>\n<\/ul>\n<\/div>\n<div class=\"product__disclosure-content\">\n<div class=\"js-read-more product-description__content read-more read-more--truncated\" data-read-more-name=\"description\" style=\"max-height: 500px; overflow: hidden;\">\n<h3>Des possibilit\u00e9s multiples<\/h3>\n<p class=\"wy_tableau_gauche\"><img fetchpriority=\"high\" decoding=\"async\" height=\"293\" src=\"https:\/\/boulanger.scene7.com\/is\/image\/Boulanger\/8714574602400_p4?wid=840&amp;hei=293\" width=\"840\"\/><\/p>\n<p>Vous avez envie d&rsquo;exprimer toute votre cr\u00e9ativit\u00e9 artistique ? Optez pour l&rsquo;appareil photo reflex CANON EOS 700D ! Gr\u00e2ce \u00e0 son <b>capteur Hybrid CMOS AF 18 millions de pixels<\/b>, cet appareil photo reflex vous offre une qualit\u00e9 d&rsquo;image suffisante pour pouvoir ensuite recadrer ou imprimer vos clich\u00e9s en grand format.<\/p>\n<p> Le syst\u00e8me d&rsquo;autofocus comprenant 9 collimateurs de cet appareil photo est id\u00e9al pour capturer des sujets de mani\u00e8re claire, m\u00eame s&rsquo;ils sont en mouvement. Une aubaine pour des clich\u00e9s toujours r\u00e9ussis ! D\u00e9couvrez \u00e9galement la possibilit\u00e9 de filmer diff\u00e9rentes sc\u00e8nes en <b>Full HD<\/b>, pour un r\u00e9sultat toujours plus pr\u00e9cis et agr\u00e9able \u00e0 visionner. <\/p>\n<p>Un vrai plus pour vos souvenirs de vacances ou pour immortaliser les premiers pas de votre enfant ! Enfin, la gamme d&rsquo;effets de filtres cr\u00e9atifs, comme Noir et blanc granuleux ou Miniature, vous permet de cr\u00e9er des images originales en un rien de temps.<\/p>\n<h3>Un appareil confortable et \u00e9volutif<\/h3>\n<p class=\"wy_tableau_gauche\"><img decoding=\"async\" height=\"293\" src=\"https:\/\/boulanger.scene7.com\/is\/image\/Boulanger\/8714574602400_p3?wid=840&amp;hei=293\" width=\"840\"\/><\/p>\n<p>En plus d&rsquo;une grande vari\u00e9t\u00e9 de possibilit\u00e9s, cet appareil photo reflex Canon vous offre un v\u00e9ritable confort d&rsquo;utilisation. Son <b>grand \u00e9cran tactile orientable<\/b> facilite la gestion des fonctionnalit\u00e9s de l&rsquo;appareil et vous permet d&rsquo;explorer de nouveaux angles de prise de vue. Vos clich\u00e9s prennent soudain une nouvelle dimension. <\/p>\n<p>Fonctionnant en <b>mode automatique ou manuel<\/b>, cet appareil s&rsquo;adapte \u00e0 votre niveau et vous offre la possibilit\u00e9 d&rsquo;\u00e9voluer \u00e0 votre rythme. La vaste gamme d&rsquo;objectifs et de flashes compatible avec cet appareil photo est par ailleurs un pr\u00e9cieux atout pour des photos toujours plus surprenantes.<\/p>\n<\/p>\n<\/div>\n<p><bl-button a11yexpanded=\"false\" arialabel=\"Afficher toute la description\" class=\"read-more__btn\" full=\"false\" link=\"true\"><\/bl-button><\/div>","protected":false},"excerpt":{"rendered":"<div class=\"keypoints\">\n<h3 class=\"keypoints__title\">Les points cl\u00e9s<\/h3>\n<ul role=\"list\">\n<li class=\"keypoints__item\" role=\"listitem\">                                        Capteur : APS-C                      <\/li>\n<li class=\"keypoints__item\" role=\"listitem\">                                        Vitesse d&rsquo;obturation : 1\/4000 \u00e0 30 s                      <\/li>\n<li class=\"keypoints__item\" role=\"listitem\">                                        Connectivit\u00e9 : Pictbridge                      <\/li>\n<\/ul>","protected":false},"featured_media":88761,"template":"","meta":{"_glsr_average":0,"_glsr_ranking":0,"_glsr_reviews":0},"product_cat":[477],"product_tag":[475,478,451],"class_list":{"0":"post-88762","1":"product","2":"type-product","3":"status-publish","4":"has-post-thumbnail","6":"product_cat-reflex","7":"product_tag-appareil-photo","8":"product_tag-reflex","9":"product_tag-tv-image-son","11":"first","12":"instock","13":"sale","14":"shipping-taxable","15":"purchasable","16":"product-type-simple"},"_links":{"self":[{"href":"https:\/\/electromenagerexpress.com\/en\/wp-json\/wp\/v2\/product\/88762","targetHints":{"allow":["GET"]}}],"collection":[{"href":"https:\/\/electromenagerexpress.com\/en\/wp-json\/wp\/v2\/product"}],"about":[{"href":"https:\/\/electromenagerexpress.com\/en\/wp-json\/wp\/v2\/types\/product"}],"wp:featuredmedia":[{"embeddable":true,"href":"https:\/\/electromenagerexpress.com\/en\/wp-json\/wp\/v2\/media\/88761"}],"wp:attachment":[{"href":"https:\/\/electromenagerexpress.com\/en\/wp-json\/wp\/v2\/media?parent=88762"}],"wp:term":[{"taxonomy":"product_cat","embeddable":true,"href":"https:\/\/electromenagerexpress.com\/en\/wp-json\/wp\/v2\/product_cat?post=88762"},{"taxonomy":"product_tag","embeddable":true,"href":"https:\/\/electromenagerexpress.com\/en\/wp-json\/wp\/v2\/product_tag?post=88762"}],"curies":[{"name":"wp","href":"https:\/\/api.w.org\/{rel}","templated":true}]}}