{"id":88754,"date":"2024-11-24T17:16:21","date_gmt":"2024-11-24T17:16:21","guid":{"rendered":"https:\/\/electromenagerexpress.com\/product\/appareil-photo-reflexcanoneos-7d-nu-reconditionne\/"},"modified":"2024-11-24T17:16:27","modified_gmt":"2024-11-24T17:16:27","slug":"appareil-photo-reflexcanoneos-7d-nu-reconditionne","status":"publish","type":"product","link":"https:\/\/electromenagerexpress.com\/en\/product\/appareil-photo-reflexcanoneos-7d-nu-reconditionne\/","title":{"rendered":"Appareil photo Reflex\t\t\t\t\t\t\tCANON\t\t\t\tEOS 7D nu Reconditionn\u00e9"},"content":{"rendered":"<div class=\"product-features__content\">\n<ul role=\"list\">\n<li class=\"product-features__item\" role=\"listitem\">\n<h3 class=\"product-features__label\">Qualit\u00e9 photo et vid\u00e9o<\/h3>\n<ul role=\"list\">\n<li class=\"product-features__item-list__item\" role=\"listitem\"><span class=\"is--medium\">Capteur :<\/span> APS-C, permet de donner un rendu de qualit\u00e9 pour un format carte postale ou un agrandissement\t\t\t\t\t<\/li>\n<li class=\"product-features__item-list__item\" role=\"listitem\"><span class=\"is--medium\">Le saviez vous ? :<\/span> plus le capteur est grand, plus l&rsquo;image sera d\u00e9taill\u00e9e\t\t\t\t\t<\/li>\n<li class=\"product-features__item-list__item\" role=\"listitem\"><span class=\"is--medium\">R\u00e9solution (en m\u00e9gapixels) :<\/span> 18,0 Mpx\t\t\t\t\t<\/li>\n<li class=\"product-features__item-list__item\" role=\"listitem\"><span class=\"is--medium\">Comprendre la r\u00e9solution :<\/span> Plus ce chiffre sera \u00e9lev\u00e9, plus il sera possible d&rsquo;imprimer vos images en grand format comme des posters, ou encore effectuer des recadrages de qualit\u00e9 sur des logiciels de retouche photo.\t\t\t\t\t<\/li>\n<\/ul>\n<\/li>\n<li class=\"product-features__item\" role=\"listitem\">\n<h3 class=\"product-features__label\">Objectif<\/h3>\n<ul role=\"list\">\n<li class=\"product-features__item-list__item\" role=\"listitem\"><span class=\"is--medium\">Vitesse d&rsquo;obturation :<\/span> 1\/8000 \u00e0 30 s\t\t\t\t\t<\/li>\n<li class=\"product-features__item-list__item\" role=\"listitem\"><span class=\"is--medium\">Comprendre la vitesse d&rsquo;obturation :<\/span> La vitesse d&rsquo;obturation, est le temps pendant lequel l&rsquo;obturateur s&rsquo;ouvre au d\u00e9clenchement. Si la vitesse est r\u00e9gl\u00e9e sur une valeur rapide, (jusqu&rsquo;\u00e0 1\/8000 sec) l&rsquo;image sera nette, au contraire si la vitesse est r\u00e9gl\u00e9e sur une valeur lente (jusqu&rsquo;\u00e0 30 sec) l&rsquo;image aura un effet artistique.\t\t\t\t\t<\/li>\n<\/ul>\n<\/li>\n<li class=\"product-features__item\" role=\"listitem\">\n<h3 class=\"product-features__label\">Dimensions<\/h3>\n<ul role=\"list\">\n<li class=\"product-features__item-list__item\" role=\"listitem\"><span class=\"is--medium\">Dimensions l x h x p :<\/span> 14.82 x 11.07 x 7.35 cm\t\t\t\t\t<\/li>\n<\/ul>\n<\/li>\n<li class=\"product-features__item\" role=\"listitem\">\n<h3 class=\"product-features__label\">Informations compl\u00e9mentaires<\/h3>\n<ul role=\"list\">\n<li class=\"product-features__item-list__item\" role=\"listitem\"><span class=\"is--medium\">R\u00e9f\u00e9rence constructeur :<\/span> EOS 7D nu\t\t\t\t\t<\/li>\n<li class=\"product-features__item-list__item\" role=\"listitem\"><span class=\"is--medium\">Marque :<\/span> CANON\t\t\t\t\t<\/li>\n<\/ul>\n<\/li>\n<\/ul>\n<\/div>\n<div class=\"product__disclosure-content\">\n<div class=\"js-read-more product-description__content read-more read-more--truncated\" data-read-more-name=\"description\" style=\"max-height: 500px; overflow: hidden;\">\n<h2><center>Reflex Canon Eos 7D<\/center><\/h2>\n<h3><font color=\"212121\">Appareil photo Reflex Canon : des prouesses techniques exceptionnelles !<\/font><\/h3>\n<p><font color=\"414141\">Que vous soyez un amateur de photographie ou bien un professionnel aguerri, vous ne r\u00e9sisterez pas aux performances technique de l&rsquo;<b>appareil photo Reflex Canon Eos 7D<\/b> ! Il faut dire que le bo\u00eetier concentre \u00e0 lui seul une multitude de technologies toutes plus innovantes les unes que les autres. Dot\u00e9 d&rsquo;un capteur CMOS de 18 m\u00e9gapixels, l&rsquo;<b>appareil photo Reflex Eos 7D<\/b> b\u00e9n\u00e9ficie en prime du processeur DIGIC dont le traitement d&rsquo;images de 14 bits vous garantit un r\u00e9sultat d&rsquo;une subtilit\u00e9 in\u00e9gal\u00e9e. Son syst\u00e8me d&rsquo;autofocus ultra-perfectionn\u00e9 vous assure \u00e9galement une mise au point m\u00eame dans les cas de grande ouverture. Gr\u00e2ce \u00e0 un \u00e9cran de 7,6 cm et d&rsquo;une r\u00e9solution de 920 000 pixels, la visualisation de vos prises de vue en temps r\u00e9el sera facilit\u00e9e.<\/font><\/p>\n<h3><font color=\"212121\">Appareil photo Reflex Eos 7D : des fonctions tr\u00e8s pratiques !<\/font><\/h3>\n<p><font color=\"414141\">Affichant fi\u00e8rement un poids de 820 g, cet appareil sera de toutes vos exp\u00e9ditions, m\u00eame les plus extr\u00eames, d&rsquo;autant plus que <b>Canon<\/b> a dot\u00e9 son mod\u00e8le du syst\u00e8me EOS de nettoyage int\u00e9gr\u00e9 tr\u00e8s efficace contre la poussi\u00e8re sur le capteur. De quoi vous assurer de belles photos en toute circonstance ! Vous pourrez \u00e9galement r\u00e9aliser des films via le mode vid\u00e9o dont est muni l&rsquo;<b>appareil photo Reflex Eos 7D<\/b>. Un mode vid\u00e9o performant qui vous offre la possibilit\u00e9 de r\u00e9aliser des enregistrements d&rsquo;une qualit\u00e9 d&rsquo;image en haute d\u00e9finition. Au terme de votre capture, vous aurez la possibilit\u00e9 de transf\u00e9rer vos fichiers vers un p\u00e9riph\u00e9rique de stockage externe ou un ordinateur gr\u00e2ce \u00e0 la sortie HDMI int\u00e9gr\u00e9e.<\/font><\/p>\n<\/p>\n<\/div>\n<p><bl-button a11yexpanded=\"false\" arialabel=\"Afficher toute la description\" class=\"read-more__btn\" full=\"false\" link=\"true\"><\/bl-button><\/div>","protected":false},"excerpt":{"rendered":"<div class=\"keypoints\">\n<h3 class=\"keypoints__title\">Les points cl\u00e9s<\/h3>\n<ul role=\"list\">\n<li class=\"keypoints__item\" role=\"listitem\">                                        Capteur : APS-C                      <\/li>\n<li class=\"keypoints__item\" role=\"listitem\">                                        Vitesse d&rsquo;obturation : 1\/8000 \u00e0 30 s                      <\/li>\n<li class=\"keypoints__item\" role=\"listitem\">                                        Connectivit\u00e9 : Pictbridge                      <\/li>\n<\/ul>","protected":false},"featured_media":88753,"template":"","meta":{"_glsr_average":0,"_glsr_ranking":0,"_glsr_reviews":0},"product_cat":[477],"product_tag":[475,478,451],"class_list":{"0":"post-88754","1":"product","2":"type-product","3":"status-publish","4":"has-post-thumbnail","6":"product_cat-reflex","7":"product_tag-appareil-photo","8":"product_tag-reflex","9":"product_tag-tv-image-son","11":"first","12":"instock","13":"sale","14":"shipping-taxable","15":"purchasable","16":"product-type-simple"},"_links":{"self":[{"href":"https:\/\/electromenagerexpress.com\/en\/wp-json\/wp\/v2\/product\/88754","targetHints":{"allow":["GET"]}}],"collection":[{"href":"https:\/\/electromenagerexpress.com\/en\/wp-json\/wp\/v2\/product"}],"about":[{"href":"https:\/\/electromenagerexpress.com\/en\/wp-json\/wp\/v2\/types\/product"}],"wp:featuredmedia":[{"embeddable":true,"href":"https:\/\/electromenagerexpress.com\/en\/wp-json\/wp\/v2\/media\/88753"}],"wp:attachment":[{"href":"https:\/\/electromenagerexpress.com\/en\/wp-json\/wp\/v2\/media?parent=88754"}],"wp:term":[{"taxonomy":"product_cat","embeddable":true,"href":"https:\/\/electromenagerexpress.com\/en\/wp-json\/wp\/v2\/product_cat?post=88754"},{"taxonomy":"product_tag","embeddable":true,"href":"https:\/\/electromenagerexpress.com\/en\/wp-json\/wp\/v2\/product_tag?post=88754"}],"curies":[{"name":"wp","href":"https:\/\/api.w.org\/{rel}","templated":true}]}}