{"id":88697,"date":"2024-11-24T17:15:21","date_gmt":"2024-11-24T17:15:21","guid":{"rendered":"https:\/\/electromenagerexpress.com\/product\/appareil-photo-hybridepanasonicdmc-g7-14-42mm\/"},"modified":"2024-11-24T17:15:31","modified_gmt":"2024-11-24T17:15:31","slug":"appareil-photo-hybridepanasonicdmc-g7-14-42mm","status":"publish","type":"product","link":"https:\/\/electromenagerexpress.com\/en\/product\/appareil-photo-hybridepanasonicdmc-g7-14-42mm\/","title":{"rendered":"Appareil photo Hybride\t\t\t\t\t\t\tPANASONIC\t\t\t\tDMC-G7 + 14-42mm"},"content":{"rendered":"<div class=\"product-features__content\">\n<ul role=\"list\">\n<li class=\"product-features__item\" role=\"listitem\">\n<h3 class=\"product-features__label\">Qualit\u00e9 photo et vid\u00e9o<\/h3>\n<ul role=\"list\">\n<li class=\"product-features__item-list__item\" role=\"listitem\"><span class=\"is--medium\">Capteur :<\/span> Micro 4\/3, permet de capturer des sujets tr\u00e8s distants avec un t\u00e9l\u00e9objectif compact. Propose un champ plus \u00e9troit que le plein format, Id\u00e9al pour la photographie animali\u00e8re et sportive\t\t\t\t\t<\/li>\n<li class=\"product-features__item-list__item\" role=\"listitem\"><span class=\"is--medium\">Le saviez vous ? :<\/span> plus le capteur est grand, plus l&rsquo;image sera d\u00e9taill\u00e9e\t\t\t\t\t<\/li>\n<li class=\"product-features__item-list__item\" role=\"listitem\"><span class=\"is--medium\">R\u00e9solution (en m\u00e9gapixels) :<\/span> 16,0 Mpx\t\t\t\t\t<\/li>\n<li class=\"product-features__item-list__item\" role=\"listitem\"><span class=\"is--medium\">Comprendre la r\u00e9solution :<\/span> Plus ce chiffre sera \u00e9lev\u00e9, plus il sera possible d&rsquo;imprimer vos images en grand format comme des posters, ou encore effectuer des recadrages de qualit\u00e9 sur des logiciels de retouche photo.\t\t\t\t\t<\/li>\n<\/ul>\n<\/li>\n<li class=\"product-features__item\" role=\"listitem\">\n<h3 class=\"product-features__label\">Objectif<\/h3>\n<ul role=\"list\">\n<li class=\"product-features__item-list__item\" role=\"listitem\"><span class=\"is--medium\">Vitesse d&rsquo;obturation :<\/span> 1\/4000 \u00e0 60 s\t\t\t\t\t<\/li>\n<li class=\"product-features__item-list__item\" role=\"listitem\"><span class=\"is--medium\">Comprendre la vitesse d&rsquo;obturation :<\/span> La vitesse d&rsquo;obturation, est le temps pendant lequel l&rsquo;obturateur s&rsquo;ouvre au d\u00e9clenchement. Si la vitesse est r\u00e9gl\u00e9e sur une valeur rapide, (jusqu&rsquo;\u00e0 1\/8000 sec) l&rsquo;image sera nette, au contraire si la vitesse est r\u00e9gl\u00e9e sur une valeur lente (jusqu&rsquo;\u00e0 30 sec) l&rsquo;image aura un effet artistique.\t\t\t\t\t<\/li>\n<li class=\"product-features__item-list__item\" role=\"listitem\"><span class=\"is--medium\">Mode rafale :<\/span> 8 images\/s\t\t\t\t\t<\/li>\n<\/ul>\n<\/li>\n<li class=\"product-features__item\" role=\"listitem\">\n<h3 class=\"product-features__label\">Dimensions<\/h3>\n<ul role=\"list\">\n<li class=\"product-features__item-list__item\" role=\"listitem\"><span class=\"is--medium\">Dimensions l x h x p :<\/span> 12.49 x 8.62 x 7.74 cm\t\t\t\t\t<\/li>\n<\/ul>\n<\/li>\n<li class=\"product-features__item\" role=\"listitem\">\n<h3 class=\"product-features__label\">Informations compl\u00e9mentaires<\/h3>\n<ul role=\"list\">\n<li class=\"product-features__item-list__item\" role=\"listitem\"><span class=\"is--medium\">Garantie :<\/span> 2 ans\t\t\t\t\t<\/li>\n<li class=\"product-features__item-list__item\" role=\"listitem\"><span class=\"is--medium\">Disponibilit\u00e9 des pi\u00e8ces d\u00e9tach\u00e9es (donn\u00e9es fournisseur) :<\/span> Pendant 5 ans, \u00e0 compter de la date d&rsquo;achat\t\t\t\t\t<\/li>\n<li class=\"product-features__item-list__item\" role=\"listitem\"><span class=\"is--medium\">R\u00e9f\u00e9rence constructeur :<\/span> DMC-G7 + 14-42mm\t\t\t\t\t<\/li>\n<li class=\"product-features__item-list__item\" role=\"listitem\"><span class=\"is--medium\">Marque :<\/span> PANASONIC\t\t\t\t\t<\/li>\n<\/ul>\n<\/li>\n<\/ul>\n<\/div>\n<div class=\"product__disclosure-content\">\n<div class=\"js-read-more product-description__content read-more read-more--truncated\" data-read-more-name=\"description\" style=\"max-height: 500px; overflow: hidden;\">\n<p>Avec le Lumix DMC G7, Panasonic a cr\u00e9\u00e9 un hybride compact, l\u00e9ger, rapide et bien con\u00e7u. Avec lui vous serez capable de prendre des photos d&rsquo;excellente qualit\u00e9 et de filmer en 4K\/UHD. Son \u00e9cran orientable multitouch OLED et son interface personnalisable en font un appareil photo hybride adapt\u00e9 \u00e0 toutes et \u00e0 tous.<\/p>\n<h3>Plus haut que haut<\/h3>\n<p>Auparavant r\u00e9serv\u00e9 aux professionnels de la vid\u00e9o, la technologie 4K est maintenant accessible \u00e0 tous gr\u00e2ce au Panasonic Lumix G7. Immortalisez les moments qui comptent pour vous en <b>vid\u00e9o 4K<\/b>, filmez vos souvenirs et revivez ses moments en immersion totale gr\u00e2ce \u00e0 la qualit\u00e9 de la restitution de l&rsquo;image.<\/p>\n<p> Avec le mode <b>Photo 4K<\/b> il vous est possible d&rsquo;extraire le clich\u00e9 parfait d&rsquo;une s\u00e9quence vid\u00e9o 4K, puis de l&rsquo;enregistrer en tant que photographie de 8 MPX, le tout tr\u00e8s facilement. Gr\u00e2ce \u00e0 ses 3 modes rafales 4K , vous \u00eates certain de photographier l&rsquo;impr\u00e9visible.<\/p>\n<p> La r\u00e9solution <b>4K\/UHD offre une image 4 fois plus grande que la r\u00e9solution Full HD<\/b>, ainsi vos vid\u00e9os et photos sont bien plus nettes. Lorsque vous diffuserez vos vid\u00e9os 4K sur votre t\u00e9l\u00e9viseur Full HD vous constaterez un grand niveau de d\u00e9tail et une pr\u00e9cision \u00e9lev\u00e9e.<\/p>\n<p class=\"wy_aligner_centrer\"><img fetchpriority=\"high\" decoding=\"async\" alt=\"Panasonic Lumix DMC-G7\" height=\"700\" src=\"https:\/\/boulanger.scene7.com\/is\/image\/Boulanger\/5025232826889_p4?wid=1000&amp;hei=700\" width=\"1000\"\/><\/p>\n<h3>Mise au point haute vitesse<\/h3>\n<p class=\"wy_tableau_gauche\"><img decoding=\"async\" alt=\"Panasonic Lumix DMC-G7\" height=\"250\" src=\"https:\/\/boulanger.scene7.com\/is\/image\/Boulanger\/5025232826889_p3?wid=415&amp;hei=250\" width=\"415\"\/><\/p>\n<p>Capturer une image nette \u00e0 chaque fois, peu importe le sujet et ses mouvements, est parfois complexe. Avec le Lumix DMC-G7 et sa technologie de mise au point automatique <b>Depth From Defocus<\/b> de Panasonic, prendre une photo nette devient un jeu d&rsquo;enfant. Ce syst\u00e8me fonctionne \u00e9galement en vid\u00e9o afin de vous procurer <b>une mise au point continue, stable, rapide et pr\u00e9cis<\/b>.<\/p>\n<p>Les photographes exp\u00e9riment\u00e9s savent qu&rsquo;il est difficile r\u00e9ussir sa mise au point en automatique dans des conditions de faible luminosit\u00e9. Imaginez-vous dans une pi\u00e8ce \u00e9clair\u00e9e par les bougies d&rsquo;un g\u00e2teau d&rsquo;anniversaire. Gr\u00e2ce \u00e0 votre <b>Lumix DMC-G7<\/b> vous r\u00e9ussirez le portrait de celui ou celle qui souffle ses bougies.<\/p>\n<h3>Conception et Contr\u00f4le<\/h3>\n<p>Pour r\u00e9ussir vos clich\u00e9s, il faut savoir cadrer vos prises de vues. Pour vous y aider, Panasonic a \u00e9quip\u00e9 le Lumix G7 d&rsquo;un <b>viseur \u00e9lectronique OLED haute r\u00e9solution<\/b> qui restera lisible m\u00eame dans des cas d&rsquo;ensoleillement direct. L&rsquo;<b>\u00e9cran tactile orientable<\/b> vous assure la libert\u00e9 de cadrer vos photos de mani\u00e8res originales.<\/p>\n<p class=\"wy_aligner_centrer\"><img decoding=\"async\" alt=\"Panasonic Lumix DMC-G7\" height=\"350\" src=\"https:\/\/boulanger.scene7.com\/is\/image\/Boulanger\/5025232826889_p2?wid=1000&amp;hei=350\" width=\"1000\"\/><\/p>\n<p> Un mode prise de vues \u00e0 intervalle est aussi de la partie, avec lui vous serez capable de capturer de magnifiques timelapses tr\u00e8s facilement. De plus, le Lumix G7 est compatible <b>Wi-Fi<\/b> pour communiquer avec vos appareils mobiles sur iOS ou Android. L&rsquo;application \u00ab\u00a0Panasonic Image App\u00a0\u00bb permet de partager directement vos moments pr\u00e9f\u00e9r\u00e9s \u00e0 vos proches.<\/p>\n<p>Mais ce n&rsquo;est pas tout, depuis l&rsquo;application vous pouvez \u00e9galement visualiser l&rsquo;image, faire la mise au point et m\u00eame <b>activer le d\u00e9clencheur \u00e0 distance<\/b>.<\/p>\n<p class=\"wy_aligner_centrer\"><img loading=\"lazy\" decoding=\"async\" alt=\"Panasonic Lumix DMC-G7\" height=\"250\" src=\"https:\/\/boulanger.scene7.com\/is\/image\/Boulanger\/5025232826889_p1?wid=1000&amp;hei=250\" width=\"1000\"\/><\/p>\n<p>Pour r\u00e9pondre \u00e0 toutes vos envies et assurer la meilleure image \u00e0 n&rsquo;importe quel moment, <b>Le Panasonic Lumix DMC G7 peut accueillir de nombreux objectifs<\/b> aux particularit\u00e9s singuli\u00e8res.<\/p>\n<p>Le Panasonic DMC G7 est un compagnon <b>id\u00e9al pour les utilisateurs d\u00e9butants comme pour les confirm\u00e9s<\/b>, n&rsquo;attendez plus et offrez-vous la nouvelle g\u00e9n\u00e9ration d&rsquo;appareil photo hybride !<\/p>\n<p class=\"wy_aligner_centrer\"><img loading=\"lazy\" decoding=\"async\" alt=\"Panasonic Lumix DMC-G7\" height=\"428\" src=\"https:\/\/boulanger.scene7.com\/is\/image\/Boulanger\/5025232826889_p5?wid=789&amp;hei=428\" width=\"789\"\/><\/p>\n<\/p>\n<\/div>\n<p><bl-button a11yexpanded=\"false\" arialabel=\"Afficher toute la description\" class=\"read-more__btn\" full=\"false\" link=\"true\"><\/bl-button><\/div>","protected":false},"excerpt":{"rendered":"<div class=\"keypoints\">\n<h3 class=\"keypoints__title\">Les points cl\u00e9s<\/h3>\n<ul role=\"list\">\n<li class=\"keypoints__item\" role=\"listitem\">                                        Capteur : Micro 4\/3                      <\/li>\n<li class=\"keypoints__item\" role=\"listitem\">                                        Vitesse d&rsquo;obturation : 1\/4000 \u00e0 60 s                      <\/li>\n<li class=\"keypoints__item\" role=\"listitem\">                                        Connectivit\u00e9 : Wi-Fi, Pictbridge                      <\/li>\n<li class=\"keypoints__item keypoints__item--advantage\" role=\"listitem\"><strong>Le + :<\/strong> Extraire des images uniques directement depuis une vid\u00e9o 4K (fonction 4K photo in\u00e9dite)      <\/li>\n<\/ul>","protected":false},"featured_media":88696,"template":"","meta":{"_glsr_average":0,"_glsr_ranking":0,"_glsr_reviews":0},"product_cat":[474],"product_tag":[475,476,451],"class_list":{"0":"post-88697","1":"product","2":"type-product","3":"status-publish","4":"has-post-thumbnail","6":"product_cat-appareil-photo-hybride","7":"product_tag-appareil-photo","8":"product_tag-appareil-photo-hybride","9":"product_tag-tv-image-son","11":"first","12":"instock","13":"sale","14":"shipping-taxable","15":"purchasable","16":"product-type-simple"},"_links":{"self":[{"href":"https:\/\/electromenagerexpress.com\/en\/wp-json\/wp\/v2\/product\/88697","targetHints":{"allow":["GET"]}}],"collection":[{"href":"https:\/\/electromenagerexpress.com\/en\/wp-json\/wp\/v2\/product"}],"about":[{"href":"https:\/\/electromenagerexpress.com\/en\/wp-json\/wp\/v2\/types\/product"}],"wp:featuredmedia":[{"embeddable":true,"href":"https:\/\/electromenagerexpress.com\/en\/wp-json\/wp\/v2\/media\/88696"}],"wp:attachment":[{"href":"https:\/\/electromenagerexpress.com\/en\/wp-json\/wp\/v2\/media?parent=88697"}],"wp:term":[{"taxonomy":"product_cat","embeddable":true,"href":"https:\/\/electromenagerexpress.com\/en\/wp-json\/wp\/v2\/product_cat?post=88697"},{"taxonomy":"product_tag","embeddable":true,"href":"https:\/\/electromenagerexpress.com\/en\/wp-json\/wp\/v2\/product_tag?post=88697"}],"curies":[{"name":"wp","href":"https:\/\/api.w.org\/{rel}","templated":true}]}}