{"id":88693,"date":"2024-11-24T17:15:17","date_gmt":"2024-11-24T17:15:17","guid":{"rendered":"https:\/\/electromenagerexpress.com\/product\/appareil-photo-reflexcanoneos-60d-ef-s-18-55mm-is-reconditionne\/"},"modified":"2024-11-24T17:15:19","modified_gmt":"2024-11-24T17:15:19","slug":"appareil-photo-reflexcanoneos-60d-ef-s-18-55mm-is-reconditionne","status":"publish","type":"product","link":"https:\/\/electromenagerexpress.com\/en\/product\/appareil-photo-reflexcanoneos-60d-ef-s-18-55mm-is-reconditionne\/","title":{"rendered":"Appareil photo Reflex\t\t\t\t\t\t\tCANON\t\t\t\tEOS 60D + EF-S 18-55mm IS Reconditionn\u00e9"},"content":{"rendered":"<div class=\"product-features__content\">\n<ul role=\"list\">\n<li class=\"product-features__item\" role=\"listitem\">\n<h3 class=\"product-features__label\">Qualit\u00e9 photo et vid\u00e9o<\/h3>\n<ul role=\"list\">\n<li class=\"product-features__item-list__item\" role=\"listitem\"><span class=\"is--medium\">R\u00e9solution (en m\u00e9gapixels) :<\/span> 18,0 Mpx\t\t\t\t\t<\/li>\n<li class=\"product-features__item-list__item\" role=\"listitem\"><span class=\"is--medium\">Comprendre la r\u00e9solution :<\/span> Plus ce chiffre sera \u00e9lev\u00e9, plus il sera possible d&rsquo;imprimer vos images en grand format comme des posters, ou encore effectuer des recadrages de qualit\u00e9 sur des logiciels de retouche photo.\t\t\t\t\t<\/li>\n<\/ul>\n<\/li>\n<li class=\"product-features__item\" role=\"listitem\">\n<h3 class=\"product-features__label\">Objectif<\/h3>\n<ul role=\"list\">\n<li class=\"product-features__item-list__item\" role=\"listitem\"><span class=\"is--medium\">Vitesse d&rsquo;obturation :<\/span> 1\/8000 \u00e0 30 s\t\t\t\t\t<\/li>\n<li class=\"product-features__item-list__item\" role=\"listitem\"><span class=\"is--medium\">Comprendre la vitesse d&rsquo;obturation :<\/span> La vitesse d&rsquo;obturation, est le temps pendant lequel l&rsquo;obturateur s&rsquo;ouvre au d\u00e9clenchement. Si la vitesse est r\u00e9gl\u00e9e sur une valeur rapide, (jusqu&rsquo;\u00e0 1\/8000 sec) l&rsquo;image sera nette, au contraire si la vitesse est r\u00e9gl\u00e9e sur une valeur lente (jusqu&rsquo;\u00e0 30 sec) l&rsquo;image aura un effet artistique.\t\t\t\t\t<\/li>\n<\/ul>\n<\/li>\n<li class=\"product-features__item\" role=\"listitem\">\n<h3 class=\"product-features__label\">Dimensions<\/h3>\n<ul role=\"list\">\n<li class=\"product-features__item-list__item\" role=\"listitem\"><span class=\"is--medium\">Dimensions l x h x p :<\/span> 14.45 x 10.58 x 7.86 cm\t\t\t\t\t<\/li>\n<\/ul>\n<\/li>\n<li class=\"product-features__item\" role=\"listitem\">\n<h3 class=\"product-features__label\">Informations compl\u00e9mentaires<\/h3>\n<ul role=\"list\">\n<li class=\"product-features__item-list__item\" role=\"listitem\"><span class=\"is--medium\">R\u00e9f\u00e9rence constructeur :<\/span> EOS 60D + EF-S 18-55mm IS\t\t\t\t\t<\/li>\n<li class=\"product-features__item-list__item\" role=\"listitem\"><span class=\"is--medium\">Marque :<\/span> CANON\t\t\t\t\t<\/li>\n<\/ul>\n<\/li>\n<\/ul>\n<\/div>\n<div class=\"product__disclosure-content\">\n<div class=\"js-read-more product-description__content read-more read-more--truncated\" data-read-more-name=\"description\" style=\"max-height: 500px; overflow: hidden;\">\n<h2><center><u>Appareil photo reflex CANON EOS 60D<\/u><\/center><\/h2>\n<h3><font color=\"#60aeb8\"><\/p>\n<p style=\"font-size:large\">Des clich\u00e9s cr\u00e9atifs et personnalis\u00e9s<\/p>\n<p><\/font><\/h3>\n<p ,=\"\" align=\"justify\" style=\"font-size:medium\"><font color=\"444444\">Vous avez envie d&rsquo;exp\u00e9rimenter de nouveaux horizons photographiques ? Faites confiance \u00e0 l&rsquo;appareil photo reflex CANON EOS 60D pour vous aider \u00e0 relever ce d\u00e9fi !Gr\u00e2ce \u00e0 son <b>capteur CMOS 18 millions de pixels<\/b>, cet appareil vous permet de r\u00e9aliser des clich\u00e9s pouvant \u00eatre recadr\u00e9s ou imprim\u00e9s en grand format sans perte de d\u00e9tails.Pour des images toujours plus cr\u00e9atives, d\u00e9couvrez les filtres disponibles sur cet appareil photo. Miniature ou noir et blanc granuleux, \u00e0 vous de choisir ! La <b>technologie Basic+<\/b>, quant \u00e0 elle, ajuste les modes auto selon l&rsquo;\u00e9clairage et l&rsquo;ambiance de la sc\u00e8ne que vous souhaitez immortaliser.Enfin, l&rsquo;\u00e9cran LCD orientable vous offre la possibilit\u00e9 d&rsquo;obtenir des clich\u00e9s surprenants en modifiant facilement l&rsquo;angle de vue.<\/font><\/p>\n<h3><font color=\"#60aeb8\"><\/p>\n<p style=\"font-size:large\">R\u00e9actif et polyvalent<\/p>\n<p><\/font><\/h3>\n<p ,=\"\" align=\"justify\" style=\"font-size:medium\"><font color=\"444444\">Quoi de plus frustrant que de passer \u00e0 c\u00f4t\u00e9 d&rsquo;une belle image pour cause d&rsquo;\u00e9quipement trop lent ? Avec cet appareil photo reflex Canon, aucun risque !Dot\u00e9 d&rsquo;un <b>processeur DIGIC 4<\/b>, cet appareil vous offre des couleurs r\u00e9alistes, mais aussi un temps de d\u00e9marrage particuli\u00e8rement rapide. Pratique pour capturer une sc\u00e8ne inattendue !Avec sa sensibilit\u00e9 de 6400 ISO extensible \u00e0 12 800 ISO, cet appareil photo vous permet d&rsquo;obtenir des clich\u00e9s r\u00e9ussis m\u00eame n cas de faible luminosit\u00e9, et sans flash.Enfin, profitez de l&rsquo;<b>enregistrement de vid\u00e9os en Full HD<\/b> pour immortaliser vos plus beaux moments. Le contr\u00f4le manuel total est id\u00e9al pour toujours plus de cr\u00e9ativit\u00e9 !<\/font><\/p>\n<\/p>\n<\/div>\n<p><bl-button a11yexpanded=\"false\" arialabel=\"Afficher toute la description\" class=\"read-more__btn\" full=\"false\" link=\"true\"><\/bl-button><\/div>","protected":false},"excerpt":{"rendered":"<div class=\"keypoints\">\n<h3 class=\"keypoints__title\">Les points cl\u00e9s<\/h3>\n<ul role=\"list\">\n<li class=\"keypoints__item\" role=\"listitem\">                                        Vitesse d&rsquo;obturation : 1\/8000 \u00e0 30 s                      <\/li>\n<li class=\"keypoints__item\" role=\"listitem\">                                        Connectivit\u00e9 : Pictbridge                      <\/li>\n<\/ul>","protected":false},"featured_media":88692,"template":"","meta":{"_glsr_average":0,"_glsr_ranking":0,"_glsr_reviews":0},"product_cat":[477],"product_tag":[475,478,451],"class_list":{"0":"post-88693","1":"product","2":"type-product","3":"status-publish","4":"has-post-thumbnail","6":"product_cat-reflex","7":"product_tag-appareil-photo","8":"product_tag-reflex","9":"product_tag-tv-image-son","11":"first","12":"instock","13":"sale","14":"shipping-taxable","15":"purchasable","16":"product-type-simple"},"_links":{"self":[{"href":"https:\/\/electromenagerexpress.com\/en\/wp-json\/wp\/v2\/product\/88693","targetHints":{"allow":["GET"]}}],"collection":[{"href":"https:\/\/electromenagerexpress.com\/en\/wp-json\/wp\/v2\/product"}],"about":[{"href":"https:\/\/electromenagerexpress.com\/en\/wp-json\/wp\/v2\/types\/product"}],"wp:featuredmedia":[{"embeddable":true,"href":"https:\/\/electromenagerexpress.com\/en\/wp-json\/wp\/v2\/media\/88692"}],"wp:attachment":[{"href":"https:\/\/electromenagerexpress.com\/en\/wp-json\/wp\/v2\/media?parent=88693"}],"wp:term":[{"taxonomy":"product_cat","embeddable":true,"href":"https:\/\/electromenagerexpress.com\/en\/wp-json\/wp\/v2\/product_cat?post=88693"},{"taxonomy":"product_tag","embeddable":true,"href":"https:\/\/electromenagerexpress.com\/en\/wp-json\/wp\/v2\/product_tag?post=88693"}],"curies":[{"name":"wp","href":"https:\/\/api.w.org\/{rel}","templated":true}]}}