{"id":88689,"date":"2024-11-24T17:15:13","date_gmt":"2024-11-24T17:15:13","guid":{"rendered":"https:\/\/electromenagerexpress.com\/product\/appareil-photo-reflexnikond3100-18-55mm-vr-4go-reconditionne\/"},"modified":"2024-11-24T17:15:15","modified_gmt":"2024-11-24T17:15:15","slug":"appareil-photo-reflexnikond3100-18-55mm-vr-4go-reconditionne","status":"publish","type":"product","link":"https:\/\/electromenagerexpress.com\/en\/product\/appareil-photo-reflexnikond3100-18-55mm-vr-4go-reconditionne\/","title":{"rendered":"Appareil photo Reflex\t\t\t\t\t\t\tNIKON\t\t\t\tD3100 + 18-55mm VR + 4Go Reconditionn\u00e9"},"content":{"rendered":"<div class=\"product-features__content\">\n<ul role=\"list\">\n<li class=\"product-features__item\" role=\"listitem\">\n<h3 class=\"product-features__label\">Qualit\u00e9 photo et vid\u00e9o<\/h3>\n<ul role=\"list\">\n<li class=\"product-features__item-list__item\" role=\"listitem\"><span class=\"is--medium\">R\u00e9solution (en m\u00e9gapixels) :<\/span> 14,2 Mpx\t\t\t\t\t<\/li>\n<\/ul>\n<\/li>\n<li class=\"product-features__item\" role=\"listitem\">\n<h3 class=\"product-features__label\">Objectif<\/h3>\n<ul role=\"list\">\n<li class=\"product-features__item-list__item\" role=\"listitem\"><span class=\"is--medium\">Vitesse d&rsquo;obturation :<\/span> 1\/4000 \u00e0 30 s\t\t\t\t\t<\/li>\n<li class=\"product-features__item-list__item\" role=\"listitem\"><span class=\"is--medium\">Comprendre la vitesse d&rsquo;obturation :<\/span> La vitesse d&rsquo;obturation, est le temps pendant lequel l&rsquo;obturateur s&rsquo;ouvre au d\u00e9clenchement. Si la vitesse est r\u00e9gl\u00e9e sur une valeur rapide, (jusqu&rsquo;\u00e0 1\/8000 sec) l&rsquo;image sera nette, au contraire si la vitesse est r\u00e9gl\u00e9e sur une valeur lente (jusqu&rsquo;\u00e0 30 sec) l&rsquo;image aura un effet artistique.\t\t\t\t\t<\/li>\n<\/ul>\n<\/li>\n<li class=\"product-features__item\" role=\"listitem\">\n<h3 class=\"product-features__label\">Informations compl\u00e9mentaires<\/h3>\n<ul role=\"list\">\n<li class=\"product-features__item-list__item\" role=\"listitem\"><span class=\"is--medium\">R\u00e9f\u00e9rence constructeur :<\/span> D3100 + 18-55mm VR + 4Go\t\t\t\t\t<\/li>\n<li class=\"product-features__item-list__item\" role=\"listitem\"><span class=\"is--medium\">Marque :<\/span> NIKON\t\t\t\t\t<\/li>\n<\/ul>\n<\/li>\n<\/ul>\n<\/div>\n<div class=\"product__disclosure-content\">\n<div class=\"js-read-more product-description__content read-more read-more--truncated\" data-read-more-name=\"description\" style=\"max-height: 500px; overflow: hidden;\">\n<h2><center>APN Reflex Nikon D3100 <\/center><\/h2>\n<p>L&rsquo;<b>appareil photo num\u00e9rique Reflex Nikon D3100<\/b> allie fonctions avanc\u00e9es et facilit\u00e9 d&rsquo;utilisation pour faire de vos photos souvenirs des images \u00e9poustouflantes.<\/p>\n<h3><font color=\"212121\">Laissez-vous guider par l&rsquo;APN Reflex Nikon D3100 et son objectif 18-55<\/font><\/h3>\n<p><font color=\"414141\">Avec le <b>Reflex Nikon D3100 et son 18-55<\/b>, pr\u00e9parez-vous \u00e0 r\u00e9aliser des photos d&rsquo;une qualit\u00e9 inou\u00efe. La d\u00e9finition de 14,2 millions de pixels et la technologie du capteur CMOS de cet <b>appareil photo num\u00e9rique Nikon<\/b> vous garantissent des images fid\u00e8les \u00e0 la r\u00e9alit\u00e9, avec une pr\u00e9cision incroyable dans les tonalit\u00e9s de couleurs. Que le sujet du clich\u00e9 soit fixe ou en mouvement, le syst\u00e8me autofocus 11 points du <b>Reflex Nikon D3100<\/b> vous apporte une nettet\u00e9 irr\u00e9prochable qu&rsquo;il sera ais\u00e9 de constater imm\u00e9diatement sur l&rsquo;\u00e9cran ACL Haute D\u00e9finition de 7,5 cm de diagonale. Et pour r\u00e9ussir vos prises de vues en toutes circonstances, l&rsquo;<b>appareil photo num\u00e9rique Reflex Nikon D3100<\/b> dispose d&rsquo;un mode Guide qui va effectuer automatiquement les meilleurs r\u00e9glages en fonction de la photo que vous souhaitez obtenir.<\/font><\/p>\n<h3><font color=\"212121\">Vos souvenirs en Full HD gr\u00e2ce au Reflex Nikon D3100<font><\/font><\/font><\/h3>\n<p><font color=\"212121\"><font><\/p>\n<p><font color=\"414141\">Filmer vos plus beaux moments en famille en Full HD devient un jeu d&rsquo;enfant avec le <b>Reflex Nikon D3100 et son 18-55<\/b>. La fonction D-Movie capture vos vid\u00e9os en 1920 x 1080 pixels, et la sensibilit\u00e9 des capteurs retranscrit des images d&rsquo;une qualit\u00e9 exceptionnelle. Le traitement d&rsquo;images Expeed 2 am\u00e9liore encore la finition des enregistrements. Avec le <b>Reflex Nikon D3100 et son 18-55<\/b>, vos souvenirs prennent soudainement une tout autre dimension.<\/font><\/p>\n<\/p>\n<p><\/font><\/font><\/div>\n<p><font color=\"212121\"><font><\/font><\/font><bl-button a11yexpanded=\"false\" arialabel=\"Afficher toute la description\" class=\"read-more__btn\" full=\"false\" link=\"true\"><\/bl-button><\/div>","protected":false},"excerpt":{"rendered":"<div class=\"keypoints\">\n<h3 class=\"keypoints__title\">Les points cl\u00e9s<\/h3>\n<ul role=\"list\">\n<li class=\"keypoints__item\" role=\"listitem\">                                        Vitesse d&rsquo;obturation : 1\/4000 \u00e0 30 s                      <\/li>\n<\/ul>","protected":false},"featured_media":88688,"template":"","meta":{"_glsr_average":0,"_glsr_ranking":0,"_glsr_reviews":0},"product_cat":[477],"product_tag":[475,478,451],"class_list":{"0":"post-88689","1":"product","2":"type-product","3":"status-publish","4":"has-post-thumbnail","6":"product_cat-reflex","7":"product_tag-appareil-photo","8":"product_tag-reflex","9":"product_tag-tv-image-son","11":"first","12":"instock","13":"sale","14":"shipping-taxable","15":"purchasable","16":"product-type-simple"},"_links":{"self":[{"href":"https:\/\/electromenagerexpress.com\/en\/wp-json\/wp\/v2\/product\/88689","targetHints":{"allow":["GET"]}}],"collection":[{"href":"https:\/\/electromenagerexpress.com\/en\/wp-json\/wp\/v2\/product"}],"about":[{"href":"https:\/\/electromenagerexpress.com\/en\/wp-json\/wp\/v2\/types\/product"}],"wp:featuredmedia":[{"embeddable":true,"href":"https:\/\/electromenagerexpress.com\/en\/wp-json\/wp\/v2\/media\/88688"}],"wp:attachment":[{"href":"https:\/\/electromenagerexpress.com\/en\/wp-json\/wp\/v2\/media?parent=88689"}],"wp:term":[{"taxonomy":"product_cat","embeddable":true,"href":"https:\/\/electromenagerexpress.com\/en\/wp-json\/wp\/v2\/product_cat?post=88689"},{"taxonomy":"product_tag","embeddable":true,"href":"https:\/\/electromenagerexpress.com\/en\/wp-json\/wp\/v2\/product_tag?post=88689"}],"curies":[{"name":"wp","href":"https:\/\/api.w.org\/{rel}","templated":true}]}}