{"id":88648,"date":"2024-11-24T17:14:32","date_gmt":"2024-11-24T17:14:32","guid":{"rendered":"https:\/\/electromenagerexpress.com\/product\/appareil-photo-compactricohgr-iii-x\/"},"modified":"2024-11-24T17:14:37","modified_gmt":"2024-11-24T17:14:37","slug":"appareil-photo-compactricohgr-iii-x","status":"publish","type":"product","link":"https:\/\/electromenagerexpress.com\/en\/product\/appareil-photo-compactricohgr-iii-x\/","title":{"rendered":"Appareil photo Compact\t\t\t\t\t\t\tRICOH\t\t\t\tGR III x"},"content":{"rendered":"<div class=\"product-features__content\">\n<ul role=\"list\">\n<li class=\"product-features__item\" role=\"listitem\">\n<h3 class=\"product-features__label\">Qualit\u00e9 photo et vid\u00e9o<\/h3>\n<ul role=\"list\">\n<li class=\"product-features__item-list__item\" role=\"listitem\"><span class=\"is--medium\">Type de capteur :<\/span> CMOS, offre des images d\u00e9taill\u00e9es et riches en couleurs, affiche une vitesse de lecture rapide.\t\t\t\t\t<\/li>\n<li class=\"product-features__item-list__item\" role=\"listitem\"><span class=\"is--medium\">Qualit\u00e9 photo (r\u00e9solution) :<\/span> 24,2 m\u00e9gapixels\t\t\t\t\t<\/li>\n<li class=\"product-features__item-list__item\" role=\"listitem\"><span class=\"is--medium\">Comprendre la r\u00e9solution :<\/span> Plus ce chiffre sera \u00e9lev\u00e9 plus cela sera utile si vous souhaitez imprimer vos images en grand format comme des posters, ou encore effectuer des recadrages de qualit\u00e9 sur des logiciels de retouche photo.\t\t\t\t\t<\/li>\n<li class=\"product-features__item-list__item\" role=\"listitem\"><span class=\"is--medium\">Qualit\u00e9 de la vid\u00e9o :<\/span> Full HD\t\t\t\t\t<\/li>\n<li class=\"product-features__item-list__item\" role=\"listitem\"><span class=\"is--medium\">Fichier vid\u00e9o :<\/span> MPEG4\t\t\t\t\t<\/li>\n<li class=\"product-features__item-list__item\" role=\"listitem\"><span class=\"is--medium\">Zoom optique :<\/span> Aucun\t\t\t\t\t<\/li>\n<li class=\"product-features__item-list__item\" role=\"listitem\"><span class=\"is--medium\">Zoom num\u00e9rique :<\/span> Aucun\t\t\t\t\t<\/li>\n<li class=\"product-features__item-list__item\" role=\"listitem\"><span class=\"is--medium\">Sensibilit\u00e9 ISO max :<\/span> 128 000 ISO\t\t\t\t\t<\/li>\n<li class=\"product-features__item-list__item\" role=\"listitem\"><span class=\"is--medium\">Comprendre la sensibilit\u00e9 ISO :<\/span> L&rsquo;ISO permet de contr\u00f4ler la lumi\u00e8re atteignant le capteur, de mani\u00e8re \u00e0 rendre la photo plus claire ou plus sombre. Elle fonctionne en automatique ou peut \u00eatre r\u00e9gl\u00e9e manuellement\t\t\t\t\t<\/li>\n<li class=\"product-features__item-list__item\" role=\"listitem\"><span class=\"is--medium\">Stabilisateur :<\/span> Oui\t\t\t\t\t<\/li>\n<li class=\"product-features__item-list__item\" role=\"listitem\"><span class=\"is--medium\">Fichier de l&rsquo;image :<\/span> JPEG\t\t\t\t\t<\/li>\n<\/ul>\n<\/li>\n<li class=\"product-features__item\" role=\"listitem\">\n<h3 class=\"product-features__label\">Performances<\/h3>\n<ul role=\"list\">\n<li class=\"product-features__item-list__item\" role=\"listitem\"><span class=\"is--medium\">Ecran :<\/span> tactile\t\t\t\t\t<\/li>\n<li class=\"product-features__item-list__item\" role=\"listitem\"><span class=\"is--medium\">Vis\u00e9e \u00e0 l&rsquo;\u00e9cran :<\/span> Non\t\t\t\t\t<\/li>\n<li class=\"product-features__item-list__item\" role=\"listitem\"><span class=\"is--medium\">Connectivit\u00e9 :<\/span> Non concern\u00e9\t\t\t\t\t<\/li>\n<li class=\"product-features__item-list__item\" role=\"listitem\"><span class=\"is--medium\">Etanche :<\/span> Non\t\t\t\t\t<\/li>\n<li class=\"product-features__item-list__item\" role=\"listitem\"><span class=\"is--medium\">Tropicalis\u00e9 :<\/span> Non\t\t\t\t\t<\/li>\n<li class=\"product-features__item-list__item\" role=\"listitem\"><span class=\"is--medium\">Flash int\u00e9gr\u00e9 :<\/span> Oui\t\t\t\t\t<\/li>\n<li class=\"product-features__item-list__item\" role=\"listitem\"><span class=\"is--medium\">Type de viseur :<\/span> optique, permet d&rsquo;obtenir une vue directe et naturelle de la sc\u00e8ne et ne n\u00e9cessite pas d&rsquo;alimentation.\t\t\t\t\t<\/li>\n<li class=\"product-features__item-list__item\" role=\"listitem\"><span class=\"is--medium\">Connectiques :<\/span> Sortie USB\t\t\t\t\t<\/li>\n<li class=\"product-features__item-list__item\" role=\"listitem\"><span class=\"is--medium\">Carte(s) m\u00e9moire(s) compatible(s) :<\/span> SD\t\t\t\t\t<\/li>\n<\/ul>\n<\/li>\n<li class=\"product-features__item\" role=\"listitem\">\n<h3 class=\"product-features__label\">Objectif<\/h3>\n<ul role=\"list\">\n<li class=\"product-features__item-list__item\" role=\"listitem\"><span class=\"is--medium\">Ouverture :<\/span> f\/2,8-16\t\t\t\t\t<\/li>\n<li class=\"product-features__item-list__item\" role=\"listitem\"><span class=\"is--medium\">Le saviez vous ? :<\/span> le f\/ ou F indique l&rsquo;ouverture lumineuse. Plus le nombre est grand, plus l&rsquo;ouverture est petite et adapt\u00e9e \u00e0 des environnements sombres. Plus le nombre est petit plus l&rsquo;ouverture est adapt\u00e9e \u00e0 des environnement lumineux\t\t\t\t\t<\/li>\n<li class=\"product-features__item-list__item\" role=\"listitem\"><span class=\"is--medium\">vitesse d&rsquo;opturation :<\/span> 1\/4000 \u00e0 30 s\t\t\t\t\t<\/li>\n<li class=\"product-features__item-list__item\" role=\"listitem\"><span class=\"is--medium\">Le saviez vous ? :<\/span> La vitesse s&rsquo;exprime en fraction de secondes. Si la vitesse est r\u00e9gl\u00e9e sur une valeur rapide, (jusqu&rsquo;\u00e0 1\/8000 sec) l&rsquo;image sera nette, au contraire si la vitesse est r\u00e9gl\u00e9e sur une valeur lente (jusqu&rsquo;\u00e0 30 sec) l&rsquo;image aura un effet artistique.\t\t\t\t\t<\/li>\n<li class=\"product-features__item-list__item\" role=\"listitem\"><span class=\"is--medium\">Objectif stabilis\u00e9 :<\/span> permet d&rsquo;obtenir des photos plus nettes en r\u00e9duisant les effets de mouvements de l&rsquo;appareil photo lors de la prise de vue.\t\t\t\t\t<\/li>\n<\/ul>\n<\/li>\n<li class=\"product-features__item\" role=\"listitem\">\n<h3 class=\"product-features__label\">Dimensions<\/h3>\n<ul role=\"list\">\n<li class=\"product-features__item-list__item\" role=\"listitem\"><span class=\"is--medium\">Dimensions l x h x p :<\/span> 10.9 x 6.19 x 3.5 cm\t\t\t\t\t<\/li>\n<li class=\"product-features__item-list__item\" role=\"listitem\"><span class=\"is--medium\">Poids sans accessoires :<\/span> 262 g\t\t\t\t\t<\/li>\n<\/ul>\n<\/li>\n<li class=\"product-features__item\" role=\"listitem\">\n<h3 class=\"product-features__label\">Informations compl\u00e9mentaires<\/h3>\n<ul role=\"list\">\n<li class=\"product-features__item-list__item\" role=\"listitem\"><span class=\"is--medium\">Fabriqu\u00e9 en :<\/span> Vi\u00eat Nam\t\t\t\t\t<\/li>\n<li class=\"product-features__item-list__item\" role=\"listitem\"><span class=\"is--medium\">Garantie :<\/span> 2 ans\t\t\t\t\t<\/li>\n<li class=\"product-features__item-list__item\" role=\"listitem\"><span class=\"is--medium\">Disponibilit\u00e9 des pi\u00e8ces d\u00e9tach\u00e9es (donn\u00e9es fournisseur) :<\/span> Pendant 5 ans, \u00e0 compter de la date fin de fabrication\t\t\t\t\t<\/li>\n<li class=\"product-features__item-list__item\" role=\"listitem\"><span class=\"is--medium\">R\u00e9f\u00e9rence constructeur :<\/span> GR III x\t\t\t\t\t<\/li>\n<li class=\"product-features__item-list__item\" role=\"listitem\"><span class=\"is--medium\">Marque :<\/span> RICOH\t\t\t\t\t<\/li>\n<\/ul>\n<\/li>\n<\/ul>\n<\/div>\n<div class=\"product__disclosure-content\">\n<div class=\"js-read-more product-description__content read-more read-more--truncated\" data-read-more-name=\"description\" style=\"max-height: 500px; overflow: hidden;\">\n<p>RICOH se renouv\u00e8le en cr\u00e9ant l&rsquo;appareil photo compact RICOH GR IIIx, un petit appareil id\u00e9al pour les d\u00e9butants qui veulent se lancer \u00e0 fond dans la photographie.<\/p>\n<h3><img fetchpriority=\"high\" decoding=\"async\" ,=\"\" alt=\"Compact RICOH GR III x\" class=\"wy_tableau_gauche\" height=\"270\" src=\"https:\/\/boulanger.scene7.com\/is\/image\/Boulanger\/0027075303744_h_f_l_0?wid=400&amp;hei=270\" width=\"400\"\/>Un nouvel objectif<\/h3>\n<p>Vous commencez la photo et recherchez un appareil photo ? D\u00e9couvrez l&rsquo;appareil photo compact RICOH GR IIIx, un petit appareil remis au go\u00fbt du jour par RICOH. Face aux demandes des amateurs de la marque, cette derni\u00e8re a pourvu son GR d&rsquo;une <b>focale de 26,1 mm<\/b>. Vous b\u00e9n\u00e9ficierez ainsi d&rsquo;une <b>image plus qualitative gr\u00e2ce \u00e0 la nouvelle construction de l&rsquo;objectif<\/b>.<\/p>\n<p>Avec l&rsquo;appareil photo compact RICOH GR IIIx, vous profiterez aussi d&rsquo;une <b>longueur focale de 40 mm<\/b> pour mieux retranscrire l&rsquo;angle de vue de l&rsquo;oeil humain, ainsi que d&rsquo;une <b>plage focale qui ira jusqu&rsquo;\u00e0 105 mm<\/b>. Afin de vous offrir des photos toujours plus nettes, cet appareil photo nouvelle g\u00e9n\u00e9ration s&rsquo;appuie sur une <b>conception sans filtre AA<\/b>.<\/p>\n<h3><img decoding=\"async\" ,=\"\" alt=\"Compact RICOH GR III x\" class=\"wy_tableau_right\" height=\"270\" src=\"https:\/\/boulanger.scene7.com\/is\/image\/Boulanger\/0027075303744_h_f_l_1?wid=400&amp;hei=270\" width=\"400\"\/>De magnifiques vid\u00e9os<\/h3>\n<p>Votre cr\u00e9ativit\u00e9 n&rsquo;aura plus de limites avec l&rsquo;appareil photo compact RICOH GR IIIx car il est \u00e9quip\u00e9 d&rsquo;un <b>bokeh<\/b>. Mais cet appareil est aussi parfait pour les cr\u00e9ateurs et cr\u00e9atrices de contenu puisqu&rsquo;il filmera des <b>vid\u00e9os en qualit\u00e9 Full HD<\/b>. Gr\u00e2ce au <b>stabilisateur int\u00e9gr\u00e9<\/b>, vous profiterez d&rsquo;une r\u00e9duction des vibrations sur 3 axes.<\/p>\n<p>L&rsquo;appareil photo compact RICOH GR IIIx est si pratique qu&rsquo;il est pourvu d&rsquo;une fonction de nettoyage de la poussi\u00e8re du capteur. Vous appr\u00e9cierez \u00e9galement les <b>10 r\u00e9glages pr\u00e9-enregistr\u00e9s pour le contr\u00f4le de l&rsquo;image<\/b>. Notez enfin qu&rsquo;il s&rsquo;agit d&rsquo;un <b>appareil photo connect\u00e9 sans fil que vous pourrez appairer \u00e0 votre smartphone<\/b> ou votre tablette pour <b>directement t\u00e9l\u00e9charger vos photos et vid\u00e9os sur vos r\u00e9seaux sociaux<\/b>.<\/p>\n<\/p>\n<\/div>\n<p><bl-button a11yexpanded=\"false\" arialabel=\"Afficher toute la description\" class=\"read-more__btn\" full=\"false\" link=\"true\">Voir plus<\/bl-button><\/div>","protected":false},"excerpt":{"rendered":"<div class=\"keypoints\">\n<h3 class=\"keypoints__title\">Les points cl\u00e9s<\/h3>\n<ul role=\"list\">\n<li class=\"keypoints__item\" role=\"listitem\">                                        Ideal pour : D\u00e9butant                      <\/li>\n<li class=\"keypoints__item\" role=\"listitem\">                          Qualit\u00e9 photo : 24,2 m\u00e9gapixels &#8211;                                                      R\u00e9solution vid\u00e9o : Full HD                      <\/li>\n<li class=\"keypoints__item\" role=\"listitem\">                                        Ecran : tactile                      <\/li>\n<li class=\"keypoints__item keypoints__item--advantage\" role=\"listitem\"><strong>Le + :<\/strong> Connexion sans fil aux smartphones et tablettes, t\u00e9l\u00e9chargement direct sur les r\u00e9seaux sociaux      <\/li>\n<\/ul>","protected":false},"featured_media":88647,"template":"","meta":{"_glsr_average":0,"_glsr_ranking":0,"_glsr_reviews":0},"product_cat":[479],"product_tag":[475,480,451],"class_list":{"0":"post-88648","1":"product","2":"type-product","3":"status-publish","4":"has-post-thumbnail","6":"product_cat-appareil-photo-compact","7":"product_tag-appareil-photo","8":"product_tag-appareil-photo-compact","9":"product_tag-tv-image-son","11":"first","12":"instock","13":"sale","14":"shipping-taxable","15":"purchasable","16":"product-type-simple"},"_links":{"self":[{"href":"https:\/\/electromenagerexpress.com\/en\/wp-json\/wp\/v2\/product\/88648","targetHints":{"allow":["GET"]}}],"collection":[{"href":"https:\/\/electromenagerexpress.com\/en\/wp-json\/wp\/v2\/product"}],"about":[{"href":"https:\/\/electromenagerexpress.com\/en\/wp-json\/wp\/v2\/types\/product"}],"wp:featuredmedia":[{"embeddable":true,"href":"https:\/\/electromenagerexpress.com\/en\/wp-json\/wp\/v2\/media\/88647"}],"wp:attachment":[{"href":"https:\/\/electromenagerexpress.com\/en\/wp-json\/wp\/v2\/media?parent=88648"}],"wp:term":[{"taxonomy":"product_cat","embeddable":true,"href":"https:\/\/electromenagerexpress.com\/en\/wp-json\/wp\/v2\/product_cat?post=88648"},{"taxonomy":"product_tag","embeddable":true,"href":"https:\/\/electromenagerexpress.com\/en\/wp-json\/wp\/v2\/product_tag?post=88648"}],"curies":[{"name":"wp","href":"https:\/\/api.w.org\/{rel}","templated":true}]}}