{"id":88643,"date":"2024-11-24T17:14:27","date_gmt":"2024-11-24T17:14:27","guid":{"rendered":"https:\/\/electromenagerexpress.com\/product\/appareil-photo-reflexcanoneos-1300d-18-55-iii-75-300-iii-reconditionne\/"},"modified":"2024-11-24T17:14:28","modified_gmt":"2024-11-24T17:14:28","slug":"appareil-photo-reflexcanoneos-1300d-18-55-iii-75-300-iii-reconditionne","status":"publish","type":"product","link":"https:\/\/electromenagerexpress.com\/en\/product\/appareil-photo-reflexcanoneos-1300d-18-55-iii-75-300-iii-reconditionne\/","title":{"rendered":"Appareil photo Reflex\t\t\t\t\t\t\tCANON\t\t\t\tEOS 1300D + 18-55 III + 75-300 III Reconditionn\u00e9"},"content":{"rendered":"<div class=\"product-features__content\">\n<ul role=\"list\">\n<li class=\"product-features__item\" role=\"listitem\">\n<h3 class=\"product-features__label\">Qualit\u00e9 photo et vid\u00e9o<\/h3>\n<ul role=\"list\">\n<li class=\"product-features__item-list__item\" role=\"listitem\"><span class=\"is--medium\">Capteur :<\/span> APS-C, permet de donner un rendu de qualit\u00e9 pour un format carte postale ou un agrandissement\t\t\t\t\t<\/li>\n<li class=\"product-features__item-list__item\" role=\"listitem\"><span class=\"is--medium\">Le saviez vous ? :<\/span> plus le capteur est grand, plus l&rsquo;image sera d\u00e9taill\u00e9e\t\t\t\t\t<\/li>\n<li class=\"product-features__item-list__item\" role=\"listitem\"><span class=\"is--medium\">R\u00e9solution (en m\u00e9gapixels) :<\/span> 18,0 Mpx\t\t\t\t\t<\/li>\n<li class=\"product-features__item-list__item\" role=\"listitem\"><span class=\"is--medium\">Comprendre la r\u00e9solution :<\/span> Plus ce chiffre sera \u00e9lev\u00e9, plus il sera possible d&rsquo;imprimer vos images en grand format comme des posters, ou encore effectuer des recadrages de qualit\u00e9 sur des logiciels de retouche photo.\t\t\t\t\t<\/li>\n<\/ul>\n<\/li>\n<li class=\"product-features__item\" role=\"listitem\">\n<h3 class=\"product-features__label\">Informations compl\u00e9mentaires<\/h3>\n<ul role=\"list\">\n<li class=\"product-features__item-list__item\" role=\"listitem\"><span class=\"is--medium\">R\u00e9f\u00e9rence constructeur :<\/span> EOS 1300D + 18-55 III + 75-300 III\t\t\t\t\t<\/li>\n<li class=\"product-features__item-list__item\" role=\"listitem\"><span class=\"is--medium\">Marque :<\/span> CANON\t\t\t\t\t<\/li>\n<\/ul>\n<\/li>\n<\/ul>\n<\/div>\n<div class=\"product__disclosure-content\">\n<div class=\"js-read-more product-description__content read-more read-more--truncated\" data-read-more-name=\"description\" style=\"max-height: 500px; overflow: hidden;\">\n<p>R\u00e9alisez et partagez des prises de vue uniques de haute qualit\u00e9  R\u00e9alisez facilement des prises de vue alliant originalit\u00e9 et qualit\u00e9, ainsi que des vid\u00e9os Full HD au rendu cin\u00e9matographique avec le EOS 1300D de 18 millions de pixels. Partagez vos cr\u00e9ations instantan\u00e9ment via le Wi-Fi et connectez-vous \u00e0 votre smartphone ou tablette gr\u00e2ce \u00e0 la technologie NFC( sur appareils Android compatibles prenant en charge la fonction NFC).  Prenez des photos originales pour mettre en valeur votre travail  Prenez de magnifiques photos d\u00e9taill\u00e9es gr\u00e2ce \u00e0 un grand capteur d&rsquo;image APS-C de 18 millions de pixels.  Imprimez vos images jusqu&rsquo;au format A2 ou proc\u00e9dez \u00e0 des cadrages cr\u00e9atifs sans compromis sur la qualit\u00e9.  &#8211; Des prises de vue naturelles en basse lumi\u00e8re  La plage \u00e9tendue de sensibilit\u00e9 de 100 \u00e0 6400 ISO (extensible jusqu&rsquo;\u00e0 12.800) \u00e9vite l&rsquo;utilisation excessive du flash et vous permet de prendre des photos d&rsquo;ambiance inoubliables lorsque la lumi\u00e8re d\u00e9cline. Vous pouvez ainsi capturer l&rsquo;atmosph\u00e8re naturelle de chaque instant pr\u00e9cieux.  &#8211; Flou d&rsquo;arri\u00e8re-plan esth\u00e9tique  Cr\u00e9ez de magnifiques portraits qui mettent votre sujet en valeur sur fond de superbes arri\u00e8re-plans l\u00e9g\u00e8rement flout\u00e9s, gr\u00e2ce \u00e0 la faible profondeur de champ caract\u00e9ristique de la photographie reflex num\u00e9rique.  &#8211; Une explosion de d\u00e9tails et de couleurs  R\u00e9alisez de superbes prises de vue d\u00e9taill\u00e9es, avec un rendu fid\u00e8le des couleurs et du contraste, gr\u00e2ce au processeur DIGIC 4+.  Connectez-vous et partagez facilement vos images avec le monde entier  La technologie NFC (Near Field Communication) assure une connexion simple et rapide vers les smartphones et tablettes Android compatibles. Elle permet \u00e9galement d&rsquo;ouvrir l&rsquo;application Camera Connect en un seul geste. Vous pouvez \u00e9galement vous connecter \u00e0 des appareils iOS et non NFC en lan\u00e7ant l&rsquo;application via Wi-Fi. Id\u00e9al pour faciliter le transfert et le partage des photos et des vid\u00e9os lors de vos d\u00e9placements.  &#8211; Prise de vue \u00e0 distance en toute simplicit\u00e9  Contr\u00f4lez votre appareil photo et prenez des clich\u00e9s \u00e0 distance depuis un smartphone ou une tablette compatible via l&rsquo;application Canon Camera Connect. C&rsquo;est la fonction id\u00e9ale pour vous inclure dans les photos de groupe ou pour capturer des photos \u00e0 distance.  &#8211; Canon Connect Station CS100  Transf\u00e9rez, stockez et visionnez vos photos et vid\u00e9os sur la Connect Station CS100 de Canon pour partager facilement vos cr\u00e9ations sur les t\u00e9l\u00e9viseurs HD, les r\u00e9seaux sociaux et les services de photo en ligne tels qu&rsquo;irista.  D\u00e9veloppez votre cr\u00e9ativit\u00e9 photographique et cin\u00e9matographique  D\u00e9couvrez les filtres cr\u00e9atifs, comme l&rsquo;effet Toy camera ou l&rsquo;effet Miniature, et ajoutez une ambiance originale et une finition unique \u00e0 vos photos.  &#8211; Vid\u00e9os cin\u00e9matographiques Full HD  R\u00e9alisez des vid\u00e9os Full HD incroyablement d\u00e9taill\u00e9es et donnez-leur un aspect cin\u00e9matographique sensationnel gr\u00e2ce au contr\u00f4le de la profondeur de champ de type reflex num\u00e9rique.  &#8211; Cr\u00e9ez des souvenirs avec le mode Instantan\u00e9 vid\u00e9o  Utilisez le mode Instantan\u00e9 vid\u00e9o et laissez l&rsquo;appareil photo cr\u00e9er de superbes s\u00e9quences vid\u00e9o r\u00e9unissant vos pr\u00e9cieux souvenirs \u00e0 partir de vos enregistrements.  Capturez une richesse de d\u00e9tails exceptionnelle en un seul geste  &#8211; D\u00e9tendez-vous ou prenez le contr\u00f4le  Laissez le mode Sc\u00e8ne intelligente auto effectuer les r\u00e9glages pour vous et prenez de superbes photos sans vous soucier des param\u00e8tres. Lorsque vous serez pr\u00eat, passez au mode de contr\u00f4le totalement manuel pour mieux explorer votre cr\u00e9ativit\u00e9.  &#8211; Immortalisez l&rsquo;action  Profitez de la r\u00e9activit\u00e9 et de la pr\u00e9cision du syst\u00e8me autofocus pour ne rater aucun instant d\u00e9cisif et r\u00e9ussir vos prises de vue pleine r\u00e9solution de 3 im.\/s. R\u00e9alisez des photos sportives et d&rsquo;action d&rsquo;une incroyable nettet\u00e9.  &#8211; Composez et visionnez vos photos en toute simplicit\u00e9  Composez et cadrez facilement vos photos \u00e0 l&rsquo;aide du viseur optique et v\u00e9rifiez le r\u00e9sultat sur le grand \u00e9cran LCD lumineux de 7,5 cm (3 pouces) d&rsquo;une r\u00e9solution de 920.000 points.  &#8211; Simplicit\u00e9 d&rsquo;utilisation, quel que soit le sujet  Utilisez le guide des Fonctions int\u00e9gr\u00e9 pour basculer facilement d&rsquo;un menu \u00e0 l&rsquo;autre et ainsi mieux ma\u00eetriser votre appareil photo \u00e0 mesure que vous l&rsquo;utilisez.<\/p>\n<\/div>\n<p><bl-button a11yexpanded=\"false\" arialabel=\"Afficher toute la description\" class=\"read-more__btn\" full=\"false\" link=\"true\"><\/bl-button><\/div>","protected":false},"excerpt":{"rendered":"<div class=\"keypoints\">\n<h3 class=\"keypoints__title\">Les points cl\u00e9s<\/h3>\n<ul role=\"list\">\n<li class=\"keypoints__item\" role=\"listitem\">                                        Capteur : APS-C                      <\/li>\n<\/ul>","protected":false},"featured_media":88642,"template":"","meta":{"_glsr_average":0,"_glsr_ranking":0,"_glsr_reviews":0},"product_cat":[477],"product_tag":[475,478,451],"class_list":{"0":"post-88643","1":"product","2":"type-product","3":"status-publish","4":"has-post-thumbnail","6":"product_cat-reflex","7":"product_tag-appareil-photo","8":"product_tag-reflex","9":"product_tag-tv-image-son","11":"first","12":"instock","13":"sale","14":"shipping-taxable","15":"purchasable","16":"product-type-simple"},"_links":{"self":[{"href":"https:\/\/electromenagerexpress.com\/en\/wp-json\/wp\/v2\/product\/88643","targetHints":{"allow":["GET"]}}],"collection":[{"href":"https:\/\/electromenagerexpress.com\/en\/wp-json\/wp\/v2\/product"}],"about":[{"href":"https:\/\/electromenagerexpress.com\/en\/wp-json\/wp\/v2\/types\/product"}],"wp:featuredmedia":[{"embeddable":true,"href":"https:\/\/electromenagerexpress.com\/en\/wp-json\/wp\/v2\/media\/88642"}],"wp:attachment":[{"href":"https:\/\/electromenagerexpress.com\/en\/wp-json\/wp\/v2\/media?parent=88643"}],"wp:term":[{"taxonomy":"product_cat","embeddable":true,"href":"https:\/\/electromenagerexpress.com\/en\/wp-json\/wp\/v2\/product_cat?post=88643"},{"taxonomy":"product_tag","embeddable":true,"href":"https:\/\/electromenagerexpress.com\/en\/wp-json\/wp\/v2\/product_tag?post=88643"}],"curies":[{"name":"wp","href":"https:\/\/api.w.org\/{rel}","templated":true}]}}