{"id":88638,"date":"2024-11-24T17:14:21","date_gmt":"2024-11-24T17:14:21","guid":{"rendered":"https:\/\/electromenagerexpress.com\/product\/appareil-photo-bridgekodakpixpro-az652-noir-reconditionne\/"},"modified":"2024-11-24T17:14:24","modified_gmt":"2024-11-24T17:14:24","slug":"appareil-photo-bridgekodakpixpro-az652-noir-reconditionne","status":"publish","type":"product","link":"https:\/\/electromenagerexpress.com\/en\/product\/appareil-photo-bridgekodakpixpro-az652-noir-reconditionne\/","title":{"rendered":"Appareil photo Bridge\t\t\t\t\t\t\tKODAK\t\t\t\tPixPro AZ652 Noir Reconditionn\u00e9"},"content":{"rendered":"<div class=\"product-features__content\">\n<ul role=\"list\">\n<li class=\"product-features__item\" role=\"listitem\">\n<h3 class=\"product-features__label\">Performances<\/h3>\n<ul role=\"list\">\n<li class=\"product-features__item-list__item\" role=\"listitem\"><span class=\"is--medium\">Ecran :<\/span> orientable\t\t\t\t\t<\/li>\n<\/ul>\n<\/li>\n<li class=\"product-features__item\" role=\"listitem\">\n<h3 class=\"product-features__label\">Dimensions<\/h3>\n<ul role=\"list\">\n<li class=\"product-features__item-list__item\" role=\"listitem\"><span class=\"is--medium\">Dimensions l x h x p :<\/span> 12.59 x 8.9 x 11.36 cm\t\t\t\t\t<\/li>\n<li class=\"product-features__item-list__item\" role=\"listitem\"><span class=\"is--medium\">Poids sans accessoires :<\/span> 602 g\t\t\t\t\t<\/li>\n<\/ul>\n<\/li>\n<li class=\"product-features__item\" role=\"listitem\">\n<h3 class=\"product-features__label\">Informations compl\u00e9mentaires<\/h3>\n<ul role=\"list\">\n<li class=\"product-features__item-list__item\" role=\"listitem\"><span class=\"is--medium\">R\u00e9f\u00e9rence constructeur :<\/span> PixPro AZ652 Noir\t\t\t\t\t<\/li>\n<li class=\"product-features__item-list__item\" role=\"listitem\"><span class=\"is--medium\">Marque :<\/span> KODAK\t\t\t\t\t<\/li>\n<\/ul>\n<\/li>\n<\/ul>\n<\/div>\n<div class=\"product__disclosure-content\">\n<div class=\"js-read-more product-description__content read-more read-more--truncated\" data-read-more-name=\"description\" style=\"max-height: 500px; overflow: hidden;\">\n<p>Passez au niveau sup\u00e9rieur et r\u00e9alisez des photos de qualit\u00e9 avec l&rsquo;appareil photo bridge KODAK PixPro AZ652 noir. Facile \u00e0 utiliser, l&rsquo;appareil, dot\u00e9 d&rsquo;un impressionnant zoom optique 65x, vous promet des clich\u00e9s r\u00e9ussis dont vous pourrez tirer le meilleur rendu possible.<\/p>\n<h3>Des photos de haute qualit\u00e9 m\u00eame en gros plan<img fetchpriority=\"high\" decoding=\"async\" alt=\"Bridge KODAK PixPro AZ652 Noir\" class=\"wy_tableau_gauche\" height=\"270\" src=\"https:\/\/boulanger.scene7.com\/is\/image\/Boulanger\/0819900012507_h_f_l_0?wid=400&amp;hei=270\" width=\"400\"\/><\/h3>\n<p>L&rsquo;appareil photo bridge KODAK PixPro AZ652 noir est \u00e9quip\u00e9 d&rsquo;un <b>capteur CMOS de 20MP<\/b> qui vous assure un clich\u00e9 d\u00e9taill\u00e9 d&rsquo;une grande fid\u00e9lit\u00e9. Une qualit\u00e9 qui vous donne par la suite la possibilit\u00e9 d&rsquo;exploiter votre photo comme vous le souhaitez. Vous pourrez ainsi la partager en ligne ou la tirer en grand format, sans compromis sur le rendu final.<\/p>\n<p>Cet appareil photo bridge se d\u00e9marque gr\u00e2ce \u00e0 un <b>zoom optique 65X<\/b> qui vous autorise \u00e0 r\u00e9aliser un clich\u00e9 en gros plan, tout en profitant d&rsquo;une mise au point parfaite. Un m\u00e9ga zoom qui s&rsquo;adapte ainsi \u00e0 tous les types de sujets et vous permet de lib\u00e9rer votre cr\u00e9ativit\u00e9.<\/p>\n<h3>Un appareil photo qui s&rsquo;adapte \u00e0 vos besoins<img decoding=\"async\" alt=\"Bridge KODAK PixPro AZ652 Noir\" class=\"wy_tableau_right\" height=\"270\" src=\"https:\/\/boulanger.scene7.com\/is\/image\/Boulanger\/0819900012507_h_f_l_1?wid=400&amp;hei=270\" width=\"400\"\/><\/h3>\n<p>L&rsquo;appareil photo bridge KODAK PixPro AZ652 noir vous permet de r\u00e9aliser tous types de clich\u00e9s, m\u00eame sur des sujets en mouvement, gr\u00e2ce \u00e0 son <b>mode rafale de 5 images par seconde<\/b>. Et pour une utilisation plus facile, il est dot\u00e9 d&rsquo;un \u00e9cran de 3&Prime; sur pivot LCD, de 920K pixels, pour prendre des photos sous des angles originaux avec un effet saisissant.<\/p>\n<p>Cet appareil photo bridge peut \u00eatre contr\u00f4l\u00e9 depuis votre smartphone et se connecte \u00e0 votre ordinateur gr\u00e2ce \u00e0 sa <b>connexion WiFi<\/b>. Il simplifie ainsi l&rsquo;enregistrement et le partage de vos photos. Il vous donne \u00e9galement le choix entre 2 formats pour faciliter l&rsquo;\u00e9dition de vos images : <b>JPEG et RAW<\/b>.<\/p>\n<\/p>\n<\/div>\n<p><bl-button a11yexpanded=\"false\" arialabel=\"Afficher toute la description\" class=\"read-more__btn\" full=\"false\" link=\"true\"><\/bl-button><\/div>","protected":false},"excerpt":{"rendered":"<div class=\"keypoints\">\n<h3 class=\"keypoints__title\">Les points cl\u00e9s<\/h3>\n<ul role=\"list\">\n<li class=\"keypoints__item\" role=\"listitem\">                                        Ideal pour : Amateur                      <\/li>\n<li class=\"keypoints__item\" role=\"listitem\">                                        R\u00e9solution vid\u00e9o : Full HD                      <\/li>\n<li class=\"keypoints__item\" role=\"listitem\">                          Zoom optique : x65 &#8211;                                                      Ecran : orientable                      <\/li>\n<li class=\"keypoints__item keypoints__item--advantage\" role=\"listitem\"><strong>Le + :<\/strong> Mode panorama 360\u00b0      <\/li>\n<\/ul>","protected":false},"featured_media":88637,"template":"","meta":{"_glsr_average":0,"_glsr_ranking":0,"_glsr_reviews":0},"product_cat":[481],"product_tag":[475,482,451],"class_list":{"0":"post-88638","1":"product","2":"type-product","3":"status-publish","4":"has-post-thumbnail","6":"product_cat-appareil-photo-bridge","7":"product_tag-appareil-photo","8":"product_tag-appareil-photo-bridge","9":"product_tag-tv-image-son","11":"first","12":"instock","13":"sale","14":"shipping-taxable","15":"purchasable","16":"product-type-simple"},"_links":{"self":[{"href":"https:\/\/electromenagerexpress.com\/en\/wp-json\/wp\/v2\/product\/88638","targetHints":{"allow":["GET"]}}],"collection":[{"href":"https:\/\/electromenagerexpress.com\/en\/wp-json\/wp\/v2\/product"}],"about":[{"href":"https:\/\/electromenagerexpress.com\/en\/wp-json\/wp\/v2\/types\/product"}],"wp:featuredmedia":[{"embeddable":true,"href":"https:\/\/electromenagerexpress.com\/en\/wp-json\/wp\/v2\/media\/88637"}],"wp:attachment":[{"href":"https:\/\/electromenagerexpress.com\/en\/wp-json\/wp\/v2\/media?parent=88638"}],"wp:term":[{"taxonomy":"product_cat","embeddable":true,"href":"https:\/\/electromenagerexpress.com\/en\/wp-json\/wp\/v2\/product_cat?post=88638"},{"taxonomy":"product_tag","embeddable":true,"href":"https:\/\/electromenagerexpress.com\/en\/wp-json\/wp\/v2\/product_tag?post=88638"}],"curies":[{"name":"wp","href":"https:\/\/api.w.org\/{rel}","templated":true}]}}