{"id":88633,"date":"2024-11-24T17:14:16","date_gmt":"2024-11-24T17:14:16","guid":{"rendered":"https:\/\/electromenagerexpress.com\/product\/appareil-photo-reflexpentaxk-1-mii-d-fa-28-105mm-f-3-5-5-6\/"},"modified":"2024-11-24T17:14:19","modified_gmt":"2024-11-24T17:14:19","slug":"appareil-photo-reflexpentaxk-1-mii-d-fa-28-105mm-f-3-5-5-6","status":"publish","type":"product","link":"https:\/\/electromenagerexpress.com\/en\/product\/appareil-photo-reflexpentaxk-1-mii-d-fa-28-105mm-f-3-5-5-6\/","title":{"rendered":"Appareil photo Reflex\t\t\t\t\t\t\tPENTAX\t\t\t\tK-1 MII + D FA 28-105mm f\/3.5-5.6"},"content":{"rendered":"<div class=\"product-features__content\">\n<ul role=\"list\">\n<li class=\"product-features__item\" role=\"listitem\">\n<h3 class=\"product-features__label\">Qualit\u00e9 photo et vid\u00e9o<\/h3>\n<ul role=\"list\">\n<li class=\"product-features__item-list__item\" role=\"listitem\"><span class=\"is--medium\">Capteur :<\/span> Plein Format (24&#215;36), permet de donner un excellent rendu pour un format carte postale ou un agrandissement\t\t\t\t\t<\/li>\n<li class=\"product-features__item-list__item\" role=\"listitem\"><span class=\"is--medium\">Le saviez vous ? :<\/span> plus le capteur est grand, plus l&rsquo;image sera d\u00e9taill\u00e9e\t\t\t\t\t<\/li>\n<li class=\"product-features__item-list__item\" role=\"listitem\"><span class=\"is--medium\">R\u00e9solution (en m\u00e9gapixels) :<\/span> 36,0 Mpx\t\t\t\t\t<\/li>\n<li class=\"product-features__item-list__item\" role=\"listitem\"><span class=\"is--medium\">Comprendre la r\u00e9solution :<\/span> Plus ce chiffre sera \u00e9lev\u00e9, plus il sera possible d&rsquo;imprimer vos images en grand format comme des posters, ou encore effectuer des recadrages de qualit\u00e9 sur des logiciels de retouche photo.\t\t\t\t\t<\/li>\n<\/ul>\n<\/li>\n<li class=\"product-features__item\" role=\"listitem\">\n<h3 class=\"product-features__label\">Objectif<\/h3>\n<ul role=\"list\">\n<li class=\"product-features__item-list__item\" role=\"listitem\"><span class=\"is--medium\">Vitesse d&rsquo;obturation :<\/span> 1\/8000 \u00e0 30 s\t\t\t\t\t<\/li>\n<li class=\"product-features__item-list__item\" role=\"listitem\"><span class=\"is--medium\">Comprendre la vitesse d&rsquo;obturation :<\/span> La vitesse d&rsquo;obturation, est le temps pendant lequel l&rsquo;obturateur s&rsquo;ouvre au d\u00e9clenchement. Si la vitesse est r\u00e9gl\u00e9e sur une valeur rapide, (jusqu&rsquo;\u00e0 1\/8000 sec) l&rsquo;image sera nette, au contraire si la vitesse est r\u00e9gl\u00e9e sur une valeur lente (jusqu&rsquo;\u00e0 30 sec) l&rsquo;image aura un effet artistique.\t\t\t\t\t<\/li>\n<li class=\"product-features__item-list__item\" role=\"listitem\"><span class=\"is--medium\">Mode rafale :<\/span> 4 images\/s\t\t\t\t\t<\/li>\n<\/ul>\n<\/li>\n<li class=\"product-features__item\" role=\"listitem\">\n<h3 class=\"product-features__label\">Dimensions<\/h3>\n<ul role=\"list\">\n<li class=\"product-features__item-list__item\" role=\"listitem\"><span class=\"is--medium\">Dimensions l x h x p :<\/span> 13.65 x 11 x 8.55 cm\t\t\t\t\t<\/li>\n<\/ul>\n<\/li>\n<li class=\"product-features__item\" role=\"listitem\">\n<h3 class=\"product-features__label\">Informations compl\u00e9mentaires<\/h3>\n<ul role=\"list\">\n<li class=\"product-features__item-list__item\" role=\"listitem\"><span class=\"is--medium\">Fabriqu\u00e9 en :<\/span> Philippines\t\t\t\t\t<\/li>\n<li class=\"product-features__item-list__item\" role=\"listitem\"><span class=\"is--medium\">Garantie :<\/span> 2 ans\t\t\t\t\t<\/li>\n<li class=\"product-features__item-list__item\" role=\"listitem\"><span class=\"is--medium\">Disponibilit\u00e9 des pi\u00e8ces d\u00e9tach\u00e9es (donn\u00e9es fournisseur) :<\/span> Pendant 5 ans, \u00e0 compter de la date d&rsquo;achat\t\t\t\t\t<\/li>\n<li class=\"product-features__item-list__item\" role=\"listitem\"><span class=\"is--medium\">R\u00e9f\u00e9rence constructeur :<\/span> K-1 MII + D FA 28-105mm f\/3.5-5.6\t\t\t\t\t<\/li>\n<li class=\"product-features__item-list__item\" role=\"listitem\"><span class=\"is--medium\">Marque :<\/span> PENTAX\t\t\t\t\t<\/li>\n<\/ul>\n<\/li>\n<\/ul>\n<\/div>\n<div class=\"product__disclosure-content\">\n<div class=\"js-read-more product-description__content read-more read-more--truncated\" data-read-more-name=\"description\" style=\"max-height: 500px; overflow: hidden;\">\n<p>L&rsquo;appareil photo reflex PENTAX K-1 Mark II capture des photographies superbes pleines de d\u00e9tails. Son ergonomie am\u00e9lior\u00e9e est dot\u00e9e d&rsquo;un viseur confortable ainsi que de fonctionnalit\u00e9s propres \u00e0 la marque japonaise.<\/p>\n<h3>De superbes photographies richement d\u00e9taill\u00e9es<img fetchpriority=\"high\" decoding=\"async\" alt=\"Reflex PENTAX K-1 MII + HD D FA 50mm f\/1.4 SDM WR\" class=\"wy_tableau_gauche\" height=\"270\" src=\"https:\/\/boulanger.scene7.com\/is\/image\/Boulanger\/0027075401150_h_f_l_0?wid=400&amp;hei=270\" width=\"400\"\/><\/h3>\n<p>L&rsquo;appareil photo reflex PENTAX K-1 Mark II est \u00e9quip\u00e9 d&rsquo;un <b>capteur CMOS plein format de 36 Mpx<\/b>. Sa grande pr\u00e9cision vous permettra d&rsquo;agrandir toutes vos photos en JPEG ou en RAW tout en conservant un excellent niveau de d\u00e9tail. L&rsquo;objectif fourni dispose d&rsquo;une grande ouverture \u00e0 f\/1.4 pour vous procurer des portraits lumineux.<\/p>\n<p>La technologie Pixel Shift Resolution II avanc\u00e9e permet de conserver une excellente r\u00e9solution lorsque vous prenez vos photos \u00e0 main lev\u00e9e. De plus, la <b>stabilisation m\u00e9canique sur 5 axes<\/b> est tr\u00e8s performante et vous procure une pr\u00e9cision \u00e0 toute \u00e9preuve.<\/p>\n<h3>Ergonomie am\u00e9lior\u00e9e<img decoding=\"async\" alt=\"Reflex PENTAX K-1 MII + HD D FA 50mm f\/1.4 SDM WR\" class=\"wy_tableau_right\" height=\"270\" src=\"https:\/\/boulanger.scene7.com\/is\/image\/Boulanger\/0027075401150_h_b_l_0?wid=400&amp;hei=270\" width=\"400\"\/><\/h3>\n<p>L&rsquo;appareil photo reflex PENTAX K-1 Mark II int\u00e8gre un <b>viseur \u00e0 100 %<\/b> qui vous permet de d\u00e9clencher vos clich\u00e9s avec un confort sup\u00e9rieur. Les fonctions de surimpression ou l&rsquo;intervallom\u00e8tre donnent l&rsquo;occasion de capturer des clich\u00e9s hors du commun avec des effets cr\u00e9atifs r\u00e9ussis.<\/p>\n<p>Le bo\u00eetier r\u00e9sistant fait face aux intemp\u00e9ries et \u00e0 la poussi\u00e8re. Le nettoyage du capteur par vibrations ultrasoniques DR II permettra de maintenir la pr\u00e9cision du capteur tandis que le <b>GPS int\u00e9gr\u00e9<\/b> servira \u00e0 g\u00e9olocaliser vos prises de vue. L&rsquo;\u00e9cran de 3,2 pouces b\u00e9n\u00e9ficie d&rsquo;un rev\u00eatement antireflet et antirayure pour une visibilit\u00e9 optimale.<\/p>\n<\/p>\n<\/div>\n<p><bl-button a11yexpanded=\"false\" arialabel=\"Afficher toute la description\" class=\"read-more__btn\" full=\"false\" link=\"true\"><\/bl-button><\/div>","protected":false},"excerpt":{"rendered":"<div class=\"keypoints\">\n<h3 class=\"keypoints__title\">Les points cl\u00e9s<\/h3>\n<ul role=\"list\">\n<li class=\"keypoints__item\" role=\"listitem\">                                        Capteur : Full Frame (24&#215;36)                      <\/li>\n<li class=\"keypoints__item\" role=\"listitem\">                                        Vitesse d&rsquo;obturation : 1\/8000 \u00e0 30 s                      <\/li>\n<li class=\"keypoints__item\" role=\"listitem\">                                        Connectivit\u00e9 : Wi-Fi                      <\/li>\n<\/ul>","protected":false},"featured_media":88632,"template":"","meta":{"_glsr_average":0,"_glsr_ranking":0,"_glsr_reviews":0},"product_cat":[477],"product_tag":[475,478,451],"class_list":{"0":"post-88633","1":"product","2":"type-product","3":"status-publish","4":"has-post-thumbnail","6":"product_cat-reflex","7":"product_tag-appareil-photo","8":"product_tag-reflex","9":"product_tag-tv-image-son","11":"first","12":"instock","13":"sale","14":"shipping-taxable","15":"purchasable","16":"product-type-simple"},"_links":{"self":[{"href":"https:\/\/electromenagerexpress.com\/en\/wp-json\/wp\/v2\/product\/88633","targetHints":{"allow":["GET"]}}],"collection":[{"href":"https:\/\/electromenagerexpress.com\/en\/wp-json\/wp\/v2\/product"}],"about":[{"href":"https:\/\/electromenagerexpress.com\/en\/wp-json\/wp\/v2\/types\/product"}],"wp:featuredmedia":[{"embeddable":true,"href":"https:\/\/electromenagerexpress.com\/en\/wp-json\/wp\/v2\/media\/88632"}],"wp:attachment":[{"href":"https:\/\/electromenagerexpress.com\/en\/wp-json\/wp\/v2\/media?parent=88633"}],"wp:term":[{"taxonomy":"product_cat","embeddable":true,"href":"https:\/\/electromenagerexpress.com\/en\/wp-json\/wp\/v2\/product_cat?post=88633"},{"taxonomy":"product_tag","embeddable":true,"href":"https:\/\/electromenagerexpress.com\/en\/wp-json\/wp\/v2\/product_tag?post=88633"}],"curies":[{"name":"wp","href":"https:\/\/api.w.org\/{rel}","templated":true}]}}