{"id":88612,"date":"2024-11-24T17:13:55","date_gmt":"2024-11-24T17:13:55","guid":{"rendered":"https:\/\/electromenagerexpress.com\/product\/appareil-photo-reflexcanoneos-200d-noir-18-55mm-is-stm-reconditionne\/"},"modified":"2024-11-24T17:14:05","modified_gmt":"2024-11-24T17:14:05","slug":"appareil-photo-reflexcanoneos-200d-noir-18-55mm-is-stm-reconditionne","status":"publish","type":"product","link":"https:\/\/electromenagerexpress.com\/en\/product\/appareil-photo-reflexcanoneos-200d-noir-18-55mm-is-stm-reconditionne\/","title":{"rendered":"Appareil photo Reflex\t\t\t\t\t\t\tCANON\t\t\t\tEOS 200D Noir + 18-55mm IS STM Reconditionn\u00e9"},"content":{"rendered":"<div class=\"product-features__content\">\n<ul role=\"list\">\n<li class=\"product-features__item\" role=\"listitem\">\n<h3 class=\"product-features__label\">Qualit\u00e9 photo et vid\u00e9o<\/h3>\n<ul role=\"list\">\n<li class=\"product-features__item-list__item\" role=\"listitem\"><span class=\"is--medium\">Capteur :<\/span> APS-C, permet de donner un rendu de qualit\u00e9 pour un format carte postale ou un agrandissement\t\t\t\t\t<\/li>\n<li class=\"product-features__item-list__item\" role=\"listitem\"><span class=\"is--medium\">Le saviez vous ? :<\/span> plus le capteur est grand, plus l&rsquo;image sera d\u00e9taill\u00e9e\t\t\t\t\t<\/li>\n<li class=\"product-features__item-list__item\" role=\"listitem\"><span class=\"is--medium\">R\u00e9solution (en m\u00e9gapixels) :<\/span> 24,2 Mpx\t\t\t\t\t<\/li>\n<li class=\"product-features__item-list__item\" role=\"listitem\"><span class=\"is--medium\">Comprendre la r\u00e9solution :<\/span> Plus ce chiffre sera \u00e9lev\u00e9, plus il sera possible d&rsquo;imprimer vos images en grand format comme des posters, ou encore effectuer des recadrages de qualit\u00e9 sur des logiciels de retouche photo.\t\t\t\t\t<\/li>\n<\/ul>\n<\/li>\n<li class=\"product-features__item\" role=\"listitem\">\n<h3 class=\"product-features__label\">Objectif<\/h3>\n<ul role=\"list\">\n<li class=\"product-features__item-list__item\" role=\"listitem\"><span class=\"is--medium\">Vitesse d&rsquo;obturation :<\/span> 1\/4000 \u00e0 1 s\t\t\t\t\t<\/li>\n<li class=\"product-features__item-list__item\" role=\"listitem\"><span class=\"is--medium\">Comprendre la vitesse d&rsquo;obturation :<\/span> La vitesse d&rsquo;obturation, est le temps pendant lequel l&rsquo;obturateur s&rsquo;ouvre au d\u00e9clenchement. Si la vitesse est r\u00e9gl\u00e9e sur une valeur rapide, (jusqu&rsquo;\u00e0 1\/8000 sec) l&rsquo;image sera nette, au contraire si la vitesse est r\u00e9gl\u00e9e sur une valeur lente (jusqu&rsquo;\u00e0 30 sec) l&rsquo;image aura un effet artistique.\t\t\t\t\t<\/li>\n<li class=\"product-features__item-list__item\" role=\"listitem\"><span class=\"is--medium\">Mode rafale :<\/span> 5 images\/s\t\t\t\t\t<\/li>\n<\/ul>\n<\/li>\n<li class=\"product-features__item\" role=\"listitem\">\n<h3 class=\"product-features__label\">Dimensions<\/h3>\n<ul role=\"list\">\n<li class=\"product-features__item-list__item\" role=\"listitem\"><span class=\"is--medium\">Dimensions l x h x p :<\/span> 12.4 x 9.26 x 6.98 cm\t\t\t\t\t<\/li>\n<\/ul>\n<\/li>\n<li class=\"product-features__item\" role=\"listitem\">\n<h3 class=\"product-features__label\">Informations compl\u00e9mentaires<\/h3>\n<ul role=\"list\">\n<li class=\"product-features__item-list__item\" role=\"listitem\"><span class=\"is--medium\">R\u00e9f\u00e9rence constructeur :<\/span> EOS 200D Noir + 18-55mm IS STM\t\t\t\t\t<\/li>\n<li class=\"product-features__item-list__item\" role=\"listitem\"><span class=\"is--medium\">Marque :<\/span> CANON\t\t\t\t\t<\/li>\n<\/ul>\n<\/li>\n<\/ul>\n<\/div>\n<div class=\"product__disclosure-content\">\n<div class=\"js-read-more product-description__content read-more read-more--truncated\" data-read-more-name=\"description\" style=\"max-height: 500px; overflow: hidden;\">\n<p>Entrez dans le monde de la photographie reflex num\u00e9rique avec le Reflex CANON EOS 200D.<\/p>\n<h3>Des photos magnifiques en toute simplicit\u00e9<img fetchpriority=\"high\" decoding=\"async\" alt=\"Reflex CANON EOS 200D Noir + 18-55mm IS\" class=\"wy_tableau_gauche\" height=\"270\" src=\"https:\/\/boulanger.scene7.com\/is\/image\/Boulanger\/4549292091335_p1?wid=400&amp;hei=270\" width=\"400\"\/><\/h3>\n<p>Le Reflex CANON EOS 200D est un appareil compact avec des performances exceptionnelles. Avec son <b>capteur d&rsquo;image CMOS de 24,20 millions de pixels effectifs<\/b> et une sensibilit\u00e9 allant <b>jusqu&rsquo;\u00e0 ISO 51 200<\/b>, vous capturez des photos de haute qualit\u00e9. Il est aussi \u00e9quip\u00e9 d&rsquo;un <b>stabilisateur d&rsquo;image optique<\/b> et peut r\u00e9aliser une prise de vue en continu de 5 images par seconde.<\/p>\n<p>Vous pouvez utiliser le <b>viseur optique<\/b> avec autofocus \u00e0 9 collimateurs ou l&rsquo;<b>\u00e9cran orientable<\/b>. Vous profitez ainsi d&rsquo;une <b>mise au point avec vis\u00e9e par l&rsquo;\u00e9cran ultra rapide<\/b>, gr\u00e2ce \u00e0 l&rsquo;autofocus CMOS Dual Pixel.Enregistrez des vid\u00e9os de qualit\u00e9 en <b>Full HD \u00e0 60 p<\/b>, nettes et stables.<\/p>\n<h3>Partagez facilement vos images<img decoding=\"async\" alt=\"Reflex CANON EOS 200D Noir + 18-55mm IS\" class=\"wy_tableau_right\" height=\"270\" src=\"https:\/\/boulanger.scene7.com\/is\/image\/Boulanger\/4549292091335_p2?wid=400&amp;hei=270\" width=\"400\"\/><\/h3>\n<p>Le Reflex CANON EOS 200D peut se connecter \u00e0 votre smartphone ou votre tablette via <b>Bluetooth ou Wi-Fi<\/b> avec l&rsquo;<b>application Camera Canon Connect<\/b>, compatible avec iOS et Android. Vous pouvez ainsi enregistrer, modifier et partager facilement vos photos sur les r\u00e9seaux sociaux.<\/p>\n<p>Son <b>design compact<\/b> (12,24 x 9,26 x 6,98 cm) et l\u00e9ger (seulement 453 g) vous permet d&#8217;emmener votre appareil photo facilement partout avec vous.Son <b>\u00e9cran tactile<\/b> et son interface intuitive vous offrent une utilisation simplifi\u00e9e.Pour personnaliser vos prises de vue, vous pouvez adapter \u00e0 votre appareil l&rsquo;un des <b>80 autres objectifs EOS<\/b> propos\u00e9s par la marque.<\/p>\n<\/p>\n<\/div>\n<p><bl-button a11yexpanded=\"false\" arialabel=\"Afficher toute la description\" class=\"read-more__btn\" full=\"false\" link=\"true\"><\/bl-button><\/div>","protected":false},"excerpt":{"rendered":"<div class=\"keypoints\">\n<h3 class=\"keypoints__title\">Les points cl\u00e9s<\/h3>\n<ul role=\"list\">\n<li class=\"keypoints__item\" role=\"listitem\">                                        Capteur : APS-C                      <\/li>\n<li class=\"keypoints__item\" role=\"listitem\">                                        Vitesse d&rsquo;obturation : 1\/4000 \u00e0 1 s                      <\/li>\n<li class=\"keypoints__item\" role=\"listitem\">                                        Connectivit\u00e9 : Wi-Fi, NFC, Pictbridge, Bluetooth                      <\/li>\n<\/ul>","protected":false},"featured_media":88611,"template":"","meta":{"_glsr_average":0,"_glsr_ranking":0,"_glsr_reviews":0},"product_cat":[477],"product_tag":[475,478,451],"class_list":{"0":"post-88612","1":"product","2":"type-product","3":"status-publish","4":"has-post-thumbnail","6":"product_cat-reflex","7":"product_tag-appareil-photo","8":"product_tag-reflex","9":"product_tag-tv-image-son","11":"first","12":"instock","13":"sale","14":"shipping-taxable","15":"purchasable","16":"product-type-simple"},"_links":{"self":[{"href":"https:\/\/electromenagerexpress.com\/en\/wp-json\/wp\/v2\/product\/88612","targetHints":{"allow":["GET"]}}],"collection":[{"href":"https:\/\/electromenagerexpress.com\/en\/wp-json\/wp\/v2\/product"}],"about":[{"href":"https:\/\/electromenagerexpress.com\/en\/wp-json\/wp\/v2\/types\/product"}],"wp:featuredmedia":[{"embeddable":true,"href":"https:\/\/electromenagerexpress.com\/en\/wp-json\/wp\/v2\/media\/88611"}],"wp:attachment":[{"href":"https:\/\/electromenagerexpress.com\/en\/wp-json\/wp\/v2\/media?parent=88612"}],"wp:term":[{"taxonomy":"product_cat","embeddable":true,"href":"https:\/\/electromenagerexpress.com\/en\/wp-json\/wp\/v2\/product_cat?post=88612"},{"taxonomy":"product_tag","embeddable":true,"href":"https:\/\/electromenagerexpress.com\/en\/wp-json\/wp\/v2\/product_tag?post=88612"}],"curies":[{"name":"wp","href":"https:\/\/api.w.org\/{rel}","templated":true}]}}