{"id":88589,"date":"2024-11-24T17:13:33","date_gmt":"2024-11-24T17:13:33","guid":{"rendered":"https:\/\/electromenagerexpress.com\/product\/appareil-photo-bridgenikonp950\/"},"modified":"2024-11-24T17:13:39","modified_gmt":"2024-11-24T17:13:39","slug":"appareil-photo-bridgenikonp950","status":"publish","type":"product","link":"https:\/\/electromenagerexpress.com\/en\/product\/appareil-photo-bridgenikonp950\/","title":{"rendered":"Appareil photo Bridge\t\t\t\t\t\t\tNIKON\t\t\t\tP950"},"content":{"rendered":"<div class=\"product-features__content\">\n<ul role=\"list\">\n<li class=\"product-features__item\" role=\"listitem\">\n<h3 class=\"product-features__label\">Qualit\u00e9 photo et vid\u00e9o<\/h3>\n<ul role=\"list\">\n<li class=\"product-features__item-list__item\" role=\"listitem\"><span class=\"is--medium\">Qualit\u00e9 photo (r\u00e9solution) :<\/span> 16 m\u00e9gapixels\t\t\t\t\t<\/li>\n<li class=\"product-features__item-list__item\" role=\"listitem\"><span class=\"is--medium\">Comprendre la r\u00e9solution :<\/span> Plus ce chiffre sera \u00e9lev\u00e9 plus cela sera utile si vous souhaitez imprimer vos images en grand format comme des posters, ou encore effectuer des recadrages de qualit\u00e9 sur des logiciels de retouche photo.\t\t\t\t\t<\/li>\n<li class=\"product-features__item-list__item\" role=\"listitem\"><span class=\"is--medium\">Qualit\u00e9 de la vid\u00e9o :<\/span> 4K (UltraHD)\t\t\t\t\t<\/li>\n<li class=\"product-features__item-list__item\" role=\"listitem\"><span class=\"is--medium\">Qualit\u00e9 de la vid\u00e9o :<\/span> 4K, la d\u00e9finition est 4X sup\u00e9rieure \u00e0 la norme HD, et permet un niveau de d\u00e9tail \u00e9lev\u00e9.\t\t\t\t\t<\/li>\n<li class=\"product-features__item-list__item\" role=\"listitem\"><span class=\"is--medium\">Fichier vid\u00e9o :<\/span> MPEG-4 AVC \/ H.264 (MOV)\t\t\t\t\t<\/li>\n<li class=\"product-features__item-list__item\" role=\"listitem\"><span class=\"is--medium\">Zoom optique :<\/span> x83\t\t\t\t\t<\/li>\n<li class=\"product-features__item-list__item\" role=\"listitem\"><span class=\"is--medium\">Zoom num\u00e9rique :<\/span> Aucun\t\t\t\t\t<\/li>\n<li class=\"product-features__item-list__item\" role=\"listitem\"><span class=\"is--medium\">Sensibilit\u00e9 ISO max :<\/span> 6400 ISO\t\t\t\t\t<\/li>\n<li class=\"product-features__item-list__item\" role=\"listitem\"><span class=\"is--medium\">Comprendre la sensibilit\u00e9 ISO :<\/span> L&rsquo;ISO permet de contr\u00f4ler la lumi\u00e8re atteignant le capteur, de mani\u00e8re \u00e0 rendre la photo plus claire ou plus sombre. Elle fonctionne en automatique ou peut \u00eatre r\u00e9gl\u00e9e manuellement\t\t\t\t\t<\/li>\n<li class=\"product-features__item-list__item\" role=\"listitem\"><span class=\"is--medium\">Stabilisateur :<\/span> Oui\t\t\t\t\t<\/li>\n<li class=\"product-features__item-list__item\" role=\"listitem\"><span class=\"is--medium\">Fichier de l&rsquo;image :<\/span> JPEG, RAW\t\t\t\t\t<\/li>\n<\/ul>\n<\/li>\n<li class=\"product-features__item\" role=\"listitem\">\n<h3 class=\"product-features__label\">Performances<\/h3>\n<ul role=\"list\">\n<li class=\"product-features__item-list__item\" role=\"listitem\"><span class=\"is--medium\">Ecran :<\/span> orientable\t\t\t\t\t<\/li>\n<li class=\"product-features__item-list__item\" role=\"listitem\"><span class=\"is--medium\">Vis\u00e9e \u00e0 l&rsquo;\u00e9cran :<\/span> Oui\t\t\t\t\t<\/li>\n<li class=\"product-features__item-list__item\" role=\"listitem\"><span class=\"is--medium\">Connectivit\u00e9 :<\/span> Wi-Fi et Bluetooth\t\t\t\t\t<\/li>\n<li class=\"product-features__item-list__item\" role=\"listitem\"><span class=\"is--medium\">Etanche :<\/span> Non\t\t\t\t\t<\/li>\n<li class=\"product-features__item-list__item\" role=\"listitem\"><span class=\"is--medium\">Tropicalis\u00e9 :<\/span> Non\t\t\t\t\t<\/li>\n<li class=\"product-features__item-list__item\" role=\"listitem\"><span class=\"is--medium\">Flash int\u00e9gr\u00e9 :<\/span> Oui\t\t\t\t\t<\/li>\n<li class=\"product-features__item-list__item\" role=\"listitem\"><span class=\"is--medium\">Type de viseur :<\/span> \u00e9lectronique, permet de pr\u00e9visualiser les effets des r\u00e9glages et de visualiser des informations utiles.\t\t\t\t\t<\/li>\n<li class=\"product-features__item-list__item\" role=\"listitem\"><span class=\"is--medium\">Connectiques :<\/span> Sortie Micro-USB\t\t\t\t\t<\/li>\n<\/ul>\n<\/li>\n<li class=\"product-features__item\" role=\"listitem\">\n<h3 class=\"product-features__label\">Dimensions<\/h3>\n<ul role=\"list\">\n<li class=\"product-features__item-list__item\" role=\"listitem\"><span class=\"is--medium\">Dimensions l x h x p :<\/span> 14.02 x 14.98 x 10.96 cm\t\t\t\t\t<\/li>\n<li class=\"product-features__item-list__item\" role=\"listitem\"><span class=\"is--medium\">Poids sans accessoires :<\/span> 1 kg\t\t\t\t\t<\/li>\n<\/ul>\n<\/li>\n<li class=\"product-features__item\" role=\"listitem\">\n<h3 class=\"product-features__label\">Informations compl\u00e9mentaires<\/h3>\n<ul role=\"list\">\n<li class=\"product-features__item-list__item\" role=\"listitem\"><span class=\"is--medium\">Fabriqu\u00e9 en :<\/span> Chine\t\t\t\t\t<\/li>\n<li class=\"product-features__item-list__item\" role=\"listitem\"><span class=\"is--medium\">Garantie :<\/span> 2 ans\t\t\t\t\t<\/li>\n<li class=\"product-features__item-list__item\" role=\"listitem\"><span class=\"is--medium\">Disponibilit\u00e9 des pi\u00e8ces d\u00e9tach\u00e9es (donn\u00e9es fournisseur) :<\/span> Pendant 5 ans, \u00e0 compter de la date fin de fabrication\t\t\t\t\t<\/li>\n<li class=\"product-features__item-list__item\" role=\"listitem\"><span class=\"is--medium\">R\u00e9f\u00e9rence constructeur :<\/span> P950\t\t\t\t\t<\/li>\n<li class=\"product-features__item-list__item\" role=\"listitem\"><span class=\"is--medium\">Marque :<\/span> NIKON\t\t\t\t\t<\/li>\n<\/ul>\n<\/li>\n<\/ul>\n<\/div>\n<div class=\"product__disclosure-content\">\n<div class=\"js-read-more product-description__content read-more read-more--truncated\" data-read-more-name=\"description\" style=\"max-height: 500px; overflow: hidden;\">\n<p>Profitez de vos plus beaux moments et capturez-les simplement gr\u00e2ce \u00e0 un appareil photo de qualit\u00e9. Filmez ou photographiez en ultra haute qualit\u00e9, avec le zoom que vous souhaitez, pour \u00eatre toujours au plus pr\u00e8s de ce que vous aimez. D&rsquo;un seul geste, partagez votre talent et laissez votre cr\u00e9ativit\u00e9 s&rsquo;exprimer. <\/p>\n<h3><img fetchpriority=\"high\" decoding=\"async\" ,=\"\" alt=\"Appareil photo Bridge\u00a0Nikon\u00a0P950\" class=\"wy_tableau_gauche\" height=\"270\" src=\"https:\/\/boulanger.scene7.com\/is\/image\/Boulanger\/4960759902481_h_f_l_0?wid=400&amp;hei=270\" width=\"400\"\/>Des prises de vue de qualit\u00e9<\/h3>\n<p>L&rsquo;appareil photo Bridge\u00a0Nikon\u00a0P950\u00a0enregistre des <b>vid\u00e9os en\u00a04K\u00a0UHD\u00a030p\u00a0st\u00e9r\u00e9o, ou en Full HD avec des cadences maximales de\u00a060p<\/b>, pour des moments captur\u00e9s en tr\u00e8s haute qualit\u00e9 et reproduis fid\u00e8lement \u00e0 l&rsquo;\u00e9cran. Lorsque vous filmez, vous pouvez <b>modifier les param\u00e8tres d&rsquo;exposition<\/b> afin d&rsquo;avoir une image toujours belle, m\u00eame si la lumi\u00e8re est changeante. <\/p>\n<p>Retrouvez-vous au coeur de l&rsquo;action gr\u00e2ce au zoom disponible sur l&rsquo;appareil photo Bridge\u00a0Nikon\u00a0P950. Sa <b>plage de focales va de\u00a024\u00a0\u00e0\u00a02000mm<\/b>, pour des images plus proches sans alt\u00e9rer la qualit\u00e9 de la photographie ou du film. Avec la fonction <b>Dynamic Fine Zoom\u00a0166x<\/b>, poussez la <b>limite d&rsquo;agrandissement \u00e0\u00a04000mm<\/b>\u00a0et restez au plus pr\u00e8s de votre environnement. <\/p>\n<h3><img decoding=\"async\" ,=\"\" alt=\"Appareil photo Bridge\u00a0Nikon\u00a0P950\" class=\"wy_tableau_right\" height=\"270\" src=\"https:\/\/boulanger.scene7.com\/is\/image\/Boulanger\/4960759902481_h_f_l_1?wid=400&amp;hei=270\" width=\"400\"\/>Retouches faciles et rapides<\/h3>\n<p>Gr\u00e2ce \u00e0 l&rsquo;appareil photo Bridge\u00a0Nikon\u00a0P950\u00a0et \u00e0 la <b>prise en charge du format RAW (NRW)<\/b>, les montages se font tr\u00e8s facilement et avec les logiciels professionnels que vous souhaitez. La <b>qualit\u00e9 de votre clich\u00e9 est intacte<\/b> durant le transfert \u00e0 votre ordinateur, et vous profitez de l&rsquo;image \u00e0 l&rsquo;\u00e9tat brut. Retouchez-la comme vous le d\u00e9sirez. <\/p>\n<p>La <b>synchronisation entre l&rsquo;appareil photo Bridge\u00a0Nikon\u00a0P950\u00a0et votre smartphone<\/b> est intuitive, rapide et facile. Maintenez la connexion et <b>transf\u00e9rez automatiquement tous vos clich\u00e9s \u00e0 votre galerie mobile<\/b>. Ainsi, <b>partagez-les instantan\u00e9ment<\/b> sur les r\u00e9seaux sociaux ou avec vos proches, sans manipulation contraignante. <\/p>\n<\/p>\n<\/div>\n<p><bl-button a11yexpanded=\"false\" arialabel=\"Afficher toute la description\" class=\"read-more__btn\" full=\"false\" link=\"true\"><\/bl-button><\/div>","protected":false},"excerpt":{"rendered":"<div class=\"keypoints\">\n<h3 class=\"keypoints__title\">Les points cl\u00e9s<\/h3>\n<ul role=\"list\">\n<li class=\"keypoints__item\" role=\"listitem\">                                        Ideal pour : Amateur                      <\/li>\n<li class=\"keypoints__item\" role=\"listitem\">                          Qualit\u00e9 photo : 16 m\u00e9gapixels &#8211;                                                      R\u00e9solution vid\u00e9o : 4K (UltraHD)                      <\/li>\n<li class=\"keypoints__item\" role=\"listitem\">                          Zoom optique : x83 &#8211;                                                      Ecran : orientable                      <\/li>\n<li class=\"keypoints__item\" role=\"listitem\">                                        Connectivit\u00e9 : Wi-Fi et Bluetooth                      <\/li>\n<li class=\"keypoints__item keypoints__item--advantage\" role=\"listitem\"><strong>Le + :<\/strong> Zoom optique impressionnant      <\/li>\n<\/ul>","protected":false},"featured_media":88588,"template":"","meta":{"_glsr_average":0,"_glsr_ranking":0,"_glsr_reviews":0},"product_cat":[481],"product_tag":[475,482,451],"class_list":{"0":"post-88589","1":"product","2":"type-product","3":"status-publish","4":"has-post-thumbnail","6":"product_cat-appareil-photo-bridge","7":"product_tag-appareil-photo","8":"product_tag-appareil-photo-bridge","9":"product_tag-tv-image-son","11":"first","12":"instock","13":"sale","14":"shipping-taxable","15":"purchasable","16":"product-type-simple"},"_links":{"self":[{"href":"https:\/\/electromenagerexpress.com\/en\/wp-json\/wp\/v2\/product\/88589","targetHints":{"allow":["GET"]}}],"collection":[{"href":"https:\/\/electromenagerexpress.com\/en\/wp-json\/wp\/v2\/product"}],"about":[{"href":"https:\/\/electromenagerexpress.com\/en\/wp-json\/wp\/v2\/types\/product"}],"wp:featuredmedia":[{"embeddable":true,"href":"https:\/\/electromenagerexpress.com\/en\/wp-json\/wp\/v2\/media\/88588"}],"wp:attachment":[{"href":"https:\/\/electromenagerexpress.com\/en\/wp-json\/wp\/v2\/media?parent=88589"}],"wp:term":[{"taxonomy":"product_cat","embeddable":true,"href":"https:\/\/electromenagerexpress.com\/en\/wp-json\/wp\/v2\/product_cat?post=88589"},{"taxonomy":"product_tag","embeddable":true,"href":"https:\/\/electromenagerexpress.com\/en\/wp-json\/wp\/v2\/product_tag?post=88589"}],"curies":[{"name":"wp","href":"https:\/\/api.w.org\/{rel}","templated":true}]}}