{"id":88562,"date":"2024-11-24T17:13:07","date_gmt":"2024-11-24T17:13:07","guid":{"rendered":"https:\/\/electromenagerexpress.com\/product\/appareil-photo-reflexcanoneos-1100d-18-55is-ii-reconditionne\/"},"modified":"2024-11-24T17:13:15","modified_gmt":"2024-11-24T17:13:15","slug":"appareil-photo-reflexcanoneos-1100d-18-55is-ii-reconditionne","status":"publish","type":"product","link":"https:\/\/electromenagerexpress.com\/en\/product\/appareil-photo-reflexcanoneos-1100d-18-55is-ii-reconditionne\/","title":{"rendered":"Appareil photo Reflex\t\t\t\t\t\t\tCANON\t\t\t\tEOS 1100D + 18-55is II Reconditionn\u00e9"},"content":{"rendered":"<div class=\"product-features__content\">\n<ul role=\"list\">\n<li class=\"product-features__item\" role=\"listitem\">\n<h3 class=\"product-features__label\">Qualit\u00e9 photo et vid\u00e9o<\/h3>\n<ul role=\"list\">\n<li class=\"product-features__item-list__item\" role=\"listitem\"><span class=\"is--medium\">R\u00e9solution (en m\u00e9gapixels) :<\/span> 12,2 Mpx\t\t\t\t\t<\/li>\n<li class=\"product-features__item-list__item\" role=\"listitem\"><span class=\"is--medium\">Comprendre la r\u00e9solution :<\/span> Plus ce chiffre sera \u00e9lev\u00e9, plus il sera possible d&rsquo;imprimer vos images en grand format comme des posters, ou encore effectuer des recadrages de qualit\u00e9 sur des logiciels de retouche photo.\t\t\t\t\t<\/li>\n<\/ul>\n<\/li>\n<li class=\"product-features__item\" role=\"listitem\">\n<h3 class=\"product-features__label\">Objectif<\/h3>\n<ul role=\"list\">\n<li class=\"product-features__item-list__item\" role=\"listitem\"><span class=\"is--medium\">Vitesse d&rsquo;obturation :<\/span> 1\/4000 \u00e0 30 s\t\t\t\t\t<\/li>\n<li class=\"product-features__item-list__item\" role=\"listitem\"><span class=\"is--medium\">Comprendre la vitesse d&rsquo;obturation :<\/span> La vitesse d&rsquo;obturation, est le temps pendant lequel l&rsquo;obturateur s&rsquo;ouvre au d\u00e9clenchement. Si la vitesse est r\u00e9gl\u00e9e sur une valeur rapide, (jusqu&rsquo;\u00e0 1\/8000 sec) l&rsquo;image sera nette, au contraire si la vitesse est r\u00e9gl\u00e9e sur une valeur lente (jusqu&rsquo;\u00e0 30 sec) l&rsquo;image aura un effet artistique.\t\t\t\t\t<\/li>\n<\/ul>\n<\/li>\n<li class=\"product-features__item\" role=\"listitem\">\n<h3 class=\"product-features__label\">Informations compl\u00e9mentaires<\/h3>\n<ul role=\"list\">\n<li class=\"product-features__item-list__item\" role=\"listitem\"><span class=\"is--medium\">R\u00e9f\u00e9rence constructeur :<\/span> EOS 1100D + 18-55is II\t\t\t\t\t<\/li>\n<li class=\"product-features__item-list__item\" role=\"listitem\"><span class=\"is--medium\">Marque :<\/span> CANON\t\t\t\t\t<\/li>\n<\/ul>\n<\/li>\n<\/ul>\n<\/div>\n<div class=\"product__disclosure-content\">\n<div class=\"js-read-more product-description__content read-more read-more--truncated\" data-read-more-name=\"description\" style=\"max-height: 500px; overflow: hidden;\">\n<h2><center>Appareil photo Reflex Canon EOS 1100D + 18-55is II<\/center><\/h2>\n<h3><font color=\"212121\">Reflex Canon EOS 1100D : un appareil photo intuitif<\/font><\/h3>\n<p><font color=\"414141\">Les passionn\u00e9s en qu\u00eate d&rsquo;un <b>Reflex<\/b> d&rsquo;appoint et les amateurs qui souhaitent am\u00e9liorer leur comp\u00e9tence en photographie ne pourront plus se passer du  <b>Reflex Canon EOS 1100D<\/b>. Avec son guide des fonctions ergonomique, il est en effet facile d&rsquo;appr\u00e9hender et de comprendre les diff\u00e9rentes possibilit\u00e9s de cet <b>appareil photo Canon<\/b>. Et que ces fonctions soit comprises ou non, les diff\u00e9rents modes sc\u00e8nes permettent n\u00e9anmoins toujours de r\u00e9aliser de belles photographies ! En effet, ce <b>Reflex num\u00e9rique<\/b> s\u00e9lectionne automatiquement l&rsquo;exposition, la focale et le mode d&rsquo;acquisition les plus adapt\u00e9s au sujet.<\/font><\/p>\n<h3><font color=\"212121\">Appareil photo Reflex Canon EOS 1100D : la technologie de pointe au service de la photo <\/font><\/h3>\n<p><font color=\"414141\">Si cet <b>appareil photo Reflex<\/b> num\u00e9rique s&rsquo;adresse autant aux photographes professionnels qu&rsquo;aux amateurs \u00e9clair\u00e9s, c&rsquo;est gr\u00e2ce \u00e0 ses atouts technologiques au service de la qualit\u00e9 de vos images : vous d\u00e9couvrirez notamment le syst\u00e8me de mesure d&rsquo;exposition iFCL : celui-ci va d\u00e9composer la sc\u00e8ne que vous photographiez en pas moins de 63 zones ; l&rsquo;appareil photo va ensuite analyser la prise de vue, et choisir automatiquement la meilleure combinaison entre vitesse d&rsquo;obturation, ouverture et sensibilit\u00e9 ISO : difficile d&rsquo;\u00eatre un mauvais photographe dans ces conditions ! Ajoutez \u00e0 cela un mode rafale de 3,2 photos par seconde, pour immortaliser vos sc\u00e8nes d&rsquo;action, ou mieux peut-\u00eatre pour vous, un mode vid\u00e9o haute d\u00e9finition pour filmer toutes vos sc\u00e8nes coup de coeur&#8230; Ce <b>Canon EOS 1100D<\/b>, compatible avec tous les objectifs EF et EF-S de Canon, vous attend de pied ferme !<\/font><\/p>\n<\/p>\n<\/div>\n<p><bl-button a11yexpanded=\"false\" arialabel=\"Afficher toute la description\" class=\"read-more__btn\" full=\"false\" link=\"true\"><\/bl-button><\/div>","protected":false},"excerpt":{"rendered":"<div class=\"keypoints\">\n<h3 class=\"keypoints__title\">Les points cl\u00e9s<\/h3>\n<ul role=\"list\">\n<li class=\"keypoints__item\" role=\"listitem\">                                        Vitesse d&rsquo;obturation : 1\/4000 \u00e0 30 s                      <\/li>\n<li class=\"keypoints__item\" role=\"listitem\">                                        Connectivit\u00e9 : Pictbridge                      <\/li>\n<\/ul>","protected":false},"featured_media":88561,"template":"","meta":{"_glsr_average":0,"_glsr_ranking":0,"_glsr_reviews":0},"product_cat":[477],"product_tag":[475,478,451],"class_list":{"0":"post-88562","1":"product","2":"type-product","3":"status-publish","4":"has-post-thumbnail","6":"product_cat-reflex","7":"product_tag-appareil-photo","8":"product_tag-reflex","9":"product_tag-tv-image-son","11":"first","12":"instock","13":"sale","14":"shipping-taxable","15":"purchasable","16":"product-type-simple"},"_links":{"self":[{"href":"https:\/\/electromenagerexpress.com\/en\/wp-json\/wp\/v2\/product\/88562","targetHints":{"allow":["GET"]}}],"collection":[{"href":"https:\/\/electromenagerexpress.com\/en\/wp-json\/wp\/v2\/product"}],"about":[{"href":"https:\/\/electromenagerexpress.com\/en\/wp-json\/wp\/v2\/types\/product"}],"wp:featuredmedia":[{"embeddable":true,"href":"https:\/\/electromenagerexpress.com\/en\/wp-json\/wp\/v2\/media\/88561"}],"wp:attachment":[{"href":"https:\/\/electromenagerexpress.com\/en\/wp-json\/wp\/v2\/media?parent=88562"}],"wp:term":[{"taxonomy":"product_cat","embeddable":true,"href":"https:\/\/electromenagerexpress.com\/en\/wp-json\/wp\/v2\/product_cat?post=88562"},{"taxonomy":"product_tag","embeddable":true,"href":"https:\/\/electromenagerexpress.com\/en\/wp-json\/wp\/v2\/product_tag?post=88562"}],"curies":[{"name":"wp","href":"https:\/\/api.w.org\/{rel}","templated":true}]}}