{"id":88552,"date":"2024-11-24T17:12:58","date_gmt":"2024-11-24T17:12:58","guid":{"rendered":"https:\/\/electromenagerexpress.com\/product\/appareil-photo-compactsonydsc-rx100-mark-v\/"},"modified":"2024-11-24T17:13:06","modified_gmt":"2024-11-24T17:13:06","slug":"appareil-photo-compactsonydsc-rx100-mark-v","status":"publish","type":"product","link":"https:\/\/electromenagerexpress.com\/en\/product\/appareil-photo-compactsonydsc-rx100-mark-v\/","title":{"rendered":"Appareil photo Compact\t\t\t\t\t\t\tSONY\t\t\t\tDSC-RX100 Mark V"},"content":{"rendered":"<div class=\"product-features__content\">\n<ul role=\"list\">\n<li class=\"product-features__item\" role=\"listitem\">\n<h3 class=\"product-features__label\">Performances<\/h3>\n<ul role=\"list\">\n<li class=\"product-features__item-list__item\" role=\"listitem\"><span class=\"is--medium\">Ecran :<\/span> orientable\t\t\t\t\t<\/li>\n<\/ul>\n<\/li>\n<li class=\"product-features__item\" role=\"listitem\">\n<h3 class=\"product-features__label\">Dimensions<\/h3>\n<ul role=\"list\">\n<li class=\"product-features__item-list__item\" role=\"listitem\"><span class=\"is--medium\">Dimensions l x h x p :<\/span> NC x 5.81 x 4.1 cm\t\t\t\t\t<\/li>\n<\/ul>\n<\/li>\n<li class=\"product-features__item\" role=\"listitem\">\n<h3 class=\"product-features__label\">Informations compl\u00e9mentaires<\/h3>\n<ul role=\"list\">\n<li class=\"product-features__item-list__item\" role=\"listitem\"><span class=\"is--medium\">Garantie :<\/span> 2 ans\t\t\t\t\t<\/li>\n<li class=\"product-features__item-list__item\" role=\"listitem\"><span class=\"is--medium\">Disponibilit\u00e9 des pi\u00e8ces d\u00e9tach\u00e9es (donn\u00e9es fournisseur) :<\/span> Non communiqu\u00e9e\t\t\t\t\t<\/li>\n<li class=\"product-features__item-list__item\" role=\"listitem\"><span class=\"is--medium\">R\u00e9f\u00e9rence constructeur :<\/span> DSC-RX100 Mark V\t\t\t\t\t<\/li>\n<li class=\"product-features__item-list__item\" role=\"listitem\"><span class=\"is--medium\">Marque :<\/span> SONY\t\t\t\t\t<\/li>\n<\/ul>\n<\/li>\n<\/ul>\n<\/div>\n<div class=\"product__disclosure-content\">\n<div class=\"js-read-more product-description__content read-more read-more--truncated\" data-read-more-name=\"description\" style=\"max-height: 500px; overflow: hidden;\">\n<p>Mise au point ultra-rapide, design compact La mise au point automatique et la prise de vue continue les plus rapides au monde pour vous permettre de capturer un instant en un clin d&rsquo;oeil. Le meilleur appareil photo avec capteur de type 1.0 D\u00e9couvrez le RX100 V, appareil compact permettant de capturer des vid\u00e9os et images d\u00e9taill\u00e9es. Il int\u00e8gre le capteur de type 1.0 renomm\u00e9 de la s\u00e9rie RX100 et l&rsquo;AF rapide 0,05 s, 315 points pour la couverture \u00e0 d\u00e9tection de phase la plus compl\u00e8te de sa cat\u00e9gorie, une prise de vue continue jusqu&rsquo;\u00e0 24 i\/s avec suivi AF\/exposition auto, d&rsquo;impressionnantes fonctions d&rsquo;enregistrement vid\u00e9o au format 4K. Mise au point auto plus rapide et plus pr\u00e9cise Le premier de la s\u00e9rie RX100 avec une mise au point de 0,05 s La mise au point am\u00e9lior\u00e9e est le fruit d&rsquo;un syst\u00e8me r\u00e9volutionnaire qui associe une vitesse de mise au point \u00e9lev\u00e9e de 0,05 secondes et une couverture large et dense \u00e0 315 points de d\u00e9tection de phase. &#8211; 315 points AF pour des photos nettes 315 points de mise au point auto \u00e0 d\u00e9tection de phase sur matrice dense (65 % de la zone d&rsquo;image du nouveau capteur) pour une mise au point auto et un suivi fiables, m\u00eame sur les sujets de petite taille se d\u00e9pla\u00e7ant rapidement. &#8211; AF de seulement 0,05 seconde Le syst\u00e8me de mise au point auto hybride rapide, combinant d\u00e9tection de phase ultra-rapide et d\u00e9tection des contrastes extr\u00eamement pr\u00e9cise, permet de capturer des sujets en mouvement en seulement 0,05 seconde. Prise de vue continue 24 i\/s avec mise au point auto permanente &#8211; Suivi fluide pour capturer la splendeur de l&rsquo;instant, voile noir att\u00e9nu\u00e9 Capturez des images haute r\u00e9solution 20,1 MP en prise de vue continue rapide (24 images\/s) avec mise au point auto permanente pour 150 clich\u00e9s. Voile noir att\u00e9nu\u00e9 pour suivre facilement les sujets en mouvement sur le viseur\/l&rsquo;\u00e9cran LCD. &#8211; L&rsquo;appareil photo le plus silencieux et le plus discret. Adoptez l&rsquo;obturateur \u00e9lectronique et d\u00e9sactivez le son pour pouvoir vous rapprocher silencieusement et capturer des animaux ou d&rsquo;autres sujets, m\u00eame en utilisant le mode de prise de vue continue. Mise au point automatique, prise de vue continue &#8211; La performance ultime &#8211; Capteur CMOS Exmor RS, BIONZ X et int\u00e9gration \u00e0 grande \u00e9chelle frontale Le CMOS Exmor RS 20,1 MP dispose d&rsquo;un capteur de mise au point auto \u00e0 d\u00e9tection de phase de plan focal, d&rsquo;un moteur BIONZ X rapide et d&rsquo;un syst\u00e8me \u00e0 grande \u00e9chelle frontale pour contr\u00f4ler le traitement de l&rsquo;image. Ensemble, ces composants offrent un temps de r\u00e9ponse AF de 0,05 s et une prise de vue continue rapide avec suivi AF\/exposition auto de 24 i\/s environ. &#8211; Qualit\u00e9 d&rsquo;image et prise de vue continue exceptionnelles Pas besoin de sacrifier la qualit\u00e9 d&rsquo;image pour la rapidit\u00e9. Le RX100 V permet des prises de vue haute r\u00e9solution de plus de 20 m\u00e9gapixels jusqu&rsquo;\u00e0 24 images\/s gr\u00e2ce \u00e0 une r\u00e9activit\u00e9 du traitement de l&rsquo;image am\u00e9lior\u00e9es. Profitez de la haute r\u00e9solution 4K &#8211; Mise au point auto hybride rapide et nette La mise au point automatique hybride rapide avec large couverture permet une mise au point ainsi qu&rsquo;une pr\u00e9cision du suivi exceptionnelle \u00e0 l&rsquo;\u00e9preuve de la r\u00e9alisation de film en 4K. &#8211; Au-del\u00e0 des exigences fondamentales pour la 4K Un enregistrement vid\u00e9o 4K avec la lecture totale et sans perte des pixels qui d\u00e9passe largement (1,7 fois) le nombre de pixels requis pour les films 4K et qui vous permet de b\u00e9n\u00e9ficier d&rsquo;une r\u00e9solution extraordinaire. Super ralenti. Dur\u00e9e d&rsquo;enregistrement x2 pour plus d&rsquo;action Super ralenti \u00e9tendu jusqu&rsquo;\u00e0 960 images\/s Le RX100 V enregistre des vid\u00e9os en super ralenti jusqu&rsquo;\u00e0 960 i\/s (40x plus que le taux standard) pendant 2x plus longtemps que son pr\u00e9d\u00e9cesseur, capturant plus de d\u00e9tails pour des sc\u00e8nes d&rsquo;action saisissantes. Un contr\u00f4le aussi polyvalent que le mod\u00e8le pr\u00e9c\u00e9dent Le RX100 V reprend l&rsquo;ing\u00e9nieux viseur \u00e9lectronique r\u00e9tractable OLED avec rev\u00eatement anti-reflet T de Zeiss, la bague de contr\u00f4le multi-fonctions, les boutons personnalisables et l&rsquo;\u00e9cran LCD inclinable \u00e0 180\u00b0 qui ont fait le succ\u00e8s de son pr\u00e9d\u00e9cesseur. &#8211; Objectif Zeiss Vario-Sonnar T 24-70 \u00e0 grande ouverture F1.8-2.8. &#8211; Bague de commande. S\u00e9lectionnez la vitesse d&rsquo;obturation, l&rsquo;ouverture et plus, pour une cr\u00e9ativit\u00e9 sans limites. &#8211; Viseur OLED XGA Tru-Finder \u00e9lectronique r\u00e9tractable OLED d&rsquo;environ 2 359 000 points (\u00e9quiv) offre une r\u00e9solution, des contrastes et des nuances&#8230;<\/p>\n<\/div>\n<p><bl-button a11yexpanded=\"false\" arialabel=\"Afficher toute la description\" class=\"read-more__btn\" full=\"false\" link=\"true\"><\/bl-button><\/div>","protected":false},"excerpt":{"rendered":"<div class=\"keypoints\">\n<h3 class=\"keypoints__title\">Les points cl\u00e9s<\/h3>\n<ul role=\"list\">\n<li class=\"keypoints__item\" role=\"listitem\">                                        R\u00e9solution vid\u00e9o : 4K (UltraHD)                      <\/li>\n<li class=\"keypoints__item\" role=\"listitem\">                          Zoom optique : x3 &#8211;                                                      Ecran : orientable                      <\/li>\n<\/ul>","protected":false},"featured_media":88551,"template":"","meta":{"_glsr_average":0,"_glsr_ranking":0,"_glsr_reviews":0},"product_cat":[479],"product_tag":[475,480,451],"class_list":{"0":"post-88552","1":"product","2":"type-product","3":"status-publish","4":"has-post-thumbnail","6":"product_cat-appareil-photo-compact","7":"product_tag-appareil-photo","8":"product_tag-appareil-photo-compact","9":"product_tag-tv-image-son","11":"first","12":"instock","13":"sale","14":"shipping-taxable","15":"purchasable","16":"product-type-simple"},"_links":{"self":[{"href":"https:\/\/electromenagerexpress.com\/en\/wp-json\/wp\/v2\/product\/88552","targetHints":{"allow":["GET"]}}],"collection":[{"href":"https:\/\/electromenagerexpress.com\/en\/wp-json\/wp\/v2\/product"}],"about":[{"href":"https:\/\/electromenagerexpress.com\/en\/wp-json\/wp\/v2\/types\/product"}],"wp:featuredmedia":[{"embeddable":true,"href":"https:\/\/electromenagerexpress.com\/en\/wp-json\/wp\/v2\/media\/88551"}],"wp:attachment":[{"href":"https:\/\/electromenagerexpress.com\/en\/wp-json\/wp\/v2\/media?parent=88552"}],"wp:term":[{"taxonomy":"product_cat","embeddable":true,"href":"https:\/\/electromenagerexpress.com\/en\/wp-json\/wp\/v2\/product_cat?post=88552"},{"taxonomy":"product_tag","embeddable":true,"href":"https:\/\/electromenagerexpress.com\/en\/wp-json\/wp\/v2\/product_tag?post=88552"}],"curies":[{"name":"wp","href":"https:\/\/api.w.org\/{rel}","templated":true}]}}