{"id":88542,"date":"2024-11-24T17:12:48","date_gmt":"2024-11-24T17:12:48","guid":{"rendered":"https:\/\/electromenagerexpress.com\/product\/appareil-photo-reflexnikond3100-18-55vr-55-200vr-reconditionne\/"},"modified":"2024-11-24T17:12:51","modified_gmt":"2024-11-24T17:12:51","slug":"appareil-photo-reflexnikond3100-18-55vr-55-200vr-reconditionne","status":"publish","type":"product","link":"https:\/\/electromenagerexpress.com\/en\/product\/appareil-photo-reflexnikond3100-18-55vr-55-200vr-reconditionne\/","title":{"rendered":"Appareil photo Reflex\t\t\t\t\t\t\tNIKON\t\t\t\tD3100 + 18-55vr + 55-200vr Reconditionn\u00e9"},"content":{"rendered":"<div class=\"product-features__content\">\n<ul role=\"list\">\n<li class=\"product-features__item\" role=\"listitem\">\n<h3 class=\"product-features__label\">Qualit\u00e9 photo et vid\u00e9o<\/h3>\n<ul role=\"list\">\n<li class=\"product-features__item-list__item\" role=\"listitem\"><span class=\"is--medium\">R\u00e9solution (en m\u00e9gapixels) :<\/span> 14,2 Mpx\t\t\t\t\t<\/li>\n<\/ul>\n<\/li>\n<li class=\"product-features__item\" role=\"listitem\">\n<h3 class=\"product-features__label\">Objectif<\/h3>\n<ul role=\"list\">\n<li class=\"product-features__item-list__item\" role=\"listitem\"><span class=\"is--medium\">Vitesse d&rsquo;obturation :<\/span> 1\/4000 \u00e0 30 s\t\t\t\t\t<\/li>\n<li class=\"product-features__item-list__item\" role=\"listitem\"><span class=\"is--medium\">Comprendre la vitesse d&rsquo;obturation :<\/span> La vitesse d&rsquo;obturation, est le temps pendant lequel l&rsquo;obturateur s&rsquo;ouvre au d\u00e9clenchement. Si la vitesse est r\u00e9gl\u00e9e sur une valeur rapide, (jusqu&rsquo;\u00e0 1\/8000 sec) l&rsquo;image sera nette, au contraire si la vitesse est r\u00e9gl\u00e9e sur une valeur lente (jusqu&rsquo;\u00e0 30 sec) l&rsquo;image aura un effet artistique.\t\t\t\t\t<\/li>\n<\/ul>\n<\/li>\n<li class=\"product-features__item\" role=\"listitem\">\n<h3 class=\"product-features__label\">Informations compl\u00e9mentaires<\/h3>\n<ul role=\"list\">\n<li class=\"product-features__item-list__item\" role=\"listitem\"><span class=\"is--medium\">R\u00e9f\u00e9rence constructeur :<\/span> D3100 + 18-55vr + 55-200vr\t\t\t\t\t<\/li>\n<li class=\"product-features__item-list__item\" role=\"listitem\"><span class=\"is--medium\">Marque :<\/span> NIKON\t\t\t\t\t<\/li>\n<\/ul>\n<\/li>\n<\/ul>\n<\/div>\n<div class=\"product__disclosure-content\">\n<div class=\"js-read-more product-description__content read-more read-more--truncated\" data-read-more-name=\"description\" style=\"max-height: 500px; overflow: hidden;\">\n<h2><center><u>Appareil photo reflex NIKON D3100<\/u><\/center><\/h2>\n<h3><font color=\"#60aeb8\"><\/p>\n<p style=\"font-size:large\">Des images exceptionnelles, en toute simplicit\u00e9<\/p>\n<p><\/font><\/h3>\n<p ,=\"\" align=\"justify\" style=\"font-size:medium\"><font color=\"444444\">Que vous soyez un photographe chevronn\u00e9 ou que vous ayez tout simplement envie d&rsquo;immortaliser vos meilleurs moments de mani\u00e8re optimale, l&rsquo;appareil photo reflex NIKON D3100 + 18-55vr + 55-200vr vous offre ses performances pour des clich\u00e9s sans faille.Dot\u00e9 d&rsquo;un capteur CMOS de <b>14,2 m\u00e9gapixels<\/b>, cet appareil photo reflex est votre meilleur alli\u00e9 pour obtenir des photos fid\u00e8les. Sa sensibilit\u00e9 extensible \u00e0 12 800 ISO, quant \u00e0 elle, repr\u00e9sente un pr\u00e9cieux atout pour limiter le risque de flou lorsque vous photographiez une personne en mouvement ou que les conditions de luminosit\u00e9 sont mauvaises.Enfin, le <b>mode Guide<\/b> constitue une aide int\u00e9gr\u00e9e gr\u00e2ce \u00e0 laquelle les r\u00e9glages de l&rsquo;appareil sont optimis\u00e9s automatiquement selon le type de photo que vous souhaitez prendre.<\/font><\/p>\n<h3><font color=\"#60aeb8\"><\/p>\n<p style=\"font-size:large\">Confortable et cr\u00e9atif<\/p>\n<p><\/font><\/h3>\n<p ,=\"\" align=\"justify\" style=\"font-size:medium\"><font color=\"444444\">Optez pour cet appareil photo reflex Nikon et laissez parler votre cr\u00e9ativit\u00e9 sans n\u00e9gliger votre confort.Profitez de l&rsquo;excellente ergonomie de l&rsquo;appareil, notamment due \u00e0 sa poign\u00e9e et \u00e0 la <b>vis\u00e9e \u00e9cran<\/b>, pour le tenir facilement en main. Un appareil con\u00e7u pour que chacun puisse l&rsquo;utiliser sans difficult\u00e9 !Vous aimez les clich\u00e9s originaux ? Profitez des nombreuses fonctions de retouche pour cr\u00e9er des photos personnalis\u00e9es.Enfin, filmez le spectacle de fin d&rsquo;ann\u00e9e de votre enfant ou immortalisez les performances sportives d&rsquo;un ami gr\u00e2ce \u00e0 <b>D-Movie<\/b>, pour des vid\u00e9os Full HD.<\/font><\/p>\n<\/p>\n<\/div>\n<p><bl-button a11yexpanded=\"false\" arialabel=\"Afficher toute la description\" class=\"read-more__btn\" full=\"false\" link=\"true\"><\/bl-button><\/div>","protected":false},"excerpt":{"rendered":"<div class=\"keypoints\">\n<h3 class=\"keypoints__title\">Les points cl\u00e9s<\/h3>\n<ul role=\"list\">\n<li class=\"keypoints__item\" role=\"listitem\">                                        Vitesse d&rsquo;obturation : 1\/4000 \u00e0 30 s                      <\/li>\n<\/ul>","protected":false},"featured_media":88541,"template":"","meta":{"_glsr_average":0,"_glsr_ranking":0,"_glsr_reviews":0},"product_cat":[477],"product_tag":[475,478,451],"class_list":{"0":"post-88542","1":"product","2":"type-product","3":"status-publish","4":"has-post-thumbnail","6":"product_cat-reflex","7":"product_tag-appareil-photo","8":"product_tag-reflex","9":"product_tag-tv-image-son","11":"first","12":"instock","13":"sale","14":"shipping-taxable","15":"purchasable","16":"product-type-simple"},"_links":{"self":[{"href":"https:\/\/electromenagerexpress.com\/en\/wp-json\/wp\/v2\/product\/88542","targetHints":{"allow":["GET"]}}],"collection":[{"href":"https:\/\/electromenagerexpress.com\/en\/wp-json\/wp\/v2\/product"}],"about":[{"href":"https:\/\/electromenagerexpress.com\/en\/wp-json\/wp\/v2\/types\/product"}],"wp:featuredmedia":[{"embeddable":true,"href":"https:\/\/electromenagerexpress.com\/en\/wp-json\/wp\/v2\/media\/88541"}],"wp:attachment":[{"href":"https:\/\/electromenagerexpress.com\/en\/wp-json\/wp\/v2\/media?parent=88542"}],"wp:term":[{"taxonomy":"product_cat","embeddable":true,"href":"https:\/\/electromenagerexpress.com\/en\/wp-json\/wp\/v2\/product_cat?post=88542"},{"taxonomy":"product_tag","embeddable":true,"href":"https:\/\/electromenagerexpress.com\/en\/wp-json\/wp\/v2\/product_tag?post=88542"}],"curies":[{"name":"wp","href":"https:\/\/api.w.org\/{rel}","templated":true}]}}