{"id":88516,"date":"2024-11-24T17:12:21","date_gmt":"2024-11-24T17:12:21","guid":{"rendered":"https:\/\/electromenagerexpress.com\/product\/appareil-photo-hybrideolympusom-d-e-m10-mark-ii-nu-noir-reconditionne\/"},"modified":"2024-11-24T17:12:30","modified_gmt":"2024-11-24T17:12:30","slug":"appareil-photo-hybrideolympusom-d-e-m10-mark-ii-nu-noir-reconditionne","status":"publish","type":"product","link":"https:\/\/electromenagerexpress.com\/en\/product\/appareil-photo-hybrideolympusom-d-e-m10-mark-ii-nu-noir-reconditionne\/","title":{"rendered":"Appareil photo Hybride\t\t\t\t\t\t\tOLYMPUS\t\t\t\tOM-D E-M10 Mark II Nu Noir Reconditionn\u00e9"},"content":{"rendered":"<div class=\"product-features__content\">\n<ul role=\"list\">\n<li class=\"product-features__item\" role=\"listitem\">\n<h3 class=\"product-features__label\">Qualit\u00e9 photo et vid\u00e9o<\/h3>\n<ul role=\"list\">\n<li class=\"product-features__item-list__item\" role=\"listitem\"><span class=\"is--medium\">Capteur :<\/span> Micro 4\/3, permet de capturer des sujets tr\u00e8s distants avec un t\u00e9l\u00e9objectif compact. Propose un champ plus \u00e9troit que le plein format, Id\u00e9al pour la photographie animali\u00e8re et sportive\t\t\t\t\t<\/li>\n<li class=\"product-features__item-list__item\" role=\"listitem\"><span class=\"is--medium\">Le saviez vous ? :<\/span> plus le capteur est grand, plus l&rsquo;image sera d\u00e9taill\u00e9e\t\t\t\t\t<\/li>\n<li class=\"product-features__item-list__item\" role=\"listitem\"><span class=\"is--medium\">R\u00e9solution (en m\u00e9gapixels) :<\/span> 16,1 Mpx\t\t\t\t\t<\/li>\n<li class=\"product-features__item-list__item\" role=\"listitem\"><span class=\"is--medium\">Comprendre la r\u00e9solution :<\/span> Plus ce chiffre sera \u00e9lev\u00e9, plus il sera possible d&rsquo;imprimer vos images en grand format comme des posters, ou encore effectuer des recadrages de qualit\u00e9 sur des logiciels de retouche photo.\t\t\t\t\t<\/li>\n<\/ul>\n<\/li>\n<li class=\"product-features__item\" role=\"listitem\">\n<h3 class=\"product-features__label\">Objectif<\/h3>\n<ul role=\"list\">\n<li class=\"product-features__item-list__item\" role=\"listitem\"><span class=\"is--medium\">Vitesse d&rsquo;obturation :<\/span> 1\/4000 \u00e0 60 s\t\t\t\t\t<\/li>\n<li class=\"product-features__item-list__item\" role=\"listitem\"><span class=\"is--medium\">Comprendre la vitesse d&rsquo;obturation :<\/span> La vitesse d&rsquo;obturation, est le temps pendant lequel l&rsquo;obturateur s&rsquo;ouvre au d\u00e9clenchement. Si la vitesse est r\u00e9gl\u00e9e sur une valeur rapide, (jusqu&rsquo;\u00e0 1\/8000 sec) l&rsquo;image sera nette, au contraire si la vitesse est r\u00e9gl\u00e9e sur une valeur lente (jusqu&rsquo;\u00e0 30 sec) l&rsquo;image aura un effet artistique.\t\t\t\t\t<\/li>\n<li class=\"product-features__item-list__item\" role=\"listitem\"><span class=\"is--medium\">Mode rafale :<\/span> 8 images\/s\t\t\t\t\t<\/li>\n<\/ul>\n<\/li>\n<li class=\"product-features__item\" role=\"listitem\">\n<h3 class=\"product-features__label\">Dimensions<\/h3>\n<ul role=\"list\">\n<li class=\"product-features__item-list__item\" role=\"listitem\"><span class=\"is--medium\">Dimensions l x h x p :<\/span> 11.95 x 8.31 x 4.67 cm\t\t\t\t\t<\/li>\n<\/ul>\n<\/li>\n<li class=\"product-features__item\" role=\"listitem\">\n<h3 class=\"product-features__label\">Informations compl\u00e9mentaires<\/h3>\n<ul role=\"list\">\n<li class=\"product-features__item-list__item\" role=\"listitem\"><span class=\"is--medium\">R\u00e9f\u00e9rence constructeur :<\/span> OM-D E-M10 Mark II Nu Noir\t\t\t\t\t<\/li>\n<li class=\"product-features__item-list__item\" role=\"listitem\"><span class=\"is--medium\">Marque :<\/span> OLYMPUS\t\t\t\t\t<\/li>\n<\/ul>\n<\/li>\n<\/ul>\n<\/div>\n<div class=\"product__disclosure-content\">\n<div class=\"js-read-more product-description__content read-more read-more--truncated\" data-read-more-name=\"description\" style=\"max-height: 500px; overflow: hidden;\">\n<p>Cet appareil photo <b>OLYMPUS E-M10 Mark II<\/b> vous propose son capteur live MOS \u00e0 16,1 m\u00e9gapixels, son design classique et \u00e9l\u00e9gant, sa connectivit\u00e9 Wi-Fi, sa stabilisation d&rsquo;images, ses diff\u00e9rents modes et sa mise au point manuelle ou automatique pour des clich\u00e9s toujours r\u00e9ussis. <\/p>\n<h3>Un appareil photo design et pratique<\/h3>\n<p class=\"wy_tableau_gauche\"><img fetchpriority=\"high\" decoding=\"async\" alt=\"OLYMPUS OMD EM10 Mark II\" height=\"320\" src=\"https:\/\/boulanger.scene7.com\/is\/image\/Boulanger\/4545350049225_p2?wid=1000&amp;hei=320\" width=\"1000\"\/><\/p>\n<p>Avec son design classique, cet appareil photo <b>OLYMPUS E-M10 Mark II <\/b>s&rsquo;offre une certaine \u00e9l\u00e9gance. Ajoutez \u00e0 cela un poids de 390 g et des dimensions compactes pour un appareil facile \u00e0 porter et \u00e0 emmener partout. Cet appareil est compatible avec un large panel d&rsquo;objectifs micro 4\/3 pour vous permettre de le faire \u00e9voluer. <\/p>\n<p class=\"wy_tableau_gauche\"><img decoding=\"async\" alt=\"OLYMPUS OMD EM10 Mark II\" height=\"160\" src=\"https:\/\/boulanger.scene7.com\/is\/image\/Boulanger\/4545350049225_p5?wid=1000&amp;hei=160\" width=\"1000\"\/><\/p>\n<p>Avec sa <b>connectivit\u00e9 Wi-Fi<\/b>, vous allez pouvoir partager facilement vos clich\u00e9s via votre smartphone gr\u00e2ce \u00e0 l&rsquo;application OI.Share. Vous pourrez \u00e9galement contr\u00f4ler les r\u00e9glages et prendre des photos depuis votre smartphone, \u00e0 distance : pratique pour des photos de vous, de groupe ou d&rsquo;animaux. Son <b>\u00e9cran tactile de 3 pouces<\/b> le rend facilement manipulable et la molette de s\u00e9lection des modes est tr\u00e8s accessible pour changer rapidement votre configuration de prise de vue. <\/p>\n<h3>De superbes clich\u00e9s dans toutes les conditions<\/h3>\n<p class=\"wy_tableau_gauche\"><img decoding=\"async\" alt=\"OLYMPUS OMD EM10 Mark II\" height=\"320\" src=\"https:\/\/boulanger.scene7.com\/is\/image\/Boulanger\/4545350049225_p1?wid=1000&amp;hei=320\" width=\"1000\"\/><\/p>\n<p>Cet appareil photo OLYMPUS E-M10 Mark II offre un capteur Live Mos de 16,1 m\u00e9gapixels pour vous permettre de r\u00e9aliser de superbes clich\u00e9s haute d\u00e9finition. Sa sensibilit\u00e9 ISO peut monter jusqu&rsquo;\u00e0 25 600 pour vous permettre de r\u00e9ussir tous vos clich\u00e9s, m\u00eame en tr\u00e8s basse lumi\u00e8re. Son <b>stabilisateur d&rsquo;images sur 5 axes<\/b> vous assure des photos plus nettes m\u00eame en situation de faible luminosit\u00e9. <\/p>\n<p class=\"wy_tableau_gauche\"><img loading=\"lazy\" decoding=\"async\" alt=\"OLYMPUS OMD EM10 Mark II\" height=\"320\" src=\"https:\/\/boulanger.scene7.com\/is\/image\/Boulanger\/4545350049225_p4?wid=1000&amp;hei=320\" width=\"1000\"\/><\/p>\n<p>Si vous choisissez le mode automatique, vous acc\u00e9derez \u00e0 <b>25 modes sc\u00e8nes<\/b> o\u00f9 tous les r\u00e9glages sont d\u00e9j\u00e0 adapt\u00e9s \u00e0 toutes les situations : portrait, sc\u00e8ne de nuit, soleil et neige, panorama, feux d&rsquo;artifice et bien d&rsquo;autres. Vous disposez \u00e9galement de modes manuels avec priorit\u00e9 ouverture pour la macro, priorit\u00e9 vitesse pour les photos de sport et manuel complet, par exemple. <\/p>\n<\/p>\n<\/div>\n<p><bl-button a11yexpanded=\"false\" arialabel=\"Afficher toute la description\" class=\"read-more__btn\" full=\"false\" link=\"true\"><\/bl-button><\/div>","protected":false},"excerpt":{"rendered":"<div class=\"keypoints\">\n<h3 class=\"keypoints__title\">Les points cl\u00e9s<\/h3>\n<ul role=\"list\">\n<li class=\"keypoints__item\" role=\"listitem\">                                        Capteur : Micro 4\/3                      <\/li>\n<li class=\"keypoints__item\" role=\"listitem\">                                        Vitesse d&rsquo;obturation : 1\/4000 \u00e0 60 s                      <\/li>\n<li class=\"keypoints__item\" role=\"listitem\">                                        Connectivit\u00e9 : Wi-Fi, Compatible carte Eye-Fi                      <\/li>\n<li class=\"keypoints__item keypoints__item--advantage\" role=\"listitem\"><strong>Le + :<\/strong> Stabilisation d&rsquo;images sur 5 axes      <\/li>\n<\/ul>","protected":false},"featured_media":88515,"template":"","meta":{"_glsr_average":0,"_glsr_ranking":0,"_glsr_reviews":0},"product_cat":[474],"product_tag":[475,476,451],"class_list":{"0":"post-88516","1":"product","2":"type-product","3":"status-publish","4":"has-post-thumbnail","6":"product_cat-appareil-photo-hybride","7":"product_tag-appareil-photo","8":"product_tag-appareil-photo-hybride","9":"product_tag-tv-image-son","11":"first","12":"instock","13":"sale","14":"shipping-taxable","15":"purchasable","16":"product-type-simple"},"_links":{"self":[{"href":"https:\/\/electromenagerexpress.com\/en\/wp-json\/wp\/v2\/product\/88516","targetHints":{"allow":["GET"]}}],"collection":[{"href":"https:\/\/electromenagerexpress.com\/en\/wp-json\/wp\/v2\/product"}],"about":[{"href":"https:\/\/electromenagerexpress.com\/en\/wp-json\/wp\/v2\/types\/product"}],"wp:featuredmedia":[{"embeddable":true,"href":"https:\/\/electromenagerexpress.com\/en\/wp-json\/wp\/v2\/media\/88515"}],"wp:attachment":[{"href":"https:\/\/electromenagerexpress.com\/en\/wp-json\/wp\/v2\/media?parent=88516"}],"wp:term":[{"taxonomy":"product_cat","embeddable":true,"href":"https:\/\/electromenagerexpress.com\/en\/wp-json\/wp\/v2\/product_cat?post=88516"},{"taxonomy":"product_tag","embeddable":true,"href":"https:\/\/electromenagerexpress.com\/en\/wp-json\/wp\/v2\/product_tag?post=88516"}],"curies":[{"name":"wp","href":"https:\/\/api.w.org\/{rel}","templated":true}]}}