{"id":88489,"date":"2024-11-24T17:11:54","date_gmt":"2024-11-24T17:11:54","guid":{"rendered":"https:\/\/electromenagerexpress.com\/product\/appareil-photo-reflexnikond5200-afs-dx-vr-18-55mm-reconditionne\/"},"modified":"2024-11-24T17:12:03","modified_gmt":"2024-11-24T17:12:03","slug":"appareil-photo-reflexnikond5200-afs-dx-vr-18-55mm-reconditionne","status":"publish","type":"product","link":"https:\/\/electromenagerexpress.com\/en\/product\/appareil-photo-reflexnikond5200-afs-dx-vr-18-55mm-reconditionne\/","title":{"rendered":"Appareil photo Reflex\t\t\t\t\t\t\tNIKON\t\t\t\tD5200 + AFS DX VR 18-55mm Reconditionn\u00e9"},"content":{"rendered":"<div class=\"product-features__content\">\n<ul role=\"list\">\n<li class=\"product-features__item\" role=\"listitem\">\n<h3 class=\"product-features__label\">Qualit\u00e9 photo et vid\u00e9o<\/h3>\n<ul role=\"list\">\n<li class=\"product-features__item-list__item\" role=\"listitem\"><span class=\"is--medium\">Capteur :<\/span> APS-C, permet de donner un rendu de qualit\u00e9 pour un format carte postale ou un agrandissement\t\t\t\t\t<\/li>\n<li class=\"product-features__item-list__item\" role=\"listitem\"><span class=\"is--medium\">Le saviez vous ? :<\/span> plus le capteur est grand, plus l&rsquo;image sera d\u00e9taill\u00e9e\t\t\t\t\t<\/li>\n<li class=\"product-features__item-list__item\" role=\"listitem\"><span class=\"is--medium\">R\u00e9solution (en m\u00e9gapixels) :<\/span> 24,1 Mpx\t\t\t\t\t<\/li>\n<li class=\"product-features__item-list__item\" role=\"listitem\"><span class=\"is--medium\">Comprendre la r\u00e9solution :<\/span> Plus ce chiffre sera \u00e9lev\u00e9, plus il sera possible d&rsquo;imprimer vos images en grand format comme des posters, ou encore effectuer des recadrages de qualit\u00e9 sur des logiciels de retouche photo.\t\t\t\t\t<\/li>\n<\/ul>\n<\/li>\n<li class=\"product-features__item\" role=\"listitem\">\n<h3 class=\"product-features__label\">Objectif<\/h3>\n<ul role=\"list\">\n<li class=\"product-features__item-list__item\" role=\"listitem\"><span class=\"is--medium\">Vitesse d&rsquo;obturation :<\/span> 1\/4000 \u00e0 30 s\t\t\t\t\t<\/li>\n<li class=\"product-features__item-list__item\" role=\"listitem\"><span class=\"is--medium\">Comprendre la vitesse d&rsquo;obturation :<\/span> La vitesse d&rsquo;obturation, est le temps pendant lequel l&rsquo;obturateur s&rsquo;ouvre au d\u00e9clenchement. Si la vitesse est r\u00e9gl\u00e9e sur une valeur rapide, (jusqu&rsquo;\u00e0 1\/8000 sec) l&rsquo;image sera nette, au contraire si la vitesse est r\u00e9gl\u00e9e sur une valeur lente (jusqu&rsquo;\u00e0 30 sec) l&rsquo;image aura un effet artistique.\t\t\t\t\t<\/li>\n<\/ul>\n<\/li>\n<li class=\"product-features__item\" role=\"listitem\">\n<h3 class=\"product-features__label\">Dimensions<\/h3>\n<ul role=\"list\">\n<li class=\"product-features__item-list__item\" role=\"listitem\"><span class=\"is--medium\">Dimensions l x h x p :<\/span> 12.9 x 9.8 x 7.8 cm\t\t\t\t\t<\/li>\n<\/ul>\n<\/li>\n<li class=\"product-features__item\" role=\"listitem\">\n<h3 class=\"product-features__label\">Informations compl\u00e9mentaires<\/h3>\n<ul role=\"list\">\n<li class=\"product-features__item-list__item\" role=\"listitem\"><span class=\"is--medium\">R\u00e9f\u00e9rence constructeur :<\/span> D5200 + AFS DX VR 18-55mm\t\t\t\t\t<\/li>\n<li class=\"product-features__item-list__item\" role=\"listitem\"><span class=\"is--medium\">Marque :<\/span> NIKON\t\t\t\t\t<\/li>\n<\/ul>\n<\/li>\n<\/ul>\n<\/div>\n<div class=\"product__disclosure-content\">\n<div class=\"js-read-more product-description__content read-more read-more--truncated\" data-read-more-name=\"description\" style=\"max-height: 500px; overflow: hidden;\">\n<h2><center><u>appareil photo reflex NIKON D5200 + AFS DX VR 18-55mm<\/u><\/center><\/h2>\n<h3><font color=\"#60aeb8\"><\/p>\n<p style=\"font-size:large\">Un reflex petit gabarit, maxi fonctionnalit\u00e9<\/p>\n<p><\/font><\/h3>\n<p ,=\"\" align=\"justify\" style=\"font-size:medium\"><font color=\"444444\">L&rsquo;appareil photo reflex NIKON D5200 + AFS DX VR 18-55mm fait partie des petits formats reflex. Avec seulement <b>265g<\/b>, il est id\u00e9al pour le photographe baroudeur. Son petit bo\u00eetier tr\u00e8s r\u00e9sistant est plus compact vous permet de le glisser facilement dans un sac. Equip\u00e9 d&rsquo;un objectif 18-55, il vous offre un bon zoom de d\u00e9part et une pr\u00e9cision ad\u00e9quate aussi bien pour les prises en plein air que pour les clich\u00e9s en int\u00e9rieur.Le v\u00e9ritable atout de cet appareil ergonomique r\u00e9side dans son <b>\u00e9cran orientable<\/b> 3 pouces qui peut \u00eatre compl\u00e8tement retourn\u00e9 afin de vous inclure facilement dans les clich\u00e9s. Avec pas moins de 921 000 pixels pour l&rsquo;\u00e9cran, il vous offre une bonne qualit\u00e9 de rendu qui vous permet de r\u00e9aliser des vis\u00e9es pr\u00e9cises.<\/font><\/p>\n<h3><font color=\"#60aeb8\"><\/p>\n<p style=\"font-size:large\">Une image pr\u00e9cise et riche<\/p>\n<p><\/font><\/h3>\n<p ,=\"\" align=\"justify\" style=\"font-size:medium\"><font color=\"444444\">L&rsquo;appareil photo reflex NIKON D5200 gagne en pr\u00e9cision et en qualit\u00e9 de clich\u00e9 par rapport \u00e0 ses pr\u00e9d\u00e9cesseurs. Il est en effet \u00e9quip\u00e9 d&rsquo;un capteur CMOS <b>24.1 millions de pixels<\/b>, qui vous permet d&rsquo;obtenir des clich\u00e9s contrast\u00e9s et riches quelque soit les r\u00e9glages choisis. Il pr\u00e9sente \u00e9galement une fonction vid\u00e9o full HD qui vous permet de compl\u00e9ter vos clich\u00e9s par des instants de vie de tr\u00e8s bonne qualit\u00e9.En ce qui concerne les modes de prise de vue, vous disposez d&rsquo;un tr\u00e8s large choix de r\u00e9glages, du full manuel au <b>full automatique<\/b>, qui fait la richesse de la technologie Nikon. Vous pouvez ainsi choisir par exemple le mode coucher de soleil pour \u00eatre s\u00fbr que votre appareil ne soit pas satur\u00e9 par la richesse des couleurs de l&rsquo;astre couchant, ou le mode animaux domestiques pour immortaliser votre chat ou votre chien sans obtenir de clich\u00e9 flou. Et pour vous y retrouver, la fonction aide est accessible \u00e0 tout moment gr\u00e2ce \u00e0 un simple bouton.<\/font><\/p>\n<\/p>\n<\/div>\n<p><bl-button a11yexpanded=\"false\" arialabel=\"Afficher toute la description\" class=\"read-more__btn\" full=\"false\" link=\"true\"><\/bl-button><\/div>","protected":false},"excerpt":{"rendered":"<div class=\"keypoints\">\n<h3 class=\"keypoints__title\">Les points cl\u00e9s<\/h3>\n<ul role=\"list\">\n<li class=\"keypoints__item\" role=\"listitem\">                                        Capteur : APS-C                      <\/li>\n<li class=\"keypoints__item\" role=\"listitem\">                                        Vitesse d&rsquo;obturation : 1\/4000 \u00e0 30 s                      <\/li>\n<\/ul>","protected":false},"featured_media":88488,"template":"","meta":{"_glsr_average":0,"_glsr_ranking":0,"_glsr_reviews":0},"product_cat":[477],"product_tag":[475,478,451],"class_list":{"0":"post-88489","1":"product","2":"type-product","3":"status-publish","4":"has-post-thumbnail","6":"product_cat-reflex","7":"product_tag-appareil-photo","8":"product_tag-reflex","9":"product_tag-tv-image-son","11":"first","12":"instock","13":"sale","14":"shipping-taxable","15":"purchasable","16":"product-type-simple"},"_links":{"self":[{"href":"https:\/\/electromenagerexpress.com\/en\/wp-json\/wp\/v2\/product\/88489","targetHints":{"allow":["GET"]}}],"collection":[{"href":"https:\/\/electromenagerexpress.com\/en\/wp-json\/wp\/v2\/product"}],"about":[{"href":"https:\/\/electromenagerexpress.com\/en\/wp-json\/wp\/v2\/types\/product"}],"wp:featuredmedia":[{"embeddable":true,"href":"https:\/\/electromenagerexpress.com\/en\/wp-json\/wp\/v2\/media\/88488"}],"wp:attachment":[{"href":"https:\/\/electromenagerexpress.com\/en\/wp-json\/wp\/v2\/media?parent=88489"}],"wp:term":[{"taxonomy":"product_cat","embeddable":true,"href":"https:\/\/electromenagerexpress.com\/en\/wp-json\/wp\/v2\/product_cat?post=88489"},{"taxonomy":"product_tag","embeddable":true,"href":"https:\/\/electromenagerexpress.com\/en\/wp-json\/wp\/v2\/product_tag?post=88489"}],"curies":[{"name":"wp","href":"https:\/\/api.w.org\/{rel}","templated":true}]}}