{"id":88467,"date":"2024-11-24T17:11:34","date_gmt":"2024-11-24T17:11:34","guid":{"rendered":"https:\/\/electromenagerexpress.com\/product\/appareil-photo-reflexnikond5100-18-55vr-reconditionne\/"},"modified":"2024-11-24T17:11:43","modified_gmt":"2024-11-24T17:11:43","slug":"appareil-photo-reflexnikond5100-18-55vr-reconditionne","status":"publish","type":"product","link":"https:\/\/electromenagerexpress.com\/en\/product\/appareil-photo-reflexnikond5100-18-55vr-reconditionne\/","title":{"rendered":"Appareil photo Reflex\t\t\t\t\t\t\tNIKON\t\t\t\tD5100 + 18-55vr Reconditionn\u00e9"},"content":{"rendered":"<div class=\"product-features__content\">\n<ul role=\"list\">\n<li class=\"product-features__item\" role=\"listitem\">\n<h3 class=\"product-features__label\">Qualit\u00e9 photo et vid\u00e9o<\/h3>\n<ul role=\"list\">\n<li class=\"product-features__item-list__item\" role=\"listitem\"><span class=\"is--medium\">Capteur :<\/span> APS-C, permet de donner un rendu de qualit\u00e9 pour un format carte postale ou un agrandissement\t\t\t\t\t<\/li>\n<li class=\"product-features__item-list__item\" role=\"listitem\"><span class=\"is--medium\">Le saviez vous ? :<\/span> plus le capteur est grand, plus l&rsquo;image sera d\u00e9taill\u00e9e\t\t\t\t\t<\/li>\n<li class=\"product-features__item-list__item\" role=\"listitem\"><span class=\"is--medium\">R\u00e9solution (en m\u00e9gapixels) :<\/span> 16,2 Mpx\t\t\t\t\t<\/li>\n<\/ul>\n<\/li>\n<li class=\"product-features__item\" role=\"listitem\">\n<h3 class=\"product-features__label\">Objectif<\/h3>\n<ul role=\"list\">\n<li class=\"product-features__item-list__item\" role=\"listitem\"><span class=\"is--medium\">Vitesse d&rsquo;obturation :<\/span> 1\/4000 \u00e0 30 s\t\t\t\t\t<\/li>\n<li class=\"product-features__item-list__item\" role=\"listitem\"><span class=\"is--medium\">Comprendre la vitesse d&rsquo;obturation :<\/span> La vitesse d&rsquo;obturation, est le temps pendant lequel l&rsquo;obturateur s&rsquo;ouvre au d\u00e9clenchement. Si la vitesse est r\u00e9gl\u00e9e sur une valeur rapide, (jusqu&rsquo;\u00e0 1\/8000 sec) l&rsquo;image sera nette, au contraire si la vitesse est r\u00e9gl\u00e9e sur une valeur lente (jusqu&rsquo;\u00e0 30 sec) l&rsquo;image aura un effet artistique.\t\t\t\t\t<\/li>\n<\/ul>\n<\/li>\n<li class=\"product-features__item\" role=\"listitem\">\n<h3 class=\"product-features__label\">Informations compl\u00e9mentaires<\/h3>\n<ul role=\"list\">\n<li class=\"product-features__item-list__item\" role=\"listitem\"><span class=\"is--medium\">R\u00e9f\u00e9rence constructeur :<\/span> D5100 + 18-55vr\t\t\t\t\t<\/li>\n<li class=\"product-features__item-list__item\" role=\"listitem\"><span class=\"is--medium\">Marque :<\/span> NIKON\t\t\t\t\t<\/li>\n<\/ul>\n<\/li>\n<\/ul>\n<\/div>\n<div class=\"product__disclosure-content\">\n<div class=\"js-read-more product-description__content read-more read-more--truncated\" data-read-more-name=\"description\" style=\"max-height: 500px; overflow: hidden;\">\n<h2><center>Appareil photo Reflex Nikon D5100 + 18-55vr<\/center><\/h2>\n<h3><font color=\"212121\">Appareil photo Nikon D5100 : un Reflex accessible aux amateurs<\/font><\/h3>\n<p><font color=\"414141\">Certains photographes amateurs veulent s&rsquo;aguerrir \u00e0 la photographie, certains professionnels cherchent un mod\u00e8le intuitif&#8230; tous se retrouveront sans doute autour de l&rsquo;<b>appareil photo Reflex Nikon D5100<\/b>. En termes de gamme, notamment, il rev\u00eat le charme d&rsquo;un prix abordable, afin de permettre aux amateurs de s&rsquo;initier \u00e0 la photographie ou de s&rsquo;y perfectionner. Avec son mode Sc\u00e8ne, le <b>Reflex Nikon D5100<\/b> ajuste automatiquement les param\u00e8tres de l&rsquo;<b>appareil photo<\/b> pour les prises de vue difficiles. Le fait de devoir se perfectionner ne doit pas pour autant faire rater une belle photographie !<\/font><\/p>\n<h3><font color=\"212121\">Reflex Nikon D5100 : la qualit\u00e9 au rendez-vous<\/font><\/h3>\n<p><font color=\"414141\">Ce <b>Reflex num\u00e9rique Nikon<\/b> offre bien des surprises : \u00e0 commencer par un moniteur orientable : celui-ci va vous permettre de r\u00e9aliser vos photos depuis n&rsquo;importe quel angle : votre cr\u00e9ativit\u00e9 en sera d\u00e9cupl\u00e9e ! Nikon a aussi pens\u00e9 aux plus artistes en proposant une fonction pour ajouter des effets sp\u00e9ciaux aux photos ou aux vid\u00e9os directement sur l&rsquo;appareil : plus besoin de transf\u00e9rer vos images sur un ordinateur et d&rsquo;utiliser un logiciel de retouche ! Enfin, la luminosit\u00e9 (essentielle pour de belles photos m\u00eame dans des environnements sombres) n&rsquo;est pas en reste avec un maximum de 6400 ISO extensible manuellement jusqu&rsquo;\u00e0 25 600 ISO gr\u00e2ce aux r\u00e9glages disponibles : de quoi r\u00e9ussir des photos de nuit exceptionnelles. Ce <b>Reflex Nikon D5100<\/b> n&rsquo;oublie pas non plus les vid\u00e9os, enfin, puisqu&rsquo;il permet de r\u00e9aliser des vid\u00e9os Full HD 1080p !<\/font><\/p>\n<\/p>\n<\/div>\n<p><bl-button a11yexpanded=\"false\" arialabel=\"Afficher toute la description\" class=\"read-more__btn\" full=\"false\" link=\"true\"><\/bl-button><\/div>","protected":false},"excerpt":{"rendered":"<div class=\"keypoints\">\n<h3 class=\"keypoints__title\">Les points cl\u00e9s<\/h3>\n<ul role=\"list\">\n<li class=\"keypoints__item\" role=\"listitem\">                                        Capteur : APS-C                      <\/li>\n<li class=\"keypoints__item\" role=\"listitem\">                                        Vitesse d&rsquo;obturation : 1\/4000 \u00e0 30 s                      <\/li>\n<li class=\"keypoints__item\" role=\"listitem\">                                        Connectivit\u00e9 : Pictbridge                      <\/li>\n<\/ul>","protected":false},"featured_media":88466,"template":"","meta":{"_glsr_average":0,"_glsr_ranking":0,"_glsr_reviews":0},"product_cat":[477],"product_tag":[475,478,451],"class_list":{"0":"post-88467","1":"product","2":"type-product","3":"status-publish","4":"has-post-thumbnail","6":"product_cat-reflex","7":"product_tag-appareil-photo","8":"product_tag-reflex","9":"product_tag-tv-image-son","11":"first","12":"instock","13":"sale","14":"shipping-taxable","15":"purchasable","16":"product-type-simple"},"_links":{"self":[{"href":"https:\/\/electromenagerexpress.com\/en\/wp-json\/wp\/v2\/product\/88467","targetHints":{"allow":["GET"]}}],"collection":[{"href":"https:\/\/electromenagerexpress.com\/en\/wp-json\/wp\/v2\/product"}],"about":[{"href":"https:\/\/electromenagerexpress.com\/en\/wp-json\/wp\/v2\/types\/product"}],"wp:featuredmedia":[{"embeddable":true,"href":"https:\/\/electromenagerexpress.com\/en\/wp-json\/wp\/v2\/media\/88466"}],"wp:attachment":[{"href":"https:\/\/electromenagerexpress.com\/en\/wp-json\/wp\/v2\/media?parent=88467"}],"wp:term":[{"taxonomy":"product_cat","embeddable":true,"href":"https:\/\/electromenagerexpress.com\/en\/wp-json\/wp\/v2\/product_cat?post=88467"},{"taxonomy":"product_tag","embeddable":true,"href":"https:\/\/electromenagerexpress.com\/en\/wp-json\/wp\/v2\/product_tag?post=88467"}],"curies":[{"name":"wp","href":"https:\/\/api.w.org\/{rel}","templated":true}]}}