{"id":88440,"date":"2024-11-24T17:11:06","date_gmt":"2024-11-24T17:11:06","guid":{"rendered":"https:\/\/electromenagerexpress.com\/product\/appareil-photo-reflexpentaxk-1-mark-ii-28-105-f-3-5-5-6\/"},"modified":"2024-11-24T17:11:09","modified_gmt":"2024-11-24T17:11:09","slug":"appareil-photo-reflexpentaxk-1-mark-ii-28-105-f-3-5-5-6","status":"publish","type":"product","link":"https:\/\/electromenagerexpress.com\/en\/product\/appareil-photo-reflexpentaxk-1-mark-ii-28-105-f-3-5-5-6\/","title":{"rendered":"Appareil photo Reflex\t\t\t\t\t\t\tPENTAX\t\t\t\tK-1 MARK II + 28-105 f\/3.5-5.6"},"content":{"rendered":"<div class=\"product-features__content\">\n<ul role=\"list\">\n<li class=\"product-features__item\" role=\"listitem\">\n<h3 class=\"product-features__label\">Bien choisir<\/h3>\n<ul role=\"list\">\n<li class=\"product-features__item-list__item\" role=\"listitem\"><span class=\"is--medium\">Besoin d&rsquo;aide pour choisir ? :<\/span> <a href=\"https:\/\/www.boulanger.com\/guide\/choisir-appareil-photo\" target=\"_blank\">consulter le guide d&rsquo;achat<\/a><\/li>\n<\/ul>\n<\/li>\n<li class=\"product-features__item\" role=\"listitem\">\n<h3 class=\"product-features__label\">Nos services et accessoires<\/h3>\n<ul role=\"list\">\n<li class=\"product-features__item-list__item\" role=\"listitem\"><span class=\"is--medium\">D\u00e9couvrez l&rsquo;assurance vol\/casse :<\/span> <a href=\"https:\/\/www.boulanger.com\/evenement\/assurance-produits-nomades\" target=\"_blank\">en sa <\/a><\/li>\n<li class=\"product-features__item-list__item\" role=\"listitem\"><span class=\"is--medium\">D\u00e9couvrez nos protections compatibles :<\/span> <a href=\"https:\/\/www.boulanger.com\/c\/bagagerie-photo\" target=\"_blank\">en sa <\/a><\/li>\n<li class=\"product-features__item-list__item\" role=\"listitem\"><span class=\"is--medium\">D\u00e9couvrez nos objectifs compl\u00e9mentaires :<\/span> <a href=\"https:\/\/www.boulanger.com\/c\/objectif\" target=\"_blank\">en sa <\/a><\/li>\n<\/ul>\n<\/li>\n<li class=\"product-features__item\" role=\"listitem\">\n<h3 class=\"product-features__label\">Qualit\u00e9 photo et vid\u00e9o<\/h3>\n<ul role=\"list\">\n<li class=\"product-features__item-list__item\" role=\"listitem\"><span class=\"is--medium\">Capteur :<\/span> Plein Format (24&#215;36), permet de donner un excellent rendu pour un format carte postale ou un agrandissement\t\t\t\t\t<\/li>\n<li class=\"product-features__item-list__item\" role=\"listitem\"><span class=\"is--medium\">Le saviez vous ? :<\/span> plus le capteur est grand, plus l&rsquo;image sera d\u00e9taill\u00e9e\t\t\t\t\t<\/li>\n<li class=\"product-features__item-list__item\" role=\"listitem\"><span class=\"is--medium\">R\u00e9solution (en m\u00e9gapixels) :<\/span> 36,4 Mpx\t\t\t\t\t<\/li>\n<li class=\"product-features__item-list__item\" role=\"listitem\"><span class=\"is--medium\">Comprendre la r\u00e9solution :<\/span> Plus ce chiffre sera \u00e9lev\u00e9, plus il sera possible d&rsquo;imprimer vos images en grand format comme des posters, ou encore effectuer des recadrages de qualit\u00e9 sur des logiciels de retouche photo.\t\t\t\t\t<\/li>\n<li class=\"product-features__item-list__item\" role=\"listitem\"><span class=\"is--medium\">Plage de sensibilit\u00e9 ISO :<\/span> de 100 \u00e0 819200\t\t\t\t\t<\/li>\n<li class=\"product-features__item-list__item\" role=\"listitem\"><span class=\"is--medium\">Comprendre la sensibilit\u00e9 ISO :<\/span> L&rsquo;ISO permet de contr\u00f4ler la lumi\u00e8re atteignant le capteur, de mani\u00e8re \u00e0 rendre la photo plus claire ou plus sombre. Elle fonctionne en automatique ou peut \u00eatre r\u00e9gl\u00e9e manuellement\t\t\t\t\t<\/li>\n<li class=\"product-features__item-list__item\" role=\"listitem\"><span class=\"is--medium\">Mise au point (AF) :<\/span> Autofocus 33 collimateurs\t\t\t\t\t<\/li>\n<li class=\"product-features__item-list__item\" role=\"listitem\"><span class=\"is--medium\">Fichier vid\u00e9o :<\/span> MOV (MPEG-4AVC\/H.264)\t\t\t\t\t<\/li>\n<li class=\"product-features__item-list__item\" role=\"listitem\"><span class=\"is--medium\">Fichier de l&rsquo;image :<\/span> JPEG, RAW\t\t\t\t\t<\/li>\n<\/ul>\n<\/li>\n<li class=\"product-features__item\" role=\"listitem\">\n<h3 class=\"product-features__label\">Objectif<\/h3>\n<ul role=\"list\">\n<li class=\"product-features__item-list__item\" role=\"listitem\"><span class=\"is--medium\">Focale :<\/span> 28-105mm\t\t\t\t\t<\/li>\n<li class=\"product-features__item-list__item\" role=\"listitem\"><span class=\"is--medium\">La saviez vous ? :<\/span> Suivant le choix de la focale,l&rsquo;angle de champ peut para\u00eetre plus grand ou plus \u00e9troit. Focale &lt;24 mm grand angle + paysage , focale entre 18 et 85 mm paysage + portrait, focale &gt; 90 mm photo faune et flore, sportive\t\t\t\t\t<\/li>\n<li class=\"product-features__item-list__item\" role=\"listitem\"><span class=\"is--medium\">Ouverture :<\/span> f\/3,5-5,6\t\t\t\t\t<\/li>\n<li class=\"product-features__item-list__item\" role=\"listitem\"><span class=\"is--medium\">Le saviez vous? :<\/span> le f\/ ou F indique l&rsquo;ouverture lumineuse. Plus le nombre est grand, plus l&rsquo;ouverture est petite et adapt\u00e9e \u00e0 des environnements sombres. Plus le nombre est petit plus l&rsquo;ouverture est adapt\u00e9e \u00e0 des environnement lumineux\t\t\t\t\t<\/li>\n<li class=\"product-features__item-list__item\" role=\"listitem\"><span class=\"is--medium\">Vitesse d&rsquo;obturation :<\/span> 1\/8000 \u00e0 30 s\t\t\t\t\t<\/li>\n<li class=\"product-features__item-list__item\" role=\"listitem\"><span class=\"is--medium\">Comprendre la vitesse d&rsquo;obturation :<\/span> La vitesse d&rsquo;obturation, est le temps pendant lequel l&rsquo;obturateur s&rsquo;ouvre au d\u00e9clenchement. Si la vitesse est r\u00e9gl\u00e9e sur une valeur rapide, (jusqu&rsquo;\u00e0 1\/8000 sec) l&rsquo;image sera nette, au contraire si la vitesse est r\u00e9gl\u00e9e sur une valeur lente (jusqu&rsquo;\u00e0 30 sec) l&rsquo;image aura un effet artistique.\t\t\t\t\t<\/li>\n<li class=\"product-features__item-list__item\" role=\"listitem\"><span class=\"is--medium\">Objectif stabilis\u00e9 :<\/span> oui, permet d&rsquo;obtenir des photos plus nettes en r\u00e9duisant les effets de mouvements de l&rsquo;appareil photo lors de la prise de vue.\t\t\t\t\t<\/li>\n<li class=\"product-features__item-list__item\" role=\"listitem\"><span class=\"is--medium\">Objectif tropicalis\u00e9 :<\/span> Non\t\t\t\t\t<\/li>\n<li class=\"product-features__item-list__item\" role=\"listitem\"><span class=\"is--medium\">Mode rafale :<\/span> 4 images\/s\t\t\t\t\t<\/li>\n<li class=\"product-features__item-list__item\" role=\"listitem\"><span class=\"is--medium\">Diam\u00e8tre du filtre :<\/span> 62 mm\t\t\t\t\t<\/li>\n<li class=\"product-features__item-list__item\" role=\"listitem\"><span class=\"is--medium\">Distance minimale de mise au point :<\/span> 50 cm\t\t\t\t\t<\/li>\n<li class=\"product-features__item-list__item\" role=\"listitem\"><span class=\"is--medium\">Objectif stabilis\u00e9 :<\/span> Oui\t\t\t\t\t<\/li>\n<li class=\"product-features__item-list__item\" role=\"listitem\"><span class=\"is--medium\">Objectif tropicalis\u00e9 :<\/span> Non\t\t\t\t\t<\/li>\n<li class=\"product-features__item-list__item\" role=\"listitem\"><span class=\"is--medium\">Distance minimale de mise au point :<\/span> 50 cm\t\t\t\t\t<\/li>\n<li class=\"product-features__item-list__item\" role=\"listitem\"><span class=\"is--medium\">Diam\u00e8tre du filtre :<\/span> 62 mm\t\t\t\t\t<\/li>\n<\/ul>\n<\/li>\n<li class=\"product-features__item\" role=\"listitem\">\n<h3 class=\"product-features__label\">Objectif 2<\/h3>\n<ul role=\"list\">\n<li class=\"product-features__item-list__item\" role=\"listitem\"><span class=\"is--medium\">Focale :<\/span> Non concern\u00e9\t\t\t\t\t<\/li>\n<li class=\"product-features__item-list__item\" role=\"listitem\"><span class=\"is--medium\">Ouverture :<\/span> Non concern\u00e9\t\t\t\t\t<\/li>\n<li class=\"product-features__item-list__item\" role=\"listitem\"><span class=\"is--medium\">Vitesse d&rsquo;obturation :<\/span> Non concern\u00e9\t\t\t\t\t<\/li>\n<li class=\"product-features__item-list__item\" role=\"listitem\"><span class=\"is--medium\">Distance minimale de mise au point :<\/span> Non concern\u00e9\t\t\t\t\t<\/li>\n<li class=\"product-features__item-list__item\" role=\"listitem\"><span class=\"is--medium\">Diam\u00e8tre du filtre :<\/span> Non concern\u00e9\t\t\t\t\t<\/li>\n<li class=\"product-features__item-list__item\" role=\"listitem\"><span class=\"is--medium\">Objectif stabilis\u00e9 :<\/span> Non concern\u00e9\t\t\t\t\t<\/li>\n<li class=\"product-features__item-list__item\" role=\"listitem\"><span class=\"is--medium\">Objectif tropicalis\u00e9 :<\/span> Non concern\u00e9\t\t\t\t\t<\/li>\n<\/ul>\n<\/li>\n<li class=\"product-features__item\" role=\"listitem\">\n<h3 class=\"product-features__label\">Boitier<\/h3>\n<ul role=\"list\">\n<li class=\"product-features__item-list__item\" role=\"listitem\"><span class=\"is--medium\">Ecran :<\/span> orientable\t\t\t\t\t<\/li>\n<li class=\"product-features__item-list__item\" role=\"listitem\"><span class=\"is--medium\">Flash int\u00e9gr\u00e9 :<\/span> Oui\t\t\t\t\t<\/li>\n<li class=\"product-features__item-list__item\" role=\"listitem\"><span class=\"is--medium\">Connectiques :<\/span> USB 2.0\t\t\t\t\t<\/li>\n<li class=\"product-features__item-list__item\" role=\"listitem\"><span class=\"is--medium\">Type de viseur :<\/span> optique, permet d&rsquo;obtenir une vue directe et naturelle de la sc\u00e8ne et ne n\u00e9cessite pas d&rsquo;alimentation\t\t\t\t\t<\/li>\n<\/ul>\n<\/li>\n<li class=\"product-features__item\" role=\"listitem\">\n<h3 class=\"product-features__label\">Dimensions<\/h3>\n<ul role=\"list\">\n<li class=\"product-features__item-list__item\" role=\"listitem\"><span class=\"is--medium\">Dimensions l x h x p :<\/span> 11 x 8.55 x 13.65 cm\t\t\t\t\t<\/li>\n<\/ul>\n<\/li>\n<li class=\"product-features__item\" role=\"listitem\">\n<h3 class=\"product-features__label\">Informations compl\u00e9mentaires<\/h3>\n<ul role=\"list\">\n<li class=\"product-features__item-list__item\" role=\"listitem\"><span class=\"is--medium\">Fabriqu\u00e9 en :<\/span> Chine\t\t\t\t\t<\/li>\n<li class=\"product-features__item-list__item\" role=\"listitem\"><span class=\"is--medium\">Disponibilit\u00e9 des pi\u00e8ces d\u00e9tach\u00e9es (donn\u00e9es fournisseur) :<\/span> Non communiqu\u00e9e\t\t\t\t\t<\/li>\n<li class=\"product-features__item-list__item\" role=\"listitem\"><span class=\"is--medium\">R\u00e9f\u00e9rence constructeur :<\/span> K-1 MARK II + 28-105 f\/3.5-5.6 Garanti 3\t\t\t\t\t<\/li>\n<li class=\"product-features__item-list__item\" role=\"listitem\"><span class=\"is--medium\">Marque :<\/span> PENTAX\t\t\t\t\t<\/li>\n<\/ul>\n<\/li>\n<\/ul>\n<\/div>\n<div class=\"product__disclosure-content\">\n<div class=\"js-read-more product-description__content read-more read-more--truncated\" data-read-more-name=\"description\" style=\"max-height: 500px; overflow: hidden;\">\n<p>La Nouvelle R\u00e9f\u00e9rence  &#8211; Capteur CMOS 24\u00d736 mm de 36,4 Mpx environ sans filtre AA  &#8211; Stabilisation int\u00e9gr\u00e9e sur 5 axes, avec un gain jusqu&rsquo;\u00e0 5 IL  &#8211; Nouveau Pixel Shift Resolution II avanc\u00e9 pour une r\u00e9solution sup\u00e9rieure m\u00eame \u00e0 main lev\u00e9e  &#8211; Processeur PRIME IV et nouvelle Unit\u00e9 acc\u00e9l\u00e9ratrice pour un bruit num\u00e9rique encore mieux ma\u00eetris\u00e9 et une sensibilit\u00e9 maximale de 819 200 ISO  &#8211; AF.S et AF.C plus rapide gr\u00e2ce \u00e0 un algorithme am\u00e9lior\u00e9  &#8211; Wi-Fi et GPS int\u00e9gr\u00e9, Astrotracer  &#8211; R\u00e9sistant \u00e0 la poussi\u00e8re, aux intemp\u00e9ries et au froid jusqu&rsquo;\u00e0 -10\u00b0C  La nouvelle r\u00e9f\u00e9rence du Reflex Plein Format de la s\u00e9rie K  Riche en couleurs et en ombres subtiles, un bokeh extraordinaire et un rendu de la profondeur aigu un respect total des attentes du photographe gr\u00e2ce \u00e0 ces \u00e9l\u00e9ments pour des r\u00e9sultats exceptionnels.  Le PENTAX Mark II a \u00e9t\u00e9 con\u00e7u comme le mod\u00e8le porte drapeau de la marque. Il b\u00e9n\u00e9ficie d&rsquo;un processeur d&rsquo;image am\u00e9lior\u00e9 pour une qualit\u00e9 d&rsquo;image maximale r\u00e9pondant aux attentes des photographes. Il d\u00e9livre des images riches en couleur et en d\u00e9finition et un superbe rendu du Bokeh.  Le Pixel Shift Resolution II &#8211; brevet\u00e9 PENTAX &#8211; permet d\u00e9sormais une utilisation \u00e0 main lev\u00e9e. Le syst\u00e8me de mise au point b\u00e9n\u00e9ficie d&rsquo;un nouvel algorithme pour une plus grande pr\u00e9cision des sujets en mouvement.  Syst\u00e8me de traitement d&rsquo;image dernier cri  &#8211; Qualit\u00e9 d&rsquo;image fortement am\u00e9lior\u00e9e m\u00eame en haute sensibilit\u00e9  Pour reproduire des couleurs vives et des d\u00e9grad\u00e9s riches, fid\u00e8les aux souvenirs, \u00e0 toutes les sensibilit\u00e9s, le PENTAX K-1 Mark II s&rsquo;est dot\u00e9 d&rsquo;une unit\u00e9 acc\u00e9l\u00e9ratrice exclusive, qui traite efficacement le signal envoy\u00e9 par le capteur d&rsquo;image avant de le transmettre au processeur d&rsquo;image. Ce flux am\u00e9liore \u00e0 la fois la r\u00e9solution de l&rsquo;image et la reproduction des couleurs aux sensibilit\u00e9s \u00e9lev\u00e9es, tout en r\u00e9duisant fortement le bruit par rapport au PENTAX K-1. Cela permet \u00e9galement de repousser la sensibilit\u00e9 maximale jusqu&rsquo;\u00e0 819 200 ISO pour prendre des photos superbes \u00e0 des sensibilit\u00e9s extr\u00eames.  &#8211; PRIME IV. Un processeur d&rsquo;image \u00e0 hautes performances pour assurer une reproduction des images en haute d\u00e9finition  Le processeur PRIME IV du PENTAX K-1 Mark II est le sommet des technologies de traitement d&rsquo;image \u00e0 haute vitesse et qualit\u00e9 \u00e9lev\u00e9e de PENTAX. Outre un traitement du bruit extr\u00eamement efficace, il propose les fonctions Nettet\u00e9 accrue et Nettet\u00e9 extra pour traiter plus naturellement et plus d\u00e9licatement les contours du sujet, et le Syst\u00e8me d&rsquo;analyse de sc\u00e8ne en temps r\u00e9el de PENTAX, qui utilise une technologie r\u00e9volutionnaire d&rsquo;apprentissage profond. Il corrige \u00e9galement distorsion, vignettage et aberration chromatique dus aux caract\u00e9ristiques des objectifs, tout en r\u00e9duisant efficacement les effets de franges.  &#8211; Capteur d&rsquo;image plein format 35 mm. Un grand capteur performant pour capturer toutes les donn\u00e9es de lumi\u00e8re  Le capteur plein format 35 mm du PENTAX K-1 Mark II offre une g\u00e9n\u00e9reuse surface sensible et des photosites de grandes dimensions afin de fournir des images vives, fid\u00e8les \u00e0 la r\u00e9alit\u00e9 aux d\u00e9grad\u00e9s riches. Il offre \u00e9galement un faible niveau de bruit num\u00e9rique pour reproduire le sujet fid\u00e8lement, avec des d\u00e9tails pr\u00e9cis et des ombres subtiles. La profondeur de champ r\u00e9duite permet de contr\u00f4ler la sensation de profondeur et le bokeh \u00e0 volont\u00e9.  &#8211; Environ 36,4 m\u00e9gapixels effectifs. Conception sans filtre AA pour optimiser le pouvoir s\u00e9parateur  Le PENTAX K-1 Mark II profite d&rsquo;une conception sans filtre passe-bas (AA pour anti-aliasing) pour optimiser le pouvoir s\u00e9parateur. Il produit des images r\u00e9alistes en repr\u00e9sentant fid\u00e8lement les fins d\u00e9tails du sujet. La r\u00e9solution reste \u00e9lev\u00e9e m\u00eame lorsque l&rsquo;image est recadr\u00e9e \u00e0 la prise de vue ou au post-traitement. Le moment d\u00e9cisif est reproduit dans une photo pr\u00e9cise et lumineuse.  &#8211; Simulateur de filtre AA. Un m\u00e9canisme dernier cri pour r\u00e9duire le moir\u00e9 et les artefacts color\u00e9s  Exclusivit\u00e9 PENTAX, le Simulateur de filtre AA r\u00e9duit efficacement le moir\u00e9 et les artefacts color\u00e9s en utilisant le m\u00e9canisme SR pour appliquer des vibrations microscopiques au capteur durant la prise de vue. Il permet de choisir d&rsquo;utiliser le filtre AA pour obtenir des images \u00e9quilibr\u00e9es ou de le d\u00e9sactiver pour am\u00e9liorer la r\u00e9solution.  &#8211; Pixel Shift Resolution II. Une technologie PENTAX pour cr\u00e9er des images de grande qualit\u00e9, d\u00e9passant le simple d\u00e9compte des pixels  Le syst\u00e8me Pixel Shift Resolution II de PENTAX est une technologie de \u00a0\u00bbsuper-r\u00e9solution\u00a0\u00bb, qui am\u00e9liore grandement le pouvoir s\u00e9parateur et la reproduction des couleurs face \u00e0 une classique matrice de Bayer. Gr\u00e2ce au syst\u00e8me de stabilisation SR, il prend quatre images de la m\u00eame sc\u00e8ne en d\u00e9calant l\u00e9g\u00e8rement le capteur \u00e0 chaque clich\u00e9, obtenant des donn\u00e9es RGB compl\u00e8tes sur chaque pixel, puis synth\u00e9tise une image composite unique \u00e0 la r\u00e9solution extr\u00eame. Non seulement le pouvoir s\u00e9parateur est am\u00e9lior\u00e9, mais les artefacts color\u00e9s sont supprim\u00e9s, le bruit num\u00e9rique est r\u00e9duit<\/p>\n<\/div>\n<p><bl-button a11yexpanded=\"false\" arialabel=\"Afficher toute la description\" class=\"read-more__btn\" full=\"false\" link=\"true\"><\/bl-button><\/div>","protected":false},"excerpt":{"rendered":"<div class=\"keypoints\">\n<h3 class=\"keypoints__title\">Les points cl\u00e9s<\/h3>\n<ul role=\"list\">\n<li class=\"keypoints__item\" role=\"listitem\">                                        Ideal pour : Professionnel                      <\/li>\n<li class=\"keypoints__item\" role=\"listitem\">                          Capteur : Full Frame (24&#215;36) &#8211;                                                      R\u00e9solution 36,4 m\u00e9gapixels                      <\/li>\n<li class=\"keypoints__item\" role=\"listitem\">                          Sensibilit\u00e9 ISO maximale : 819200 &#8211;                                                      Vitesse d&rsquo;obturation : 1\/8000 \u00e0 30 s                      <\/li>\n<li class=\"keypoints__item\" role=\"listitem\">                          Connectivit\u00e9 : Wi-Fi, Wi-Fi Direct &#8211;                                                      Ecran : orientable                      <\/li>\n<li class=\"keypoints__item keypoints__item--advantage\" role=\"listitem\"><strong>Le + :<\/strong> Qualit\u00e9 d&rsquo;image exceptionnelle, performances d&rsquo;imagerie \u00e0 tr\u00e8s haute sensibilit\u00e9      <\/li>\n<\/ul>","protected":false},"featured_media":88439,"template":"","meta":{"_glsr_average":0,"_glsr_ranking":0,"_glsr_reviews":0},"product_cat":[477],"product_tag":[475,478,451],"class_list":{"0":"post-88440","1":"product","2":"type-product","3":"status-publish","4":"has-post-thumbnail","6":"product_cat-reflex","7":"product_tag-appareil-photo","8":"product_tag-reflex","9":"product_tag-tv-image-son","11":"first","12":"instock","13":"sale","14":"shipping-taxable","15":"purchasable","16":"product-type-simple"},"_links":{"self":[{"href":"https:\/\/electromenagerexpress.com\/en\/wp-json\/wp\/v2\/product\/88440","targetHints":{"allow":["GET"]}}],"collection":[{"href":"https:\/\/electromenagerexpress.com\/en\/wp-json\/wp\/v2\/product"}],"about":[{"href":"https:\/\/electromenagerexpress.com\/en\/wp-json\/wp\/v2\/types\/product"}],"wp:featuredmedia":[{"embeddable":true,"href":"https:\/\/electromenagerexpress.com\/en\/wp-json\/wp\/v2\/media\/88439"}],"wp:attachment":[{"href":"https:\/\/electromenagerexpress.com\/en\/wp-json\/wp\/v2\/media?parent=88440"}],"wp:term":[{"taxonomy":"product_cat","embeddable":true,"href":"https:\/\/electromenagerexpress.com\/en\/wp-json\/wp\/v2\/product_cat?post=88440"},{"taxonomy":"product_tag","embeddable":true,"href":"https:\/\/electromenagerexpress.com\/en\/wp-json\/wp\/v2\/product_tag?post=88440"}],"curies":[{"name":"wp","href":"https:\/\/api.w.org\/{rel}","templated":true}]}}