{"id":88430,"date":"2024-11-24T17:10:56","date_gmt":"2024-11-24T17:10:56","guid":{"rendered":"https:\/\/electromenagerexpress.com\/product\/bridgekodakpixpro-az901-noir-reconditionne\/"},"modified":"2024-11-24T17:11:00","modified_gmt":"2024-11-24T17:11:00","slug":"bridgekodakpixpro-az901-noir-reconditionne","status":"publish","type":"product","link":"https:\/\/electromenagerexpress.com\/en\/product\/bridgekodakpixpro-az901-noir-reconditionne\/","title":{"rendered":"Bridge\t\t\t\t\t\t\tKODAK\t\t\t\tPixPro AZ901 Noir Reconditionn\u00e9"},"content":{"rendered":"<div class=\"product-features__content\">\n<ul role=\"list\">\n<li class=\"product-features__item\" role=\"listitem\">\n<h3 class=\"product-features__label\">Performances<\/h3>\n<ul role=\"list\">\n<li class=\"product-features__item-list__item\" role=\"listitem\"><span class=\"is--medium\">Ecran :<\/span> orientable\t\t\t\t\t<\/li>\n<\/ul>\n<\/li>\n<li class=\"product-features__item\" role=\"listitem\">\n<h3 class=\"product-features__label\">Dimensions<\/h3>\n<ul role=\"list\">\n<li class=\"product-features__item-list__item\" role=\"listitem\"><span class=\"is--medium\">Dimensions l x h x p :<\/span> 13.87 x 10.35 x 11.85 cm\t\t\t\t\t<\/li>\n<li class=\"product-features__item-list__item\" role=\"listitem\"><span class=\"is--medium\">Poids sans accessoires :<\/span> 777 g\t\t\t\t\t<\/li>\n<\/ul>\n<\/li>\n<li class=\"product-features__item\" role=\"listitem\">\n<h3 class=\"product-features__label\">Informations compl\u00e9mentaires<\/h3>\n<ul role=\"list\">\n<li class=\"product-features__item-list__item\" role=\"listitem\"><span class=\"is--medium\">R\u00e9f\u00e9rence constructeur :<\/span> PixPro AZ901 Noir\t\t\t\t\t<\/li>\n<li class=\"product-features__item-list__item\" role=\"listitem\"><span class=\"is--medium\">Marque :<\/span> KODAK\t\t\t\t\t<\/li>\n<\/ul>\n<\/li>\n<\/ul>\n<\/div>\n<div class=\"product__disclosure-content\">\n<div class=\"js-read-more product-description__content read-more read-more--truncated\" data-read-more-name=\"description\" style=\"max-height: 500px; overflow: hidden;\">\n<p>Immortalisez chaque instant de votre vie gr\u00e2ce au bridge KODAK PixPro AZ901 noir. Cet appareil dot\u00e9 d&rsquo;un zoom 90x et de la stabilisation optique d\u00e9voile des photos d&rsquo;une qualit\u00e9 notable. Avec son \u00e9cran inclinable et sa connexion Wi-Fi, il peut \u00eatre employ\u00e9 ais\u00e9ment dans toutes les situations.<\/p>\n<h3>Des images d&rsquo;une qualit\u00e9 remarquable<img fetchpriority=\"high\" decoding=\"async\" alt=\"Bridge KODAK PixPro AZ901 Noir\" class=\"wy_tableau_gauche\" height=\"270\" src=\"https:\/\/boulanger.scene7.com\/is\/image\/Boulanger\/0819900012903_h_f_l_0?wid=400&amp;hei=270\" width=\"400\"\/><\/h3>\n<p>Gr\u00e2ce \u00e0 son <b>zoom optique de 90x<\/b>, le bridge KODAK PixPro AZ901 noir est capable de capturer les images dans les moindres d\u00e9tails. Avec ce dispositif, vous pouvez ainsi prendre des sujets de tr\u00e8s pr\u00e8s ou bien atteindre des paysages lointains. Plus rien ne vous arr\u00eatera : seule votre imagination repr\u00e9sentera la limite.<\/p>\n<p>Dot\u00e9 de la <b>stabilisation optique<\/b>, d&rsquo;un viseur \u00e9lectronique et d&rsquo;un objectif grand-angle 22 mm, ce mod\u00e8le est capable de saisir des clich\u00e9s d&rsquo;une qualit\u00e9 remarquable. Les couleurs sont \u00e9clatantes et les d\u00e9tails saisissants. C&rsquo;est un appareil de choix pour immortaliser chaque moment marquant de votre vie.<\/p>\n<h3>Un appareil facile \u00e0 utiliser<img decoding=\"async\" alt=\"Bridge KODAK PixPro AZ901 Noir\" class=\"wy_tableau_right\" height=\"270\" src=\"https:\/\/boulanger.scene7.com\/is\/image\/Boulanger\/0819900012903_h_f_l_1?wid=400&amp;hei=270\" width=\"400\"\/><\/h3>\n<p>Le bridge KODAK PixPro AZ901 noir int\u00e8gre un <b>\u00e9cran LCD orientable<\/b>. Il vous permet de visualiser les instants que vous souhaitez capturer ou les clich\u00e9s pris. Pratique pour la lecture, la pr\u00e9visualisation et pour d\u00e9clencher les diff\u00e9rentes options du menu, l&rsquo;\u00e9cran facilite encore plus l&rsquo;usage de l&rsquo;appareil.<\/p>\n<p>\u00c9quip\u00e9 de la <b>connexion Wi-Fi<\/b>, ce bridge peut \u00eatre contr\u00f4l\u00e9 ais\u00e9ment \u00e0 distance et sans fil. Pour cela, il vous suffit de t\u00e9l\u00e9charger sur votre smartphone <b>l&rsquo;application d\u00e9di\u00e9e PIXPRO Remote Viewer<\/b>. Compatible avec les appareils iOS et Android, cette derni\u00e8re vous offrira encore plus de possibilit\u00e9s.<\/p>\n<\/p>\n<\/div>\n<p><bl-button a11yexpanded=\"false\" arialabel=\"Afficher toute la description\" class=\"read-more__btn\" full=\"false\" link=\"true\"><\/bl-button><\/div>","protected":false},"excerpt":{"rendered":"<div class=\"keypoints\">\n<h3 class=\"keypoints__title\">Les points cl\u00e9s<\/h3>\n<ul role=\"list\">\n<li class=\"keypoints__item\" role=\"listitem\">                                        R\u00e9solution vid\u00e9o : Full HD                      <\/li>\n<li class=\"keypoints__item\" role=\"listitem\">                          Zoom optique : x90 &#8211;                                                      Ecran : orientable                      <\/li>\n<li class=\"keypoints__item keypoints__item--advantage\" role=\"listitem\"><strong>Le + :<\/strong> Objectif grand angle 22mm      <\/li>\n<\/ul>","protected":false},"featured_media":88429,"template":"","meta":{"_glsr_average":0,"_glsr_ranking":0,"_glsr_reviews":0},"product_cat":[481],"product_tag":[475,482,451],"class_list":{"0":"post-88430","1":"product","2":"type-product","3":"status-publish","4":"has-post-thumbnail","6":"product_cat-appareil-photo-bridge","7":"product_tag-appareil-photo","8":"product_tag-appareil-photo-bridge","9":"product_tag-tv-image-son","11":"first","12":"instock","13":"sale","14":"shipping-taxable","15":"purchasable","16":"product-type-simple"},"_links":{"self":[{"href":"https:\/\/electromenagerexpress.com\/en\/wp-json\/wp\/v2\/product\/88430","targetHints":{"allow":["GET"]}}],"collection":[{"href":"https:\/\/electromenagerexpress.com\/en\/wp-json\/wp\/v2\/product"}],"about":[{"href":"https:\/\/electromenagerexpress.com\/en\/wp-json\/wp\/v2\/types\/product"}],"wp:featuredmedia":[{"embeddable":true,"href":"https:\/\/electromenagerexpress.com\/en\/wp-json\/wp\/v2\/media\/88429"}],"wp:attachment":[{"href":"https:\/\/electromenagerexpress.com\/en\/wp-json\/wp\/v2\/media?parent=88430"}],"wp:term":[{"taxonomy":"product_cat","embeddable":true,"href":"https:\/\/electromenagerexpress.com\/en\/wp-json\/wp\/v2\/product_cat?post=88430"},{"taxonomy":"product_tag","embeddable":true,"href":"https:\/\/electromenagerexpress.com\/en\/wp-json\/wp\/v2\/product_tag?post=88430"}],"curies":[{"name":"wp","href":"https:\/\/api.w.org\/{rel}","templated":true}]}}