{"id":88398,"date":"2024-11-24T17:10:25","date_gmt":"2024-11-24T17:10:25","guid":{"rendered":"https:\/\/electromenagerexpress.com\/product\/appareil-photo-bridgekodakpixpro-az651-noir\/"},"modified":"2024-11-24T17:10:36","modified_gmt":"2024-11-24T17:10:36","slug":"appareil-photo-bridgekodakpixpro-az651-noir","status":"publish","type":"product","link":"https:\/\/electromenagerexpress.com\/en\/product\/appareil-photo-bridgekodakpixpro-az651-noir\/","title":{"rendered":"Appareil photo Bridge\t\t\t\t\t\t\tKODAK\t\t\t\tPixPro AZ651 noir"},"content":{"rendered":"<div class=\"product-features__content\">\n<ul role=\"list\">\n<li class=\"product-features__item\" role=\"listitem\">\n<h3 class=\"product-features__label\">Performances<\/h3>\n<ul role=\"list\">\n<li class=\"product-features__item-list__item\" role=\"listitem\"><span class=\"is--medium\">Ecran :<\/span> orientable\t\t\t\t\t<\/li>\n<\/ul>\n<\/li>\n<li class=\"product-features__item\" role=\"listitem\">\n<h3 class=\"product-features__label\">Dimensions<\/h3>\n<ul role=\"list\">\n<li class=\"product-features__item-list__item\" role=\"listitem\"><span class=\"is--medium\">Dimensions l x h x p :<\/span> NC x 11.38 x 8.9 cm\t\t\t\t\t<\/li>\n<li class=\"product-features__item-list__item\" role=\"listitem\"><span class=\"is--medium\">Poids sans accessoires :<\/span> 567 g\t\t\t\t\t<\/li>\n<\/ul>\n<\/li>\n<li class=\"product-features__item\" role=\"listitem\">\n<h3 class=\"product-features__label\">Informations compl\u00e9mentaires<\/h3>\n<ul role=\"list\">\n<li class=\"product-features__item-list__item\" role=\"listitem\"><span class=\"is--medium\">Fabriqu\u00e9 en :<\/span> Chine\t\t\t\t\t<\/li>\n<li class=\"product-features__item-list__item\" role=\"listitem\"><span class=\"is--medium\">Garantie :<\/span> 2 ans\t\t\t\t\t<\/li>\n<li class=\"product-features__item-list__item\" role=\"listitem\"><span class=\"is--medium\">Disponibilit\u00e9 des pi\u00e8ces d\u00e9tach\u00e9es (donn\u00e9es fournisseur) :<\/span> Pendant 5 ans, \u00e0 compter de la date d&rsquo;achat\t\t\t\t\t<\/li>\n<li class=\"product-features__item-list__item\" role=\"listitem\"><span class=\"is--medium\">R\u00e9f\u00e9rence constructeur :<\/span> PixPro AZ651 noir\t\t\t\t\t<\/li>\n<li class=\"product-features__item-list__item\" role=\"listitem\"><span class=\"is--medium\">Marque :<\/span> KODAK\t\t\t\t\t<\/li>\n<\/ul>\n<\/li>\n<\/ul>\n<\/div>\n<div class=\"product__disclosure-content\">\n<div class=\"js-read-more product-description__content read-more read-more--truncated\" data-read-more-name=\"description\" style=\"max-height: 500px; overflow: hidden;\">\n<p>Cet appareil photo comblera les attentes des adeptes de la photographie \u00e0 distance.<\/p>\n<h3>Des photos d&rsquo;une qualit\u00e9 irr\u00e9prochable de pr\u00e8s comme de loin<\/h3>\n<p><\/p>\n<p class=\"wy_tableau_gauche\"><img decoding=\"async\" height=\"150\" src=\"https:\/\/boulanger.scene7.com\/is\/image\/Boulanger\/0819900011166_p1?wid=150&amp;hei=150\" width=\"150\"\/><\/p>\n<p>Si vous \u00eates un adepte des grands espaces ou un amoureux de la nature, cet appareil a \u00e9t\u00e9 cr\u00e9\u00e9 pour vous. En effet, celui-ci est dot\u00e9 d&rsquo;un tr\u00e8s puissant <b>zoom optique x65<\/b> qui ciblera de fa\u00e7on pr\u00e9cise l&rsquo;objet \u00e0 photographier. De pr\u00e8s ou de loin, cet appareil est capable de capturer des images d&rsquo;une r\u00e9solution de <b>20.5 m\u00e9gapixels<\/b>.<\/p>\n<p>Vous pourrez en plus effectuer de magnifiques panoramas gr\u00e2ce \u00e0 son mode r\u00e9serv\u00e9 \u00e0 la prise de vue des paysages. Mais si vous souhaitez plus de technologie, vous appr\u00e9cierez son <b>mode Wi-Fi<\/b> qui vous permettra de le piloter depuis une application install\u00e9e sur votre Smartphone. De quoi r\u00e9pondre aux besoins de tous.<\/p>\n<h3>Des fonctionnalit\u00e9s pour toutes les occasions<\/h3>\n<p><\/p>\n<p class=\"wy_tableau_right\"><img decoding=\"async\" height=\"150\" src=\"https:\/\/boulanger.scene7.com\/is\/image\/Boulanger\/0819900011166_p2?wid=150&amp;hei=150\" width=\"150\"\/><\/p>\n<p>Gr\u00e2ce au mode Full HD du Kodak AZ651 noir, vous pourrez r\u00e9aliser de tr\u00e8s belles vid\u00e9os d&rsquo;une qualit\u00e9 irr\u00e9prochable. Vous pourrez ainsi immortaliser chaque instant pr\u00e9cieux de la vie comme les anniversaires, les bapt\u00eames ou les mariages. En outre, l&rsquo;appareil est \u00e9quip\u00e9 d&rsquo;un mode rafale qui capture jusqu&rsquo;\u00e0 9 images par seconde. Cette fonctionnalit\u00e9 est id\u00e9ale pour suivre un mouvement tr\u00e8s rapide. <\/p>\n<p>Enfin, son \u00e9cran orientable de 7,62 centim\u00e8tres est pratique pour r\u00e9aliser des clich\u00e9s sous des angles diff\u00e9rents. Et pour admirer vos clich\u00e9s, profitez de sa connectivit\u00e9 HDMI qui vous permettra de vous connecter sur un grand \u00e9cran de t\u00e9l\u00e9vision pour visionner en famille tous vos souvenirs.<\/p>\n<\/p>\n<p><img decoding=\"async\" src=\"https:\/\/boulanger.scene7.com\/is\/image\/Boulanger\/EMS-top_AEM_PHOTO_CAMERA_SPORT?wid=1260\"\/><\/p>\n<\/div>\n<p><bl-button a11yexpanded=\"false\" arialabel=\"Afficher toute la description\" class=\"read-more__btn\" full=\"false\" link=\"true\"><\/bl-button><\/div>","protected":false},"excerpt":{"rendered":"<div class=\"keypoints\">\n<h3 class=\"keypoints__title\">Les points cl\u00e9s<\/h3>\n<ul role=\"list\">\n<li class=\"keypoints__item\" role=\"listitem\">                                        R\u00e9solution vid\u00e9o : Full HD                      <\/li>\n<li class=\"keypoints__item\" role=\"listitem\">                          Zoom optique : x65 &#8211;                                                      Ecran : orientable                      <\/li>\n<\/ul>","protected":false},"featured_media":88397,"template":"","meta":{"_glsr_average":0,"_glsr_ranking":0,"_glsr_reviews":0},"product_cat":[481],"product_tag":[475,482,451],"class_list":{"0":"post-88398","1":"product","2":"type-product","3":"status-publish","4":"has-post-thumbnail","6":"product_cat-appareil-photo-bridge","7":"product_tag-appareil-photo","8":"product_tag-appareil-photo-bridge","9":"product_tag-tv-image-son","11":"first","12":"instock","13":"sale","14":"shipping-taxable","15":"purchasable","16":"product-type-simple"},"_links":{"self":[{"href":"https:\/\/electromenagerexpress.com\/en\/wp-json\/wp\/v2\/product\/88398","targetHints":{"allow":["GET"]}}],"collection":[{"href":"https:\/\/electromenagerexpress.com\/en\/wp-json\/wp\/v2\/product"}],"about":[{"href":"https:\/\/electromenagerexpress.com\/en\/wp-json\/wp\/v2\/types\/product"}],"wp:featuredmedia":[{"embeddable":true,"href":"https:\/\/electromenagerexpress.com\/en\/wp-json\/wp\/v2\/media\/88397"}],"wp:attachment":[{"href":"https:\/\/electromenagerexpress.com\/en\/wp-json\/wp\/v2\/media?parent=88398"}],"wp:term":[{"taxonomy":"product_cat","embeddable":true,"href":"https:\/\/electromenagerexpress.com\/en\/wp-json\/wp\/v2\/product_cat?post=88398"},{"taxonomy":"product_tag","embeddable":true,"href":"https:\/\/electromenagerexpress.com\/en\/wp-json\/wp\/v2\/product_tag?post=88398"}],"curies":[{"name":"wp","href":"https:\/\/api.w.org\/{rel}","templated":true}]}}