{"id":88371,"date":"2024-11-24T17:09:54","date_gmt":"2024-11-24T17:09:54","guid":{"rendered":"https:\/\/electromenagerexpress.com\/product\/appareil-photo-reflexcanoneos-1000d-18-55mm-is-reconditionne\/"},"modified":"2024-11-24T17:10:04","modified_gmt":"2024-11-24T17:10:04","slug":"appareil-photo-reflexcanoneos-1000d-18-55mm-is-reconditionne","status":"publish","type":"product","link":"https:\/\/electromenagerexpress.com\/en\/product\/appareil-photo-reflexcanoneos-1000d-18-55mm-is-reconditionne\/","title":{"rendered":"Appareil photo Reflex\t\t\t\t\t\t\tCANON\t\t\t\tEOS 1000D + 18-55mm IS Reconditionn\u00e9"},"content":{"rendered":"<div class=\"product-features__content\">\n<ul role=\"list\">\n<li class=\"product-features__item\" role=\"listitem\">\n<h3 class=\"product-features__label\">Qualit\u00e9 photo et vid\u00e9o<\/h3>\n<ul role=\"list\">\n<li class=\"product-features__item-list__item\" role=\"listitem\"><span class=\"is--medium\">R\u00e9solution (en m\u00e9gapixels) :<\/span> 10,1 Mpx\t\t\t\t\t<\/li>\n<\/ul>\n<\/li>\n<li class=\"product-features__item\" role=\"listitem\">\n<h3 class=\"product-features__label\">Objectif<\/h3>\n<ul role=\"list\">\n<li class=\"product-features__item-list__item\" role=\"listitem\"><span class=\"is--medium\">Vitesse d&rsquo;obturation :<\/span> 1\/4000 \u00e0 30 s\t\t\t\t\t<\/li>\n<li class=\"product-features__item-list__item\" role=\"listitem\"><span class=\"is--medium\">Comprendre la vitesse d&rsquo;obturation :<\/span> La vitesse d&rsquo;obturation, est le temps pendant lequel l&rsquo;obturateur s&rsquo;ouvre au d\u00e9clenchement. Si la vitesse est r\u00e9gl\u00e9e sur une valeur rapide, (jusqu&rsquo;\u00e0 1\/8000 sec) l&rsquo;image sera nette, au contraire si la vitesse est r\u00e9gl\u00e9e sur une valeur lente (jusqu&rsquo;\u00e0 30 sec) l&rsquo;image aura un effet artistique.\t\t\t\t\t<\/li>\n<\/ul>\n<\/li>\n<li class=\"product-features__item\" role=\"listitem\">\n<h3 class=\"product-features__label\">Informations compl\u00e9mentaires<\/h3>\n<ul role=\"list\">\n<li class=\"product-features__item-list__item\" role=\"listitem\"><span class=\"is--medium\">R\u00e9f\u00e9rence constructeur :<\/span> EOS 1000D + 18-55mm IS\t\t\t\t\t<\/li>\n<li class=\"product-features__item-list__item\" role=\"listitem\"><span class=\"is--medium\">Marque :<\/span> CANON\t\t\t\t\t<\/li>\n<\/ul>\n<\/li>\n<\/ul>\n<\/div>\n<div class=\"product__disclosure-content\">\n<div class=\"js-read-more product-description__content read-more read-more--truncated\" data-read-more-name=\"description\" style=\"max-height: 500px; overflow: hidden;\">\n<p>Capteur CMOS 10,1 millions de pixelsLe capteur CMOS 10,1 millions de pixels permet de r\u00e9aliser des tirages au format A4 caract\u00e9ris\u00e9s par une grande richesse de d\u00e9tails, m\u00eame apr\u00e8s recadrage dans l&rsquo;image originale. La technologie des capteurs Canon CMOS garantit l&rsquo;enregistrement d&rsquo;images nettes et \u00e9clatantes, m\u00eame en conditions de faible \u00e9clairage.Prise de vues \u00e0 3 images par secondePour r\u00e9ussir des prises de vues d&rsquo;action spectaculaires, l&rsquo;EOS 1000D enregistre en continu des fichiers JPEG Large \u00e0 la cadence d&rsquo;acquisition de 3 images par seconde, et ce, jusqu&rsquo;\u00e0 ce que la carte m\u00e9moire soit pleine si n\u00e9cessaire. Avec une carte de 2 Go, il est ainsi possible d&rsquo;enregistrer jusqu&rsquo;\u00e0 514 images sans interruption.Large plage autofocus \u00e0 7 pointsLe syst\u00e8me autofocus utilise 7 capteurs distincts pour une mise au point rapide des diff\u00e9rents sujets. Le collimateur central ultra-sensible permet une mise au point optimale, m\u00eame en conditions de faible \u00e9clairage ou de sujet \u00e0 faible contraste.Syst\u00e8me EOS de nettoyage int\u00e9gr\u00e9Le syst\u00e8me Canon de nettoyage int\u00e9gr\u00e9 du capteur prot\u00e8ge les photos contre les effets de la poussi\u00e8re de trois fa\u00e7ons : en r\u00e9duisant les sources de formation de poussi\u00e8res \u00e0 l&rsquo;int\u00e9rieur de l&rsquo;appareil ; en expulsant les poussi\u00e8res du capteur \u00e0 chaque mise sous tension et hors tension de l&rsquo;appareil, et en localisant les poussi\u00e8res persistantes en vue de leur \u00e9limination ult\u00e9rieure par le logiciel Digital Photo Professional fourni avec l&rsquo;EOS 1000D.\u00c9cran LCD 2,5 pouces avec mode vis\u00e9e par l&rsquo;\u00e9cranL&rsquo;\u00e9cran LCD 2,5 pouces (6,3 cm) particuli\u00e8rement lumineux peut \u00eatre utilis\u00e9 pour cadrer l&rsquo;image depuis des points de vues et des angles inhabituels. Lors de la visualisation des photos enregistr\u00e9es, ce m\u00eame \u00e9cran permet de v\u00e9rifier les d\u00e9tails les plus fin de l&rsquo;image et son grand angle d&rsquo;incidence facilite la visualisation des photos par plusieurs personnes simultan\u00e9ment.Viseur de grande tailleLe grand viseur lumineux permet de cadrer et de composer dans des conditions optimales, notamment par forte luminosit\u00e9 ambiante.Processeur DIGIC IIILe processeur r\u00e9volutionnaire Canon DIGIC III, utilis\u00e9 dans les reflex EOS professionnels, assure une r\u00e9activit\u00e9 exceptionnelle, une reproduction pr\u00e9cise des couleurs, une mise sous tension rapide et une faible consommation \u00e9lectrique.Compatibilit\u00e9 avec les cartes m\u00e9moire SD\/SDHCParce qu&rsquo;il permet l&rsquo;enregistrement sur les cartes m\u00e9moire SD\/SDHC qui sont largement r\u00e9pandues, l&rsquo;EOS 1000D est id\u00e9al pour tous les utilisateurs qui poss\u00e8dent d\u00e9j\u00e0 des p\u00e9riph\u00e9riques compatibles SD.Contr\u00f4le total de l&rsquo;imageLes pr\u00e9r\u00e9glages de Styles d&rsquo;image faciles \u00e0 s\u00e9lectionner permettent un contr\u00f4le pr\u00e9cis du rendu d&rsquo;image. Le contraste, la nettet\u00e9 et la saturation peuvent \u00eatre personnalis\u00e9s directement depuis l&rsquo;appareil ou par l&rsquo;interm\u00e9diaire de la suite logicielle Canon compl\u00e8te fournie avec l&rsquo;EOS 1000D.Bo\u00eetier compact et ultra-l\u00e9gerMod\u00e8le EOS num\u00e9rique d\u00e9sormais le plus l\u00e9ger et le plus compact, l&rsquo;EOS 1000D ne p\u00e8se que 450 g et son excellente ergonomie permet une prise en mains tr\u00e8s agr\u00e9able.Objectifs EF et accessoiresL&rsquo;EOS 1000D est compatible avec la totalit\u00e9 de la gamme des objectifs EF\/EF-S, des flashes Speedlite EX et des accessoires du syst\u00e8me EOS.<\/p>\n<\/div>\n<p><bl-button a11yexpanded=\"false\" arialabel=\"Afficher toute la description\" class=\"read-more__btn\" full=\"false\" link=\"true\"><\/bl-button><\/div>","protected":false},"excerpt":{"rendered":"<div class=\"keypoints\">\n<h3 class=\"keypoints__title\">Les points cl\u00e9s<\/h3>\n<ul role=\"list\">\n<li class=\"keypoints__item\" role=\"listitem\">                                        Vitesse d&rsquo;obturation : 1\/4000 \u00e0 30 s                      <\/li>\n<li class=\"keypoints__item\" role=\"listitem\">                                        Connectivit\u00e9 : Pictbridge                      <\/li>\n<\/ul>","protected":false},"featured_media":88370,"template":"","meta":{"_glsr_average":0,"_glsr_ranking":0,"_glsr_reviews":0},"product_cat":[477],"product_tag":[475,478,451],"class_list":{"0":"post-88371","1":"product","2":"type-product","3":"status-publish","4":"has-post-thumbnail","6":"product_cat-reflex","7":"product_tag-appareil-photo","8":"product_tag-reflex","9":"product_tag-tv-image-son","11":"first","12":"instock","13":"sale","14":"shipping-taxable","15":"purchasable","16":"product-type-simple"},"_links":{"self":[{"href":"https:\/\/electromenagerexpress.com\/en\/wp-json\/wp\/v2\/product\/88371","targetHints":{"allow":["GET"]}}],"collection":[{"href":"https:\/\/electromenagerexpress.com\/en\/wp-json\/wp\/v2\/product"}],"about":[{"href":"https:\/\/electromenagerexpress.com\/en\/wp-json\/wp\/v2\/types\/product"}],"wp:featuredmedia":[{"embeddable":true,"href":"https:\/\/electromenagerexpress.com\/en\/wp-json\/wp\/v2\/media\/88370"}],"wp:attachment":[{"href":"https:\/\/electromenagerexpress.com\/en\/wp-json\/wp\/v2\/media?parent=88371"}],"wp:term":[{"taxonomy":"product_cat","embeddable":true,"href":"https:\/\/electromenagerexpress.com\/en\/wp-json\/wp\/v2\/product_cat?post=88371"},{"taxonomy":"product_tag","embeddable":true,"href":"https:\/\/electromenagerexpress.com\/en\/wp-json\/wp\/v2\/product_tag?post=88371"}],"curies":[{"name":"wp","href":"https:\/\/api.w.org\/{rel}","templated":true}]}}