{"id":88356,"date":"2024-11-24T17:09:39","date_gmt":"2024-11-24T17:09:39","guid":{"rendered":"https:\/\/electromenagerexpress.com\/product\/appareil-photo-compactricohgr-iii-diary-edition\/"},"modified":"2024-11-24T17:09:41","modified_gmt":"2024-11-24T17:09:41","slug":"appareil-photo-compactricohgr-iii-diary-edition","status":"publish","type":"product","link":"https:\/\/electromenagerexpress.com\/en\/product\/appareil-photo-compactricohgr-iii-diary-edition\/","title":{"rendered":"Appareil photo Compact\t\t\t\t\t\t\tRICOH\t\t\t\tGR III Diary Edition"},"content":{"rendered":"<div class=\"product-features__content\">\n<ul role=\"list\">\n<li class=\"product-features__item\" role=\"listitem\">\n<h3 class=\"product-features__label\">Qualit\u00e9 photo et vid\u00e9o<\/h3>\n<ul role=\"list\">\n<li class=\"product-features__item-list__item\" role=\"listitem\"><span class=\"is--medium\">Type de capteur :<\/span> CMOS, offre des images d\u00e9taill\u00e9es et riches en couleurs, affiche une vitesse de lecture rapide.\t\t\t\t\t<\/li>\n<li class=\"product-features__item-list__item\" role=\"listitem\"><span class=\"is--medium\">Qualit\u00e9 photo (r\u00e9solution) :<\/span> 24,2 m\u00e9gapixels\t\t\t\t\t<\/li>\n<li class=\"product-features__item-list__item\" role=\"listitem\"><span class=\"is--medium\">Comprendre la r\u00e9solution :<\/span> Plus ce chiffre sera \u00e9lev\u00e9 plus cela sera utile si vous souhaitez imprimer vos images en grand format comme des posters, ou encore effectuer des recadrages de qualit\u00e9 sur des logiciels de retouche photo.\t\t\t\t\t<\/li>\n<li class=\"product-features__item-list__item\" role=\"listitem\"><span class=\"is--medium\">Qualit\u00e9 de la vid\u00e9o :<\/span> Full HD\t\t\t\t\t<\/li>\n<li class=\"product-features__item-list__item\" role=\"listitem\"><span class=\"is--medium\">Fichier vid\u00e9o :<\/span> MPEG4\t\t\t\t\t<\/li>\n<li class=\"product-features__item-list__item\" role=\"listitem\"><span class=\"is--medium\">Zoom optique :<\/span> x2\t\t\t\t\t<\/li>\n<li class=\"product-features__item-list__item\" role=\"listitem\"><span class=\"is--medium\">Zoom num\u00e9rique :<\/span> x2\t\t\t\t\t<\/li>\n<li class=\"product-features__item-list__item\" role=\"listitem\"><span class=\"is--medium\">Le saviez-vous ? :<\/span> permet d&rsquo;agrandir une image au-del\u00e0 des capacit\u00e9s du zoom optique, mais cela peut entra\u00eener une perte de qualit\u00e9 d&rsquo;image\t\t\t\t\t<\/li>\n<li class=\"product-features__item-list__item\" role=\"listitem\"><span class=\"is--medium\">Sensibilit\u00e9 ISO max :<\/span> 128 000 ISO\t\t\t\t\t<\/li>\n<li class=\"product-features__item-list__item\" role=\"listitem\"><span class=\"is--medium\">Comprendre la sensibilit\u00e9 ISO :<\/span> L&rsquo;ISO permet de contr\u00f4ler la lumi\u00e8re atteignant le capteur, de mani\u00e8re \u00e0 rendre la photo plus claire ou plus sombre. Elle fonctionne en automatique ou peut \u00eatre r\u00e9gl\u00e9e manuellement\t\t\t\t\t<\/li>\n<li class=\"product-features__item-list__item\" role=\"listitem\"><span class=\"is--medium\">Stabilisateur :<\/span> Oui\t\t\t\t\t<\/li>\n<li class=\"product-features__item-list__item\" role=\"listitem\"><span class=\"is--medium\">Fichier de l&rsquo;image :<\/span> JPEG\t\t\t\t\t<\/li>\n<\/ul>\n<\/li>\n<li class=\"product-features__item\" role=\"listitem\">\n<h3 class=\"product-features__label\">Performances<\/h3>\n<ul role=\"list\">\n<li class=\"product-features__item-list__item\" role=\"listitem\"><span class=\"is--medium\">Ecran :<\/span> tactile\t\t\t\t\t<\/li>\n<li class=\"product-features__item-list__item\" role=\"listitem\"><span class=\"is--medium\">Vis\u00e9e \u00e0 l&rsquo;\u00e9cran :<\/span> Non\t\t\t\t\t<\/li>\n<li class=\"product-features__item-list__item\" role=\"listitem\"><span class=\"is--medium\">Connectivit\u00e9 :<\/span> Wi-Fi et Bluetooth\t\t\t\t\t<\/li>\n<li class=\"product-features__item-list__item\" role=\"listitem\"><span class=\"is--medium\">Etanche :<\/span> Non\t\t\t\t\t<\/li>\n<li class=\"product-features__item-list__item\" role=\"listitem\"><span class=\"is--medium\">Tropicalis\u00e9 :<\/span> Non\t\t\t\t\t<\/li>\n<li class=\"product-features__item-list__item\" role=\"listitem\"><span class=\"is--medium\">Flash int\u00e9gr\u00e9 :<\/span> Oui\t\t\t\t\t<\/li>\n<li class=\"product-features__item-list__item\" role=\"listitem\"><span class=\"is--medium\">Type de viseur :<\/span> optique, permet d&rsquo;obtenir une vue directe et naturelle de la sc\u00e8ne et ne n\u00e9cessite pas d&rsquo;alimentation.\t\t\t\t\t<\/li>\n<li class=\"product-features__item-list__item\" role=\"listitem\"><span class=\"is--medium\">Connectiques :<\/span> Sortie USB\t\t\t\t\t<\/li>\n<li class=\"product-features__item-list__item\" role=\"listitem\"><span class=\"is--medium\">Carte(s) m\u00e9moire(s) compatible(s) :<\/span> SD\t\t\t\t\t<\/li>\n<\/ul>\n<\/li>\n<li class=\"product-features__item\" role=\"listitem\">\n<h3 class=\"product-features__label\">Objectif<\/h3>\n<ul role=\"list\">\n<li class=\"product-features__item-list__item\" role=\"listitem\"><span class=\"is--medium\">Ouverture :<\/span> f\/2,8-16\t\t\t\t\t<\/li>\n<li class=\"product-features__item-list__item\" role=\"listitem\"><span class=\"is--medium\">Le saviez vous ? :<\/span> le f\/ ou F indique l&rsquo;ouverture lumineuse. Plus le nombre est grand, plus l&rsquo;ouverture est petite et adapt\u00e9e \u00e0 des environnements sombres. Plus le nombre est petit plus l&rsquo;ouverture est adapt\u00e9e \u00e0 des environnement lumineux\t\t\t\t\t<\/li>\n<li class=\"product-features__item-list__item\" role=\"listitem\"><span class=\"is--medium\">vitesse d&rsquo;opturation :<\/span> 1\/4000 \u00e0 30 s\t\t\t\t\t<\/li>\n<li class=\"product-features__item-list__item\" role=\"listitem\"><span class=\"is--medium\">Le saviez vous ? :<\/span> La vitesse s&rsquo;exprime en fraction de secondes. Si la vitesse est r\u00e9gl\u00e9e sur une valeur rapide, (jusqu&rsquo;\u00e0 1\/8000 sec) l&rsquo;image sera nette, au contraire si la vitesse est r\u00e9gl\u00e9e sur une valeur lente (jusqu&rsquo;\u00e0 30 sec) l&rsquo;image aura un effet artistique.\t\t\t\t\t<\/li>\n<li class=\"product-features__item-list__item\" role=\"listitem\"><span class=\"is--medium\">Objectif stabilis\u00e9 :<\/span> permet d&rsquo;obtenir des photos plus nettes en r\u00e9duisant les effets de mouvements de l&rsquo;appareil photo lors de la prise de vue.\t\t\t\t\t<\/li>\n<\/ul>\n<\/li>\n<li class=\"product-features__item\" role=\"listitem\">\n<h3 class=\"product-features__label\">Dimensions<\/h3>\n<ul role=\"list\">\n<li class=\"product-features__item-list__item\" role=\"listitem\"><span class=\"is--medium\">Dimensions l x h x p :<\/span> 10.9 x 6.19 x 3.5 cm\t\t\t\t\t<\/li>\n<li class=\"product-features__item-list__item\" role=\"listitem\"><span class=\"is--medium\">Poids sans accessoires :<\/span> 0 g\t\t\t\t\t<\/li>\n<\/ul>\n<\/li>\n<li class=\"product-features__item\" role=\"listitem\">\n<h3 class=\"product-features__label\">Informations compl\u00e9mentaires<\/h3>\n<ul role=\"list\">\n<li class=\"product-features__item-list__item\" role=\"listitem\"><span class=\"is--medium\">Fabriqu\u00e9 en :<\/span> Vi\u00eat Nam\t\t\t\t\t<\/li>\n<li class=\"product-features__item-list__item\" role=\"listitem\"><span class=\"is--medium\">Garantie :<\/span> 2 ans\t\t\t\t\t<\/li>\n<li class=\"product-features__item-list__item\" role=\"listitem\"><span class=\"is--medium\">Disponibilit\u00e9 des pi\u00e8ces d\u00e9tach\u00e9es (donn\u00e9es fournisseur) :<\/span> Pendant 5 ans, \u00e0 compter de la date fin de fabrication\t\t\t\t\t<\/li>\n<li class=\"product-features__item-list__item\" role=\"listitem\"><span class=\"is--medium\">R\u00e9f\u00e9rence constructeur :<\/span> GR III Diary Edition\t\t\t\t\t<\/li>\n<li class=\"product-features__item-list__item\" role=\"listitem\"><span class=\"is--medium\">Marque :<\/span> RICOH\t\t\t\t\t<\/li>\n<\/ul>\n<\/li>\n<\/ul>\n<\/div>\n<div class=\"product__disclosure-content\">\n<div class=\"js-read-more product-description__content read-more read-more--truncated\" data-read-more-name=\"description\" style=\"max-height: 500px; overflow: hidden;\">\n<p>RICOH GR III Diary Edition Kit Sp\u00e9cial Limit\u00e9 : Un kit en \u00e9dition limit\u00e9e comprenant un appareil photo num\u00e9rique compact haut de gamme \u00e0 traitement sp\u00e9cial et des accessoires exclusifs Ce kit sp\u00e9cial est construit autour de l&rsquo;appareil photo num\u00e9rique compact haut de gamme RICOH GR III dot\u00e9 d&rsquo;une finition m\u00e9tallique gris taupe. Disponible en quantit\u00e9 limit\u00e9e de seulement 2 000 unit\u00e9s dans le monde, il comprend des accessoires exclusifs sp\u00e9cialement con\u00e7us, notamment : une dragonne en cuir v\u00e9ritable, de couleur identique \u00e0 celle du bo\u00eetier de l&rsquo;appareil photo ; une bague d&rsquo;objectif et un cache griffe m\u00e9tallique, tous deux finis dans une couleur argent\u00e9e naturelle ; et un \u00e9tui pour appareil photo en toile exclusive. Le corps de l&rsquo;appareil photo est trait\u00e9 avec une finition grise m\u00e9tallis\u00e9e exclusive ; l&rsquo;aspect m\u00e9tallique et la texture de la surface ont \u00e9t\u00e9 con\u00e7us pour am\u00e9liorer le sentiment de fiabilit\u00e9 et de qualit\u00e9, et \u00e9galement pour assurer une prise ferme du bo\u00eetier de l&rsquo;appareil photo. Cette finition donne \u00e9galement \u00e0 l&rsquo;appareil photo une apparence moins insistante sur son r\u00f4le d&rsquo;outil d&rsquo;imagerie, la couleur taupe l&rsquo;aidant \u00e0 se fondre plus facilement dans la vie quotidienne. Le caoutchouc de la poign\u00e9e a une finition marron fonc\u00e9, cr\u00e9ant un sentiment d&rsquo;unit\u00e9 avec le corps de l&rsquo;appareil photo. Lorsqu&rsquo;ils sont mont\u00e9s, la bague d&rsquo;objectif et le cache griffe m\u00e9tallique, tous deux finis en argent naturel, accentuent le corps de l&rsquo;appareil photo aux couleurs chaudes et renforcent le sens de la qualit\u00e9 et de l&rsquo;exclusivit\u00e9. La dragonne en cuir v\u00e9ritable, finie dans une couleur compl\u00e9mentaire \u00e0 la finition gris taupe de l&rsquo;appareil photo, est incluse en tant qu&rsquo;accessoire exclusif pour ce kit en \u00e9dition limit\u00e9e. Son design compact facilite le stockage et le transport. Son design bien con\u00e7u et ses coutures m\u00e9ticuleuses ont \u00e9t\u00e9 cr\u00e9\u00e9s avec la plus grande attention port\u00e9e \u00e0 chaque d\u00e9tail, renfor\u00e7ant encore une fois le sentiment d&rsquo;exclusivit\u00e9. L&rsquo;\u00e9tui, en toile \u00e9crue, est \u00e9galement inclu en tant qu&rsquo;accessoire exclusif. Il est livr\u00e9 avec une ceinture en cuir v\u00e9ritable identique \u00e0 la dragonne. Le mat\u00e9riau de la toile a \u00e9t\u00e9 s\u00e9lectionn\u00e9 car son apparence deviendra plus riche et plus attrayante au fil des ann\u00e9es d&rsquo;utilisation. Fonctions sp\u00e9ciales Contr\u00f4le de l&rsquo;image [Film n\u00e9gatif] &lsquo;Film n\u00e9gatif&rsquo; a \u00e9t\u00e9 ajout\u00e9 en tant que nouveau mode de contr\u00f4le d&rsquo;image. En ajustant les tons de couleur en fonction de divers films n\u00e9gatifs, l&rsquo;\u00e9quilibre parfait entre l&rsquo;aspect d\u00e9lav\u00e9 d&rsquo;une photo imprim\u00e9e \u00e0 partir d&rsquo;un film n\u00e9gatif et des couleurs bien d\u00e9finies a \u00e9t\u00e9 atteint. *Remarque : cette fonction sera disponible pour les mod\u00e8les des s\u00e9ries GR III et GR IIIx avec l&rsquo;installation du micrologiciel d&rsquo;extension de fonction Graphique sp\u00e9cial de mise hors tension L&rsquo;\u00e9cran final a \u00e9t\u00e9 sp\u00e9cialement con\u00e7u pour m\u00e9langer les textures \u00e0 base de tissu avec une impression de la peinture du corps de l&rsquo;appareil photo. Affichage des informations de mise hors tension En plus du nombre de clich\u00e9s pris dans la journ\u00e9e,le nombre total de prises de vue et la version du firmware peuvent maintenant \u00eatre affich\u00e9 (affichage classique du seul nombre de photos prises le jour est \u00e9galement disponible). Remarque : Cette fonction sera disponible pour les mod\u00e8les des s\u00e9ries GR III et GR IIIx avec l&rsquo;installation du micrologiciel d&rsquo;extension de fonction. Int\u00e9gration am\u00e9lior\u00e9e des t\u00e9l\u00e9phones intelligents La fonction de mise hors tension d&rsquo;ImageSync est maintenant disponible. Vous pouvez v\u00e9rifier et transf\u00e9rer des images alors que l&rsquo;appareil photo est dans votre sac, etc., et \u00e9teindre l&rsquo;appareil. Remarque : Cette fonction sera disponible pour les mod\u00e8les des s\u00e9ries GR III et GR IIIx avec l&rsquo;installation du micrologiciel d&rsquo;extension de fonction. Kit sp\u00e9cial limit\u00e9 Pour correspondre au design, le Diary Edition comprend un \u00e9tui sp\u00e9cial en toile, une dragonne en cuir v\u00e9ritable, ainsi qu&rsquo;un cache griffe en m\u00e9tal. Uniquement disponible dans le kit sp\u00e9cial limit\u00e9 en quantit\u00e9 limit\u00e9e. Un \u00e9tui en toile (GC-13) compos\u00e9 d&rsquo;un tissu de couleur brute et d&rsquo;une v\u00e9ritable ceinture en cuir, le m\u00eame cuir que la dragonne, est inclu en tant que accessoire exclusif pour le mod\u00e8le en \u00e9dition limit\u00e9e. Le tissu en toile est utilis\u00e9 comme mat\u00e9riau pour votre exp\u00e9rience afin que plus vous l&rsquo;utilisez longtemps, plus il grandira. La dragonne en cuir v\u00e9ritable (GS-4(AG)) correspond \u00e0 la couleur du bo\u00eetier de l&rsquo;appareil photo et est suffisamment petite pour \u00eatre transport\u00e9e. La forme et la couture ont \u00e9t\u00e9 minutieusement con\u00e7ues selon des normes de qualit\u00e9 \u00e9lev\u00e9es.Un cache griffe sp\u00e9cial en m\u00e9tal argent\u00e9 naturel (GK-1(NS)) disponible uniquement pour le Diary Edition.<\/p>\n<\/div>\n<p><bl-button a11yexpanded=\"false\" arialabel=\"Afficher toute la description\" class=\"read-more__btn\" full=\"false\" link=\"true\">Voir plus<\/bl-button><\/div>","protected":false},"excerpt":{"rendered":"<div class=\"keypoints\">\n<h3 class=\"keypoints__title\">Les points cl\u00e9s<\/h3>\n<ul role=\"list\">\n<li class=\"keypoints__item\" role=\"listitem\">                                        Ideal pour : D\u00e9butant                      <\/li>\n<li class=\"keypoints__item\" role=\"listitem\">                          Qualit\u00e9 photo : 24,2 m\u00e9gapixels &#8211;                                                      R\u00e9solution vid\u00e9o : Full HD                      <\/li>\n<li class=\"keypoints__item\" role=\"listitem\">                          Zoom optique : x2 &#8211;                                                      Ecran : tactile                      <\/li>\n<li class=\"keypoints__item\" role=\"listitem\">                                        Connectivit\u00e9 : Wi-Fi et Bluetooth                      <\/li>\n<li class=\"keypoints__item keypoints__item--advantage\" role=\"listitem\"><strong>Le + :<\/strong> Sa dragonne ainsi que son fini gris mat      <\/li>\n<\/ul>","protected":false},"featured_media":88355,"template":"","meta":{"_glsr_average":0,"_glsr_ranking":0,"_glsr_reviews":0},"product_cat":[479],"product_tag":[475,480,451],"class_list":{"0":"post-88356","1":"product","2":"type-product","3":"status-publish","4":"has-post-thumbnail","6":"product_cat-appareil-photo-compact","7":"product_tag-appareil-photo","8":"product_tag-appareil-photo-compact","9":"product_tag-tv-image-son","11":"first","12":"instock","13":"sale","14":"shipping-taxable","15":"purchasable","16":"product-type-simple"},"_links":{"self":[{"href":"https:\/\/electromenagerexpress.com\/en\/wp-json\/wp\/v2\/product\/88356","targetHints":{"allow":["GET"]}}],"collection":[{"href":"https:\/\/electromenagerexpress.com\/en\/wp-json\/wp\/v2\/product"}],"about":[{"href":"https:\/\/electromenagerexpress.com\/en\/wp-json\/wp\/v2\/types\/product"}],"wp:featuredmedia":[{"embeddable":true,"href":"https:\/\/electromenagerexpress.com\/en\/wp-json\/wp\/v2\/media\/88355"}],"wp:attachment":[{"href":"https:\/\/electromenagerexpress.com\/en\/wp-json\/wp\/v2\/media?parent=88356"}],"wp:term":[{"taxonomy":"product_cat","embeddable":true,"href":"https:\/\/electromenagerexpress.com\/en\/wp-json\/wp\/v2\/product_cat?post=88356"},{"taxonomy":"product_tag","embeddable":true,"href":"https:\/\/electromenagerexpress.com\/en\/wp-json\/wp\/v2\/product_tag?post=88356"}],"curies":[{"name":"wp","href":"https:\/\/api.w.org\/{rel}","templated":true}]}}