{"id":88339,"date":"2024-11-24T17:09:23","date_gmt":"2024-11-24T17:09:23","guid":{"rendered":"https:\/\/electromenagerexpress.com\/product\/appareil-photo-compactvtechkidizoom-touch-5-0-bleu\/"},"modified":"2024-11-24T17:09:27","modified_gmt":"2024-11-24T17:09:27","slug":"appareil-photo-compactvtechkidizoom-touch-5-0-bleu","status":"publish","type":"product","link":"https:\/\/electromenagerexpress.com\/en\/product\/appareil-photo-compactvtechkidizoom-touch-5-0-bleu\/","title":{"rendered":"Appareil photo Compact\t\t\t\t\t\t\tVTECH\t\t\t\tKidizoom Touch 5.0 Bleu"},"content":{"rendered":"<div class=\"product-features__content\">\n<ul role=\"list\">\n<li class=\"product-features__item\" role=\"listitem\">\n<h3 class=\"product-features__label\">Qualit\u00e9 photo et vid\u00e9o<\/h3>\n<ul role=\"list\">\n<li class=\"product-features__item-list__item\" role=\"listitem\"><span class=\"is--medium\">Type de capteur :<\/span> CMOS, offre des images d\u00e9taill\u00e9es et riches en couleurs, affiche une vitesse de lecture rapide.\t\t\t\t\t<\/li>\n<\/ul>\n<\/li>\n<li class=\"product-features__item\" role=\"listitem\">\n<h3 class=\"product-features__label\">Performances<\/h3>\n<ul role=\"list\">\n<li class=\"product-features__item-list__item\" role=\"listitem\"><span class=\"is--medium\">Ecran :<\/span> tactile\t\t\t\t\t<\/li>\n<\/ul>\n<\/li>\n<li class=\"product-features__item\" role=\"listitem\">\n<h3 class=\"product-features__label\">Dimensions<\/h3>\n<ul role=\"list\">\n<li class=\"product-features__item-list__item\" role=\"listitem\"><span class=\"is--medium\">Dimensions l x h x p :<\/span> 10 x 5 x 2 cm\t\t\t\t\t<\/li>\n<li class=\"product-features__item-list__item\" role=\"listitem\"><span class=\"is--medium\">Poids sans accessoires :<\/span> 200 g\t\t\t\t\t<\/li>\n<\/ul>\n<\/li>\n<li class=\"product-features__item\" role=\"listitem\">\n<h3 class=\"product-features__label\">Informations compl\u00e9mentaires<\/h3>\n<ul role=\"list\">\n<li class=\"product-features__item-list__item\" role=\"listitem\"><span class=\"is--medium\">Fabriqu\u00e9 en :<\/span> Chine\t\t\t\t\t<\/li>\n<li class=\"product-features__item-list__item\" role=\"listitem\"><span class=\"is--medium\">Garantie :<\/span> 2 ans\t\t\t\t\t<\/li>\n<li class=\"product-features__item-list__item\" role=\"listitem\"><span class=\"is--medium\">Disponibilit\u00e9 des pi\u00e8ces d\u00e9tach\u00e9es (donn\u00e9es fournisseur) :<\/span> Pas de pi\u00e8ce disponible\t\t\t\t\t<\/li>\n<li class=\"product-features__item-list__item\" role=\"listitem\"><span class=\"is--medium\">R\u00e9f\u00e9rence constructeur :<\/span> Kidizoom Touch 5.0 Bleu\t\t\t\t\t<\/li>\n<li class=\"product-features__item-list__item\" role=\"listitem\"><span class=\"is--medium\">Marque :<\/span> VTECH\t\t\t\t\t<\/li>\n<\/ul>\n<\/li>\n<\/ul>\n<\/div>\n<div class=\"product__disclosure-content\">\n<div class=\"js-read-more product-description__content read-more read-more--truncated\" data-read-more-name=\"description\" style=\"max-height: 500px; overflow: hidden;\">\n<p>Des selfies, des filtres amusants et des photos imprim\u00e9es instantan\u00e9ment, c&rsquo;est la promesse de Vtech et son appareil photo num\u00e9rique tactile KidiZoom Touch 5.0.<\/p>\n<h3><img fetchpriority=\"high\" decoding=\"async\" ,=\"\" alt=\"APN VTECH Kidizoom Touch 5.0 Bleu\" class=\"wy_tableau_gauche\" height=\"270\" src=\"https:\/\/boulanger.scene7.com\/is\/image\/Boulanger\/3417761635056_h_f_l_0?wid=400&amp;hei=270\" width=\"400\"\/>Le fun \u00e0 port\u00e9e de main<\/h3>\n<p>Dot\u00e9 d&rsquo;une <b>r\u00e9solution puissante de 5 millions de pixels sur la cam\u00e9ra avant et 2 millions sur la cam\u00e9ra selfie<\/b>, l&rsquo;appareil photo num\u00e9rique KidiZoom de Vtech offre \u00e0 votre enfant des <b>possibilit\u00e9s infinies pour capturer tous ses meilleurs moments<\/b>. Gr\u00e2ce \u00e0 un \u00e9cran tactile de 3,5 pouces, il laisse libre cours \u00e0 l&rsquo;imagination des juniors !<\/p>\n<p><b>R\u00e9volutionnaire et au service de la cr\u00e9ativit\u00e9, le KidiZoom<\/b> est l&rsquo;appareil id\u00e9al pour laisser libre cours \u00e0 la cr\u00e9ativit\u00e9 de votre enfant. Le fun est au rendez-vous gr\u00e2ce \u00e0 de nombreux effets sp\u00e9ciaux : <b>plus de 70 cadres, tampons et effets sp\u00e9ciaux<\/b> sont \u00e0 disposition, tandis qu&rsquo;une bague rotative applique des filtres color\u00e9s sur vos photos. Cet appareil sign\u00e9 VTech offre des possibilit\u00e9s infinies.<\/p>\n<h3><img decoding=\"async\" ,=\"\" alt=\"APN VTECH Kidizoom Touch 5.0 Bleu\" class=\"wy_tableau_right\" height=\"270\" src=\"https:\/\/boulanger.scene7.com\/is\/image\/Boulanger\/3417761635056_h_f_l_1?wid=400&amp;hei=270\" width=\"400\"\/>L&rsquo;excellence jour apr\u00e8s jour<\/h3>\n<p>Avec un <b>\u00e9cran couleur et une fonction baladeur MP3<\/b>, le KidiZoom Touch 5.0 de Vtech est l&rsquo;id\u00e9al pour tous les meilleurs moments de votre enfant. Une m\u00e9moire int\u00e9gr\u00e9e permet d&rsquo;enregistrer jusqu&rsquo;\u00e0 1000 photos ou encore 5 minutes de film. Le plus : <b>\u00e9tendez la m\u00e9moire de l&rsquo;appareil selon vos envies <\/b> gr\u00e2ce \u00e0 son emplacement micro SD.<\/p>\n<p>Connectez le KidiZoom Touch 5.0 de Vtech \u00e0 un ordinateur pour r\u00e9cup\u00e9rer les photos et vid\u00e9os stock\u00e9es gr\u00e2ce \u00e0 un c\u00e2ble USB inclus. Id\u00e9al pour les enfants d\u00e8s 5 ans, le KidiZoom de Vtech pr\u00e9sente un <b>design arrondi et des finitions robustes<\/b>, avec des couleurs vives et fun pour le plaisir de tous les enfants.<\/p>\n<\/p>\n<\/div>\n<p><bl-button a11yexpanded=\"false\" arialabel=\"Afficher toute la description\" class=\"read-more__btn\" full=\"false\" link=\"true\"><\/bl-button><\/div>","protected":false},"excerpt":{"rendered":"<div class=\"keypoints\">\n<h3 class=\"keypoints__title\">Les points cl\u00e9s<\/h3>\n<ul role=\"list\">\n<li class=\"keypoints__item\" role=\"listitem\">                                        Ideal pour : D\u00e9butant                      <\/li>\n<li class=\"keypoints__item\" role=\"listitem\">                                        R\u00e9solution vid\u00e9o : HD                      <\/li>\n<li class=\"keypoints__item\" role=\"listitem\">                                        Ecran : tactile                      <\/li>\n<li class=\"keypoints__item keypoints__item--advantage\" role=\"listitem\"><strong>Le + :<\/strong> Son double objectif permet de prendre des photos et vid\u00e9os      <\/li>\n<\/ul>","protected":false},"featured_media":88338,"template":"","meta":{"_glsr_average":0,"_glsr_ranking":0,"_glsr_reviews":0},"product_cat":[479],"product_tag":[475,480,451],"class_list":{"0":"post-88339","1":"product","2":"type-product","3":"status-publish","4":"has-post-thumbnail","6":"product_cat-appareil-photo-compact","7":"product_tag-appareil-photo","8":"product_tag-appareil-photo-compact","9":"product_tag-tv-image-son","11":"first","12":"instock","13":"sale","14":"shipping-taxable","15":"purchasable","16":"product-type-simple"},"_links":{"self":[{"href":"https:\/\/electromenagerexpress.com\/en\/wp-json\/wp\/v2\/product\/88339","targetHints":{"allow":["GET"]}}],"collection":[{"href":"https:\/\/electromenagerexpress.com\/en\/wp-json\/wp\/v2\/product"}],"about":[{"href":"https:\/\/electromenagerexpress.com\/en\/wp-json\/wp\/v2\/types\/product"}],"wp:featuredmedia":[{"embeddable":true,"href":"https:\/\/electromenagerexpress.com\/en\/wp-json\/wp\/v2\/media\/88338"}],"wp:attachment":[{"href":"https:\/\/electromenagerexpress.com\/en\/wp-json\/wp\/v2\/media?parent=88339"}],"wp:term":[{"taxonomy":"product_cat","embeddable":true,"href":"https:\/\/electromenagerexpress.com\/en\/wp-json\/wp\/v2\/product_cat?post=88339"},{"taxonomy":"product_tag","embeddable":true,"href":"https:\/\/electromenagerexpress.com\/en\/wp-json\/wp\/v2\/product_tag?post=88339"}],"curies":[{"name":"wp","href":"https:\/\/api.w.org\/{rel}","templated":true}]}}