{"id":88285,"date":"2024-11-24T17:08:27","date_gmt":"2024-11-24T17:08:27","guid":{"rendered":"https:\/\/electromenagerexpress.com\/product\/appareil-photo-compactpanasonicdmc-tz57-noir-reconditionne\/"},"modified":"2024-11-24T17:08:31","modified_gmt":"2024-11-24T17:08:31","slug":"appareil-photo-compactpanasonicdmc-tz57-noir-reconditionne","status":"publish","type":"product","link":"https:\/\/electromenagerexpress.com\/en\/product\/appareil-photo-compactpanasonicdmc-tz57-noir-reconditionne\/","title":{"rendered":"Appareil photo Compact\t\t\t\t\t\t\tPANASONIC\t\t\t\tDMC-TZ57 Noir Reconditionn\u00e9"},"content":{"rendered":"<div class=\"product-features__content\">\n<ul role=\"list\">\n<li class=\"product-features__item\" role=\"listitem\">\n<h3 class=\"product-features__label\">Performances<\/h3>\n<ul role=\"list\">\n<li class=\"product-features__item-list__item\" role=\"listitem\"><span class=\"is--medium\">Ecran :<\/span> orientable\t\t\t\t\t<\/li>\n<\/ul>\n<\/li>\n<li class=\"product-features__item\" role=\"listitem\">\n<h3 class=\"product-features__label\">Dimensions<\/h3>\n<ul role=\"list\">\n<li class=\"product-features__item-list__item\" role=\"listitem\"><span class=\"is--medium\">Dimensions l x h x p :<\/span> NC x 5.99 x 3.21 cm\t\t\t\t\t<\/li>\n<\/ul>\n<\/li>\n<li class=\"product-features__item\" role=\"listitem\">\n<h3 class=\"product-features__label\">Informations compl\u00e9mentaires<\/h3>\n<ul role=\"list\">\n<li class=\"product-features__item-list__item\" role=\"listitem\"><span class=\"is--medium\">R\u00e9f\u00e9rence constructeur :<\/span> DMC-TZ57 Noir\t\t\t\t\t<\/li>\n<li class=\"product-features__item-list__item\" role=\"listitem\"><span class=\"is--medium\">Marque :<\/span> PANASONIC\t\t\t\t\t<\/li>\n<\/ul>\n<\/li>\n<\/ul>\n<\/div>\n<div class=\"product__disclosure-content\">\n<div class=\"js-read-more product-description__content read-more read-more--truncated\" data-read-more-name=\"description\" style=\"max-height: 500px; overflow: hidden;\">\n<p>Immortalisez tous les instants importants avec cet appareil photo num\u00e9rique compact de Panasonic. Ce Lumix DMC &#8211; TZ57 vous offre un capteur MOS de 16 m\u00e9gapixels, un zoom performant, un \u00e9cran orientable pratique, diff\u00e9rents modes cr\u00e9atifs, des enregistrements Full HD et le Wi-Fi int\u00e9gr\u00e9 pour un partage imm\u00e9diat de vos cr\u00e9ations. <\/p>\n<h3>Des clich\u00e9s toujours r\u00e9ussis<\/h3>\n<p><\/p>\n<p class=\"wy_tableau_gauche\"><img decoding=\"async\" height=\"150\" src=\"https:\/\/boulanger.scene7.com\/is\/image\/Boulanger\/5025232819195_h_f_l_0?wid=150&amp;hei=150\" width=\"150\"\/><\/p>\n<p>R\u00e9alisez de superbes clich\u00e9s avec cet appareil Panasonic Lumix compact et pratique. Il embarque un <b>capteur MOS de 16 m\u00e9gapixels<\/b> \u00e0 haute sensibilit\u00e9 pour vous permettre de faire des photos haute d\u00e9finition aux d\u00e9tails \u00e9poustouflants. Son zoom optique 20 x permet de r\u00e9aliser de jolis piqu\u00e9s pour mettre en valeur certains \u00e9l\u00e9ments du d\u00e9cor ou pour faire de jolis portraits par exemple. <\/p>\n<p>Cet appareil photo num\u00e9rique compact vous offre diff\u00e9rents modes pour pouvoir adapter les r\u00e9glages automatiquement en fonction de votre sujet. Vous trouverez ainsi un mode portrait, peau douce, nourriture, animal ou encore coucher de soleil. Le <b>mode Intelligent Auto<\/b> vous permettra d&rsquo;avoir toujours les r\u00e9glages adapt\u00e9s en fonction de la luminosit\u00e9 et de votre placement. <\/p>\n<h3>Des enregistrements Full HD et un \u00e9cran orientable<\/h3>\n<p><\/p>\n<p class=\"wy_tableau_right\"><img decoding=\"async\" height=\"150\" src=\"https:\/\/boulanger.scene7.com\/is\/image\/Boulanger\/5025232819195_h_b_l_0?wid=150&amp;hei=150\" width=\"150\"\/><\/p>\n<p>Cet appareil photo num\u00e9rique compact vous propose de faire des enregistrements Full HD pour le plus grand plaisir de vos yeux. La r\u00e9solution de <b>1 920 x 1 080 pixels<\/b> permet de profiter pleinement de vos vid\u00e9os, fluides et nettes. Compact, cet appareil ne p\u00e8se que 249 g et se glissera donc facilement dans une poche ou un sac. <\/p>\n<p>Avec son <b>\u00e9cran orientable \u00e0 180 \u00b0<\/b>, cet appareil vous permet de faire facilement des selfies, seul ou \u00e0 plusieurs. Avec le Wi-Fi int\u00e9gr\u00e9, vous vous connecterez facilement au r\u00e9seau local chez vous pour partager imm\u00e9diatement vos photos avec vos amis. Simple \u00e0 prendre en main, cet appareil deviendra votre compagnon de route. <\/p>\n<\/p>\n<\/div>\n<p><bl-button a11yexpanded=\"false\" arialabel=\"Afficher toute la description\" class=\"read-more__btn\" full=\"false\" link=\"true\"><\/bl-button><\/div>","protected":false},"excerpt":{"rendered":"<div class=\"keypoints\">\n<h3 class=\"keypoints__title\">Les points cl\u00e9s<\/h3>\n<ul role=\"list\">\n<li class=\"keypoints__item\" role=\"listitem\">                                        Ideal pour : D\u00e9butant                      <\/li>\n<li class=\"keypoints__item\" role=\"listitem\">                                        R\u00e9solution vid\u00e9o : Full HD                      <\/li>\n<li class=\"keypoints__item\" role=\"listitem\">                          Zoom optique : x20 &#8211;                                                      Ecran : orientable                      <\/li>\n<li class=\"keypoints__item keypoints__item--advantage\" role=\"listitem\"><strong>Le + :<\/strong> Mode autoportrait      <\/li>\n<\/ul>","protected":false},"featured_media":88284,"template":"","meta":{"_glsr_average":0,"_glsr_ranking":0,"_glsr_reviews":0},"product_cat":[479],"product_tag":[475,480,451],"class_list":{"0":"post-88285","1":"product","2":"type-product","3":"status-publish","4":"has-post-thumbnail","6":"product_cat-appareil-photo-compact","7":"product_tag-appareil-photo","8":"product_tag-appareil-photo-compact","9":"product_tag-tv-image-son","11":"first","12":"instock","13":"sale","14":"shipping-taxable","15":"purchasable","16":"product-type-simple"},"_links":{"self":[{"href":"https:\/\/electromenagerexpress.com\/en\/wp-json\/wp\/v2\/product\/88285","targetHints":{"allow":["GET"]}}],"collection":[{"href":"https:\/\/electromenagerexpress.com\/en\/wp-json\/wp\/v2\/product"}],"about":[{"href":"https:\/\/electromenagerexpress.com\/en\/wp-json\/wp\/v2\/types\/product"}],"wp:featuredmedia":[{"embeddable":true,"href":"https:\/\/electromenagerexpress.com\/en\/wp-json\/wp\/v2\/media\/88284"}],"wp:attachment":[{"href":"https:\/\/electromenagerexpress.com\/en\/wp-json\/wp\/v2\/media?parent=88285"}],"wp:term":[{"taxonomy":"product_cat","embeddable":true,"href":"https:\/\/electromenagerexpress.com\/en\/wp-json\/wp\/v2\/product_cat?post=88285"},{"taxonomy":"product_tag","embeddable":true,"href":"https:\/\/electromenagerexpress.com\/en\/wp-json\/wp\/v2\/product_tag?post=88285"}],"curies":[{"name":"wp","href":"https:\/\/api.w.org\/{rel}","templated":true}]}}