{"id":88155,"date":"2024-11-24T17:06:19","date_gmt":"2024-11-24T17:06:19","guid":{"rendered":"https:\/\/electromenagerexpress.com\/product\/appareil-photo-compactcanonpowershot-sx740-hs-noir\/"},"modified":"2024-11-24T17:06:30","modified_gmt":"2024-11-24T17:06:30","slug":"appareil-photo-compactcanonpowershot-sx740-hs-noir","status":"publish","type":"product","link":"https:\/\/electromenagerexpress.com\/en\/product\/appareil-photo-compactcanonpowershot-sx740-hs-noir\/","title":{"rendered":"Appareil photo Compact\t\t\t\t\t\t\tCANON\t\t\t\tPowerShot SX740 HS Noir"},"content":{"rendered":"<div class=\"product-features__content\">\n<ul role=\"list\">\n<li class=\"product-features__item\" role=\"listitem\">\n<h3 class=\"product-features__label\">Performances<\/h3>\n<ul role=\"list\">\n<li class=\"product-features__item-list__item\" role=\"listitem\"><span class=\"is--medium\">Ecran :<\/span> orientable, inclinable\t\t\t\t\t<\/li>\n<\/ul>\n<\/li>\n<li class=\"product-features__item\" role=\"listitem\">\n<h3 class=\"product-features__label\">Dimensions<\/h3>\n<ul role=\"list\">\n<li class=\"product-features__item-list__item\" role=\"listitem\"><span class=\"is--medium\">Dimensions l x h x p :<\/span> 6.3 x 11 x 3.9 cm\t\t\t\t\t<\/li>\n<li class=\"product-features__item-list__item\" role=\"listitem\"><span class=\"is--medium\">Poids sans accessoires :<\/span> 299 g\t\t\t\t\t<\/li>\n<\/ul>\n<\/li>\n<li class=\"product-features__item\" role=\"listitem\">\n<h3 class=\"product-features__label\">Informations compl\u00e9mentaires<\/h3>\n<ul role=\"list\">\n<li class=\"product-features__item-list__item\" role=\"listitem\"><span class=\"is--medium\">Garantie :<\/span> 2 ans\t\t\t\t\t<\/li>\n<li class=\"product-features__item-list__item\" role=\"listitem\"><span class=\"is--medium\">Disponibilit\u00e9 des pi\u00e8ces d\u00e9tach\u00e9es (donn\u00e9es fournisseur) :<\/span> Pas de pi\u00e8ce disponible\t\t\t\t\t<\/li>\n<li class=\"product-features__item-list__item\" role=\"listitem\"><span class=\"is--medium\">R\u00e9f\u00e9rence constructeur :<\/span> PowerShot SX740 HS Noir\t\t\t\t\t<\/li>\n<li class=\"product-features__item-list__item\" role=\"listitem\"><span class=\"is--medium\">Marque :<\/span> CANON\t\t\t\t\t<\/li>\n<\/ul>\n<\/li>\n<\/ul>\n<\/div>\n<div class=\"product__disclosure-content\">\n<div class=\"js-read-more product-description__content read-more read-more--truncated\" data-read-more-name=\"description\" style=\"max-height: 500px; overflow: hidden;\">\n<p>Connect\u00e9, l&rsquo;appareil photo num\u00e9rique CANON PowerShot SX740 HS Noir est capable d&rsquo;enregistrer des vid\u00e9os en 4K ou de capturer des clich\u00e9s d&rsquo;une r\u00e9solution de 20,3 millions de pixels. Simple \u00e0 utiliser, il est muni d&rsquo;un \u00e9cran LCD orientable pour visualiser vos photos ou s\u00e9lectionner les diff\u00e9rentes options mises \u00e0 votre disposition.<\/p>\n<h3>Des clich\u00e9s et des vid\u00e9os de qualit\u00e9<img fetchpriority=\"high\" decoding=\"async\" alt=\"APN CANON PowerShot SX740 HS Noir\" class=\"wy_tableau_gauche\" height=\"270\" src=\"https:\/\/boulanger.scene7.com\/is\/image\/Boulanger\/4549292118988_h_f_l_0?wid=400&amp;hei=270\" width=\"400\"\/><\/h3>\n<p>L&rsquo;appareil photo num\u00e9rique CANON PowerShot SX740 HS Noir est \u00e9quip\u00e9 d&rsquo;un <b>capteur \u00e0 haute sensibilit\u00e9 CMOS de 20,3 millions de pixels<\/b> et d&rsquo;un objectif dont la distance focale est de 4,3 \u00e0 172 mm. Dot\u00e9 de plusieurs zooms dont un zoom optique de 40x et un zoom combin\u00e9 d&rsquo;environ 160x, il est capable de relever tous les d\u00e9fis. Il prend des clich\u00e9s de loin comme de pr\u00e8s qui retranscrivent de mani\u00e8re authentique le moment v\u00e9cu.<\/p>\n<p>Avec lui, vous pouvez enregistrer <b>des vid\u00e9os en 4K<\/b> et profiter d&rsquo;une image stabilis\u00e9e sur 5 axes diff\u00e9rents. Ce mod\u00e8le est un v\u00e9ritable alli\u00e9, en photo comme en vid\u00e9o !<\/p>\n<h3>Un appareil connect\u00e9 simple \u00e0 utiliser<img decoding=\"async\" alt=\"APN CANON PowerShot SX740 HS Noir\" class=\"wy_tableau_right\" height=\"270\" src=\"https:\/\/boulanger.scene7.com\/is\/image\/Boulanger\/4549292118988_h_f_l_1?wid=400&amp;hei=270\" width=\"400\"\/><\/h3>\n<p>Int\u00e9grant un processeur puissant et un <b>\u00e9cran LCD orientable sur un axe de 180\u00b0<\/b>, l&rsquo;appareil photo num\u00e9rique CANON PowerShot SX740 HS Noir est facile \u00e0 utiliser. Vous pourrez sans difficult\u00e9 s\u00e9lectionner la balance des blancs qui vous convient et le mode de flash ou de prise de vue appropri\u00e9, par exemple.<\/p>\n<p>Ce <b>mod\u00e8le connect\u00e9<\/b> est compatible avec le Wi-Fi ainsi que le Bluetooth. Vous pouvez donc transmettre des photos ais\u00e9ment de votre appareil photo \u00e0 votre ordinateur, \u00e0 votre smartphone ou bien \u00e0 une imprimante.<\/p>\n<\/p>\n<\/div>\n<p><bl-button a11yexpanded=\"false\" arialabel=\"Afficher toute la description\" class=\"read-more__btn\" full=\"false\" link=\"true\"><\/bl-button><\/div>","protected":false},"excerpt":{"rendered":"<div class=\"keypoints\">\n<h3 class=\"keypoints__title\">Les points cl\u00e9s<\/h3>\n<ul role=\"list\">\n<li class=\"keypoints__item\" role=\"listitem\">                                        Ideal pour : D\u00e9butant                      <\/li>\n<li class=\"keypoints__item\" role=\"listitem\">                                        R\u00e9solution vid\u00e9o : 4K (UltraHD)                      <\/li>\n<li class=\"keypoints__item\" role=\"listitem\">                          Zoom optique : x40 &#8211;                                                      Ecran : orientable, inclinable                      <\/li>\n<\/ul>","protected":false},"featured_media":88154,"template":"","meta":{"_glsr_average":0,"_glsr_ranking":0,"_glsr_reviews":0},"product_cat":[479],"product_tag":[475,480,451],"class_list":{"0":"post-88155","1":"product","2":"type-product","3":"status-publish","4":"has-post-thumbnail","6":"product_cat-appareil-photo-compact","7":"product_tag-appareil-photo","8":"product_tag-appareil-photo-compact","9":"product_tag-tv-image-son","11":"first","12":"instock","13":"sale","14":"shipping-taxable","15":"purchasable","16":"product-type-simple"},"_links":{"self":[{"href":"https:\/\/electromenagerexpress.com\/en\/wp-json\/wp\/v2\/product\/88155","targetHints":{"allow":["GET"]}}],"collection":[{"href":"https:\/\/electromenagerexpress.com\/en\/wp-json\/wp\/v2\/product"}],"about":[{"href":"https:\/\/electromenagerexpress.com\/en\/wp-json\/wp\/v2\/types\/product"}],"wp:featuredmedia":[{"embeddable":true,"href":"https:\/\/electromenagerexpress.com\/en\/wp-json\/wp\/v2\/media\/88154"}],"wp:attachment":[{"href":"https:\/\/electromenagerexpress.com\/en\/wp-json\/wp\/v2\/media?parent=88155"}],"wp:term":[{"taxonomy":"product_cat","embeddable":true,"href":"https:\/\/electromenagerexpress.com\/en\/wp-json\/wp\/v2\/product_cat?post=88155"},{"taxonomy":"product_tag","embeddable":true,"href":"https:\/\/electromenagerexpress.com\/en\/wp-json\/wp\/v2\/product_tag?post=88155"}],"curies":[{"name":"wp","href":"https:\/\/api.w.org\/{rel}","templated":true}]}}