{"id":88134,"date":"2024-11-24T17:05:58","date_gmt":"2024-11-24T17:05:58","guid":{"rendered":"https:\/\/electromenagerexpress.com\/product\/appareil-photo-bridgesonydsc-hx400v-reconditionne\/"},"modified":"2024-11-24T17:06:09","modified_gmt":"2024-11-24T17:06:09","slug":"appareil-photo-bridgesonydsc-hx400v-reconditionne","status":"publish","type":"product","link":"https:\/\/electromenagerexpress.com\/en\/product\/appareil-photo-bridgesonydsc-hx400v-reconditionne\/","title":{"rendered":"Appareil photo Bridge\t\t\t\t\t\t\tSONY\t\t\t\tDSC-HX400V Reconditionn\u00e9"},"content":{"rendered":"<div class=\"product-features__content\">\n<ul role=\"list\">\n<li class=\"product-features__item\" role=\"listitem\">\n<h3 class=\"product-features__label\">Performances<\/h3>\n<ul role=\"list\">\n<li class=\"product-features__item-list__item\" role=\"listitem\"><span class=\"is--medium\">Ecran :<\/span> orientable\t\t\t\t\t<\/li>\n<\/ul>\n<\/li>\n<li class=\"product-features__item\" role=\"listitem\">\n<h3 class=\"product-features__label\">Dimensions<\/h3>\n<ul role=\"list\">\n<li class=\"product-features__item-list__item\" role=\"listitem\"><span class=\"is--medium\">Dimensions l x h x p :<\/span> NC x 9.32 x 10.32 cm\t\t\t\t\t<\/li>\n<\/ul>\n<\/li>\n<li class=\"product-features__item\" role=\"listitem\">\n<h3 class=\"product-features__label\">Informations compl\u00e9mentaires<\/h3>\n<ul role=\"list\">\n<li class=\"product-features__item-list__item\" role=\"listitem\"><span class=\"is--medium\">Fabriqu\u00e9 en :<\/span> Chine\t\t\t\t\t<\/li>\n<li class=\"product-features__item-list__item\" role=\"listitem\"><span class=\"is--medium\">R\u00e9f\u00e9rence constructeur :<\/span> DSC-HX400V\t\t\t\t\t<\/li>\n<li class=\"product-features__item-list__item\" role=\"listitem\"><span class=\"is--medium\">Marque :<\/span> SONY\t\t\t\t\t<\/li>\n<\/ul>\n<\/li>\n<\/ul>\n<\/div>\n<div class=\"product__disclosure-content\">\n<div class=\"js-read-more product-description__content\" data-read-more-name=\"description\" style=\"max-height: 500px; overflow: hidden;\">\n<p>Le Sony DSC-HX400V est un appareil photo num\u00e9rique Bridge \u00e9quip\u00e9 d&rsquo;un zoom ultra-puissant 50x. Il permet des prises de vues de qualit\u00e9 exceptionnelle, quelle que soit la distance au sujet.<\/p>\n<h3>Puissance et pr\u00e9cision<\/h3>\n<p><\/p>\n<p class=\"wy_tableau_gauche\"><img decoding=\"async\" 150\"=\"\" height=\"150\" src=\"https:\/\/boulanger.scene7.com\/is\/image\/Boulanger\/4905524981469_p1\" width=\"150&amp;height=150\"\/><\/p>\n<p>Avec sa molette de s\u00e9lection des modes et son grand \u00e9cran LCD lumineux de 7,5 cm, il facilite vos r\u00e9glages et vous donne plus de confort pour visionner les r\u00e9sultats. Il dispose aussi d&rsquo;une viseur \u00e9lectronique qui couvre tout le cadre. Vous pourrez laisser libre cours \u00e0 votre imagination cr\u00e9ative en utilisant les nombreux filtres et effets qui sont propos\u00e9s, sans jamais avoir besoin de logiciel de retouche.<\/p>\n<p>Cet appareil photo num\u00e9rique dispose \u00e9galement d&rsquo;une <b>connexion WIFI et d&rsquo;une autre NFC<\/b>. Cela permet le partage imm\u00e9diat de vos photos sur tous vos appareils, en 4K sur un t\u00e9l\u00e9viseur \u00e9quip\u00e9. Il vous sera \u00e9galement possible d&rsquo;utiliser votre smartphone comme une t\u00e9l\u00e9commande, autant pour visionner que pour prendre des photos.<\/p>\n<\/p>\n<\/div>\n<\/div>","protected":false},"excerpt":{"rendered":"<div class=\"keypoints\">\n<h3 class=\"keypoints__title\">Les points cl\u00e9s<\/h3>\n<ul role=\"list\">\n<li class=\"keypoints__item\" role=\"listitem\">                                        R\u00e9solution vid\u00e9o : Full HD                      <\/li>\n<li class=\"keypoints__item\" role=\"listitem\">                          Zoom optique : x50 &#8211;                                                      Ecran : orientable                      <\/li>\n<li class=\"keypoints__item keypoints__item--advantage\" role=\"listitem\"><strong>Le + :<\/strong> Compatible tous smartphones      <\/li>\n<\/ul>","protected":false},"featured_media":88133,"template":"","meta":{"_glsr_average":0,"_glsr_ranking":0,"_glsr_reviews":0},"product_cat":[481],"product_tag":[475,482,451],"class_list":{"0":"post-88134","1":"product","2":"type-product","3":"status-publish","4":"has-post-thumbnail","6":"product_cat-appareil-photo-bridge","7":"product_tag-appareil-photo","8":"product_tag-appareil-photo-bridge","9":"product_tag-tv-image-son","11":"first","12":"instock","13":"sale","14":"shipping-taxable","15":"purchasable","16":"product-type-simple"},"_links":{"self":[{"href":"https:\/\/electromenagerexpress.com\/en\/wp-json\/wp\/v2\/product\/88134","targetHints":{"allow":["GET"]}}],"collection":[{"href":"https:\/\/electromenagerexpress.com\/en\/wp-json\/wp\/v2\/product"}],"about":[{"href":"https:\/\/electromenagerexpress.com\/en\/wp-json\/wp\/v2\/types\/product"}],"wp:featuredmedia":[{"embeddable":true,"href":"https:\/\/electromenagerexpress.com\/en\/wp-json\/wp\/v2\/media\/88133"}],"wp:attachment":[{"href":"https:\/\/electromenagerexpress.com\/en\/wp-json\/wp\/v2\/media?parent=88134"}],"wp:term":[{"taxonomy":"product_cat","embeddable":true,"href":"https:\/\/electromenagerexpress.com\/en\/wp-json\/wp\/v2\/product_cat?post=88134"},{"taxonomy":"product_tag","embeddable":true,"href":"https:\/\/electromenagerexpress.com\/en\/wp-json\/wp\/v2\/product_tag?post=88134"}],"curies":[{"name":"wp","href":"https:\/\/api.w.org\/{rel}","templated":true}]}}