{"id":88122,"date":"2024-11-24T17:05:46","date_gmt":"2024-11-24T17:05:46","guid":{"rendered":"https:\/\/electromenagerexpress.com\/product\/appareil-photo-bridgenikonp530-noir-reconditionne\/"},"modified":"2024-11-24T17:05:56","modified_gmt":"2024-11-24T17:05:56","slug":"appareil-photo-bridgenikonp530-noir-reconditionne","status":"publish","type":"product","link":"https:\/\/electromenagerexpress.com\/en\/product\/appareil-photo-bridgenikonp530-noir-reconditionne\/","title":{"rendered":"Appareil photo Bridge\t\t\t\t\t\t\tNIKON\t\t\t\tP530 noir Reconditionn\u00e9"},"content":{"rendered":"<div class=\"product-features__content\">\n<ul role=\"list\">\n<li class=\"product-features__item\" role=\"listitem\">\n<h3 class=\"product-features__label\">Dimensions<\/h3>\n<ul role=\"list\">\n<li class=\"product-features__item-list__item\" role=\"listitem\"><span class=\"is--medium\">Dimensions l x h x p :<\/span> NC x 8.41 x 9.82 cm\t\t\t\t\t<\/li>\n<\/ul>\n<\/li>\n<li class=\"product-features__item\" role=\"listitem\">\n<h3 class=\"product-features__label\">Informations compl\u00e9mentaires<\/h3>\n<ul role=\"list\">\n<li class=\"product-features__item-list__item\" role=\"listitem\"><span class=\"is--medium\">R\u00e9f\u00e9rence constructeur :<\/span> P530 noir\t\t\t\t\t<\/li>\n<li class=\"product-features__item-list__item\" role=\"listitem\"><span class=\"is--medium\">Marque :<\/span> NIKON\t\t\t\t\t<\/li>\n<\/ul>\n<\/li>\n<\/ul>\n<\/div>\n<div class=\"product__disclosure-content\">\n<div class=\"js-read-more product-description__content read-more read-more--truncated\" data-read-more-name=\"description\" style=\"max-height: 500px; overflow: hidden;\">\n<p>Nikon offre la possibilit\u00e9 de r\u00e9aliser des photos plus sophistiqu\u00e9es et plus personnelles avec ce mod\u00e8le d&rsquo;appareil photo bridge. Travailler les prises de vue sans pour autant se lancer dans des r\u00e9glages trop compliqu\u00e9s et obtenir des images de grande qualit\u00e9, c&rsquo;est r\u00e9alisable avec le Nikon P530 noir.<\/p>\n<p><\/p>\n<h3 style=\"clear:both;\">Facilit\u00e9 d&rsquo;utilisation et pr\u00e9cision de l&rsquo;image<\/h3>\n<p><\/p>\n<p>Avec le Nikon P530 noir, il est facile d&rsquo;obtenir des images de grande qualit\u00e9 sans avoir \u00e0 pratiquer la photographie comme un professionnel. Le bridge offre des options de r\u00e9glages pr\u00e9d\u00e9finis qui optimisent les prises de vue. Ce mod\u00e8le d&rsquo;appareil photo poss\u00e8de en particulier le <b>mode observation des oiseaux ou de la lune<\/b>. Ainsi les passionn\u00e9s seront ravis de pouvoir r\u00e9aliser des images nettes et de haute qualit\u00e9 sans avoir \u00e0 suivre une formation pouss\u00e9e. Le mode macro favorise des images de pr\u00e9cision pour la flore ou pour les objets. Le Nikon P530 a une <b>r\u00e9solution de 16,7 m\u00e9gapixels<\/b>  et restitue des images proches de la r\u00e9alit\u00e9.<\/p>\n<p><\/p>\n<h3 style=\"clear:both;\">La diversit\u00e9 des formats<\/h3>\n<p><\/p>\n<p>Non seulement le Nikon P530 est capable de proposer des images photographiques de qualit\u00e9 mais il est, de plus, capable de r\u00e9aliser des fichiers vid\u00e9o ! Plus besoin de multiplier les appareils pour prendre des photos ou des vid\u00e9os. Le Nikon P530 fait les deux. L&rsquo;enregistrement vid\u00e9o a une r\u00e9solution de 1920x1080p et enregistre des <b>images en Full HD<\/b>. Les films r\u00e9alis\u00e9s sur l&rsquo;appareil seront d&rsquo;une qualit\u00e9 tr\u00e8s pouss\u00e9e et digne d&rsquo;appareils professionnels. Les fichiers sont transform\u00e9s en format MOV ou en format Iframe. Il est alors possible d&rsquo;exploiter les fichiers vid\u00e9os afin de les poster sur Internet ou de les int\u00e9grer sur un site ou un blog de mani\u00e8re rapide et simple.<\/p>\n<\/p>\n<\/div>\n<p><bl-button a11yexpanded=\"false\" arialabel=\"Afficher toute la description\" class=\"read-more__btn\" full=\"false\" link=\"true\"><\/bl-button><\/div>","protected":false},"excerpt":{"rendered":"<div class=\"keypoints\">\n<h3 class=\"keypoints__title\">Les points cl\u00e9s<\/h3>\n<ul role=\"list\">\n<li class=\"keypoints__item\" role=\"listitem\">                                        R\u00e9solution vid\u00e9o : Full HD                      <\/li>\n<li class=\"keypoints__item\" role=\"listitem\">                                        Zoom optique : x42                      <\/li>\n<\/ul>","protected":false},"featured_media":88121,"template":"","meta":{"_glsr_average":0,"_glsr_ranking":0,"_glsr_reviews":0},"product_cat":[481],"product_tag":[475,482,451],"class_list":{"0":"post-88122","1":"product","2":"type-product","3":"status-publish","4":"has-post-thumbnail","6":"product_cat-appareil-photo-bridge","7":"product_tag-appareil-photo","8":"product_tag-appareil-photo-bridge","9":"product_tag-tv-image-son","11":"first","12":"instock","13":"sale","14":"shipping-taxable","15":"purchasable","16":"product-type-simple"},"_links":{"self":[{"href":"https:\/\/electromenagerexpress.com\/en\/wp-json\/wp\/v2\/product\/88122","targetHints":{"allow":["GET"]}}],"collection":[{"href":"https:\/\/electromenagerexpress.com\/en\/wp-json\/wp\/v2\/product"}],"about":[{"href":"https:\/\/electromenagerexpress.com\/en\/wp-json\/wp\/v2\/types\/product"}],"wp:featuredmedia":[{"embeddable":true,"href":"https:\/\/electromenagerexpress.com\/en\/wp-json\/wp\/v2\/media\/88121"}],"wp:attachment":[{"href":"https:\/\/electromenagerexpress.com\/en\/wp-json\/wp\/v2\/media?parent=88122"}],"wp:term":[{"taxonomy":"product_cat","embeddable":true,"href":"https:\/\/electromenagerexpress.com\/en\/wp-json\/wp\/v2\/product_cat?post=88122"},{"taxonomy":"product_tag","embeddable":true,"href":"https:\/\/electromenagerexpress.com\/en\/wp-json\/wp\/v2\/product_tag?post=88122"}],"curies":[{"name":"wp","href":"https:\/\/api.w.org\/{rel}","templated":true}]}}