{"id":88051,"date":"2024-11-24T17:04:35","date_gmt":"2024-11-24T17:04:35","guid":{"rendered":"https:\/\/electromenagerexpress.com\/product\/appareil-photo-reflexnikond3000-18-55-vr-reconditionne\/"},"modified":"2024-11-24T17:04:41","modified_gmt":"2024-11-24T17:04:41","slug":"appareil-photo-reflexnikond3000-18-55-vr-reconditionne","status":"publish","type":"product","link":"https:\/\/electromenagerexpress.com\/en\/product\/appareil-photo-reflexnikond3000-18-55-vr-reconditionne\/","title":{"rendered":"Appareil photo Reflex\t\t\t\t\t\t\tNIKON\t\t\t\tD3000 + 18-55 vr Reconditionn\u00e9"},"content":{"rendered":"<div class=\"product-features__content\">\n<ul role=\"list\">\n<li class=\"product-features__item\" role=\"listitem\">\n<h3 class=\"product-features__label\">Qualit\u00e9 photo et vid\u00e9o<\/h3>\n<ul role=\"list\">\n<li class=\"product-features__item-list__item\" role=\"listitem\"><span class=\"is--medium\">R\u00e9solution (en m\u00e9gapixels) :<\/span> 10,2 Mpx\t\t\t\t\t<\/li>\n<li class=\"product-features__item-list__item\" role=\"listitem\"><span class=\"is--medium\">Comprendre la r\u00e9solution :<\/span> Plus ce chiffre sera \u00e9lev\u00e9, plus il sera possible d&rsquo;imprimer vos images en grand format comme des posters, ou encore effectuer des recadrages de qualit\u00e9 sur des logiciels de retouche photo.\t\t\t\t\t<\/li>\n<\/ul>\n<\/li>\n<li class=\"product-features__item\" role=\"listitem\">\n<h3 class=\"product-features__label\">Objectif<\/h3>\n<ul role=\"list\">\n<li class=\"product-features__item-list__item\" role=\"listitem\"><span class=\"is--medium\">Vitesse d&rsquo;obturation :<\/span> 1\/4000 \u00e0 30 s\t\t\t\t\t<\/li>\n<li class=\"product-features__item-list__item\" role=\"listitem\"><span class=\"is--medium\">Comprendre la vitesse d&rsquo;obturation :<\/span> La vitesse d&rsquo;obturation, est le temps pendant lequel l&rsquo;obturateur s&rsquo;ouvre au d\u00e9clenchement. Si la vitesse est r\u00e9gl\u00e9e sur une valeur rapide, (jusqu&rsquo;\u00e0 1\/8000 sec) l&rsquo;image sera nette, au contraire si la vitesse est r\u00e9gl\u00e9e sur une valeur lente (jusqu&rsquo;\u00e0 30 sec) l&rsquo;image aura un effet artistique.\t\t\t\t\t<\/li>\n<\/ul>\n<\/li>\n<li class=\"product-features__item\" role=\"listitem\">\n<h3 class=\"product-features__label\">Informations compl\u00e9mentaires<\/h3>\n<ul role=\"list\">\n<li class=\"product-features__item-list__item\" role=\"listitem\"><span class=\"is--medium\">R\u00e9f\u00e9rence constructeur :<\/span> D3000 + 18-55 vr\t\t\t\t\t<\/li>\n<li class=\"product-features__item-list__item\" role=\"listitem\"><span class=\"is--medium\">Marque :<\/span> NIKON\t\t\t\t\t<\/li>\n<\/ul>\n<\/li>\n<\/ul>\n<\/div>\n<div class=\"product__disclosure-content\">\n<div class=\"js-read-more product-description__content read-more read-more--truncated\" data-read-more-name=\"description\" style=\"max-height: 500px; overflow: hidden;\">\n<h2><center>Appareil photo Reflex NIKON D3000 + 18-55 vr<\/center><\/h2>\n<p>Qu&rsquo;ils soient amateurs ou professionnels, les photographes vont adorer l&rsquo;<b>appareil photo NIKON D3000<\/b>. Utilisant certaines technologies issues du c\u00e9l\u00e8bre NIKON D90, ce <b>reflex num\u00e9rique<\/b> s&rsquo;adresse en effet \u00e0 tous les publics. \u00c0 la fois complet et accessible, le <b>Nikon D3000<\/b> s&rsquo;impose comme un incontournable des appareils photo reflex.<\/p>\n<h3><font color=\"212121\">Appareil photo NIKON D3000 : un capteur id\u00e9al<\/font><\/h3>\n<p><font color=\"414141\">Les photographes amateurs et les professionnels le savent : le capteur est l&rsquo;\u00e9l\u00e9ment essentiel dans un <b>appareil photo reflex<\/b>. Avec le <b>Nikon D3000<\/b>, le capteur est id\u00e9al. Gr\u00e2ce \u00e0 sa r\u00e9solution de 10,2 m\u00e9gapixels, les tirages de vos photographies sont non seulement d&rsquo;une excellente qualit\u00e9 au format standard 10&#215;15, mais il vous est aussi possible d&rsquo;imprimer de superbes agrandissements de taille A4 ! De plus, avec son format APS-C, vous pourrez probablement adapter les objectifs que vous poss\u00e9dez d\u00e9j\u00e0. En effet, ce format est le plus r\u00e9pandu ! De plus, il n&rsquo;en sera que plus facile de vous procurer des optiques r\u00e9pondant \u00e0 vos besoins sp\u00e9cifiques.<\/font><\/p>\n<h3><font color=\"212121\">Reflex NIKON D3000 : un usage professionnel accessible<\/font><\/h3>\n<p><font color=\"414141\">Si l&rsquo;achat d&rsquo;un <b>appareil photo reflex<\/b> est souvent synonyme d&rsquo;usage professionnel, nombreux sont les amateurs qui souhaitent s&rsquo;adonner \u00e0 leur passion avec du mat\u00e9riel adapt\u00e9. Ce <b>reflex NIKON<\/b> est tout \u00e0 fait adapt\u00e9 \u00e0 cet usage. En effet, son mode \u00ab\u00a0Guide\u00a0\u00bb accompagne le photographe pour qu&rsquo;il puisse facilement s&rsquo;approprier l&rsquo;appareil. De plus, ceux qui veulent s&rsquo;adonner \u00e0 de la retouche photo avec un logiciel adapt\u00e9 pourront profiter de la compatibilit\u00e9 de ce reflex num\u00e9rique avec le format RAW. Les images sont alors enregistr\u00e9es de mani\u00e8re brute, pour permettre un traitement logiciel de meilleure qualit\u00e9 !<\/font><\/p>\n<\/p>\n<\/div>\n<p><bl-button a11yexpanded=\"false\" arialabel=\"Afficher toute la description\" class=\"read-more__btn\" full=\"false\" link=\"true\"><\/bl-button><\/div>","protected":false},"excerpt":{"rendered":"<div class=\"keypoints\">\n<h3 class=\"keypoints__title\">Les points cl\u00e9s<\/h3>\n<ul role=\"list\">\n<li class=\"keypoints__item\" role=\"listitem\">                                        Vitesse d&rsquo;obturation : 1\/4000 \u00e0 30 s                      <\/li>\n<\/ul>","protected":false},"featured_media":88050,"template":"","meta":{"_glsr_average":0,"_glsr_ranking":0,"_glsr_reviews":0},"product_cat":[477],"product_tag":[475,478,451],"class_list":{"0":"post-88051","1":"product","2":"type-product","3":"status-publish","4":"has-post-thumbnail","6":"product_cat-reflex","7":"product_tag-appareil-photo","8":"product_tag-reflex","9":"product_tag-tv-image-son","11":"first","12":"instock","13":"sale","14":"shipping-taxable","15":"purchasable","16":"product-type-simple"},"_links":{"self":[{"href":"https:\/\/electromenagerexpress.com\/en\/wp-json\/wp\/v2\/product\/88051","targetHints":{"allow":["GET"]}}],"collection":[{"href":"https:\/\/electromenagerexpress.com\/en\/wp-json\/wp\/v2\/product"}],"about":[{"href":"https:\/\/electromenagerexpress.com\/en\/wp-json\/wp\/v2\/types\/product"}],"wp:featuredmedia":[{"embeddable":true,"href":"https:\/\/electromenagerexpress.com\/en\/wp-json\/wp\/v2\/media\/88050"}],"wp:attachment":[{"href":"https:\/\/electromenagerexpress.com\/en\/wp-json\/wp\/v2\/media?parent=88051"}],"wp:term":[{"taxonomy":"product_cat","embeddable":true,"href":"https:\/\/electromenagerexpress.com\/en\/wp-json\/wp\/v2\/product_cat?post=88051"},{"taxonomy":"product_tag","embeddable":true,"href":"https:\/\/electromenagerexpress.com\/en\/wp-json\/wp\/v2\/product_tag?post=88051"}],"curies":[{"name":"wp","href":"https:\/\/api.w.org\/{rel}","templated":true}]}}