{"id":88049,"date":"2024-11-24T17:04:33","date_gmt":"2024-11-24T17:04:33","guid":{"rendered":"https:\/\/electromenagerexpress.com\/product\/appareil-photo-reflexcanon24141\/"},"modified":"2024-11-24T17:04:33","modified_gmt":"2024-11-24T17:04:33","slug":"appareil-photo-reflexcanon24141","status":"publish","type":"product","link":"https:\/\/electromenagerexpress.com\/en\/product\/appareil-photo-reflexcanon24141\/","title":{"rendered":"Appareil photo Reflex\t\t\t\t\t\t\tCANON\t\t\t\t24141"},"content":{"rendered":"<div class=\"product-features__content\">\n<ul role=\"list\">\n<li class=\"product-features__item\" role=\"listitem\">\n<h3 class=\"product-features__label\">Qualit\u00e9 photo et vid\u00e9o<\/h3>\n<ul role=\"list\">\n<li class=\"product-features__item-list__item\" role=\"listitem\"><span class=\"is--medium\">Capteur :<\/span> APS-C, permet de donner un rendu de qualit\u00e9 pour un format carte postale ou un agrandissement\t\t\t\t\t<\/li>\n<li class=\"product-features__item-list__item\" role=\"listitem\"><span class=\"is--medium\">Le saviez vous ? :<\/span> plus le capteur est grand, plus l&rsquo;image sera d\u00e9taill\u00e9e\t\t\t\t\t<\/li>\n<li class=\"product-features__item-list__item\" role=\"listitem\"><span class=\"is--medium\">R\u00e9solution (en m\u00e9gapixels) :<\/span> 32,5 Mpx\t\t\t\t\t<\/li>\n<li class=\"product-features__item-list__item\" role=\"listitem\"><span class=\"is--medium\">Comprendre la r\u00e9solution :<\/span> Plus ce chiffre sera \u00e9lev\u00e9, plus il sera possible d&rsquo;imprimer vos images en grand format comme des posters, ou encore effectuer des recadrages de qualit\u00e9 sur des logiciels de retouche photo.\t\t\t\t\t<\/li>\n<li class=\"product-features__item-list__item\" role=\"listitem\"><span class=\"is--medium\">Plage de sensibilit\u00e9 ISO :<\/span> de 100 \u00e0 1 600 000\t\t\t\t\t<\/li>\n<li class=\"product-features__item-list__item\" role=\"listitem\"><span class=\"is--medium\">Comprendre la sensibilit\u00e9 ISO :<\/span> L&rsquo;ISO permet de contr\u00f4ler la lumi\u00e8re atteignant le capteur, de mani\u00e8re \u00e0 rendre la photo plus claire ou plus sombre. Elle fonctionne en automatique ou peut \u00eatre r\u00e9gl\u00e9e manuellement\t\t\t\t\t<\/li>\n<\/ul>\n<\/li>\n<li class=\"product-features__item\" role=\"listitem\">\n<h3 class=\"product-features__label\">Objectif<\/h3>\n<ul role=\"list\">\n<li class=\"product-features__item-list__item\" role=\"listitem\"><span class=\"is--medium\">Vitesse d&rsquo;obturation :<\/span> Non concern\u00e9\t\t\t\t\t<\/li>\n<\/ul>\n<\/li>\n<li class=\"product-features__item\" role=\"listitem\">\n<h3 class=\"product-features__label\">Boitier<\/h3>\n<ul role=\"list\">\n<li class=\"product-features__item-list__item\" role=\"listitem\"><span class=\"is--medium\">Ecran :<\/span> fixe\t\t\t\t\t<\/li>\n<\/ul>\n<\/li>\n<li class=\"product-features__item\" role=\"listitem\">\n<h3 class=\"product-features__label\">Dimensions<\/h3>\n<ul role=\"list\">\n<li class=\"product-features__item-list__item\" role=\"listitem\"><span class=\"is--medium\">Dimensions l x h x p :<\/span> 15 x 10 x 3 cm\t\t\t\t\t<\/li>\n<\/ul>\n<\/li>\n<li class=\"product-features__item\" role=\"listitem\">\n<h3 class=\"product-features__label\">Informations compl\u00e9mentaires<\/h3>\n<ul role=\"list\">\n<li class=\"product-features__item-list__item\" role=\"listitem\"><span class=\"is--medium\">Fabriqu\u00e9 en :<\/span> Chine\t\t\t\t\t<\/li>\n<li class=\"product-features__item-list__item\" role=\"listitem\"><span class=\"is--medium\">Disponibilit\u00e9 des pi\u00e8ces d\u00e9tach\u00e9es (donn\u00e9es fournisseur) :<\/span> Non communiqu\u00e9e\t\t\t\t\t<\/li>\n<li class=\"product-features__item-list__item\" role=\"listitem\"><span class=\"is--medium\">R\u00e9f\u00e9rence constructeur :<\/span> 24141\t\t\t\t\t<\/li>\n<li class=\"product-features__item-list__item\" role=\"listitem\"><span class=\"is--medium\">Marque :<\/span> CANON\t\t\t\t\t<\/li>\n<\/ul>\n<\/li>\n<\/ul>\n<\/div>\n<div class=\"product__disclosure-content\">\n<div class=\"js-read-more product-description__content read-more read-more--truncated\" data-read-more-name=\"description\" style=\"max-height: 500px; overflow: hidden;\">\n<p>Canon EOS 90D : Le reflex pour le mouvement Id\u00e9al pour l&rsquo;action Le Canon EOS 90D a \u00e9t\u00e9 con\u00e7u avec un capteur CMOS APS-C de 32.5 millions de pixels pour permettre d&rsquo;augmenter la port\u00e9e des objectifs de 1.6 fois. Combin\u00e9 au processeur d&rsquo;image DIGIC 8 et \u00e0 l&rsquo;autofocus CMOS Dual Pixel de type crois\u00e9 \u00e0 45 collimateurs, vous obtenez une prise de vue continue de 10 images\/s, l&rsquo;obtention d&rsquo;images d&rsquo;une qualit\u00e9 exceptionnelle, la possibilit\u00e9 d&rsquo;effectuer des ajustements directement sur l&rsquo;appareil et la prise de vue vid\u00e9o en 4K ou en Full HD 120 ips. Saisir l&rsquo;instant T L&rsquo;EOS 90D vous offre une sensibilit\u00e9 ISO jusqu&rsquo;\u00e0 25600 et une vitesse d&rsquo;obturation \u00e0 partir de 1\/8000 s, ce qui vous donne l&rsquo;occasion de figer une action en utilisant une vitesse d&rsquo;obturation rapide tout en obtenant une image finale d&rsquo;une incroyable r\u00e9solution de 32.5 millions de pixels. Confort d&rsquo;utilisation Ce bo\u00eetier est dot\u00e9 d&rsquo;un viseur optique qui vous donne une vision lumineuse et vous permet de voir l&rsquo;action en temps r\u00e9el. De plus, il poss\u00e8de un \u00e9cran LCD de 3 pouces, tactile et orientable pour vous faciliter la prise de vue sous des angles nouveaux. Cet \u00e9cran est personnalisable et affiche les informations de la prise de vue pour savoir les r\u00e9glages que vous avez faits. Pr\u00e9cision et rapidit\u00e9 Gr\u00e2ce au syst\u00e8me de mise au point automatique avanc\u00e9e \u00e0 45 collimateurs de type crois\u00e9 ainsi qu&rsquo;au capteur d&rsquo;exposition RVB + IR de 220 000 pixels, votre sujet, m\u00eame en mouvement rapide, sera d&rsquo;une excellente nettet\u00e9 et b\u00e9n\u00e9ficiera d&rsquo;un suivi pr\u00e9cis. De par le capteur d&rsquo;exposition dont dispose le bo\u00eetier, vous aurez une sensibilit\u00e9 et une reconnaissance des sujets exceptionnelles dans des conditions de faible \u00e9clairage. Stockage et connectivit\u00e9 L&rsquo;appareil EOS 90D peut enregistrer vos fichiers photos en format JPEG, RAW et CRAW (compact) et vos fichiers vid\u00e9os au format MP4. Vos images seront stock\u00e9es sur une carte SD UHS-II. Vous avez la possibilit\u00e9 de connecter votre appareil photo Canon EOS 90D \u00e0 votre smartphone ou tablette \u00e0 l&rsquo;aide du Bluetooth ou du Wifi. Cela vous facilitera le transfert et le partage de vos cr\u00e9ations et vous pourrez \u00e9galement prendre le contr\u00f4le de votre appareil \u00e0 distance. R\u00e9alisation vid\u00e9o Votre EOS 90D vous offre la possibilit\u00e9 de r\u00e9aliser des vid\u00e9os de haute r\u00e9solution en 4K ou en Full HD jusqu&rsquo;\u00e0 120p. Avec l&rsquo;autofocus CMOS Dual Pixel, votre appareil vous garantit des images d&rsquo;une grande nettet\u00e9 avec une apparence cin\u00e9matographique. Sur le bo\u00eetier, vous pouvez y brancher un microphone ainsi qu&rsquo;un casque afin d&rsquo;enregistrer des sons d&rsquo;aussi bonne qualit\u00e9 que vos images.<\/p>\n<\/div>\n<p><bl-button a11yexpanded=\"false\" arialabel=\"Afficher toute la description\" class=\"read-more__btn\" full=\"false\" link=\"true\"><\/bl-button><\/div>","protected":false},"excerpt":{"rendered":"<div class=\"keypoints\">\n<h3 class=\"keypoints__title\">Les points cl\u00e9s<\/h3>\n<ul role=\"list\">\n<li class=\"keypoints__item\" role=\"listitem\">                                        Ideal pour : Confirm\u00e9                      <\/li>\n<li class=\"keypoints__item\" role=\"listitem\">                          Capteur : APS-C &#8211;                                                      R\u00e9solution 32,5 m\u00e9gapixels                      <\/li>\n<li class=\"keypoints__item\" role=\"listitem\">                          Sensibilit\u00e9 ISO maximale : 1 600 000 &#8211;                                                      Vitesse d&rsquo;obturation : Non concern\u00e9                      <\/li>\n<li class=\"keypoints__item\" role=\"listitem\">                          Connectivit\u00e9 : Wi-Fi, Wi-Fi Direct &#8211;                                                      Ecran : fixe                      <\/li>\n<\/ul>","protected":false},"featured_media":88048,"template":"","meta":{"_glsr_average":0,"_glsr_ranking":0,"_glsr_reviews":0},"product_cat":[477],"product_tag":[475,478,451],"class_list":{"0":"post-88049","1":"product","2":"type-product","3":"status-publish","4":"has-post-thumbnail","6":"product_cat-reflex","7":"product_tag-appareil-photo","8":"product_tag-reflex","9":"product_tag-tv-image-son","11":"first","12":"instock","13":"sale","14":"shipping-taxable","15":"purchasable","16":"product-type-simple"},"_links":{"self":[{"href":"https:\/\/electromenagerexpress.com\/en\/wp-json\/wp\/v2\/product\/88049","targetHints":{"allow":["GET"]}}],"collection":[{"href":"https:\/\/electromenagerexpress.com\/en\/wp-json\/wp\/v2\/product"}],"about":[{"href":"https:\/\/electromenagerexpress.com\/en\/wp-json\/wp\/v2\/types\/product"}],"wp:featuredmedia":[{"embeddable":true,"href":"https:\/\/electromenagerexpress.com\/en\/wp-json\/wp\/v2\/media\/88048"}],"wp:attachment":[{"href":"https:\/\/electromenagerexpress.com\/en\/wp-json\/wp\/v2\/media?parent=88049"}],"wp:term":[{"taxonomy":"product_cat","embeddable":true,"href":"https:\/\/electromenagerexpress.com\/en\/wp-json\/wp\/v2\/product_cat?post=88049"},{"taxonomy":"product_tag","embeddable":true,"href":"https:\/\/electromenagerexpress.com\/en\/wp-json\/wp\/v2\/product_tag?post=88049"}],"curies":[{"name":"wp","href":"https:\/\/api.w.org\/{rel}","templated":true}]}}