{"id":88047,"date":"2024-11-24T17:04:31","date_gmt":"2024-11-24T17:04:31","guid":{"rendered":"https:\/\/electromenagerexpress.com\/product\/appareil-photo-reflexcanoneos-600d-18-55is-reconditionne\/"},"modified":"2024-11-24T17:04:31","modified_gmt":"2024-11-24T17:04:31","slug":"appareil-photo-reflexcanoneos-600d-18-55is-reconditionne","status":"publish","type":"product","link":"https:\/\/electromenagerexpress.com\/en\/product\/appareil-photo-reflexcanoneos-600d-18-55is-reconditionne\/","title":{"rendered":"Appareil photo Reflex\t\t\t\t\t\t\tCANON\t\t\t\tEOS 600D + 18-55is Reconditionn\u00e9"},"content":{"rendered":"<div class=\"product-features__content\">\n<ul role=\"list\">\n<li class=\"product-features__item\" role=\"listitem\">\n<h3 class=\"product-features__label\">Qualit\u00e9 photo et vid\u00e9o<\/h3>\n<ul role=\"list\">\n<li class=\"product-features__item-list__item\" role=\"listitem\"><span class=\"is--medium\">R\u00e9solution (en m\u00e9gapixels) :<\/span> 18,0 Mpx\t\t\t\t\t<\/li>\n<li class=\"product-features__item-list__item\" role=\"listitem\"><span class=\"is--medium\">Comprendre la r\u00e9solution :<\/span> Plus ce chiffre sera \u00e9lev\u00e9, plus il sera possible d&rsquo;imprimer vos images en grand format comme des posters, ou encore effectuer des recadrages de qualit\u00e9 sur des logiciels de retouche photo.\t\t\t\t\t<\/li>\n<\/ul>\n<\/li>\n<li class=\"product-features__item\" role=\"listitem\">\n<h3 class=\"product-features__label\">Objectif<\/h3>\n<ul role=\"list\">\n<li class=\"product-features__item-list__item\" role=\"listitem\"><span class=\"is--medium\">Vitesse d&rsquo;obturation :<\/span> 1\/4000 \u00e0 30 s\t\t\t\t\t<\/li>\n<li class=\"product-features__item-list__item\" role=\"listitem\"><span class=\"is--medium\">Comprendre la vitesse d&rsquo;obturation :<\/span> La vitesse d&rsquo;obturation, est le temps pendant lequel l&rsquo;obturateur s&rsquo;ouvre au d\u00e9clenchement. Si la vitesse est r\u00e9gl\u00e9e sur une valeur rapide, (jusqu&rsquo;\u00e0 1\/8000 sec) l&rsquo;image sera nette, au contraire si la vitesse est r\u00e9gl\u00e9e sur une valeur lente (jusqu&rsquo;\u00e0 30 sec) l&rsquo;image aura un effet artistique.\t\t\t\t\t<\/li>\n<\/ul>\n<\/li>\n<li class=\"product-features__item\" role=\"listitem\">\n<h3 class=\"product-features__label\">Informations compl\u00e9mentaires<\/h3>\n<ul role=\"list\">\n<li class=\"product-features__item-list__item\" role=\"listitem\"><span class=\"is--medium\">R\u00e9f\u00e9rence constructeur :<\/span> EOS 600D + 18-55is\t\t\t\t\t<\/li>\n<li class=\"product-features__item-list__item\" role=\"listitem\"><span class=\"is--medium\">Marque :<\/span> CANON\t\t\t\t\t<\/li>\n<\/ul>\n<\/li>\n<\/ul>\n<\/div>\n<div class=\"product__disclosure-content\">\n<div class=\"js-read-more product-description__content read-more read-more--truncated\" data-read-more-name=\"description\" style=\"max-height: 500px; overflow: hidden;\">\n<h2><center><u> Appareil photo Reflex CANON EOS 600D <\/u><\/center><\/h2>\n<p ,=\"\" align=\"justify\" style=\"font-size:medium\"><font color=\"444444\"> Difficile de prendre la suite d&rsquo;un ain\u00e9 aussi illustre que le Canon 550D, v\u00e9ritable r\u00e9f\u00e9rence des reflex grand public. Telle est pourtant la mission du 600D, qui rel\u00e8ve le d\u00e9fi et signe une belle prestation, \u00e9voluant en douceur mais de mani\u00e8re significative par rapport \u00e0 son ain\u00e9. <\/font><\/p>\n<h3><font color=\"#60aeb8\"><\/p>\n<p style=\"font-size:large\"> Un design \u00e9volu\u00e9 <\/p>\n<p><\/font><\/h3>\n<p ,=\"\" align=\"justify\" style=\"font-size:medium\"><font color=\"444444\"> Ext\u00e9rieurement, la premi\u00e8re chose qui frappe est sans conteste la pr\u00e9sence d&rsquo;un large \u00e9cran rotatif mont\u00e9 sur rotule. Inaugur\u00e9 sur les appareils les plus haut de gamme de la marque, ce syst\u00e8me a \u00e9t\u00e9 pl\u00e9biscit\u00e9 par les utilisateurs et se d\u00e9mocratise donc au sein de cette gamme. Permettant d&rsquo;effectuer des contr\u00f4les ou de viser quelque soit la position de l&rsquo;appareil, cet \u00e9cran rotatif prend tout son sens lors du tournage de vid\u00e9os. Le visionnage des photos sera \u00e9galement un r\u00e9el plaisir gr\u00e2ce \u00e0 sa d\u00e9finition de 1 040 000 pixels, assurant un rendu net et pr\u00e9cis des clich\u00e9s.Quelques am\u00e9nagements ergonomiques sont \u00e9galement de la partie et permettent une meilleure prise en main de l&rsquo;appareil, y compris lorsque l&rsquo;\u00e9cran est d\u00e9ploy\u00e9. <\/font><\/p>\n<h3><font color=\"#60aeb8\"><\/p>\n<p style=\"font-size:large\"> Des perfomances \u00e9lev\u00e9es <\/p>\n<p><\/font><\/h3>\n<p ,=\"\" align=\"justify\" style=\"font-size:medium\"><font color=\"444444\"> La qualit\u00e9 d&rsquo;image est toujours au rendez-vous et la pr\u00e9sence d&rsquo;une puce de traitement Digic 4 permet de tirer le meilleur du capteur CMOS 18 Mpixels \u00e9quipant l&rsquo;appareil. La mont\u00e9e en ISO est progressive, et le bruit contenu, permettant de monter jusqu&rsquo;\u00e0 une sensibilit\u00e9 de 12 800 ISO, pour photographier les endroits les plus sombres !Le 600D fait \u00e9galement office de cam\u00e9scope de permet de filmer en 1080p \u00e0 24 ou 25 images par secondes. Pour les vid\u00e9astes amateurs, il est m\u00eame possible d&rsquo;y connecter un micro externe ! <\/font><\/p>\n<\/p>\n<\/div>\n<p><bl-button a11yexpanded=\"false\" arialabel=\"Afficher toute la description\" class=\"read-more__btn\" full=\"false\" link=\"true\"><\/bl-button><\/div>","protected":false},"excerpt":{"rendered":"<div class=\"keypoints\">\n<h3 class=\"keypoints__title\">Les points cl\u00e9s<\/h3>\n<ul role=\"list\">\n<li class=\"keypoints__item\" role=\"listitem\">                                        Vitesse d&rsquo;obturation : 1\/4000 \u00e0 30 s                      <\/li>\n<li class=\"keypoints__item\" role=\"listitem\">                                        Connectivit\u00e9 : Pictbridge                      <\/li>\n<\/ul>","protected":false},"featured_media":88046,"template":"","meta":{"_glsr_average":0,"_glsr_ranking":0,"_glsr_reviews":0},"product_cat":[477],"product_tag":[475,478,451],"class_list":{"0":"post-88047","1":"product","2":"type-product","3":"status-publish","4":"has-post-thumbnail","6":"product_cat-reflex","7":"product_tag-appareil-photo","8":"product_tag-reflex","9":"product_tag-tv-image-son","11":"first","12":"instock","13":"sale","14":"shipping-taxable","15":"purchasable","16":"product-type-simple"},"_links":{"self":[{"href":"https:\/\/electromenagerexpress.com\/en\/wp-json\/wp\/v2\/product\/88047","targetHints":{"allow":["GET"]}}],"collection":[{"href":"https:\/\/electromenagerexpress.com\/en\/wp-json\/wp\/v2\/product"}],"about":[{"href":"https:\/\/electromenagerexpress.com\/en\/wp-json\/wp\/v2\/types\/product"}],"wp:featuredmedia":[{"embeddable":true,"href":"https:\/\/electromenagerexpress.com\/en\/wp-json\/wp\/v2\/media\/88046"}],"wp:attachment":[{"href":"https:\/\/electromenagerexpress.com\/en\/wp-json\/wp\/v2\/media?parent=88047"}],"wp:term":[{"taxonomy":"product_cat","embeddable":true,"href":"https:\/\/electromenagerexpress.com\/en\/wp-json\/wp\/v2\/product_cat?post=88047"},{"taxonomy":"product_tag","embeddable":true,"href":"https:\/\/electromenagerexpress.com\/en\/wp-json\/wp\/v2\/product_tag?post=88047"}],"curies":[{"name":"wp","href":"https:\/\/api.w.org\/{rel}","templated":true}]}}