{"id":88031,"date":"2024-11-24T17:04:16","date_gmt":"2024-11-24T17:04:16","guid":{"rendered":"https:\/\/electromenagerexpress.com\/product\/appareil-photo-reflexcanoneos-760d-nu-reconditionne\/"},"modified":"2024-11-24T17:04:20","modified_gmt":"2024-11-24T17:04:20","slug":"appareil-photo-reflexcanoneos-760d-nu-reconditionne","status":"publish","type":"product","link":"https:\/\/electromenagerexpress.com\/en\/product\/appareil-photo-reflexcanoneos-760d-nu-reconditionne\/","title":{"rendered":"Appareil photo Reflex\t\t\t\t\t\t\tCANON\t\t\t\tEOS 760D Nu Reconditionn\u00e9"},"content":{"rendered":"<div class=\"product-features__content\">\n<ul role=\"list\">\n<li class=\"product-features__item\" role=\"listitem\">\n<h3 class=\"product-features__label\">Qualit\u00e9 photo et vid\u00e9o<\/h3>\n<ul role=\"list\">\n<li class=\"product-features__item-list__item\" role=\"listitem\"><span class=\"is--medium\">Capteur :<\/span> APS-C, permet de donner un rendu de qualit\u00e9 pour un format carte postale ou un agrandissement\t\t\t\t\t<\/li>\n<li class=\"product-features__item-list__item\" role=\"listitem\"><span class=\"is--medium\">Le saviez vous ? :<\/span> plus le capteur est grand, plus l&rsquo;image sera d\u00e9taill\u00e9e\t\t\t\t\t<\/li>\n<li class=\"product-features__item-list__item\" role=\"listitem\"><span class=\"is--medium\">R\u00e9solution (en m\u00e9gapixels) :<\/span> 24,2 Mpx\t\t\t\t\t<\/li>\n<li class=\"product-features__item-list__item\" role=\"listitem\"><span class=\"is--medium\">Comprendre la r\u00e9solution :<\/span> Plus ce chiffre sera \u00e9lev\u00e9, plus il sera possible d&rsquo;imprimer vos images en grand format comme des posters, ou encore effectuer des recadrages de qualit\u00e9 sur des logiciels de retouche photo.\t\t\t\t\t<\/li>\n<\/ul>\n<\/li>\n<li class=\"product-features__item\" role=\"listitem\">\n<h3 class=\"product-features__label\">Objectif<\/h3>\n<ul role=\"list\">\n<li class=\"product-features__item-list__item\" role=\"listitem\"><span class=\"is--medium\">Vitesse d&rsquo;obturation :<\/span> 1\/4000 \u00e0 30 s\t\t\t\t\t<\/li>\n<li class=\"product-features__item-list__item\" role=\"listitem\"><span class=\"is--medium\">Comprendre la vitesse d&rsquo;obturation :<\/span> La vitesse d&rsquo;obturation, est le temps pendant lequel l&rsquo;obturateur s&rsquo;ouvre au d\u00e9clenchement. Si la vitesse est r\u00e9gl\u00e9e sur une valeur rapide, (jusqu&rsquo;\u00e0 1\/8000 sec) l&rsquo;image sera nette, au contraire si la vitesse est r\u00e9gl\u00e9e sur une valeur lente (jusqu&rsquo;\u00e0 30 sec) l&rsquo;image aura un effet artistique.\t\t\t\t\t<\/li>\n<\/ul>\n<\/li>\n<li class=\"product-features__item\" role=\"listitem\">\n<h3 class=\"product-features__label\">Dimensions<\/h3>\n<ul role=\"list\">\n<li class=\"product-features__item-list__item\" role=\"listitem\"><span class=\"is--medium\">Dimensions l x h x p :<\/span> 13.19 x 10.07 x 7.78 cm\t\t\t\t\t<\/li>\n<\/ul>\n<\/li>\n<li class=\"product-features__item\" role=\"listitem\">\n<h3 class=\"product-features__label\">Informations compl\u00e9mentaires<\/h3>\n<ul role=\"list\">\n<li class=\"product-features__item-list__item\" role=\"listitem\"><span class=\"is--medium\">R\u00e9f\u00e9rence constructeur :<\/span> EOS 760D Nu\t\t\t\t\t<\/li>\n<li class=\"product-features__item-list__item\" role=\"listitem\"><span class=\"is--medium\">Marque :<\/span> CANON\t\t\t\t\t<\/li>\n<\/ul>\n<\/li>\n<\/ul>\n<\/div>\n<div class=\"product__disclosure-content\">\n<div class=\"js-read-more product-description__content read-more read-more--truncated\" data-read-more-name=\"description\" style=\"max-height: 500px; overflow: hidden;\">\n<p>Le nouveau Canon EOS 760D apporte de nombreuses nouveaut\u00e9s qui sauront ravir les amateurs de photographie. <b>Un capteur \u00e0 24,2 millions de pixels, un nouveau processeur, un \u00e9cran secondaire LCD, une roue codeuse et un nouveau viseur intelligent<\/b> sont autant de nouveaut\u00e9s qui font du Canon EOS 760D un appareil photo reflex id\u00e9al pour tous.<\/p>\n<p class=\"wy_tableau_right\"><img fetchpriority=\"high\" decoding=\"async\" height=\"250\" src=\"https:\/\/boulanger.scene7.com\/is\/image\/Boulanger\/canon_eos_760D_p1?wid=1000&amp;hei=250\" width=\"1000\"\/><\/p>\n<h3>Un reflex complet<\/h3>\n<p class=\"wy_tableau_right\"><img decoding=\"async\" height=\"250\" src=\"https:\/\/boulanger.scene7.com\/is\/image\/Boulanger\/canon_eos_760D_p3?wid=1000&amp;hei=250\" width=\"1000\"\/><\/p>\n<p>Gr\u00e2ce \u00e0 son capteur <b>APS-C de 24,2 millions de pixels<\/b>, cet appareil photo reflex vous offre une grande qualit\u00e9 d&rsquo;image. Cette capacit\u00e9 \u00e0 prendre des images de grande taille permet de recadrer facilement vos photos ou d&rsquo;imprimer vos clich\u00e9s en grand format. Le syst\u00e8me d&rsquo;autofocus rapide et pr\u00e9cis, pourvu de <b>19 collimateurs<\/b>, est id\u00e9al pour capturer vos sujets m\u00eame s&rsquo;ils sont en mouvement. Ainsi vous serez s\u00fbr d&rsquo;obtenir des images nettes et pr\u00e9cises de sc\u00e8nes animali\u00e8res ou de sport par exemple.<\/p>\n<p class=\"wy_tableau_right\"><img decoding=\"async\" height=\"250\" src=\"https:\/\/boulanger.scene7.com\/is\/image\/Boulanger\/canon_eos_760D_p2?wid=1000&amp;hei=250\" width=\"1000\"\/><\/p>\n<p>La plage de sensibilit\u00e9s <b>ISO de 100 \u00e0 12800<\/b> ( extensible \u00e0 25600 ISO ) permet de capturer des prises de vue magnifiques en situation de basse luminosit\u00e9 sans utiliser de flash. En mode rafale, <b>son processeur DIGIC 6<\/b> permet de capturer jusqu&rsquo;\u00e0 <b>5 images par secondes.<\/b><\/p>\n<p>D\u00e9couvrez \u00e9galement la facilit\u00e9 avec laquelle vous filmerez en <b>Full HD \u00e0 30 images<\/b> par seconde, <b>avec un rendu cin\u00e9matographique<\/b>. Le Canon EOS 760D int\u00e8gre de nombreux modes de prise de vue, ainsi en toute simplicit\u00e9, vous pourrez exprimer votre cr\u00e9ativit\u00e9 en photo comme en vid\u00e9o.<\/p>\n<h3>Expert en ergonomie et confort<\/h3>\n<p class=\"wy_tableau_right\"><img loading=\"lazy\" decoding=\"async\" height=\"250\" src=\"https:\/\/boulanger.scene7.com\/is\/image\/Boulanger\/canon_eos_760D_p4?wid=1000&amp;hei=250\" width=\"1000\"\/><\/p>\n<p>Son <b>\u00e9cran tactile rotatif LCD de 7,7 cm<\/b> offre de nombreux avantages. Offrant une haute qualit\u00e9 d&rsquo;image, l&rsquo;\u00e9cran permet de visualiser vos photos et vos vid\u00e9os avec pr\u00e9cision. Un deuxi\u00e8me \u00e9cran LCD prend place sur la partie sup\u00e9rieur du EOS 760D, il indique vos r\u00e9glages de prise de vue pour garder le contr\u00f4le total de vos clich\u00e9s. Une roue codeuse situ\u00e9e \u00e0 droite de l&rsquo;\u00e9cran permet de modifier en un instant vos r\u00e9glages pour ne pas rater l&rsquo;action. <\/p>\n<p class=\"wy_tableau_right\"><img loading=\"lazy\" decoding=\"async\" height=\"250\" src=\"https:\/\/boulanger.scene7.com\/is\/image\/Boulanger\/canon_eos_760D_p5?wid=1000&amp;hei=250\" width=\"1000\"\/><\/p>\n<p> Dot\u00e9 \u00e9galement d&rsquo;un <b>viseur intelligent<\/b>, le Canon EOS 760D procure une exp\u00e9rience de prise de vue am\u00e9lior\u00e9e. Les collimateurs de l&rsquo;autofocus et les informations de prise de vue sont lisibles en toute situation. Le Canon EOS 760D est pourvu des connectivit\u00e9s <b>Wi-Fi et NFC<\/b>, pour le connecter rapidement \u00e0 vos <b>smartphones, tablettes ou imprimantes compatibles<\/b>. Ainsi vous aurez la possibilit\u00e9 de transf\u00e9rer vos photos et vid\u00e9os afin de les stocker et les partager \u00e0 vos proches ou votre communaut\u00e9 sur les r\u00e9seaux sociaux.<\/p>\n<p class=\"wy_tableau_right\"><img decoding=\"async\" height=\"250\" src=\"https:\/\/boulanger.scene7.com\/is\/image\/Boulanger\/canon_eos_760D_p3?wid=1000&amp;hei=250\" width=\"1000\"\/><\/p>\n<p>Ses connectivit\u00e9s sans-fil permettent \u00e9galement de <b>prendre le contr\u00f4le de votre EOS 760D \u00e0 distance<\/b> \u00e0 l&rsquo;aide de votre smartphone ou votre tablette via l&rsquo;application <b>Canon Camera Connect<\/b>.<\/p>\n<p>Pour toutes celles et ceux qui veulent d\u00e9couvrir tout le potentiel de leur nouveau ou futur Canon 760D, l&rsquo;application <b>\u00ab\u00a0Mon Coach Canon EOS 760D\u00a0\u00bb<\/b> a \u00e9t\u00e9 cr\u00e9\u00e9e pour vous. Cette application gratuite (sur iOS et Android) regorge de tutoriels et d&rsquo;exercices d\u00e9taill\u00e9s qui expliquent les techniques dont vous avez besoin pour prendres des photographies et des vid\u00e9os exceptionnelles.<\/p>\n<\/p>\n<\/div>\n<p><bl-button a11yexpanded=\"false\" arialabel=\"Afficher toute la description\" class=\"read-more__btn\" full=\"false\" link=\"true\"><\/bl-button><\/div>","protected":false},"excerpt":{"rendered":"<div class=\"keypoints\">\n<h3 class=\"keypoints__title\">Les points cl\u00e9s<\/h3>\n<ul role=\"list\">\n<li class=\"keypoints__item\" role=\"listitem\">                                        Capteur : APS-C                      <\/li>\n<li class=\"keypoints__item\" role=\"listitem\">                                        Vitesse d&rsquo;obturation : 1\/4000 \u00e0 30 s                      <\/li>\n<li class=\"keypoints__item\" role=\"listitem\">                                        Connectivit\u00e9 : Wi-Fi, NFC, HDMI CEC, Pictbridge                      <\/li>\n<\/ul>","protected":false},"featured_media":88030,"template":"","meta":{"_glsr_average":0,"_glsr_ranking":0,"_glsr_reviews":0},"product_cat":[477],"product_tag":[475,478,451],"class_list":{"0":"post-88031","1":"product","2":"type-product","3":"status-publish","4":"has-post-thumbnail","6":"product_cat-reflex","7":"product_tag-appareil-photo","8":"product_tag-reflex","9":"product_tag-tv-image-son","11":"first","12":"instock","13":"sale","14":"shipping-taxable","15":"purchasable","16":"product-type-simple"},"_links":{"self":[{"href":"https:\/\/electromenagerexpress.com\/en\/wp-json\/wp\/v2\/product\/88031","targetHints":{"allow":["GET"]}}],"collection":[{"href":"https:\/\/electromenagerexpress.com\/en\/wp-json\/wp\/v2\/product"}],"about":[{"href":"https:\/\/electromenagerexpress.com\/en\/wp-json\/wp\/v2\/types\/product"}],"wp:featuredmedia":[{"embeddable":true,"href":"https:\/\/electromenagerexpress.com\/en\/wp-json\/wp\/v2\/media\/88030"}],"wp:attachment":[{"href":"https:\/\/electromenagerexpress.com\/en\/wp-json\/wp\/v2\/media?parent=88031"}],"wp:term":[{"taxonomy":"product_cat","embeddable":true,"href":"https:\/\/electromenagerexpress.com\/en\/wp-json\/wp\/v2\/product_cat?post=88031"},{"taxonomy":"product_tag","embeddable":true,"href":"https:\/\/electromenagerexpress.com\/en\/wp-json\/wp\/v2\/product_tag?post=88031"}],"curies":[{"name":"wp","href":"https:\/\/api.w.org\/{rel}","templated":true}]}}