{"id":87966,"date":"2024-11-24T17:03:12","date_gmt":"2024-11-24T17:03:12","guid":{"rendered":"https:\/\/electromenagerexpress.com\/product\/appareil-photo-reflexnikond3100-18-105vr-reconditionne\/"},"modified":"2024-11-24T17:03:18","modified_gmt":"2024-11-24T17:03:18","slug":"appareil-photo-reflexnikond3100-18-105vr-reconditionne","status":"publish","type":"product","link":"https:\/\/electromenagerexpress.com\/en\/product\/appareil-photo-reflexnikond3100-18-105vr-reconditionne\/","title":{"rendered":"Appareil photo Reflex\t\t\t\t\t\t\tNIKON\t\t\t\tD3100 + 18-105VR Reconditionn\u00e9"},"content":{"rendered":"<div class=\"product-features__content\">\n<ul role=\"list\">\n<li class=\"product-features__item\" role=\"listitem\">\n<h3 class=\"product-features__label\">Qualit\u00e9 photo et vid\u00e9o<\/h3>\n<ul role=\"list\">\n<li class=\"product-features__item-list__item\" role=\"listitem\"><span class=\"is--medium\">R\u00e9solution (en m\u00e9gapixels) :<\/span> 14,2 Mpx\t\t\t\t\t<\/li>\n<\/ul>\n<\/li>\n<li class=\"product-features__item\" role=\"listitem\">\n<h3 class=\"product-features__label\">Objectif<\/h3>\n<ul role=\"list\">\n<li class=\"product-features__item-list__item\" role=\"listitem\"><span class=\"is--medium\">Vitesse d&rsquo;obturation :<\/span> 1\/4000 \u00e0 30 s\t\t\t\t\t<\/li>\n<li class=\"product-features__item-list__item\" role=\"listitem\"><span class=\"is--medium\">Comprendre la vitesse d&rsquo;obturation :<\/span> La vitesse d&rsquo;obturation, est le temps pendant lequel l&rsquo;obturateur s&rsquo;ouvre au d\u00e9clenchement. Si la vitesse est r\u00e9gl\u00e9e sur une valeur rapide, (jusqu&rsquo;\u00e0 1\/8000 sec) l&rsquo;image sera nette, au contraire si la vitesse est r\u00e9gl\u00e9e sur une valeur lente (jusqu&rsquo;\u00e0 30 sec) l&rsquo;image aura un effet artistique.\t\t\t\t\t<\/li>\n<li class=\"product-features__item-list__item\" role=\"listitem\"><span class=\"is--medium\">Mode rafale :<\/span> 3 images\/s\t\t\t\t\t<\/li>\n<\/ul>\n<\/li>\n<li class=\"product-features__item\" role=\"listitem\">\n<h3 class=\"product-features__label\">Dimensions<\/h3>\n<ul role=\"list\">\n<li class=\"product-features__item-list__item\" role=\"listitem\"><span class=\"is--medium\">Dimensions l x h x p :<\/span> 12.4 x 9.6 x 7.45 cm\t\t\t\t\t<\/li>\n<\/ul>\n<\/li>\n<li class=\"product-features__item\" role=\"listitem\">\n<h3 class=\"product-features__label\">Informations compl\u00e9mentaires<\/h3>\n<ul role=\"list\">\n<li class=\"product-features__item-list__item\" role=\"listitem\"><span class=\"is--medium\">R\u00e9f\u00e9rence constructeur :<\/span> D3100 + 18-105VR\t\t\t\t\t<\/li>\n<li class=\"product-features__item-list__item\" role=\"listitem\"><span class=\"is--medium\">Marque :<\/span> NIKON\t\t\t\t\t<\/li>\n<\/ul>\n<\/li>\n<\/ul>\n<\/div>\n<div class=\"product__disclosure-content\">\n<div class=\"js-read-more product-description__content read-more read-more--truncated\" data-read-more-name=\"description\" style=\"max-height: 500px; overflow: hidden;\">\n<h2><center>Reflex Nikon D3100 + 18-105<\/center><\/h2>\n<h3><font color=\"212121\">Passez au Reflex avec le Nikon D3100 !<\/font><\/h3>\n<p><font color=\"414141\">Vous \u00eates amateur de photographie mais votre appareil compact limite grandement la r\u00e9alisation de vos id\u00e9es ? Votre zoom n&rsquo;est pas suffisant ? Le flash est ing\u00e9rable ? Il est temps de vous tourner vers le <b>reflex<\/b>. Pour vous initier \u00e0 l&rsquo;art de la photographie, \u00e0 la compr\u00e9hension du principe d&rsquo;ouverture et de vitesse d&rsquo;obturation, optez pour le <b>Nikon D3100 + 18-105<\/b>. Ce <b>reflex num\u00e9rique<\/b> avec son objectif 18 &#8211; 105 mm vous ouvrira de nouvelles portes. Votre imagination n&rsquo;aura plus de limite. Non seulement cet <b>appareil photo Nikon<\/b> est tr\u00e8s performant mais il est aussi tr\u00e8s simple d&rsquo;utilisation. Les modes automatiques  vous permettent de r\u00e9aliser de sublimes photos avec une grande qualit\u00e9 gr\u00e2ce aux 14,2 millions de pixels du capteur.<\/font><\/p>\n<h3><font color=\"212121\">Reflex Nikon D3100 + 18-105 : un ensemble polyvalent et performant<\/font><\/h3>\n<p><font color=\"414141\">Une fois que vous aurez assimil\u00e9 les principales fonctions du <b>Nikon D3100 + 18-105<\/b>, vous pourrez vous pencher \u00e0 volont\u00e9 sur toutes les possibilit\u00e9s qu&rsquo;offre ce type d&rsquo;<b>appareil photo<\/b>. La marque leader a dot\u00e9 le <b>D3100<\/b> de toutes les caract\u00e9ristiques des <b>reflex<\/b> derni\u00e8re g\u00e9n\u00e9ration. Sensibilit\u00e9 pouvant aller jusqu&rsquo;\u00e0 3200 ISO, mode live view, autofocus&#8230; la liste est loin d&rsquo;\u00eatre exhaustive. Le <b>reflex Nikon<\/b> vous permet \u00e9galement de r\u00e9aliser des vid\u00e9os en haute d\u00e9finition. Son <b>objectif 18-105<\/b> est tr\u00e8s polyvalent et, c\u00f4t\u00e9 connectique, l&rsquo;appareil est tr\u00e8s bien pourvu. Avec <b>Nikon<\/b>, la technique se met au service du loisir !<\/font><\/p>\n<\/p>\n<\/div>\n<p><bl-button a11yexpanded=\"false\" arialabel=\"Afficher toute la description\" class=\"read-more__btn\" full=\"false\" link=\"true\"><\/bl-button><\/div>","protected":false},"excerpt":{"rendered":"<div class=\"keypoints\">\n<h3 class=\"keypoints__title\">Les points cl\u00e9s<\/h3>\n<ul role=\"list\">\n<li class=\"keypoints__item\" role=\"listitem\">                                        Vitesse d&rsquo;obturation : 1\/4000 \u00e0 30 s                      <\/li>\n<\/ul>","protected":false},"featured_media":87965,"template":"","meta":{"_glsr_average":0,"_glsr_ranking":0,"_glsr_reviews":0},"product_cat":[477],"product_tag":[475,478,451],"class_list":{"0":"post-87966","1":"product","2":"type-product","3":"status-publish","4":"has-post-thumbnail","6":"product_cat-reflex","7":"product_tag-appareil-photo","8":"product_tag-reflex","9":"product_tag-tv-image-son","11":"first","12":"instock","13":"sale","14":"shipping-taxable","15":"purchasable","16":"product-type-simple"},"_links":{"self":[{"href":"https:\/\/electromenagerexpress.com\/en\/wp-json\/wp\/v2\/product\/87966","targetHints":{"allow":["GET"]}}],"collection":[{"href":"https:\/\/electromenagerexpress.com\/en\/wp-json\/wp\/v2\/product"}],"about":[{"href":"https:\/\/electromenagerexpress.com\/en\/wp-json\/wp\/v2\/types\/product"}],"wp:featuredmedia":[{"embeddable":true,"href":"https:\/\/electromenagerexpress.com\/en\/wp-json\/wp\/v2\/media\/87965"}],"wp:attachment":[{"href":"https:\/\/electromenagerexpress.com\/en\/wp-json\/wp\/v2\/media?parent=87966"}],"wp:term":[{"taxonomy":"product_cat","embeddable":true,"href":"https:\/\/electromenagerexpress.com\/en\/wp-json\/wp\/v2\/product_cat?post=87966"},{"taxonomy":"product_tag","embeddable":true,"href":"https:\/\/electromenagerexpress.com\/en\/wp-json\/wp\/v2\/product_tag?post=87966"}],"curies":[{"name":"wp","href":"https:\/\/api.w.org\/{rel}","templated":true}]}}