{"id":87954,"date":"2024-11-24T17:03:00","date_gmt":"2024-11-24T17:03:00","guid":{"rendered":"https:\/\/electromenagerexpress.com\/product\/appareil-photo-hybridepanasoniclumix-dc-g9-nu\/"},"modified":"2024-11-24T17:03:04","modified_gmt":"2024-11-24T17:03:04","slug":"appareil-photo-hybridepanasoniclumix-dc-g9-nu","status":"publish","type":"product","link":"https:\/\/electromenagerexpress.com\/en\/product\/appareil-photo-hybridepanasoniclumix-dc-g9-nu\/","title":{"rendered":"Appareil photo Hybride\t\t\t\t\t\t\tPANASONIC\t\t\t\tLumix DC-G9 nu"},"content":{"rendered":"<div class=\"product-features__content\">\n<ul role=\"list\">\n<li class=\"product-features__item\" role=\"listitem\">\n<h3 class=\"product-features__label\">Qualit\u00e9 photo et vid\u00e9o<\/h3>\n<ul role=\"list\">\n<li class=\"product-features__item-list__item\" role=\"listitem\"><span class=\"is--medium\">Capteur :<\/span> Micro 4\/3, permet de capturer des sujets tr\u00e8s distants avec un t\u00e9l\u00e9objectif compact. Propose un champ plus \u00e9troit que le plein format, Id\u00e9al pour la photographie animali\u00e8re et sportive\t\t\t\t\t<\/li>\n<li class=\"product-features__item-list__item\" role=\"listitem\"><span class=\"is--medium\">Le saviez vous ? :<\/span> plus le capteur est grand, plus l&rsquo;image sera d\u00e9taill\u00e9e\t\t\t\t\t<\/li>\n<li class=\"product-features__item-list__item\" role=\"listitem\"><span class=\"is--medium\">R\u00e9solution (en m\u00e9gapixels) :<\/span> 20,3 Mpx\t\t\t\t\t<\/li>\n<li class=\"product-features__item-list__item\" role=\"listitem\"><span class=\"is--medium\">Comprendre la r\u00e9solution :<\/span> Plus ce chiffre sera \u00e9lev\u00e9, plus il sera possible d&rsquo;imprimer vos images en grand format comme des posters, ou encore effectuer des recadrages de qualit\u00e9 sur des logiciels de retouche photo.\t\t\t\t\t<\/li>\n<\/ul>\n<\/li>\n<li class=\"product-features__item\" role=\"listitem\">\n<h3 class=\"product-features__label\">Objectif<\/h3>\n<ul role=\"list\">\n<li class=\"product-features__item-list__item\" role=\"listitem\"><span class=\"is--medium\">Vitesse d&rsquo;obturation :<\/span> 1\/8000 \u00e0 60 s\t\t\t\t\t<\/li>\n<li class=\"product-features__item-list__item\" role=\"listitem\"><span class=\"is--medium\">Comprendre la vitesse d&rsquo;obturation :<\/span> La vitesse d&rsquo;obturation, est le temps pendant lequel l&rsquo;obturateur s&rsquo;ouvre au d\u00e9clenchement. Si la vitesse est r\u00e9gl\u00e9e sur une valeur rapide, (jusqu&rsquo;\u00e0 1\/8000 sec) l&rsquo;image sera nette, au contraire si la vitesse est r\u00e9gl\u00e9e sur une valeur lente (jusqu&rsquo;\u00e0 30 sec) l&rsquo;image aura un effet artistique.\t\t\t\t\t<\/li>\n<li class=\"product-features__item-list__item\" role=\"listitem\"><span class=\"is--medium\">Mode rafale :<\/span> 60 images\/s\t\t\t\t\t<\/li>\n<\/ul>\n<\/li>\n<li class=\"product-features__item\" role=\"listitem\">\n<h3 class=\"product-features__label\">Dimensions<\/h3>\n<ul role=\"list\">\n<li class=\"product-features__item-list__item\" role=\"listitem\"><span class=\"is--medium\">Dimensions l x h x p :<\/span> 13.69 x 9.73 x 9.16 cm\t\t\t\t\t<\/li>\n<\/ul>\n<\/li>\n<li class=\"product-features__item\" role=\"listitem\">\n<h3 class=\"product-features__label\">Informations compl\u00e9mentaires<\/h3>\n<ul role=\"list\">\n<li class=\"product-features__item-list__item\" role=\"listitem\"><span class=\"is--medium\">Fabriqu\u00e9 en :<\/span> Chine\t\t\t\t\t<\/li>\n<li class=\"product-features__item-list__item\" role=\"listitem\"><span class=\"is--medium\">Garantie :<\/span> 2 ans\t\t\t\t\t<\/li>\n<li class=\"product-features__item-list__item\" role=\"listitem\"><span class=\"is--medium\">Disponibilit\u00e9 des pi\u00e8ces d\u00e9tach\u00e9es (donn\u00e9es fournisseur) :<\/span> Pendant 3 ans, \u00e0 compter de la date de fabrication\t\t\t\t\t<\/li>\n<li class=\"product-features__item-list__item\" role=\"listitem\"><span class=\"is--medium\">R\u00e9f\u00e9rence constructeur :<\/span> Lumix DC-G9 nu\t\t\t\t\t<\/li>\n<li class=\"product-features__item-list__item\" role=\"listitem\"><span class=\"is--medium\">Marque :<\/span> PANASONIC\t\t\t\t\t<\/li>\n<\/ul>\n<\/li>\n<\/ul>\n<\/div>\n<div class=\"product__disclosure-content\">\n<div class=\"js-read-more product-description__content read-more read-more--truncated\" data-read-more-name=\"description\" style=\"max-height: 500px; overflow: hidden;\">\n<p>Partez \u00e0 l&rsquo;aventure au bout du monde et dans les contr\u00e9es les plus recul\u00e9es, tout en fixant \u00e0 jamais des souvenirs inoubliables des paysages grandioses travers\u00e9s avec l&rsquo;appareil photo num\u00e9rique hybride PANASONIC Lumix DC-G9. Quelles que soient les conditions de vos prises de vue, elles seront r\u00e9ussies.<\/p>\n<h3>Des photos vibrantes<img fetchpriority=\"high\" decoding=\"async\" alt=\"APN PANASONIC Lumix DC-G9 nu\" class=\"wy_tableau_gauche\" height=\"270\" src=\"https:\/\/boulanger.scene7.com\/is\/image\/Boulanger\/5025232873609_p1?wid=400&amp;hei=270\" width=\"400\"\/><\/h3>\n<p>L&rsquo;appareil photo num\u00e9rique PANASONIC Lumix DC-G9 est le compagnon id\u00e9al des amoureux de la photo et de la nature. V\u00e9ritable concentr\u00e9 de technologie, il r\u00e9v\u00e8le chaque d\u00e9tail de vos prises de vue et leur donne une intensit\u00e9 et une profondeur \u00e0 couper le souffle. Son <b>capteur Live MOS num\u00e9rique de 20,3 m\u00e9gapixels<\/b> vous permet de r\u00e9aliser des photos d&rsquo;une grande pr\u00e9cision, quelle que soit la situation dans laquelle vous vous trouvez.<\/p>\n<p>M\u00eame avec un sujet en mouvement, vous ne perdez pas en qualit\u00e9 gr\u00e2ce au <b>mode AFC continu<\/b> qui vous offre un suivi avanc\u00e9 de 20 fps. La mise au point se verrouille en <b>seulement 0,04 seconde<\/b>.<\/p>\n<h3>La performance au creux de vos mains<img decoding=\"async\" alt=\"APN PANASONIC Lumix DC-G9 nu\" class=\"wy_tableau_right\" height=\"270\" src=\"https:\/\/boulanger.scene7.com\/is\/image\/Boulanger\/5025232873609_p2?wid=400&amp;hei=270\" width=\"400\"\/><\/h3>\n<p>L&rsquo;appareil photo num\u00e9rique PANASONIC Lumix DC-G9 vous donne la possibilit\u00e9 de r\u00e9aliser des <b>photos 6K 30 i\/s et 4K 60 i\/s<\/b> ainsi que des vid\u00e9os 4K \u00e0 60p\/50p. Les photos 6k captent l&rsquo;inattendu avec une grande nettet\u00e9. Le <b>mode photo haute r\u00e9solution<\/b> est id\u00e9al pour profiter de clich\u00e9s de qualit\u00e9 m\u00eame en grand format jusqu&rsquo;\u00e0 80 MP en Raw+ JPEG.<\/p>\n<p>Le <b>grand viseur OLED 0,83x<\/b> vous simplifie tous types de prises de vue, m\u00eame les plus complexes. De plus, les 3 modes de grossissement vous assurent des photos toujours parfaitement focalis\u00e9es. Outre ses performances indiscutables, cet appareil photo est \u00e9galement d&rsquo;une grande fiabilit\u00e9 et r\u00e9siste aux conditions les plus extr\u00eames.<\/p>\n<\/p>\n<\/div>\n<p><bl-button a11yexpanded=\"false\" arialabel=\"Afficher toute la description\" class=\"read-more__btn\" full=\"false\" link=\"true\"><\/bl-button><\/div>","protected":false},"excerpt":{"rendered":"<div class=\"keypoints\">\n<h3 class=\"keypoints__title\">Les points cl\u00e9s<\/h3>\n<ul role=\"list\">\n<li class=\"keypoints__item\" role=\"listitem\">                                        Capteur : Micro 4\/3                      <\/li>\n<li class=\"keypoints__item\" role=\"listitem\">                                        Vitesse d&rsquo;obturation : 1\/8000 \u00e0 60 s                      <\/li>\n<li class=\"keypoints__item\" role=\"listitem\">                                        Connectivit\u00e9 : Wi-Fi                      <\/li>\n<li class=\"keypoints__item keypoints__item--advantage\" role=\"listitem\"><strong>Le + :<\/strong> Photo 6K 30i\/s et Photo 4K 60i\/s      <\/li>\n<\/ul>","protected":false},"featured_media":87953,"template":"","meta":{"_glsr_average":0,"_glsr_ranking":0,"_glsr_reviews":0},"product_cat":[474],"product_tag":[475,476,451],"class_list":{"0":"post-87954","1":"product","2":"type-product","3":"status-publish","4":"has-post-thumbnail","6":"product_cat-appareil-photo-hybride","7":"product_tag-appareil-photo","8":"product_tag-appareil-photo-hybride","9":"product_tag-tv-image-son","11":"first","12":"instock","13":"sale","14":"shipping-taxable","15":"purchasable","16":"product-type-simple"},"_links":{"self":[{"href":"https:\/\/electromenagerexpress.com\/en\/wp-json\/wp\/v2\/product\/87954","targetHints":{"allow":["GET"]}}],"collection":[{"href":"https:\/\/electromenagerexpress.com\/en\/wp-json\/wp\/v2\/product"}],"about":[{"href":"https:\/\/electromenagerexpress.com\/en\/wp-json\/wp\/v2\/types\/product"}],"wp:featuredmedia":[{"embeddable":true,"href":"https:\/\/electromenagerexpress.com\/en\/wp-json\/wp\/v2\/media\/87953"}],"wp:attachment":[{"href":"https:\/\/electromenagerexpress.com\/en\/wp-json\/wp\/v2\/media?parent=87954"}],"wp:term":[{"taxonomy":"product_cat","embeddable":true,"href":"https:\/\/electromenagerexpress.com\/en\/wp-json\/wp\/v2\/product_cat?post=87954"},{"taxonomy":"product_tag","embeddable":true,"href":"https:\/\/electromenagerexpress.com\/en\/wp-json\/wp\/v2\/product_tag?post=87954"}],"curies":[{"name":"wp","href":"https:\/\/api.w.org\/{rel}","templated":true}]}}