{"id":87934,"date":"2024-11-24T17:02:41","date_gmt":"2024-11-24T17:02:41","guid":{"rendered":"https:\/\/electromenagerexpress.com\/product\/appareil-photo-reflexnikond3300-18-55mm-ii-reconditionne\/"},"modified":"2024-11-24T17:02:44","modified_gmt":"2024-11-24T17:02:44","slug":"appareil-photo-reflexnikond3300-18-55mm-ii-reconditionne","status":"publish","type":"product","link":"https:\/\/electromenagerexpress.com\/en\/product\/appareil-photo-reflexnikond3300-18-55mm-ii-reconditionne\/","title":{"rendered":"Appareil photo Reflex\t\t\t\t\t\t\tNIKON\t\t\t\tD3300 + 18-55mm II Reconditionn\u00e9"},"content":{"rendered":"<div class=\"product-features__content\">\n<ul role=\"list\">\n<li class=\"product-features__item\" role=\"listitem\">\n<h3 class=\"product-features__label\">Qualit\u00e9 photo et vid\u00e9o<\/h3>\n<ul role=\"list\">\n<li class=\"product-features__item-list__item\" role=\"listitem\"><span class=\"is--medium\">Capteur :<\/span> APS-C, permet de donner un rendu de qualit\u00e9 pour un format carte postale ou un agrandissement\t\t\t\t\t<\/li>\n<li class=\"product-features__item-list__item\" role=\"listitem\"><span class=\"is--medium\">Le saviez vous ? :<\/span> plus le capteur est grand, plus l&rsquo;image sera d\u00e9taill\u00e9e\t\t\t\t\t<\/li>\n<li class=\"product-features__item-list__item\" role=\"listitem\"><span class=\"is--medium\">R\u00e9solution (en m\u00e9gapixels) :<\/span> 24,2 Mpx\t\t\t\t\t<\/li>\n<li class=\"product-features__item-list__item\" role=\"listitem\"><span class=\"is--medium\">Comprendre la r\u00e9solution :<\/span> Plus ce chiffre sera \u00e9lev\u00e9, plus il sera possible d&rsquo;imprimer vos images en grand format comme des posters, ou encore effectuer des recadrages de qualit\u00e9 sur des logiciels de retouche photo.\t\t\t\t\t<\/li>\n<\/ul>\n<\/li>\n<li class=\"product-features__item\" role=\"listitem\">\n<h3 class=\"product-features__label\">Objectif<\/h3>\n<ul role=\"list\">\n<li class=\"product-features__item-list__item\" role=\"listitem\"><span class=\"is--medium\">Vitesse d&rsquo;obturation :<\/span> 1\/4000 \u00e0 30 s\t\t\t\t\t<\/li>\n<li class=\"product-features__item-list__item\" role=\"listitem\"><span class=\"is--medium\">Comprendre la vitesse d&rsquo;obturation :<\/span> La vitesse d&rsquo;obturation, est le temps pendant lequel l&rsquo;obturateur s&rsquo;ouvre au d\u00e9clenchement. Si la vitesse est r\u00e9gl\u00e9e sur une valeur rapide, (jusqu&rsquo;\u00e0 1\/8000 sec) l&rsquo;image sera nette, au contraire si la vitesse est r\u00e9gl\u00e9e sur une valeur lente (jusqu&rsquo;\u00e0 30 sec) l&rsquo;image aura un effet artistique.\t\t\t\t\t<\/li>\n<\/ul>\n<\/li>\n<li class=\"product-features__item\" role=\"listitem\">\n<h3 class=\"product-features__label\">Dimensions<\/h3>\n<ul role=\"list\">\n<li class=\"product-features__item-list__item\" role=\"listitem\"><span class=\"is--medium\">Dimensions l x h x p :<\/span> 12.4 x 9.8 x 7.55 cm\t\t\t\t\t<\/li>\n<\/ul>\n<\/li>\n<li class=\"product-features__item\" role=\"listitem\">\n<h3 class=\"product-features__label\">Informations compl\u00e9mentaires<\/h3>\n<ul role=\"list\">\n<li class=\"product-features__item-list__item\" role=\"listitem\"><span class=\"is--medium\">R\u00e9f\u00e9rence constructeur :<\/span> D3300 + 18-55mm II\t\t\t\t\t<\/li>\n<li class=\"product-features__item-list__item\" role=\"listitem\"><span class=\"is--medium\">Marque :<\/span> NIKON\t\t\t\t\t<\/li>\n<\/ul>\n<\/li>\n<\/ul>\n<\/div>\n<div class=\"product__disclosure-content\">\n<div class=\"js-read-more product-description__content read-more read-more--truncated\" data-read-more-name=\"description\" style=\"max-height: 500px; overflow: hidden;\">\n<p>Cet appareil photo Reflex Nikon D3300 vous offre son capteur de 24,2 millions de pixels, son processeur de traitement d&rsquo;image, ses enregistrements Full HD, ses dimensions compactes et ses nombreux modes pour vous permettre d&rsquo;immortaliser tous vos moments pr\u00e9f\u00e9r\u00e9s. <\/p>\n<h3>Une qualit\u00e9 d&rsquo;image sans concessions<\/h3>\n<p><\/p>\n<p class=\"wy_tableau_gauche\"><img decoding=\"async\" height=\"150\" src=\"https:\/\/boulanger.scene7.com\/is\/image\/Boulanger\/0018208997343_p1?wid=150&amp;hei=150\" width=\"150\"\/><\/p>\n<p>Avec ses <b>410 grammes<\/b> seulement et ses dimensions compactes, ce reflex Nikon D3300 pourra vous suivre partout avec sa batterie rechargeable autonome. Il pourra se glisser dans une sacoche facilement avec son objectif r\u00e9tractable 18-55 mm VR, qui est \u00e9galement compact. Ce dernier vous permet de r\u00e9aliser de superbes piqu\u00e9s avec effet de flou derri\u00e8re votre sujet. <\/p>\n<p>Cet appareil reflex est dot\u00e9 d&rsquo;un capteur <b>CMOS de 24,2 millions<\/b> de pixels pour que vous puissiez r\u00e9aliser des photos de tr\u00e8s haute qualit\u00e9. La plage de sensibilit\u00e9 peut monter jusqu&rsquo;\u00e0 12 800 ISO pour que vous puissiez saisir des clich\u00e9s m\u00eame en tr\u00e8s basse luminosit\u00e9, avec une nettet\u00e9 de photos accrue. La vitesse d&rsquo;obturation pourra monter \u00e0 1\/4000 pour prendre des photos sportives. <\/p>\n<h3>Une prise en main facile<\/h3>\n<p><\/p>\n<p class=\"wy_tableau_right\"><img decoding=\"async\" height=\"150\" src=\"https:\/\/boulanger.scene7.com\/is\/image\/Boulanger\/0018208997343_p2?wid=150&amp;hei=150\" width=\"150\"\/><\/p>\n<p>Avec ce reflex Nikon, vous pourrez r\u00e9aliser des enregistrements <b>Full HD avec 60 images par seconde<\/b> pour des vid\u00e9os de grande qualit\u00e9. Vous disposerez de plusieurs modes automatiques o\u00f9 des pr\u00e9-r\u00e9glages ont \u00e9t\u00e9 pens\u00e9s pour diverses situations : panorama, portrait de nuit, sport ou encore vision nocturne par exemple. Pratique pour prendre en main l&rsquo;appareil avant de passer au mode manuel. <\/p>\n<p>Avec son <b>\u00e9cran de 3 pouces<\/b>, ce reflex vous permet de voir imm\u00e9diatement vos cr\u00e9ations. Vous pourrez d&rsquo;ailleurs les retoucher l\u00e9g\u00e8rement en ajoutant un effet dans le Syst\u00e8me picture control : neutre, satur\u00e9 ou standard par exemple. <\/p>\n<\/p>\n<\/div>\n<p><bl-button a11yexpanded=\"false\" arialabel=\"Afficher toute la description\" class=\"read-more__btn\" full=\"false\" link=\"true\"><\/bl-button><\/div>","protected":false},"excerpt":{"rendered":"<div class=\"keypoints\">\n<h3 class=\"keypoints__title\">Les points cl\u00e9s<\/h3>\n<ul role=\"list\">\n<li class=\"keypoints__item\" role=\"listitem\">                                        Capteur : APS-C                      <\/li>\n<li class=\"keypoints__item\" role=\"listitem\">                                        Vitesse d&rsquo;obturation : 1\/4000 \u00e0 30 s                      <\/li>\n<li class=\"keypoints__item\" role=\"listitem\">                                        Connectivit\u00e9 : En option avec le transmetteur Nikon WU-1a                      <\/li>\n<\/ul>","protected":false},"featured_media":87933,"template":"","meta":{"_glsr_average":0,"_glsr_ranking":0,"_glsr_reviews":0},"product_cat":[477],"product_tag":[475,478,451],"class_list":{"0":"post-87934","1":"product","2":"type-product","3":"status-publish","4":"has-post-thumbnail","6":"product_cat-reflex","7":"product_tag-appareil-photo","8":"product_tag-reflex","9":"product_tag-tv-image-son","11":"first","12":"instock","13":"sale","14":"shipping-taxable","15":"purchasable","16":"product-type-simple"},"_links":{"self":[{"href":"https:\/\/electromenagerexpress.com\/en\/wp-json\/wp\/v2\/product\/87934","targetHints":{"allow":["GET"]}}],"collection":[{"href":"https:\/\/electromenagerexpress.com\/en\/wp-json\/wp\/v2\/product"}],"about":[{"href":"https:\/\/electromenagerexpress.com\/en\/wp-json\/wp\/v2\/types\/product"}],"wp:featuredmedia":[{"embeddable":true,"href":"https:\/\/electromenagerexpress.com\/en\/wp-json\/wp\/v2\/media\/87933"}],"wp:attachment":[{"href":"https:\/\/electromenagerexpress.com\/en\/wp-json\/wp\/v2\/media?parent=87934"}],"wp:term":[{"taxonomy":"product_cat","embeddable":true,"href":"https:\/\/electromenagerexpress.com\/en\/wp-json\/wp\/v2\/product_cat?post=87934"},{"taxonomy":"product_tag","embeddable":true,"href":"https:\/\/electromenagerexpress.com\/en\/wp-json\/wp\/v2\/product_tag?post=87934"}],"curies":[{"name":"wp","href":"https:\/\/api.w.org\/{rel}","templated":true}]}}